{"id":48322,"date":"2024-01-18T07:59:56","date_gmt":"2024-01-18T07:59:56","guid":{"rendered":"https:\/\/store.evolve-fitness.eu\/product\/evolve-ultra-series-selectorized-assisteret-hage-dyk\/"},"modified":"2024-06-05T12:50:28","modified_gmt":"2024-06-05T12:50:28","slug":"evolve-ultra-series-selectorized-assisteret-hage-dyk","status":"publish","type":"product","link":"https:\/\/store.evolve-fitness.eu\/da\/vare\/evolve-ultra-series-selectorized-assisteret-hage-dyk\/","title":{"rendered":"Evolve Ultra Series Selectorized assisteret hage\/dyk"},"content":{"rendered":"\n<section class=\"wp-block-group alignfull black-content has-white-color has-darkgray-background-color has-text-color has-background is-layout-constrained wp-block-group-is-layout-constrained\" style=\"padding-top:var(--wp--preset--spacing--section-bottom);padding-bottom:var(--wp--preset--spacing--section-bottom)\">\n<div class=\"wp-block-columns alignwide mobile-reverse is-layout-flex wp-container-core-columns-is-layout-ca64bf2d wp-block-columns-is-layout-flex\" style=\"margin-bottom:var(--wp--preset--spacing--side-padding)\">\n<div class=\"wp-block-column is-vertically-aligned-center is-layout-flow wp-block-column-is-layout-flow\">\n<h3 class=\"wp-block-heading\">Velkommen til Ultra-serien<\/h3>\n\n\n\n<p><strong><em>L\u00e6r vores Ultra Series-udstyr at kende med en topmoderne 3D 360-tur<\/em><\/strong><\/p>\n\n\n\n<p>Evolve Ultra Series Selectorized Chest Press, en del af Evolve Ultra Series, er bygget til b\u00e5de komfort og ydeevne. Maskinen er designet til alsidig tr\u00e6ning, ergonomisk st\u00f8tte og justeringsmuligheder for forskellige brugerst\u00f8rrelser. Designet er \u00e6stetisk tiltalende med en holdbar, pulverlakeret finish, og brugen af kabler af h\u00f8j kvalitet sikrer problemfri drift.<\/p>\n<\/div>\n\n\n\n<div class=\"wp-block-column is-vertically-aligned-center is-layout-flow wp-block-column-is-layout-flow\">\n<figure class=\"wp-block-video\"><video autoplay=\"\" controls=\"\" loop=\"\" muted=\"\" src=\"https:\/\/evolve-fitness.eu\/wp-content\/uploads\/2023\/08\/Assisted-Chin-Dip-Evolve-Ultra-Series-Selectorized.mp4\"><\/video><\/figure>\n<\/div>\n<\/div>\n\n\n\n<div class=\"wp-block-columns alignwide is-layout-flex wp-container-core-columns-is-layout-c45ee707 wp-block-columns-is-layout-flex\" style=\"margin-bottom:var(--wp--preset--spacing--side-padding);padding-top:var(--wp--preset--spacing--side-padding)\">\n<div class=\"wp-block-column is-vertically-aligned-center is-layout-flow wp-block-column-is-layout-flow\">\n<figure class=\"wp-block-video\"><video height=\"1211\" style=\"aspect-ratio: 2560 \/ 1211;\" width=\"2560\" autoplay=\"\" controls=\"\" loop=\"\" muted=\"\" src=\"https:\/\/evolve-fitness.eu\/wp-content\/uploads\/2023\/08\/EV-SC-UL-080.mp4\"><\/video><\/figure>\n<\/div>\n\n\n\n<div class=\"wp-block-column is-vertically-aligned-center is-layout-flow wp-block-column-is-layout-flow\">\n<ul class=\"wp-block-list\">\n<h3 class=\"wp-block-heading\" style=\"margin-bottom:var(--wp--preset--spacing--h-3-bottom)\">Muskler<\/h3>\n\n\n\n<p><em><strong>Til udvikling af overkrop og kernestyrke<\/strong><\/em><br\/><br\/>Evolve Ultra Series Assisted Chin\/Dip Machine er prim\u00e6rt rettet mod og engagerer flere store muskelgrupper, hvilket g\u00f8r den til et v\u00e6rdifuldt v\u00e6rkt\u00f8j til udvikling af overkroppens og kernens styrke. De specifikke muskler, der tr\u00e6nes under forskellige \u00f8velser p\u00e5 denne maskine, omfatter:<br\/><br\/><strong>Latissimus dorsi (lats)<\/strong>: Latissimus dorsi-musklerne er st\u00e6rkt engagerede under chin-up-\u00f8velser. Det er de store muskler i ryggen, der skaber en &#8220;V&#8221;-form og er ansvarlige for at tr\u00e6kke kroppen opad; <strong>Biceps Brachii (Biceps)<\/strong>: Biceps-musklerne bruges under chin-ups, da de er involveret i at b\u00f8je albuen, n\u00e5r kroppen tr\u00e6kkes opad.  <strong>Rhomboiderne<\/strong>: Disse muskler, der er placeret mellem skulderbladene, aktiveres under b\u00e5de chin-ups og dips og hj\u00e6lper med at tr\u00e6kke skulderbladet tilbage og stabilisere det; <strong>Triceps Brachii (Triceps<\/strong>): Triceps-musklerne kommer i spil under dip-\u00f8velserne, is\u00e6r n\u00e5r man skubber kroppen op igen.  <strong>Pectoralis Major (bryst)<\/strong>: Brystmusklerne er ogs\u00e5 involveret under dips, da de hj\u00e6lper med at skubbe kroppen opad.  <strong>Deltoideus anterior (forreste skuldre)<\/strong>: De forreste deltamuskler er involveret i b\u00e5de chin-ups og dips, da de bidrager til skulderbev\u00e6gelsen under disse \u00f8velser.  <strong>Kernemuskler<\/strong>: For at stabilisere kroppen og opretholde en korrekt kropsholdning under chin-ups og dips aktiveres kernemusklerne, herunder rectus abdominis og obliques; <strong>Underarmsmuskler<\/strong>: Grebsstyrke og underarmsmuskler, s\u00e5som brachioradialis, bruges, n\u00e5r man holder fast i h\u00e5ndtagene.<\/p>\n<\/ul>\n<\/div>\n<\/div>\n\n\n\n<div class=\"wp-block-columns alignwide mobile-reverse is-layout-flex wp-container-core-columns-is-layout-ca64bf2d wp-block-columns-is-layout-flex\" style=\"margin-bottom:var(--wp--preset--spacing--side-padding)\">\n<div class=\"wp-block-column is-vertically-aligned-center is-layout-flow wp-block-column-is-layout-flow\">\n<h3 class=\"wp-block-heading\" style=\"margin-bottom:var(--wp--preset--spacing--h-3-bottom)\">Multi-Grip<\/h3>\n\n\n\n<p><strong><em><strong><em>Diversificer din pull-up-rutine<\/em><\/strong><\/em><\/strong><\/p>\n\n\n\n<p style=\"margin-bottom:var(--wp--preset--spacing--tb-section-padding)\">Evolve Ultra Series-maskinen er udstyret med multi-grip pull-up-h\u00e5ndtag, som giver brugerne mulighed for at variere deres pull-up-rutine. Du kan v\u00e6lge et bredt greb for at ramme den \u00f8verste del af ryggen, et mellemlangt greb for den midterste del af ryggen eller et smalt greb for at aktivere de nederste rygmuskler. Denne variation giver mulighed for forskellige tr\u00e6ningsvariationer og m\u00e5lretning mod muskelgrupper.<\/p>\n<\/div>\n\n\n\n<div class=\"wp-block-column is-vertically-aligned-center is-layout-flow wp-block-column-is-layout-flow\">\n<figure class=\"wp-block-video\"><video height=\"1536\" style=\"aspect-ratio: 2048 \/ 1536;\" width=\"2048\" autoplay=\"\" controls=\"\" loop=\"\" muted=\"\" src=\"https:\/\/evolve-fitness.eu\/wp-content\/uploads\/2023\/08\/Evolve-UL-080-Dual-1.mp4\"><\/video><\/figure>\n<\/div>\n<\/div>\n\n\n\n<div class=\"wp-block-columns alignwide is-layout-flex wp-container-core-columns-is-layout-c45ee707 wp-block-columns-is-layout-flex\" style=\"margin-bottom:var(--wp--preset--spacing--side-padding);padding-top:var(--wp--preset--spacing--side-padding)\">\n<div class=\"wp-block-column is-vertically-aligned-center is-layout-flow wp-block-column-is-layout-flow\">\n<figure class=\"wp-block-image size-large\"><img decoding=\"async\" src=\"https:\/\/evolve-fitness.eu\/wp-content\/uploads\/2023\/08\/Evolve-Adjustable-Parallel-Bar-UL-080-1024x576.jpg\" alt=\"EV-SC-UL-080\" class=\"wp-image-9999\"\/><\/figure>\n<\/div>\n\n\n\n<div class=\"wp-block-column is-vertically-aligned-center is-layout-flow wp-block-column-is-layout-flow\">\n<h3 class=\"wp-block-heading\" style=\"margin-bottom:var(--wp--preset--spacing--h-3-bottom)\">Justerbar parallelstang<\/h3>\n\n\n\n<p><strong><em>Giver dig mulighed for at skr\u00e6ddersy din tr\u00e6ning<\/em><\/strong><\/p>\n\n\n\n<p style=\"margin-bottom:var(--wp--preset--spacing--tb-section-padding)\">Evolve Ultra Series Assisted Chin \/ Dip-maskine har justerbare parallelle st\u00e6nger, s\u00e5 du kan skr\u00e6ddersy din tr\u00e6ning til dine pr\u00e6ferencer. Du kan v\u00e6lge en smal afstand mellem st\u00e6ngerne til fokuseret triceps-tr\u00e6ning eller en bredere indstilling for at fremh\u00e6ve den nedre del af brystet. Denne tilpasningsevne sikrer, at din tr\u00e6ning er skr\u00e6ddersyet til dine specifikke m\u00e5l og dit komfortniveau.<\/p>\n<\/div>\n<\/div>\n\n\n\n<div class=\"wp-block-columns alignwide is-layout-flex wp-container-core-columns-is-layout-c45ee707 wp-block-columns-is-layout-flex\" style=\"margin-bottom:var(--wp--preset--spacing--side-padding);padding-top:var(--wp--preset--spacing--side-padding)\">\n<div class=\"wp-block-column is-vertically-aligned-center is-layout-flow wp-block-column-is-layout-flow\">\n<h3 class=\"wp-block-heading\" style=\"margin-bottom:var(--wp--preset--spacing--h-3-bottom)\">\u00d8verste v\u00e6gtplade<\/h3>\n\n\n\n<p><strong><em>For bedre ydeevne<\/em><\/strong> <\/p>\n\n\n\n<p style=\"margin-bottom:var(--wp--preset--spacing--tb-section-padding)\">Evolve Ultra Series Assisted Chin\/Dip-maskinen har to ekstra 2,5 kg topv\u00e6gtskiver, som tjener et dobbelt form\u00e5l ved at forbedre tr\u00e6ningsmaskinens ydeevne. For det f\u00f8rste udvider den den maksimale modstand, som maskinen kan yde, s\u00e5 brugerne kan udfordre sig selv endnu mere i deres tr\u00e6ning. Derudover giver disse ekstra v\u00e6gtskiver en unik fordel, fordi de giver brugerne mulighed for at foretage mindre, mere pr\u00e6cise trin i deres modstandsjusteringer, hvor hver skive giver en stigning p\u00e5 2,5 kg. Denne pr\u00e6cision i valg af modstand g\u00f8r det muligt for enkeltpersoner at finjustere deres tr\u00e6ning til at opfylde deres specifikke behov og m\u00e5l, hvilket sikrer, at hver tr\u00e6ningssession er skr\u00e6ddersyet til at optimere resultaterne.<\/p>\n<\/div>\n\n\n\n<div class=\"wp-block-column is-vertically-aligned-center is-layout-flow wp-block-column-is-layout-flow\">\n<figure class=\"wp-block-image size-full\"><img decoding=\"async\" src=\"https:\/\/evolve-fitness.eu\/wp-content\/uploads\/2024\/01\/plate.webp\" alt=\"\" class=\"wp-image-9942\"\/><\/figure>\n<\/div>\n<\/div>\n\n\n\n<div class=\"wp-block-columns alignwide is-layout-flex wp-container-core-columns-is-layout-c45ee707 wp-block-columns-is-layout-flex\" style=\"margin-bottom:var(--wp--preset--spacing--side-padding);padding-top:var(--wp--preset--spacing--side-padding)\">\n<div class=\"wp-block-column is-vertically-aligned-center is-layout-flow wp-block-column-is-layout-flow\">\n<figure class=\"wp-block-video\"><video height=\"1920\" style=\"aspect-ratio: 1920 \/ 1920;\" width=\"1920\" autoplay=\"\" controls=\"\" loop=\"\" muted=\"\" src=\"https:\/\/evolve-fitness.eu\/wp-content\/uploads\/2023\/10\/Evolve-Adjustable-foot-support-UL-080.mp4\"><\/video><\/figure>\n<\/div>\n\n\n\n<div class=\"wp-block-column is-vertically-aligned-center is-layout-flow wp-block-column-is-layout-flow\">\n<h3 class=\"wp-block-heading\" style=\"margin-bottom:var(--wp--preset--spacing--h-3-bottom)\">Justerbar fodst\u00f8tte<\/h3>\n\n\n\n<p><strong><em>M\u00e5lret mod forskellige omr\u00e5der<\/em><\/strong><\/p>\n\n\n\n<p style=\"margin-bottom:var(--wp--preset--spacing--tb-section-padding)\">Evolve Ultra Series-maskinen tilbyder en enest\u00e5ende funktion med sine multi-grip pull-up-h\u00e5ndtag, der er designet til at l\u00f8fte din pull-up-rutine til et nyt niveau. Disse h\u00e5ndtag giver en bred vifte af grebsmuligheder, s\u00e5 du kan skr\u00e6ddersy dine pull-up-\u00f8velser, s\u00e5 de pr\u00e6cist rammer forskellige omr\u00e5der af din ryg.<\/p>\n<\/div>\n<\/div>\n\n\n\n<div class=\"wp-block-columns alignwide is-layout-flex wp-container-core-columns-is-layout-c45ee707 wp-block-columns-is-layout-flex\" style=\"margin-bottom:var(--wp--preset--spacing--side-padding);padding-top:var(--wp--preset--spacing--side-padding)\">\n<div class=\"wp-block-column is-vertically-aligned-center is-layout-flow wp-block-column-is-layout-flow\">\n<h3 class=\"wp-block-heading\" style=\"margin-bottom:var(--wp--preset--spacing--h-3-bottom)\">V\u00e6gtstabel<\/h3>\n\n\n\n<p><strong><em>Tilpas og tilf\u00f8j<\/em><\/strong><\/p>\n\n\n\n<p style=\"margin-bottom:var(--wp--preset--spacing--tb-section-padding)\">Evolve Ultra Series Assisted Chin\/Dip-maskinen er udstyret med et modstandsniveau p\u00e5 85 kg, men du har ogs\u00e5 mulighed for at tilpasse og tilf\u00f8je det til 122,5 kg for en endnu mere udfordrende tr\u00e6ningsoplevelse. Den kan prale af en helt lukket v\u00e6gtstabel, der sikrer sikkerheden i dine \u00f8velser.<\/p>\n<\/div>\n\n\n\n<div class=\"wp-block-column is-vertically-aligned-center is-layout-flow wp-block-column-is-layout-flow\">\n<figure class=\"wp-block-image size-full\"><img decoding=\"async\" src=\"https:\/\/evolve-fitness.eu\/wp-content\/uploads\/2024\/01\/stack.webp\" alt=\"\" class=\"wp-image-9940\"\/><\/figure>\n<\/div>\n<\/div>\n\n\n\n<div class=\"wp-block-columns alignwide is-layout-flex wp-container-core-columns-is-layout-c45ee707 wp-block-columns-is-layout-flex\" style=\"margin-bottom:var(--wp--preset--spacing--side-padding);padding-top:var(--wp--preset--spacing--side-padding)\">\n<div class=\"wp-block-column is-vertically-aligned-center is-layout-flow wp-block-column-is-layout-flow\">\n<figure class=\"wp-block-video\"><video height=\"600\" style=\"aspect-ratio: 680 \/ 600;\" width=\"680\" autoplay=\"\" controls=\"\" loop=\"\" muted=\"\" src=\"https:\/\/evolve-fitness.eu\/wp-content\/uploads\/2023\/10\/evolve-Non-Slip-Rubbered-Stairs-UL-080.mp4\"><\/video><\/figure>\n<\/div>\n\n\n\n<div class=\"wp-block-column is-vertically-aligned-center is-layout-flow wp-block-column-is-layout-flow\">\n<h3 class=\"wp-block-heading\" style=\"margin-bottom:var(--wp--preset--spacing--h-3-bottom)\">Skridsikre, gummibelagte trapper<\/h3>\n\n\n\n<p><strong><em>For sikker tr\u00e6ning<\/em><\/strong><\/p>\n\n\n\n<p style=\"margin-bottom:var(--wp--preset--spacing--tb-section-padding)\">To skridsikre, gummibelagte trapper g\u00f8r det lettere for brugere i forskellige h\u00f8jder at komme komfortabelt ind og ud af maskinen. Disse trapper \u00f8ger sikkerheden og bekvemmeligheden under dine tr\u00e6ningssessioner.<\/p>\n\n\n\n<p><strong><em>St\u00f8bte gulvbeskyttere<\/em><\/strong><\/p>\n\n\n\n<p style=\"margin-bottom:var(--wp--preset--spacing--tb-section-padding)\">De robuste gummif\u00f8dder p\u00e5 Evolve Ultra Series fungerer som beskyttende skjolde for at forhindre potentielle skader p\u00e5 dine gulve. Disse kraftige gummif\u00f8dder er designet til at beskytte dine gulvoverflader mod enhver skade, der kan opst\u00e5 under brug. Desuden giver disse gummif\u00f8dder ikke kun beskyttelse, men bidrager ogs\u00e5 til stabiliteten.<\/p>\n<\/div>\n<\/div>\n\n\n\n<div class=\"wp-block-columns alignwide is-layout-flex wp-container-core-columns-is-layout-c45ee707 wp-block-columns-is-layout-flex\" style=\"margin-bottom:var(--wp--preset--spacing--side-padding);padding-top:var(--wp--preset--spacing--side-padding)\">\n<div class=\"wp-block-column is-vertically-aligned-center is-layout-flow wp-block-column-is-layout-flow\">\n<h3 class=\"wp-block-heading\" style=\"margin-bottom:var(--wp--preset--spacing--h-3-bottom)\">Dobbelt pulverlakeret ramme<\/h3>\n\n\n\n<p><strong><em>Forebyggelse af skader<\/em><\/strong><\/p>\n\n\n\n<p style=\"margin-bottom:var(--wp--preset--spacing--tb-section-padding)\">Evolve Ultra-seriens styrkemaskiner med en elektrostatisk pulverlakeret perlesort mat ramme er et eksempel p\u00e5 b\u00e5de form og funktion. Dens \u00e6stetiske appel forst\u00e6rkes af den sorte, matte finish, mens dens praktiske funktioner, herunder friktionsmodstand, korrosionsbeskyttelse og ridsefasthed, sikrer, at den er en p\u00e5lidelig og langtidsholdbar fitness-ledsager.<\/p>\n<\/div>\n\n\n\n<div class=\"wp-block-column is-vertically-aligned-center is-layout-flow wp-block-column-is-layout-flow\">\n<figure class=\"wp-block-video\"><video height=\"1920\" style=\"aspect-ratio: 1920 \/ 1920;\" width=\"1920\" autoplay=\"\" controls=\"\" loop=\"\" muted=\"\" src=\"https:\/\/evolve-fitness.eu\/wp-content\/uploads\/2023\/10\/Evolve-Double-powder-coated-Frame.mp4\"><\/video><\/figure>\n<\/div>\n<\/div>\n\n\n\n<p><\/p>\n\n\n\n<div class=\"wp-block-columns alignwide is-layout-flex wp-container-core-columns-is-layout-c45ee707 wp-block-columns-is-layout-flex\" style=\"margin-bottom:var(--wp--preset--spacing--side-padding);padding-top:var(--wp--preset--spacing--side-padding)\">\n<div class=\"wp-block-column is-vertically-aligned-center is-layout-flow wp-block-column-is-layout-flow\">\n<figure class=\"wp-block-video\"><video height=\"600\" style=\"aspect-ratio: 680 \/ 600;\" width=\"680\" autoplay=\"\" controls=\"\" loop=\"\" muted=\"\" src=\"https:\/\/evolve-fitness.eu\/wp-content\/uploads\/2023\/10\/Evolve-cable.mp4\"><\/video><\/figure>\n<\/div>\n\n\n\n<div class=\"wp-block-column is-vertically-aligned-center is-layout-flow wp-block-column-is-layout-flow\">\n<h3 class=\"wp-block-heading\" style=\"margin-bottom:var(--wp--preset--spacing--h-3-bottom)\">Kabel<\/h3>\n\n\n\n<p><strong><em>Overlegen kvalitet<\/em><\/strong><\/p>\n\n\n\n<p style=\"margin-bottom:var(--wp--preset--spacing--tb-section-padding)\">Evolve Ultra Series-maskiner bruger kabler af overlegen kvalitet, der er seks hovedstrenge, og hver streng best\u00e5r af 19 tr\u00e5de, der er snoet sammen, polyamid 12 (PA12) materiale og en diameter p\u00e5 5 mm. Disse kabler er konstrueret til styrke og holdbarhed med en brudstyrke p\u00e5 9000 kN, hvilket g\u00f8r dem til det foretrukne valg til applikationer, hvor der er behov for ekstraordin\u00e6r p\u00e5lidelighed, holdbarhed og ydeevne. N\u00e5r du g\u00e5r fra en \u00f8velse til en anden, hvad enten det er bicepscurls, brystpres, lat pulldowns eller enhver anden styrkeopbyggende aktivitet, sikrer Evolve Ultra-seriekablets enest\u00e5ende ydeevne, at dine bev\u00e6gelser er j\u00e6vne, og modstanden er ensartet, hvilket fremmer en tr\u00e6ningsoplevelse, der er b\u00e5de effektiv og forn\u00f8jelig.<\/p>\n<\/div>\n<\/div>\n\n\n\n<div class=\"wp-block-columns alignwide is-layout-flex wp-container-core-columns-is-layout-c45ee707 wp-block-columns-is-layout-flex\" style=\"margin-bottom:var(--wp--preset--spacing--side-padding);padding-top:var(--wp--preset--spacing--side-padding)\">\n<div class=\"wp-block-column is-vertically-aligned-center is-layout-flow wp-block-column-is-layout-flow\">\n<h3 class=\"wp-block-heading\" style=\"margin-bottom:var(--wp--preset--spacing--h-3-bottom)\">Klisterm\u00e6rke til \u00f8velser<\/h3>\n\n\n\n<p><strong><em>Perfekt til lettere navigation<\/em><\/strong><\/p>\n\n\n\n<p style=\"margin-bottom:var(--wp--preset--spacing--tb-section-padding)\">Maskinerne i Evolve Ultra-serien har informative klisterm\u00e6rker, der fungerer som visuel hj\u00e6lp og g\u00f8r det nemmere for dig at navigere i maskinens funktioner, hvilket i sidste ende forbedrer din tr\u00e6ningsoplevelse. Derudover giver den v\u00e6rdifuld indsigt i de forskellige muskelgrupper, der kan tr\u00e6nes effektivt p\u00e5 maskinen, s\u00e5 du kan f\u00e5 mest muligt ud af din tr\u00e6ningsrutine ved at fokusere p\u00e5 specifikke interesseomr\u00e5der.<\/p>\n<\/div>\n\n\n\n<div class=\"wp-block-column is-vertically-aligned-center is-layout-flow wp-block-column-is-layout-flow\">\n<figure class=\"wp-block-video\"><video height=\"1536\" style=\"aspect-ratio: 2048 \/ 1536;\" width=\"2048\" autoplay=\"\" controls=\"\" loop=\"\" muted=\"\" src=\"https:\/\/evolve-fitness.eu\/wp-content\/uploads\/2023\/08\/EV-SC-UL-080-Stickers.mp4\"><\/video><\/figure>\n<\/div>\n<\/div>\n<\/section>\n","protected":false},"excerpt":{"rendered":"<p>Oplev optimalt muskelengagement og alsidighed med Evolve Ultra Series Selectorized Assisted Chin\/Dip-maskine (UL-080). L\u00f8ft din tr\u00e6ning, da denne maskine giver uafh\u00e6ngig armbev\u00e6gelse, hvilket forbedrer muskelsymmetri og engagement. Med den fuldt d\u00e6kkede v\u00e6gtstangsafsk\u00e6rmning m\u00f8der sikkerhed stil uden problemer, mens den slanke og holdbare matte lakfinish sikrer b\u00e5de visuel appel og langvarig ydeevne. Det brugercentrerede design med enh\u00e5ndsjustering af s\u00e6det og optimale h\u00e5ndgreb garanterer en behagelig og effektiv tr\u00e6ning. L\u00f8ft din fitnessrutine med denne banebrydende maskine fra Evolve Ultra-serien, og n\u00e5 dine fitnessm\u00e5l effektivt.<\/p>\n","protected":false},"featured_media":75835,"template":"","meta":{"_acf_changed":false,"inline_featured_image":false},"product_cat":[353,1107,1285],"product_tag":[],"class_list":{"0":"post-48322","1":"product","2":"type-product","3":"status-publish","4":"has-post-thumbnail","6":"product_cat-forside","7":"product_cat-selekterede-maskiner","8":"product_cat-ultra-series-maskiner-med-valgfri-funktion","10":"first","11":"instock","12":"shipping-taxable","13":"purchasable","14":"product-type-simple"},"acf":[],"_links":{"self":[{"href":"https:\/\/store.evolve-fitness.eu\/da\/wp-json\/wp\/v2\/product\/48322","targetHints":{"allow":["GET"]}}],"collection":[{"href":"https:\/\/store.evolve-fitness.eu\/da\/wp-json\/wp\/v2\/product"}],"about":[{"href":"https:\/\/store.evolve-fitness.eu\/da\/wp-json\/wp\/v2\/types\/product"}],"wp:featuredmedia":[{"embeddable":true,"href":"https:\/\/store.evolve-fitness.eu\/da\/wp-json\/wp\/v2\/media\/75835"}],"wp:attachment":[{"href":"https:\/\/store.evolve-fitness.eu\/da\/wp-json\/wp\/v2\/media?parent=48322"}],"wp:term":[{"taxonomy":"product_cat","embeddable":true,"href":"https:\/\/store.evolve-fitness.eu\/da\/wp-json\/wp\/v2\/product_cat?post=48322"},{"taxonomy":"product_tag","embeddable":true,"href":"https:\/\/store.evolve-fitness.eu\/da\/wp-json\/wp\/v2\/product_tag?post=48322"}],"curies":[{"name":"wp","href":"https:\/\/api.w.org\/{rel}","templated":true}]}}