{"id":47517,"date":"2024-01-17T15:22:30","date_gmt":"2024-01-17T15:22:30","guid":{"rendered":"https:\/\/store.evolve-fitness.eu\/product\/evolve-ultra-series-selectorized-abduktion-adduktion\/"},"modified":"2024-06-05T12:54:24","modified_gmt":"2024-06-05T12:54:24","slug":"evolve-ultra-series-selectorized-abduktion-adduktion","status":"publish","type":"product","link":"https:\/\/store.evolve-fitness.eu\/da\/vare\/evolve-ultra-series-selectorized-abduktion-adduktion\/","title":{"rendered":"Evolve Ultra Series Selectorized abduktion\/adduktion"},"content":{"rendered":"\n<section class=\"wp-block-group alignfull black-content has-white-color has-darkgray-background-color has-text-color has-background is-layout-constrained wp-block-group-is-layout-constrained\" style=\"padding-top:var(--wp--preset--spacing--section-bottom);padding-bottom:var(--wp--preset--spacing--section-bottom)\">\n<div class=\"wp-block-columns alignwide mobile-reverse is-layout-flex wp-container-core-columns-is-layout-ca64bf2d wp-block-columns-is-layout-flex\" style=\"margin-bottom:var(--wp--preset--spacing--side-padding)\">\n<div class=\"wp-block-column is-vertically-aligned-center is-layout-flow wp-block-column-is-layout-flow\">\n<figure class=\"wp-block-video\"><video autoplay=\"\" controls=\"\" loop=\"\" muted=\"\" src=\"https:\/\/evolve-fitness.eu\/wp-content\/uploads\/2023\/08\/Abduction-Adduction-Evolve-Ultra-Series-Selectorized-1.mp4\"><\/video><\/figure>\n<\/div>\n\n\n\n<div class=\"wp-block-column is-vertically-aligned-center is-layout-flow wp-block-column-is-layout-flow\">\n<h3 class=\"wp-block-heading\">Velkommen til Ultra-serien<\/h3>\n\n\n\n<p><strong><em>L\u00e6r vores Ultra Series-udstyr at kende med en topmoderne 3D 360-tur<\/em><\/strong><\/p>\n\n\n\n<p>Evolve Ultra Series Selectorized Leg-Press \/ Hack Squat, en del af Evolve Ultra Series, er bygget til b\u00e5de komfort og ydeevne. Maskinen er designet til alsidig tr\u00e6ning, ergonomisk st\u00f8tte og justeringsmuligheder for forskellige brugerst\u00f8rrelser. Designet er \u00e6stetisk tiltalende med en holdbar, pulverlakeret finish, og brugen af kabler af h\u00f8j kvalitet sikrer problemfri drift.<\/p>\n<\/div>\n<\/div>\n\n\n\n<div class=\"wp-block-columns alignwide is-layout-flex wp-container-core-columns-is-layout-c45ee707 wp-block-columns-is-layout-flex\" style=\"margin-bottom:var(--wp--preset--spacing--side-padding);padding-top:var(--wp--preset--spacing--side-padding)\">\n<div class=\"wp-block-column is-vertically-aligned-center is-layout-flow wp-block-column-is-layout-flow\">\n<h3 class=\"wp-block-heading\" style=\"margin-bottom:var(--wp--preset--spacing--h-3-bottom)\">Muskler<\/h3>\n\n\n\n<p><strong><em>Den unikke matte lakfinish<\/em><\/strong><\/p>\n\n\n\n<p>Abduktions-\/Adduktionsmaskinen er m\u00e5lrettet musklerne i inder- og yderl\u00e5r. <strong>Abduktionsbev\u00e6gelse:<\/strong> Fokuserer p\u00e5 abduktormusklerne, hovedsageligt gluteus medius og minimus. Disse muskler er ansvarlige for at bev\u00e6ge benet v\u00e6k fra kroppens midterlinje. <strong>Adduktionsbev\u00e6gelse:<\/strong> Retter sig mod adduktormusklerne, herunder adductor magnus, longus og brevis. Disse muskler arbejder for at f\u00f8re benet ind mod kroppens midterlinje.<br\/><br\/>Denne maskine er gavnlig til at styrke og tone disse muskelgrupper, forbedre benstabilitet og balance.<\/p>\n\n\n\n<ol class=\"wp-block-list\">\n<li><\/li>\n<\/ol>\n<\/div>\n\n\n\n<div class=\"wp-block-column is-vertically-aligned-center is-layout-flow wp-block-column-is-layout-flow\">\n<figure class=\"wp-block-video\"><video height=\"2560\" style=\"aspect-ratio: 1920 \/ 2560;\" width=\"1920\" autoplay=\"\" controls=\"\" loop=\"\" muted=\"\" src=\"https:\/\/evolve-fitness.eu\/wp-content\/uploads\/2023\/08\/EV-SC-UL-200-Full.mp4\"><\/video><\/figure>\n<\/div>\n<\/div>\n\n\n\n<div class=\"wp-block-columns alignwide mobile-reverse is-layout-flex wp-container-core-columns-is-layout-ca64bf2d wp-block-columns-is-layout-flex\" style=\"margin-bottom:var(--wp--preset--spacing--side-padding)\">\n<div class=\"wp-block-column is-vertically-aligned-center is-layout-flow wp-block-column-is-layout-flow\">\n<figure class=\"wp-block-video\"><video height=\"2560\" style=\"aspect-ratio: 1920 \/ 2560;\" width=\"1920\" autoplay=\"\" controls=\"\" loop=\"\" muted=\"\" src=\"https:\/\/evolve-fitness.eu\/wp-content\/uploads\/2023\/08\/EV-SC-UL-200-Seat.mp4\"><\/video><\/figure>\n<\/div>\n\n\n\n<div class=\"wp-block-column is-vertically-aligned-center is-layout-flow wp-block-column-is-layout-flow\">\n<h3 class=\"wp-block-heading\">Formst\u00f8bte s\u00e6der<\/h3>\n\n\n\n<p><em><strong>  For optimal komfort og effektivitet<\/strong><\/em><\/p>\n\n\n\n<p style=\"margin-bottom:var(--wp--preset--spacing--tb-section-padding)\">Evolve Ultra Series Selectorized Abduction\/Adduction er en del af Evolve Ultra Series, der er kendt for sin ergonomiske st\u00f8tte, justerbarhed til forskellige brugerst\u00f8rrelser og et slankt, holdbart design. Dette udstyr er ideelt til at \u00f8ge muskelengagementet og forbedre benstabilitet og balance.<\/p>\n<\/div>\n<\/div>\n\n\n\n<div class=\"wp-block-columns alignwide mobile-reverse is-layout-flex wp-container-core-columns-is-layout-ca64bf2d wp-block-columns-is-layout-flex\" style=\"margin-bottom:var(--wp--preset--spacing--side-padding)\">\n<div class=\"wp-block-column is-vertically-aligned-center is-layout-flow wp-block-column-is-layout-flow\">\n<h3 class=\"wp-block-heading\" style=\"margin-bottom:var(--wp--preset--spacing--h-3-bottom)\">Sikkerhed m\u00f8der stil<\/h3>\n\n\n\n<p><strong><em>Fuldt d\u00e6kket v\u00e6gtstangsafsk\u00e6rmning<\/em><\/strong><\/p>\n\n\n\n<p>For ejere af fitnesscentre og fitness-entrepren\u00f8rer er sikkerhed og \u00e6stetik altafg\u00f8rende. Evolve Ultra-serien har en fuldt overd\u00e6kket v\u00e6gtstangsafsk\u00e6rmning, der problemfrit kombinerer sikkerhed og stil. Ved at forbedre sikkerheden og forhindre ulykker, samtidig med at du holder dit fitnesscenter rent, er denne afd\u00e6kning en vigtig tilf\u00f8jelse til ethvert fitnesscenter. L\u00f8ft dit fitnesscenters visuelle appel, mens du prioriterer dine kunders sikkerhed under hver tr\u00e6ningssession.<\/p>\n<\/div>\n\n\n\n<div class=\"wp-block-column is-vertically-aligned-center is-layout-flow wp-block-column-is-layout-flow\">\n<figure class=\"wp-block-image size-large\"><img decoding=\"async\" src=\"https:\/\/evolve-fitness.eu\/wp-content\/uploads\/2023\/12\/A7_08500-683x1024.jpg\" alt=\"\" class=\"wp-image-8710\"\/><\/figure>\n<\/div>\n<\/div>\n\n\n\n<div class=\"wp-block-columns alignwide is-layout-flex wp-container-core-columns-is-layout-c45ee707 wp-block-columns-is-layout-flex\" style=\"margin-bottom:var(--wp--preset--spacing--side-padding);padding-top:var(--wp--preset--spacing--side-padding)\">\n<div class=\"wp-block-column is-vertically-aligned-center is-layout-flow wp-block-column-is-layout-flow\">\n<figure class=\"wp-block-video\"><video height=\"2560\" style=\"aspect-ratio: 1920 \/ 2560;\" width=\"1920\" autoplay=\"\" controls=\"\" loop=\"\" muted=\"\" src=\"https:\/\/evolve-fitness.eu\/wp-content\/uploads\/2024\/01\/EV-SC-UL-200-Handle.mp4\"><\/video><\/figure>\n<\/div>\n\n\n\n<div class=\"wp-block-column is-vertically-aligned-center is-layout-flow wp-block-column-is-layout-flow\">\n<h3 class=\"wp-block-heading\" style=\"margin-bottom:var(--wp--preset--spacing--h-3-bottom)\">Brugercentreret bekvemmelighed<\/h3>\n\n\n\n<p><strong><em>S\u00e6dejustering med \u00e9n h\u00e5nd<\/em><\/strong><\/p>\n\n\n\n<p>Kommende ejere af fitnesscentre, v\u00e6r opm\u00e6rksomme! Den brugercentrerede bekvemmelighed ved s\u00e6dejustering med \u00e9n h\u00e5nd forbedrer tr\u00e6ningsoplevelsen. Kunderne kan skifte mellem \u00f8velserne uden afbrydelser, hvilket g\u00f8r deres tr\u00e6ningssessioner mere effektive og forn\u00f8jelige. Denne brugerorienterede tilgang vil hj\u00e6lpe dit fitnesscenter med at skille sig ud i den konkurrencepr\u00e6gede fitnessbranche.<\/p>\n<\/div>\n<\/div>\n\n\n\n<div class=\"wp-block-columns alignwide are-vertically-aligned-center mobile-reverse is-layout-flex wp-container-core-columns-is-layout-e8158c2f wp-block-columns-is-layout-flex\" style=\"padding-top:var(--wp--preset--spacing--side-padding)\">\n<div class=\"wp-block-column is-vertically-aligned-center is-layout-flow wp-block-column-is-layout-flow\">\n<h3 class=\"wp-block-heading\" style=\"margin-bottom:var(--wp--preset--spacing--h-3-bottom)\"><strong>Optimale h\u00e5ndgreb<\/strong><\/h3>\n\n\n\n<p><strong><em><strong><em>En bedre fitnessoplevelse<\/em><\/strong><\/em><\/strong><\/p>\n\n\n\n<p style=\"margin-bottom:var(--wp--preset--spacing--tb-section-padding)\">At tiltr\u00e6kke og fastholde kunder er afg\u00f8rende for ejere af fitnesscentre og ledere af fitnessfaciliteter. Evolve Ultra-serien tilbyder optimale h\u00e5ndgreb, der er omhyggeligt designet til komfort og sikkerhed. L\u00f8ft dine kunders tr\u00e6ningsoplevelse, hold dem engagerede og motiverede til at n\u00e5 deres fitnessm\u00e5l i dit center.<\/p>\n\n\n\n<h3 class=\"wp-block-heading\" style=\"margin-bottom:var(--wp--preset--spacing--h-3-bottom)\">Ubesv\u00e6ret start<\/h3>\n\n\n\n<p><strong><em><strong><em>Benhj\u00e6lp til inklusion<\/em><\/strong><\/em><\/strong><\/p>\n\n\n\n<p>For kommende ejere af fitnesscentre, der overvejer at g\u00e5 ind i fitnessbranchen, sikrer Effortless Start med Leg Assist i Evolve Ultra-serien tilg\u00e6ngelighed for alle fitnessniveauer. Denne innovative funktion fjerner adgangsbarrierer for nyankomne og g\u00f8r dit fitnesscenter inkluderende, s\u00e5 kunder med alle evner er velkomne.<\/p>\n<\/div>\n\n\n\n<div class=\"wp-block-column is-vertically-aligned-center is-layout-flow wp-block-column-is-layout-flow\">\n<figure class=\"wp-block-image size-large\"><img decoding=\"async\" src=\"https:\/\/evolve-fitness.eu\/wp-content\/uploads\/2023\/08\/A7_08503-1024x683.jpg\" alt=\"\" class=\"wp-image-8715\"\/><\/figure>\n<\/div>\n<\/div>\n<\/section>\n","protected":false},"excerpt":{"rendered":"<p>L\u00f8ft bentr\u00e6ningen med Evolve Ultra Series Selectorized Abduction\/Adduction (UL-200). Oplev m\u00e5lrettede bev\u00e6gelser og optimal komfort takket v\u00e6re det innovative design med uafh\u00e6ngige armbev\u00e6gelser, formst\u00f8bte s\u00e6der og brugervenlige justeringer. Opgrader dit tr\u00e6ningscenter med denne slanke og effektive maskine, der \u00f8ger muskelengagementet og giver en overlegen fitnessoplevelse.<\/p>\n","protected":false},"featured_media":75960,"template":"","meta":{"_acf_changed":false,"inline_featured_image":false},"product_cat":[353,1107,1285],"product_tag":[],"class_list":{"0":"post-47517","1":"product","2":"type-product","3":"status-publish","4":"has-post-thumbnail","6":"product_cat-forside","7":"product_cat-selekterede-maskiner","8":"product_cat-ultra-series-maskiner-med-valgfri-funktion","10":"first","11":"instock","12":"shipping-taxable","13":"purchasable","14":"product-type-simple"},"acf":[],"_links":{"self":[{"href":"https:\/\/store.evolve-fitness.eu\/da\/wp-json\/wp\/v2\/product\/47517","targetHints":{"allow":["GET"]}}],"collection":[{"href":"https:\/\/store.evolve-fitness.eu\/da\/wp-json\/wp\/v2\/product"}],"about":[{"href":"https:\/\/store.evolve-fitness.eu\/da\/wp-json\/wp\/v2\/types\/product"}],"wp:featuredmedia":[{"embeddable":true,"href":"https:\/\/store.evolve-fitness.eu\/da\/wp-json\/wp\/v2\/media\/75960"}],"wp:attachment":[{"href":"https:\/\/store.evolve-fitness.eu\/da\/wp-json\/wp\/v2\/media?parent=47517"}],"wp:term":[{"taxonomy":"product_cat","embeddable":true,"href":"https:\/\/store.evolve-fitness.eu\/da\/wp-json\/wp\/v2\/product_cat?post=47517"},{"taxonomy":"product_tag","embeddable":true,"href":"https:\/\/store.evolve-fitness.eu\/da\/wp-json\/wp\/v2\/product_tag?post=47517"}],"curies":[{"name":"wp","href":"https:\/\/api.w.org\/{rel}","templated":true}]}}