{"id":47457,"date":"2024-01-18T07:14:23","date_gmt":"2024-01-18T07:14:23","guid":{"rendered":"https:\/\/store.evolve-fitness.eu\/product\/evolve-ultra-series-selekteret-bencurl\/"},"modified":"2024-06-05T12:51:43","modified_gmt":"2024-06-05T12:51:43","slug":"evolve-ultra-series-selekteret-bencurl","status":"publish","type":"product","link":"https:\/\/store.evolve-fitness.eu\/da\/vare\/evolve-ultra-series-selekteret-bencurl\/","title":{"rendered":"Evolve Ultra Series selekteret bencurl"},"content":{"rendered":"\n<section class=\"wp-block-group alignfull black-content has-white-color has-darkgray-background-color has-text-color has-background is-layout-constrained wp-block-group-is-layout-constrained\" style=\"padding-top:var(--wp--preset--spacing--section-bottom);padding-bottom:var(--wp--preset--spacing--section-bottom)\">\n<div class=\"wp-block-columns alignwide is-layout-flex wp-container-core-columns-is-layout-c45ee707 wp-block-columns-is-layout-flex\" style=\"margin-bottom:var(--wp--preset--spacing--side-padding);padding-top:var(--wp--preset--spacing--side-padding)\">\n<div class=\"wp-block-column is-vertically-aligned-center is-layout-flow wp-block-column-is-layout-flow\">\n<h3 class=\"wp-block-heading\">Velkommen til Ultra-serien<\/h3>\n\n\n\n<p><strong><em>L\u00e6r vores Ultra Series-udstyr at kende med en topmoderne 3D 360-tur<\/em><\/strong><\/p>\n\n\n\n<p>Evolve Ultra Series Selectorized Chest Press, en del af Evolve Ultra Series, er bygget til b\u00e5de komfort og ydeevne. Maskinen er designet til alsidig tr\u00e6ning, ergonomisk st\u00f8tte og justeringsmuligheder for forskellige brugerst\u00f8rrelser. Designet er \u00e6stetisk tiltalende med en holdbar, pulverlakeret finish, og brugen af kabler af h\u00f8j kvalitet sikrer problemfri drift.<\/p>\n<\/div>\n\n\n\n<div class=\"wp-block-column is-vertically-aligned-center is-layout-flow wp-block-column-is-layout-flow\">\n<figure class=\"wp-block-video\"><video autoplay=\"\" controls=\"\" loop=\"\" muted=\"\" src=\"https:\/\/evolve-fitness.eu\/wp-content\/uploads\/2023\/08\/Leg-Curl-Evolve-Ultra-Series-Selectorized.mp4\"><\/video><\/figure>\n<\/div>\n<\/div>\n\n\n\n<div class=\"wp-block-columns alignwide mobile-reverse is-layout-flex wp-container-core-columns-is-layout-ca64bf2d wp-block-columns-is-layout-flex\" style=\"margin-bottom:var(--wp--preset--spacing--side-padding)\">\n<div class=\"wp-block-column is-vertically-aligned-center is-layout-flow wp-block-column-is-layout-flow\">\n<figure class=\"wp-block-video\"><video height=\"1920\" style=\"aspect-ratio: 1920 \/ 1920;\" width=\"1920\" autoplay=\"\" controls=\"\" loop=\"\" muted=\"\" src=\"https:\/\/evolve-fitness.eu\/wp-content\/uploads\/2023\/08\/Evolve-Ultra-Series-Selectorized-Leg-Extension-Ul-140-2.mp4\"><\/video><\/figure>\n<\/div>\n\n\n\n<div class=\"wp-block-column is-vertically-aligned-center is-layout-flow wp-block-column-is-layout-flow\">\n<h3 class=\"wp-block-heading\" style=\"margin-bottom:var(--wp--preset--spacing--h-3-bottom)\">Muskler<\/h3>\n\n\n\n<p><\/p>\n\n\n\n<p>Evolve Ultra Series Lying Leg Curl Machine er prim\u00e6rt rettet mod og aktiverer f\u00f8lgende muskler:<br\/><br\/><strong>Hasemusklerne<\/strong>: Hamstrings, som best\u00e5r af musklerne biceps femoris, semitendinosus og semimembranosus, er de prim\u00e6re muskler, der arbejdes med under bencurls. Denne \u00f8velse isolerer og styrker effektivt hasemusklerne, is\u00e6r musklerne p\u00e5 bagsiden af l\u00e5ret; <strong>l\u00e6gmusklerne<\/strong>, herunder gastrocnemius og soleus, er involveret som stabilisatorer og sekund\u00e6re muskler under bencurl-bev\u00e6gelsen, is\u00e6r n\u00e5r t\u00e6erne peger under \u00f8velsen.<br\/><br\/>Selvom maskinens prim\u00e6re fokus er p\u00e5 hasemusklerne, aktiverer den ogs\u00e5 indirekte l\u00e6gmusklerne. Korrekt form og kontrollerede bev\u00e6gelser er afg\u00f8rende for at maksimere effektiviteten af leg curls og reducere risikoen for skader.<\/p>\n<\/div>\n<\/div>\n\n\n\n<div class=\"wp-block-columns alignwide is-layout-flex wp-container-core-columns-is-layout-c45ee707 wp-block-columns-is-layout-flex\" style=\"margin-bottom:var(--wp--preset--spacing--side-padding);padding-top:var(--wp--preset--spacing--side-padding)\">\n<div class=\"wp-block-column is-vertically-aligned-center is-layout-flow wp-block-column-is-layout-flow\">\n<h3 class=\"wp-block-heading\" style=\"margin-bottom:var(--wp--preset--spacing--h-3-bottom)\">Justerbar vinkel p\u00e5 startposition<\/h3>\n\n\n\n<p><strong><em>Til forskellige h\u00f8jder og st\u00f8rrelser<\/em><\/strong><\/p>\n\n\n\n<p style=\"margin-bottom:var(--wp--preset--spacing--tb-section-padding)\">Den justerbare vinkel p\u00e5 Evolve Ultra Series Lying Leg Curls startposition giver brugerne mulighed for at skr\u00e6ddersy deres leg curl-\u00f8velser til deres individuelle behov. Med seks forskellige positioner at v\u00e6lge imellem kan personer med forskellige kropsst\u00f8rrelser og fleksibilitetsniveauer v\u00e6lge den indstilling, der passer bedst til deres komfort og bev\u00e6gelsesomr\u00e5de. Denne funktion hj\u00e6lper brugerne med at opn\u00e5 korrekt positionering og kropsholdning ved at im\u00f8dekomme deres unikke anatomiske egenskaber, hvilket reducerer risikoen for overbelastning eller skader.<\/p>\n<\/div>\n\n\n\n<div class=\"wp-block-column is-vertically-aligned-center is-layout-flow wp-block-column-is-layout-flow\">\n<figure class=\"wp-block-video\"><video autoplay=\"\" controls=\"\" loop=\"\" muted=\"\" src=\"https:\/\/evolve-fitness.eu\/wp-content\/uploads\/2023\/08\/Adjustable-angle-of-starting-position-UL-150.mp4\"><\/video><\/figure>\n<\/div>\n<\/div>\n\n\n\n<div class=\"wp-block-columns alignwide mobile-reverse is-layout-flex wp-container-core-columns-is-layout-ca64bf2d wp-block-columns-is-layout-flex\" style=\"margin-bottom:var(--wp--preset--spacing--side-padding)\">\n<div class=\"wp-block-column is-vertically-aligned-center is-layout-flow wp-block-column-is-layout-flow\">\n<figure class=\"wp-block-video\"><video autoplay=\"\" controls=\"\" loop=\"\" muted=\"\" src=\"https:\/\/evolve-fitness.eu\/wp-content\/uploads\/2023\/08\/Evolve-UL-150-Anatomically-Contoured.mp4\"><\/video><\/figure>\n<\/div>\n\n\n\n<div class=\"wp-block-column is-vertically-aligned-center is-layout-flow wp-block-column-is-layout-flow\">\n<h3 class=\"wp-block-heading\" style=\"margin-bottom:var(--wp--preset--spacing--h-3-bottom)\">Anatomisk formet<\/h3>\n\n\n\n<p><strong><em>  8 Justeringspositioner<\/em><\/strong><\/p>\n\n\n\n<p style=\"margin-bottom:var(--wp--preset--spacing--tb-section-padding)\">Evolve Ultra Series Lying Leg Curl-maskinen er designet med hensyntagen til kroppens naturlige form og kurver, s\u00e5 den sidder behageligt under brug. St\u00f8tterne er udstyret med rigelig polstring, hvilket \u00f8ger brugerkomforten og reducerer risikoen for ubehag eller overanstrengelse under tr\u00e6ningen. Maskinen giver mulighed for et naturligt bev\u00e6gelsesomr\u00e5de under \u00f8velsen, hvilket sikrer, at brugerne kan udf\u00f8re bencurls med bev\u00e6gelser, der efterligner kroppens naturlige biomekanik.<\/p>\n<\/div>\n<\/div>\n\n\n\n<div class=\"wp-block-columns alignwide is-layout-flex wp-container-core-columns-is-layout-c45ee707 wp-block-columns-is-layout-flex\" style=\"margin-bottom:var(--wp--preset--spacing--side-padding);padding-top:var(--wp--preset--spacing--side-padding)\">\n<div class=\"wp-block-column is-vertically-aligned-center is-layout-flow wp-block-column-is-layout-flow\">\n<h3 class=\"wp-block-heading\" style=\"margin-bottom:var(--wp--preset--spacing--h-3-bottom)\">V\u00e6gtstabel<\/h3>\n\n\n\n<p><strong><em>Tilpas og tilf\u00f8j<\/em><\/strong><\/p>\n\n\n\n<p style=\"margin-bottom:var(--wp--preset--spacing--tb-section-padding)\">Evolve Ultra Series Selectorized Leg Curl Machine med 2 x 2,5 kg topv\u00e6gtskiver er udstyret med en v\u00e6gtstabel p\u00e5 110 kg, men du har ogs\u00e5 mulighed for at tilpasse og tilf\u00f8je den til 122,5 kg for en endnu mere udfordrende tr\u00e6ningsoplevelse. Den kan prale af en helt lukket v\u00e6gtstabel, der sikrer sikkerheden i dine \u00f8velser.<\/p>\n<\/div>\n\n\n\n<div class=\"wp-block-column is-vertically-aligned-center is-layout-flow wp-block-column-is-layout-flow\">\n<figure class=\"wp-block-image size-full\"><img decoding=\"async\" src=\"https:\/\/evolve-fitness.eu\/wp-content\/uploads\/2024\/01\/stack.webp\" alt=\"\" class=\"wp-image-9940\"\/><\/figure>\n<\/div>\n<\/div>\n\n\n\n<div class=\"wp-block-columns alignwide are-vertically-aligned-center mobile-reverse is-layout-flex wp-container-core-columns-is-layout-e8158c2f wp-block-columns-is-layout-flex\" style=\"padding-top:var(--wp--preset--spacing--side-padding)\">\n<div class=\"wp-block-column is-vertically-aligned-center is-layout-flow wp-block-column-is-layout-flow\">\n<figure class=\"wp-block-video\"><video autoplay=\"\" controls=\"\" loop=\"\" muted=\"\" src=\"https:\/\/evolve-fitness.eu\/wp-content\/uploads\/2023\/08\/Evolve-UL-150-Adjustable-ankle-support.mp4\"><\/video><\/figure>\n<\/div>\n\n\n\n<div class=\"wp-block-column is-vertically-aligned-center is-layout-flow wp-block-column-is-layout-flow\">\n<h3 class=\"wp-block-heading\" style=\"margin-bottom:var(--wp--preset--spacing--h-3-bottom)\"><strong>Justerbar ankelst\u00f8tte<\/strong><\/h3>\n\n\n\n<p><strong><em><strong><em>Sikker og effektiv<\/em><\/strong><\/em><\/strong><\/p>\n\n\n\n<p style=\"margin-bottom:var(--wp--preset--spacing--tb-section-padding)\">Den justerbare ankelst\u00f8tte tilbyder en bred vifte af positioner, s\u00e5 brugerne kan finjustere deres leg curl-\u00f8velser baseret p\u00e5 deres individuelle behov. Med syv forskellige indstillinger kan personer med forskellige kropsst\u00f8rrelser og fleksibilitetsniveauer v\u00e6lge den pr\u00e6cise vinkel, der passer bedst til deres komfort og bev\u00e6gelsesomr\u00e5de. Denne funktion fremmer inklusion, s\u00e5 personer med forskellige kropstyper, mobilitetsniveauer og fitnessm\u00e5l kan f\u00e5 gavn af maskinens bencurl-\u00f8velser.<\/p>\n<\/div>\n<\/div>\n\n\n\n<div class=\"wp-block-columns alignwide is-layout-flex wp-container-core-columns-is-layout-c45ee707 wp-block-columns-is-layout-flex\" style=\"margin-bottom:var(--wp--preset--spacing--side-padding);padding-top:var(--wp--preset--spacing--side-padding)\">\n<div class=\"wp-block-column is-vertically-aligned-center is-layout-flow wp-block-column-is-layout-flow\">\n<h3 class=\"wp-block-heading\" style=\"margin-bottom:var(--wp--preset--spacing--h-3-bottom)\">Dobbelt pulverlakeret ramme<\/h3>\n\n\n\n<p><strong><em>Forebyggelse af skader<\/em><\/strong><\/p>\n\n\n\n<p style=\"margin-bottom:var(--wp--preset--spacing--tb-section-padding)\">Evolve Ultra-seriens styrkemaskiner med en elektrostatisk pulverlakeret perlesort mat ramme er et eksempel p\u00e5 b\u00e5de form og funktion. Dens \u00e6stetiske appel forst\u00e6rkes af den sorte, matte finish, mens dens praktiske funktioner, herunder friktionsmodstand, korrosionsbeskyttelse og ridsefasthed, sikrer, at den er en p\u00e5lidelig og langtidsholdbar fitness-ledsager.<\/p>\n<\/div>\n\n\n\n<div class=\"wp-block-column is-vertically-aligned-center is-layout-flow wp-block-column-is-layout-flow\">\n<figure class=\"wp-block-video\"><video height=\"1920\" style=\"aspect-ratio: 1920 \/ 1920;\" width=\"1920\" autoplay=\"\" controls=\"\" loop=\"\" muted=\"\" src=\"https:\/\/evolve-fitness.eu\/wp-content\/uploads\/2023\/10\/Evolve-Double-powder-coated-Frame.mp4\"><\/video><\/figure>\n<\/div>\n<\/div>\n\n\n\n<div class=\"wp-block-columns alignwide is-layout-flex wp-container-core-columns-is-layout-c45ee707 wp-block-columns-is-layout-flex\" style=\"margin-bottom:var(--wp--preset--spacing--side-padding);padding-top:var(--wp--preset--spacing--side-padding)\">\n<div class=\"wp-block-column is-vertically-aligned-center is-layout-flow wp-block-column-is-layout-flow\">\n<figure class=\"wp-block-image size-full\"><img decoding=\"async\" src=\"https:\/\/evolve-fitness.eu\/wp-content\/uploads\/2024\/01\/plate.webp\" alt=\"\" class=\"wp-image-9942\"\/><\/figure>\n<\/div>\n\n\n\n<div class=\"wp-block-column is-vertically-aligned-center is-layout-flow wp-block-column-is-layout-flow\">\n<h3 class=\"wp-block-heading\" style=\"margin-bottom:var(--wp--preset--spacing--h-3-bottom)\">\u00d8verste v\u00e6gtplade<\/h3>\n\n\n\n<p><strong><em>For bedre ydeevne<\/em><\/strong> <\/p>\n\n\n\n<p style=\"margin-bottom:var(--wp--preset--spacing--tb-section-padding)\">Evolve Ultra Series Selectorized Leg Curl Machine har to ekstra 2,5 kg topv\u00e6gtskiver, som tjener et dobbelt form\u00e5l ved at forbedre tr\u00e6ningsmaskinens ydeevne. For det f\u00f8rste udvider den den maksimale modstand, som maskinen kan yde, s\u00e5 brugerne kan udfordre sig selv endnu mere i deres tr\u00e6ning. Derudover giver disse ekstra v\u00e6gtskiver en unik fordel, fordi de giver brugerne mulighed for at foretage mindre, mere pr\u00e6cise trin i deres modstandsjusteringer, hvor hver skive giver en stigning p\u00e5 2,5 kg. Denne pr\u00e6cision i valg af modstand g\u00f8r det muligt for enkeltpersoner at finjustere deres tr\u00e6ning til at opfylde deres specifikke behov og m\u00e5l, hvilket sikrer, at hver tr\u00e6ningssession er skr\u00e6ddersyet til at optimere resultaterne.<\/p>\n<\/div>\n<\/div>\n\n\n\n<div class=\"wp-block-columns alignwide is-layout-flex wp-container-core-columns-is-layout-c45ee707 wp-block-columns-is-layout-flex\" style=\"margin-bottom:var(--wp--preset--spacing--side-padding);padding-top:var(--wp--preset--spacing--side-padding)\">\n<div class=\"wp-block-column is-vertically-aligned-center is-layout-flow wp-block-column-is-layout-flow\">\n<h3 class=\"wp-block-heading\" style=\"margin-bottom:var(--wp--preset--spacing--h-3-bottom)\">Kabel<\/h3>\n\n\n\n<p><strong><em>Overlegen kvalitet<\/em><\/strong><\/p>\n\n\n\n<p style=\"margin-bottom:var(--wp--preset--spacing--tb-section-padding)\">Evolve Ultra Series-maskiner bruger kabler af overlegen kvalitet, der er seks hovedstrenge, og hver streng best\u00e5r af 19 tr\u00e5de, der er snoet sammen, polyamid 12 (PA12) materiale og en diameter p\u00e5 5 mm. Disse kabler er konstrueret til styrke og holdbarhed med en brudstyrke p\u00e5 9000 kN, hvilket g\u00f8r dem til det foretrukne valg til applikationer, hvor der er behov for ekstraordin\u00e6r p\u00e5lidelighed, holdbarhed og ydeevne. N\u00e5r du g\u00e5r fra en \u00f8velse til en anden, hvad enten det er bicepscurls, brystpres, lat pulldowns eller enhver anden styrkeopbyggende aktivitet, sikrer Evolve Ultra-seriekablets enest\u00e5ende ydeevne, at dine bev\u00e6gelser er j\u00e6vne, og modstanden er ensartet, hvilket fremmer en tr\u00e6ningsoplevelse, der er b\u00e5de effektiv og forn\u00f8jelig.<\/p>\n<\/div>\n\n\n\n<div class=\"wp-block-column is-vertically-aligned-center is-layout-flow wp-block-column-is-layout-flow\">\n<figure class=\"wp-block-video\"><video height=\"600\" style=\"aspect-ratio: 680 \/ 600;\" width=\"680\" autoplay=\"\" controls=\"\" loop=\"\" muted=\"\" src=\"https:\/\/evolve-fitness.eu\/wp-content\/uploads\/2023\/10\/Evolve-cable.mp4\"><\/video><\/figure>\n<\/div>\n<\/div>\n<\/section>\n","protected":false},"excerpt":{"rendered":"<p>L\u00f8ft bentr\u00e6ningen med Evolve Ultra Series Selectorized Leg Curl, UL-150. Denne innovative maskine tilbyder overlegen komfort med det formst\u00f8bte s\u00e6de, problemfri sikkerhed med en overd\u00e6kket v\u00e6gtstabel og ubesv\u00e6rede justeringer med enh\u00e5ndsbetjening. Oplev fremtidens fitness i dag.<\/p>\n","protected":false},"featured_media":75910,"template":"","meta":{"_acf_changed":false,"inline_featured_image":false},"product_cat":[353,1107,1285],"product_tag":[],"class_list":{"0":"post-47457","1":"product","2":"type-product","3":"status-publish","4":"has-post-thumbnail","6":"product_cat-forside","7":"product_cat-selekterede-maskiner","8":"product_cat-ultra-series-maskiner-med-valgfri-funktion","10":"first","11":"instock","12":"shipping-taxable","13":"purchasable","14":"product-type-simple"},"acf":[],"_links":{"self":[{"href":"https:\/\/store.evolve-fitness.eu\/da\/wp-json\/wp\/v2\/product\/47457","targetHints":{"allow":["GET"]}}],"collection":[{"href":"https:\/\/store.evolve-fitness.eu\/da\/wp-json\/wp\/v2\/product"}],"about":[{"href":"https:\/\/store.evolve-fitness.eu\/da\/wp-json\/wp\/v2\/types\/product"}],"wp:featuredmedia":[{"embeddable":true,"href":"https:\/\/store.evolve-fitness.eu\/da\/wp-json\/wp\/v2\/media\/75910"}],"wp:attachment":[{"href":"https:\/\/store.evolve-fitness.eu\/da\/wp-json\/wp\/v2\/media?parent=47457"}],"wp:term":[{"taxonomy":"product_cat","embeddable":true,"href":"https:\/\/store.evolve-fitness.eu\/da\/wp-json\/wp\/v2\/product_cat?post=47457"},{"taxonomy":"product_tag","embeddable":true,"href":"https:\/\/store.evolve-fitness.eu\/da\/wp-json\/wp\/v2\/product_tag?post=47457"}],"curies":[{"name":"wp","href":"https:\/\/api.w.org\/{rel}","templated":true}]}}