{"id":46406,"date":"2024-01-26T13:46:43","date_gmt":"2024-01-26T13:46:43","guid":{"rendered":"https:\/\/store.evolve-fitness.eu\/product\/evolve-vaegmonteret-opbevaring-til-vaegtskiver\/"},"modified":"2024-08-06T11:41:51","modified_gmt":"2024-08-06T11:41:51","slug":"evolve-vaegmonteret-opbevaring-til-vaegtskiver","status":"publish","type":"product","link":"https:\/\/store.evolve-fitness.eu\/da\/vare\/evolve-vaegmonteret-opbevaring-til-vaegtskiver\/","title":{"rendered":"Evolve v\u00e6gmonteret opbevaring til v\u00e6gtskiver"},"content":{"rendered":"","protected":false},"excerpt":{"rendered":"<p>Maksimer pladsen i dit fitnesscenter med Evolve Wall-Mounted Weight Plate Storage. Denne elegante og praktiske opbevaringsl\u00f8sning giver dig mulighed for at holde dine v\u00e6gtskiver organiseret og let tilg\u00e6ngelige. Det v\u00e6gmonterede design sparer v\u00e6rdifuld gulvplads og giver en stilfuld og effektiv m\u00e5de at opbevare dine v\u00e6gte p\u00e5. Denne opbevaringsenhed er fremstillet med henblik p\u00e5 holdbarhed og kompatibilitet med forskellige v\u00e6gtskivest\u00f8rrelser, og den forener funktionalitet med \u00e6stetik. L\u00f8ft dit tr\u00e6ningsomr\u00e5de med Evolve Wall-Mounted Weight Plate Storage, der optimerer b\u00e5de form og funktion.  <\/p>\n","protected":false},"featured_media":147976,"template":"","meta":{"_acf_changed":false,"inline_featured_image":false},"product_cat":[353,585,653,702],"product_tag":[],"class_list":{"0":"post-46406","1":"product","2":"type-product","3":"status-publish","4":"has-post-thumbnail","6":"product_cat-forside","7":"product_cat-tvaergaende-og-funktionel","8":"product_cat-komponenter-til-riggen","9":"product_cat-opbevaring","11":"first","12":"instock","13":"shipping-taxable","14":"purchasable","15":"product-type-simple"},"acf":[],"_links":{"self":[{"href":"https:\/\/store.evolve-fitness.eu\/da\/wp-json\/wp\/v2\/product\/46406","targetHints":{"allow":["GET"]}}],"collection":[{"href":"https:\/\/store.evolve-fitness.eu\/da\/wp-json\/wp\/v2\/product"}],"about":[{"href":"https:\/\/store.evolve-fitness.eu\/da\/wp-json\/wp\/v2\/types\/product"}],"wp:featuredmedia":[{"embeddable":true,"href":"https:\/\/store.evolve-fitness.eu\/da\/wp-json\/wp\/v2\/media\/147976"}],"wp:attachment":[{"href":"https:\/\/store.evolve-fitness.eu\/da\/wp-json\/wp\/v2\/media?parent=46406"}],"wp:term":[{"taxonomy":"product_cat","embeddable":true,"href":"https:\/\/store.evolve-fitness.eu\/da\/wp-json\/wp\/v2\/product_cat?post=46406"},{"taxonomy":"product_tag","embeddable":true,"href":"https:\/\/store.evolve-fitness.eu\/da\/wp-json\/wp\/v2\/product_tag?post=46406"}],"curies":[{"name":"wp","href":"https:\/\/api.w.org\/{rel}","templated":true}]}}