{"id":46266,"date":"2024-01-26T13:40:05","date_gmt":"2024-01-26T13:40:05","guid":{"rendered":"https:\/\/store.evolve-fitness.eu\/product\/evolve-digital-strength-series-selectorized-squat\/"},"modified":"2025-11-28T13:37:26","modified_gmt":"2025-11-28T13:37:26","slug":"evolve-digital-strength-series-selectorized-squat","status":"publish","type":"product","link":"https:\/\/store.evolve-fitness.eu\/da\/vare\/evolve-digital-strength-series-selectorized-squat\/","title":{"rendered":"Evolve Digital Strength Series Selectorized Squat"},"content":{"rendered":"\n<section class=\"wp-block-group alignfull black-content has-white-color has-darkgray-background-color has-text-color has-background is-layout-constrained wp-block-group-is-layout-constrained\" style=\"padding-top:var(--wp--preset--spacing--section-bottom);padding-bottom:var(--wp--preset--spacing--section-bottom)\">\n<div class=\"wp-block-columns alignwide mobile-reverse is-layout-flex wp-container-core-columns-is-layout-ca64bf2d wp-block-columns-is-layout-flex\" style=\"margin-bottom:var(--wp--preset--spacing--side-padding)\">\n<div class=\"wp-block-column is-vertically-aligned-center is-layout-flow wp-block-column-is-layout-flow\">\n<h3 class=\"wp-block-heading\" style=\"margin-bottom:var(--wp--preset--spacing--h-3-bottom)\">introduktion<\/h3>\n\n\n\n<p><strong><em><strong><em><strong><strong><strong><strong><strong><strong>Velkommen til den n\u00e6ste generation af pr\u00e6sentation af GYM-udstyr<\/strong><\/strong><\/strong><\/strong><\/strong><\/strong><\/em><\/strong><\/em><\/strong><\/p>\n\n\n\n<p style=\"margin-bottom:var(--wp--preset--spacing--tb-section-padding)\">Oplev de innovative funktioner i Evolve DIGITAL SERIES i vores seneste videopr\u00e6sentation. Vi dykker ned i de unikke aspekter ved denne banebrydende bryst- og skulderpressemaskine og viser dens digitale interface, justerbare modstand, ergonomiske design og robuste konstruktion. For en virkelig fordybende oplevelse <strong>anbefaler vi, at du sl\u00e5r lyden fra<\/strong>.<\/p>\n<\/div>\n\n\n\n<div class=\"wp-block-column is-vertically-aligned-center is-layout-flow wp-block-column-is-layout-flow\">\n<figure class=\"wp-block-video\"><video height=\"600\" style=\"aspect-ratio: 680 \/ 600;\" width=\"680\" autoplay=\"\" controls=\"\" loop=\"\" muted=\"\" src=\"https:\/\/evolve-fitness.eu\/wp-content\/uploads\/2023\/12\/Digital-Strength-Line-Chest-Press-1-minute-LQ.mp4\"><\/video><\/figure>\n<\/div>\n<\/div>\n\n\n\n<div class=\"wp-block-columns alignwide is-layout-flex wp-container-core-columns-is-layout-c45ee707 wp-block-columns-is-layout-flex\" style=\"margin-bottom:var(--wp--preset--spacing--side-padding);padding-top:var(--wp--preset--spacing--side-padding)\">\n<div class=\"wp-block-column is-vertically-aligned-center is-layout-flow wp-block-column-is-layout-flow\">\n<figure class=\"wp-block-image size-large\"><img decoding=\"async\" src=\"https:\/\/evolve-fitness.eu\/wp-content\/uploads\/2023\/12\/A7_05212-1024x683.jpg\" alt=\"\" class=\"wp-image-9079\"\/><\/figure>\n<\/div>\n\n\n\n<div class=\"wp-block-column is-vertically-aligned-center is-layout-flow wp-block-column-is-layout-flow\">\n<h3 class=\"wp-block-heading\" style=\"margin-bottom:var(--wp--preset--spacing--h-3-bottom)\"><strong><strong><strong><strong><em>Vigtigste funktioner<\/em><\/strong><\/strong><\/strong><\/strong><\/h3>\n\n\n\n<ul class=\"wp-block-list\">\n<li>Giver et justerbart modstandsniveau for at im\u00f8dekomme forskellige styrkeniveauer<\/li>\n\n\n\n<li>Den digitale gr\u00e6nseflade viser realtidsm\u00e5linger som antal gentagelser og muskelengagement, hvilket giver v\u00e6rdifuld feedback til optimering af tr\u00e6ningen.<\/li>\n\n\n\n<li>Derudover sikrer det ergonomiske design en korrekt kropsholdning og reducerer risikoen for skader, hvilket g\u00f8r det til et sikkert og effektivt redskab til squat-\u00f8velser.<\/li>\n<\/ul>\n<\/div>\n<\/div>\n\n\n\n<div class=\"wp-block-columns alignwide is-layout-flex wp-container-core-columns-is-layout-c45ee707 wp-block-columns-is-layout-flex\" style=\"margin-bottom:var(--wp--preset--spacing--side-padding);padding-top:var(--wp--preset--spacing--side-padding)\">\n<div class=\"wp-block-column is-vertically-aligned-center is-layout-flow wp-block-column-is-layout-flow\">\n<h3 class=\"wp-block-heading\" style=\"margin-bottom:var(--wp--preset--spacing--h-3-bottom)\">Adaptiv digital modstand<\/h3>\n\n\n\n<p><strong><em>Elektrisk motor giver stabil digital modstand<\/em><\/strong><\/p>\n\n\n\n<p style=\"margin-bottom:var(--wp--preset--spacing--tb-section-padding)\">Evolve Digital Gym Equipment har avancerede elektriske motorer, der er en integreret del af det banebrydende design. Disse motorer er konstrueret til effektivitet, holdbarhed og j\u00e6vn drift, hvilket sikrer en problemfri tr\u00e6ningsoplevelse. De anvender sofistikerede algoritmer og sensorer til automatisk at justere modstandsniveauerne, s\u00e5 de passer til brugerens specifikke fitnessbehov og fremskridt. Denne tilpasningsevne g\u00f8r udstyret alsidigt og velegnet til en bred vifte af \u00f8velser, fra blide rehabiliterende bev\u00e6gelser til intens styrketr\u00e6ning. Desuden er motorerne designet til at v\u00e6re energieffektive, hvilket bidrager til udstyrets milj\u00f8venlighed. Integrationen af disse elektriske motorer med digitale gr\u00e6nseflader giver brugerne mulighed for at spore deres pr\u00e6stationer, s\u00e6tte m\u00e5l og modtage personlige tr\u00e6ningsanbefalinger, hvilket g\u00f8r Evolve-tr\u00e6ningsudstyret til en ener inden for fitnessteknologi.<\/p>\n<\/div>\n\n\n\n<div class=\"wp-block-column is-vertically-aligned-center is-layout-flow wp-block-column-is-layout-flow\">\n<figure class=\"wp-block-image size-full\"><img decoding=\"async\" src=\"https:\/\/evolve-fitness.eu\/wp-content\/uploads\/2023\/12\/motor.png\" alt=\"\" class=\"wp-image-9077\"\/><\/figure>\n<\/div>\n<\/div>\n\n\n\n<div class=\"wp-block-columns alignwide is-layout-flex wp-container-core-columns-is-layout-c45ee707 wp-block-columns-is-layout-flex\" style=\"margin-bottom:var(--wp--preset--spacing--side-padding);padding-top:var(--wp--preset--spacing--side-padding)\">\n<div class=\"wp-block-column is-vertically-aligned-center is-layout-flow wp-block-column-is-layout-flow\">\n<figure class=\"wp-block-image size-large\"><img decoding=\"async\" src=\"https:\/\/evolve-fitness.eu\/wp-content\/uploads\/2023\/12\/A7_05146-1024x683.jpg\" alt=\"\" class=\"wp-image-8962\"\/><\/figure>\n<\/div>\n\n\n\n<div class=\"wp-block-column is-vertically-aligned-center is-layout-flow wp-block-column-is-layout-flow\">\n<h3 class=\"wp-block-heading\" style=\"margin-bottom:var(--wp--preset--spacing--h-3-bottom)\"><strong><strong><strong>Digital gr\u00e6nseflade<\/strong><\/strong><\/strong><\/h3>\n\n\n\n<p><strong><em>Evolve DIGITAL SERIES har en avanceret digital gr\u00e6nseflade<\/em><\/strong><\/p>\n\n\n\n<p style=\"margin-bottom:var(--wp--preset--spacing--tb-section-padding)\">Sk\u00e6rmen giver feedback p\u00e5 din tr\u00e6ning i realtid. Denne gr\u00e6nseflade viser n\u00f8gletal som gentagelser, s\u00e6tvarighed og muskelengagement, s\u00e5 du kan f\u00f8lge dine fremskridt og justere din tr\u00e6ning for maksimal effektivitet. Det brugervenlige design sikrer, at b\u00e5de begyndere og erfarne brugere nemt kan navigere og bruge denne funktion til en optimeret tr\u00e6ningsoplevelse.<\/p>\n\n\n\n<p><strong><em>Modstandsjustering og fleksibilitet som ingen anden enhed<\/em><\/strong><\/p>\n\n\n\n<p style=\"margin-bottom:var(--wp--preset--spacing--tb-section-padding)\">Maskinen henvender sig til en bred vifte af fitnessniveauer og har justerbare modstandsniveauer. Denne fleksibilitet giver brugerne mulighed for gradvist at \u00f8ge intensiteten af deres tr\u00e6ning, hvilket g\u00f8r den ideel til progressiv styrketr\u00e6ning. Den s\u00f8ml\u00f8se justeringsmekanisme sikrer en j\u00e6vn overgang mellem forskellige modstandsniveauer, s\u00e5 brugerne kan fokusere p\u00e5 deres form og teknik uden afbrydelser.<\/p>\n<\/div>\n<\/div>\n\n\n\n<div class=\"wp-block-columns alignwide is-layout-flex wp-container-core-columns-is-layout-c45ee707 wp-block-columns-is-layout-flex\" style=\"margin-bottom:var(--wp--preset--spacing--side-padding);padding-top:var(--wp--preset--spacing--side-padding)\">\n<div class=\"wp-block-column is-vertically-aligned-center is-layout-flow wp-block-column-is-layout-flow\">\n<h3 class=\"wp-block-heading\" style=\"margin-bottom:var(--wp--preset--spacing--h-3-bottom)\"><strong><strong><strong><strong><strong><strong><strong><strong><strong><strong>Tr\u00e6ningstilstand<\/strong><\/strong><\/strong><\/strong><\/strong><\/strong><\/strong><\/strong><\/strong><\/strong> &#8211; StandarD<\/h3>\n\n\n\n<p><strong><em>Koncentrisk v\u00e6gt = Excentrisk v\u00e6gt<\/em><\/strong><\/p>\n\n\n\n<p style=\"margin-bottom:var(--wp--preset--spacing--tb-section-padding)\">Dette er den traditionelle tilstand, hvor modstanden forbliver konstant under hele \u00f8velsen, hvilket giver en stabil og ensartet udfordring.<\/p>\n<\/div>\n\n\n\n<div class=\"wp-block-column is-vertically-aligned-center is-layout-flow wp-block-column-is-layout-flow\">\n<figure class=\"wp-block-image size-large\"><img decoding=\"async\" src=\"https:\/\/evolve-fitness.eu\/wp-content\/uploads\/2023\/12\/A7_05151-1024x683.jpg\" alt=\"\" class=\"wp-image-8973\"\/><\/figure>\n<\/div>\n<\/div>\n\n\n\n<div class=\"wp-block-columns alignwide is-layout-flex wp-container-core-columns-is-layout-c45ee707 wp-block-columns-is-layout-flex\" style=\"margin-bottom:var(--wp--preset--spacing--side-padding);padding-top:var(--wp--preset--spacing--side-padding)\">\n<div class=\"wp-block-column is-vertically-aligned-center is-layout-flow wp-block-column-is-layout-flow\">\n<figure class=\"wp-block-image size-large\"><img decoding=\"async\" src=\"https:\/\/evolve-fitness.eu\/wp-content\/uploads\/2023\/12\/A7_05153-1-1024x683.jpg\" alt=\"\" class=\"wp-image-8975\"\/><\/figure>\n<\/div>\n\n\n\n<div class=\"wp-block-column is-vertically-aligned-center is-layout-flow wp-block-column-is-layout-flow\">\n<h3 class=\"wp-block-heading\" style=\"margin-bottom:var(--wp--preset--spacing--h-3-bottom)\"><strong><strong><strong><strong><strong><strong><strong><strong><strong><strong><strong><strong><strong><strong>Tr\u00e6ningstilstand<\/strong><\/strong><\/strong><\/strong><\/strong><\/strong><\/strong><\/strong><\/strong><\/strong> &#8211; <\/strong><\/strong><\/strong><\/strong>excentrisk<\/h3>\n\n\n\n<p><strong><em>Koncentrisk v\u00e6gt &lt; Ekscentrisk v\u00e6gt<\/em><\/strong><\/p>\n\n\n\n<p style=\"margin-bottom:var(--wp--preset--spacing--tb-section-padding)\">I denne tilstand \u00f8ges modstanden under den excentriske (s\u00e6nkende) fase af \u00f8velsen, hvilket \u00f8ger muskelstyrken og -v\u00e6ksten ved at fokusere p\u00e5 forl\u00e6ngelsen af musklen. Giver musklerne st\u00f8rre stimulation, og muskelv\u00e6ksteffektiviteten er h\u00f8jere.<\/p>\n<\/div>\n<\/div>\n\n\n\n<div class=\"wp-block-columns alignwide is-layout-flex wp-container-core-columns-is-layout-c45ee707 wp-block-columns-is-layout-flex\" style=\"margin-bottom:var(--wp--preset--spacing--side-padding);padding-top:var(--wp--preset--spacing--side-padding)\">\n<div class=\"wp-block-column is-vertically-aligned-center is-layout-flow wp-block-column-is-layout-flow\">\n<h3 class=\"wp-block-heading\" style=\"margin-bottom:var(--wp--preset--spacing--h-3-bottom)\"><strong><strong><strong><strong><strong><strong><strong><strong><strong><strong><strong><strong><strong><strong><strong><strong><strong><strong><strong><strong>Tr\u00e6ningstilstand<\/strong><\/strong><\/strong><\/strong><\/strong><\/strong><\/strong><\/strong><\/strong><\/strong> &#8211;  <\/strong><\/strong><\/strong><\/strong><\/strong><\/strong><\/strong><\/strong><\/strong><\/strong>isokinetisk<\/h3>\n\n\n\n<p><strong><em>Hastighed = Modstand<\/em><\/strong><\/p>\n\n\n\n<p style=\"margin-bottom:var(--wp--preset--spacing--tb-section-padding)\">Denne tilstand holder bev\u00e6gelsens hastighed konstant, uanset hvilken kraft der anvendes. Det er is\u00e6r nyttigt til genoptr\u00e6ning og til at sikre kontrolleret muskelaktivering.<\/p>\n<\/div>\n\n\n\n<div class=\"wp-block-column is-vertically-aligned-center is-layout-flow wp-block-column-is-layout-flow\">\n<figure class=\"wp-block-image size-large\"><img decoding=\"async\" src=\"https:\/\/evolve-fitness.eu\/wp-content\/uploads\/2023\/12\/A7_05154-1024x683.jpg\" alt=\"\" class=\"wp-image-8977\"\/><\/figure>\n<\/div>\n<\/div>\n\n\n\n<div class=\"wp-block-columns alignwide is-layout-flex wp-container-core-columns-is-layout-c45ee707 wp-block-columns-is-layout-flex\" style=\"margin-bottom:var(--wp--preset--spacing--side-padding);padding-top:var(--wp--preset--spacing--side-padding)\">\n<div class=\"wp-block-column is-vertically-aligned-center is-layout-flow wp-block-column-is-layout-flow\">\n<figure class=\"wp-block-image size-large\"><img decoding=\"async\" src=\"https:\/\/evolve-fitness.eu\/wp-content\/uploads\/2023\/12\/A7_05156-1024x683.jpg\" alt=\"\" class=\"wp-image-8979\"\/><\/figure>\n<\/div>\n\n\n\n<div class=\"wp-block-column is-vertically-aligned-center is-layout-flow wp-block-column-is-layout-flow\">\n<h3 class=\"wp-block-heading\" style=\"margin-bottom:var(--wp--preset--spacing--h-3-bottom)\"><strong><strong><strong><strong><strong><strong><strong><strong><strong><strong><strong><strong><strong><strong>Tr\u00e6ningstilstand<\/strong><\/strong><\/strong><\/strong><\/strong><\/strong><\/strong><\/strong><\/strong><\/strong> &#8211; <\/strong><\/strong><\/strong><\/strong>elastik<\/h3>\n\n\n\n<p><strong><em>Ledning &gt; Modstand<\/em><\/strong><\/p>\n\n\n\n<p style=\"margin-bottom:var(--wp--preset--spacing--tb-section-padding)\">Jo l\u00e6ngere udtr\u00e6ksreb, jo st\u00f8rre modstand. Denne tilstand simulerer oplevelsen af elastisk modstand, som n\u00e5r man arbejder med modstandsb\u00e5nd, hvilket giver en unik udfordring og variation i tr\u00e6ningen. Mere effektiv til eksplosiv tr\u00e6ning.<\/p>\n<\/div>\n<\/div>\n\n\n\n<div class=\"wp-block-columns alignwide is-layout-flex wp-container-core-columns-is-layout-c45ee707 wp-block-columns-is-layout-flex\" style=\"margin-bottom:var(--wp--preset--spacing--side-padding);padding-top:var(--wp--preset--spacing--side-padding)\">\n<div class=\"wp-block-column is-vertically-aligned-center is-layout-flow wp-block-column-is-layout-flow\">\n<h3 class=\"wp-block-heading\" style=\"margin-bottom:var(--wp--preset--spacing--h-3-bottom)\"><strong><strong><strong><strong>Ergonomisk design<\/strong><\/strong><\/strong><\/strong><\/h3>\n\n\n\n<p><strong><em>Det ergonomiske design prioriterer brugerens komfort og sikkerhed.<\/em><\/strong><\/p>\n\n\n\n<p style=\"margin-bottom:var(--wp--preset--spacing--tb-section-padding)\">Udstyret er konstrueret til at f\u00f8lge kroppens naturlige bev\u00e6gelser, hvilket reducerer risikoen for skader og sikrer effektiv muskelaktivering. De konturerede s\u00e6der og strategisk placerede greb \u00f8ger stabiliteten og kontrollen under tr\u00e6ningen, hvilket g\u00f8r den til et behageligt og sikkert valg for alle brugere.<\/p>\n<\/div>\n\n\n\n<div class=\"wp-block-column is-vertically-aligned-center is-layout-flow wp-block-column-is-layout-flow\">\n<figure class=\"wp-block-image size-large\"><img decoding=\"async\" src=\"https:\/\/evolve-fitness.eu\/wp-content\/uploads\/2023\/12\/A7_05070-1024x683.jpg\" alt=\"\" class=\"wp-image-8994\"\/><\/figure>\n<\/div>\n<\/div>\n\n\n\n<div class=\"wp-block-columns alignwide is-layout-flex wp-container-core-columns-is-layout-c45ee707 wp-block-columns-is-layout-flex\" style=\"margin-bottom:var(--wp--preset--spacing--side-padding);padding-top:var(--wp--preset--spacing--side-padding)\">\n<div class=\"wp-block-column is-vertically-aligned-center is-layout-flow wp-block-column-is-layout-flow\">\n<figure class=\"wp-block-image size-large\"><img decoding=\"async\" src=\"https:\/\/evolve-fitness.eu\/wp-content\/uploads\/2023\/12\/Box-1024x683.png\" alt=\"EV-SC-DS\" class=\"wp-image-10394\"\/><\/figure>\n<\/div>\n\n\n\n<div class=\"wp-block-column is-vertically-aligned-center is-layout-flow wp-block-column-is-layout-flow\">\n<h3 class=\"wp-block-heading\" style=\"margin-bottom:var(--wp--preset--spacing--h-3-bottom)\"><strong><strong><strong><strong><strong><strong><strong><strong><strong><strong>Robust konstruktion<\/strong><\/strong><\/strong><\/strong><\/strong><\/strong><\/strong><\/strong><\/strong><\/strong><\/h3>\n\n\n\n<p><strong><em>Bygget til at kunne modst\u00e5 intens tr\u00e6ning<\/em><\/strong><\/p>\n\n\n\n<p style=\"margin-bottom:var(--wp--preset--spacing--tb-section-padding)\">Materialer af h\u00f8j kvalitet og robust konstruktion garanterer langvarig holdbarhed og p\u00e5lidelighed. Dette design sikrer ikke kun brugernes sikkerhed, men giver ogs\u00e5 en ensartet ydeevne over tid, hvilket g\u00f8r det til en v\u00e6rdifuld investering for fitnesscentre og professionelle fitnesscentre.<\/p>\n<\/div>\n<\/div>\n<\/section>\n","protected":false},"excerpt":{"rendered":"<p>Evolve state-of-the-art udstyr kombinerer robust design og digital innovation for at tilbyde en uovertruffen tr\u00e6ningsoplevelse.(EV-SC-DS-430) Den avancerede biomekanik sikrer optimalt muskelengagement, mens den digitale gr\u00e6nseflade giver feedback i realtid for at spore dine fremskridt. Ideel til b\u00e5de begyndere og erfarne atleter. Den giver mulighed for en r\u00e6kke \u00f8velser, der m\u00e5lretter og styrker dine bryst- og skuldermuskler som intet andet udstyr. Oplev den perfekte blanding af teknologi og ydeevne med Evolve DIGITAL SERIES, din partner i at opn\u00e5 maksimal fysisk kondition.<\/p>\n","protected":false},"featured_media":91483,"template":"","meta":{"_acf_changed":false,"inline_featured_image":false},"product_cat":[353,793],"product_tag":[],"class_list":{"0":"post-46266","1":"product","2":"type-product","3":"status-publish","4":"has-post-thumbnail","6":"product_cat-forside","7":"product_cat-maskiner-med-digitalt-styrkevalg","9":"first","10":"outofstock","11":"shipping-taxable","12":"purchasable","13":"product-type-simple"},"acf":[],"_links":{"self":[{"href":"https:\/\/store.evolve-fitness.eu\/da\/wp-json\/wp\/v2\/product\/46266","targetHints":{"allow":["GET"]}}],"collection":[{"href":"https:\/\/store.evolve-fitness.eu\/da\/wp-json\/wp\/v2\/product"}],"about":[{"href":"https:\/\/store.evolve-fitness.eu\/da\/wp-json\/wp\/v2\/types\/product"}],"wp:featuredmedia":[{"embeddable":true,"href":"https:\/\/store.evolve-fitness.eu\/da\/wp-json\/wp\/v2\/media\/91483"}],"wp:attachment":[{"href":"https:\/\/store.evolve-fitness.eu\/da\/wp-json\/wp\/v2\/media?parent=46266"}],"wp:term":[{"taxonomy":"product_cat","embeddable":true,"href":"https:\/\/store.evolve-fitness.eu\/da\/wp-json\/wp\/v2\/product_cat?post=46266"},{"taxonomy":"product_tag","embeddable":true,"href":"https:\/\/store.evolve-fitness.eu\/da\/wp-json\/wp\/v2\/product_tag?post=46266"}],"curies":[{"name":"wp","href":"https:\/\/api.w.org\/{rel}","templated":true}]}}