{"id":45911,"date":"2024-01-26T13:36:49","date_gmt":"2024-01-26T13:36:49","guid":{"rendered":"https:\/\/store.evolve-fitness.eu\/product\/evolve-justerbart-ophaeng-til-maatter\/"},"modified":"2024-08-06T11:37:20","modified_gmt":"2024-08-06T11:37:20","slug":"evolve-justerbart-ophaeng-til-maatter","status":"publish","type":"product","link":"https:\/\/store.evolve-fitness.eu\/da\/vare\/evolve-justerbart-ophaeng-til-maatter\/","title":{"rendered":"Evolve justerbart oph\u00e6ng til m\u00e5tter"},"content":{"rendered":"","protected":false},"excerpt":{"rendered":"<p>Optimer organiseringen i dit fitnesscenter med Evolve Adjustable Mats Hanger Attachment. Dette tilbeh\u00f8r er designet til at v\u00e6re praktisk og integreres ubesv\u00e6ret i dit tr\u00e6ningsrum og giver en fleksibel l\u00f8sning til at holde tr\u00e6ningsm\u00e5tterne ryddelige og let tilg\u00e6ngelige. Den justerbare funktion sikrer alsidighed, s\u00e5 den passer til forskellige m\u00e5tte-st\u00f8rrelser og giver en rodfri og effektiv opbevaringsl\u00f8sning. L\u00f8ft dit fitnessmilj\u00f8 med dette praktiske tilbeh\u00f8r, der fremmer et p\u00e6nt og organiseret tr\u00e6ningsomr\u00e5de. G\u00f8r din fitnessrutine enklere med Evolve Adjustable Mats Hanger Attachment, et must-have til str\u00f8mlinet og effektiv styring af fitnesscentret.  <\/p>\n","protected":false},"featured_media":45917,"template":"","meta":{"_acf_changed":false,"inline_featured_image":false},"product_cat":[353,585,653,702],"product_tag":[],"class_list":{"0":"post-45911","1":"product","2":"type-product","3":"status-publish","4":"has-post-thumbnail","6":"product_cat-forside","7":"product_cat-tvaergaende-og-funktionel","8":"product_cat-komponenter-til-riggen","9":"product_cat-opbevaring","11":"first","12":"instock","13":"shipping-taxable","14":"purchasable","15":"product-type-simple"},"acf":[],"_links":{"self":[{"href":"https:\/\/store.evolve-fitness.eu\/da\/wp-json\/wp\/v2\/product\/45911","targetHints":{"allow":["GET"]}}],"collection":[{"href":"https:\/\/store.evolve-fitness.eu\/da\/wp-json\/wp\/v2\/product"}],"about":[{"href":"https:\/\/store.evolve-fitness.eu\/da\/wp-json\/wp\/v2\/types\/product"}],"wp:featuredmedia":[{"embeddable":true,"href":"https:\/\/store.evolve-fitness.eu\/da\/wp-json\/wp\/v2\/media\/45917"}],"wp:attachment":[{"href":"https:\/\/store.evolve-fitness.eu\/da\/wp-json\/wp\/v2\/media?parent=45911"}],"wp:term":[{"taxonomy":"product_cat","embeddable":true,"href":"https:\/\/store.evolve-fitness.eu\/da\/wp-json\/wp\/v2\/product_cat?post=45911"},{"taxonomy":"product_tag","embeddable":true,"href":"https:\/\/store.evolve-fitness.eu\/da\/wp-json\/wp\/v2\/product_tag?post=45911"}],"curies":[{"name":"wp","href":"https:\/\/api.w.org\/{rel}","templated":true}]}}