{"id":45780,"date":"2024-01-26T09:53:49","date_gmt":"2024-01-26T09:53:49","guid":{"rendered":"https:\/\/store.evolve-fitness.eu\/product\/evolve-sigle-haandtag\/"},"modified":"2024-01-26T09:53:49","modified_gmt":"2024-01-26T09:53:49","slug":"evolve-sigle-haandtag","status":"publish","type":"product","link":"https:\/\/store.evolve-fitness.eu\/da\/vare\/evolve-sigle-haandtag\/","title":{"rendered":"Evolve Sigle-h\u00e5ndtag"},"content":{"rendered":"","protected":false},"excerpt":{"rendered":"<p>Vi pr\u00e6senterer Evolve Single Handle, GH-010 &#8211; den ultimative tilf\u00f8jelse til din kabeltr\u00e6ning. Dette f\u00f8rsteklasses redskab med et h\u00e5ndtag er specielt designet til pr\u00e6cision og holdbarhed og er perfekt til at tr\u00e6ne specifikke muskelgrupper. Det ergonomiske design sikrer et behageligt og sikkert greb, som g\u00f8r din tr\u00e6ning mere effektiv. Evolve Single Handle er lavet af materialer af h\u00f8j kvalitet og er b\u00e5de robust og langtidsholdbar, ideel til intens og hyppig brug. Dens kompatibilitet med en lang r\u00e6kke kabelmaskiner g\u00f8r den til et alsidigt redskab til b\u00e5de private og kommercielle fitnesscentre. L\u00f8ft din fitnessrutine, og opn\u00e5 overlegne resultater med Evolve Single Handle, et must-have for fitnessentusiaster, der \u00f8nsker at forbedre deres styrke- og konditionstr\u00e6ning.<\/p>\n","protected":false},"featured_media":45785,"template":"","meta":{"_acf_changed":false,"inline_featured_image":false},"product_cat":[353,742],"product_tag":[],"class_list":{"0":"post-45780","1":"product","2":"type-product","3":"status-publish","4":"has-post-thumbnail","6":"product_cat-forside","7":"product_cat-tilbehor-da","9":"first","10":"instock","11":"shipping-taxable","12":"purchasable","13":"product-type-simple"},"acf":[],"_links":{"self":[{"href":"https:\/\/store.evolve-fitness.eu\/da\/wp-json\/wp\/v2\/product\/45780","targetHints":{"allow":["GET"]}}],"collection":[{"href":"https:\/\/store.evolve-fitness.eu\/da\/wp-json\/wp\/v2\/product"}],"about":[{"href":"https:\/\/store.evolve-fitness.eu\/da\/wp-json\/wp\/v2\/types\/product"}],"wp:featuredmedia":[{"embeddable":true,"href":"https:\/\/store.evolve-fitness.eu\/da\/wp-json\/wp\/v2\/media\/45785"}],"wp:attachment":[{"href":"https:\/\/store.evolve-fitness.eu\/da\/wp-json\/wp\/v2\/media?parent=45780"}],"wp:term":[{"taxonomy":"product_cat","embeddable":true,"href":"https:\/\/store.evolve-fitness.eu\/da\/wp-json\/wp\/v2\/product_cat?post=45780"},{"taxonomy":"product_tag","embeddable":true,"href":"https:\/\/store.evolve-fitness.eu\/da\/wp-json\/wp\/v2\/product_tag?post=45780"}],"curies":[{"name":"wp","href":"https:\/\/api.w.org\/{rel}","templated":true}]}}