{"id":45609,"date":"2024-01-26T09:44:25","date_gmt":"2024-01-26T09:44:25","guid":{"rendered":"https:\/\/store.evolve-fitness.eu\/product\/evolve-enkelt-reb\/"},"modified":"2024-01-26T09:44:25","modified_gmt":"2024-01-26T09:44:25","slug":"evolve-enkelt-reb","status":"publish","type":"product","link":"https:\/\/store.evolve-fitness.eu\/da\/vare\/evolve-enkelt-reb\/","title":{"rendered":"Evolve enkelt reb"},"content":{"rendered":"","protected":false},"excerpt":{"rendered":"<p>L\u00f8ft dine kabel\u00f8velser med Evolve Single Rope, GH-070, der er skr\u00e6ddersyet til dem, der \u00f8nsker at forbedre deres tr\u00e6ningsrutine. Dette ekspertdesignede redskab er en fast bestanddel til tricep pushdowns, face pulls og andre reb\u00f8velser og giver et nyt niveau af alsidighed i tr\u00e6ningen. Evolve Single Rope er fremstillet med fokus p\u00e5 holdbarhed og funktionalitet og har en robust konstruktion af h\u00f8j kvalitet, der sikrer, at det kan holde til selv de mest intense tr\u00e6ningspas. Det ergonomiske design giver et behageligt og sikkert greb, der giver maksimal kontrol og effektivitet i dine \u00f8velser. Evolve Single Rope er kompatibel med en lang r\u00e6kke kabelmaskiner, hvilket g\u00f8r den til en alsidig tilf\u00f8jelse til b\u00e5de hjemmetr\u00e6ningscentre og kommercielle fitnessmilj\u00f8er. Evolve Single Rope er perfekt til atleter og fitnessentusiaster, der \u00f8nsker at \u00f8ge deres overkropsstyrke og muskeldefinition, og det er et vigtigt redskab til en omfattende og effektiv tr\u00e6ning. Tilf\u00f8j den til dit fitnessudstyr i dag, og oplev et nyt niveau af styrketr\u00e6ning.<\/p>\n","protected":false},"featured_media":128252,"template":"","meta":{"_acf_changed":false,"inline_featured_image":false},"product_cat":[353,742],"product_tag":[],"class_list":{"0":"post-45609","1":"product","2":"type-product","3":"status-publish","4":"has-post-thumbnail","6":"product_cat-forside","7":"product_cat-tilbehor-da","9":"first","10":"instock","11":"shipping-taxable","12":"purchasable","13":"product-type-simple"},"acf":[],"_links":{"self":[{"href":"https:\/\/store.evolve-fitness.eu\/da\/wp-json\/wp\/v2\/product\/45609","targetHints":{"allow":["GET"]}}],"collection":[{"href":"https:\/\/store.evolve-fitness.eu\/da\/wp-json\/wp\/v2\/product"}],"about":[{"href":"https:\/\/store.evolve-fitness.eu\/da\/wp-json\/wp\/v2\/types\/product"}],"wp:featuredmedia":[{"embeddable":true,"href":"https:\/\/store.evolve-fitness.eu\/da\/wp-json\/wp\/v2\/media\/128252"}],"wp:attachment":[{"href":"https:\/\/store.evolve-fitness.eu\/da\/wp-json\/wp\/v2\/media?parent=45609"}],"wp:term":[{"taxonomy":"product_cat","embeddable":true,"href":"https:\/\/store.evolve-fitness.eu\/da\/wp-json\/wp\/v2\/product_cat?post=45609"},{"taxonomy":"product_tag","embeddable":true,"href":"https:\/\/store.evolve-fitness.eu\/da\/wp-json\/wp\/v2\/product_tag?post=45609"}],"curies":[{"name":"wp","href":"https:\/\/api.w.org\/{rel}","templated":true}]}}