{"id":45410,"date":"2024-01-26T09:49:28","date_gmt":"2024-01-26T09:49:28","guid":{"rendered":"https:\/\/store.evolve-fitness.eu\/product\/evolve-v-haandtag\/"},"modified":"2024-01-26T09:49:28","modified_gmt":"2024-01-26T09:49:28","slug":"evolve-v-haandtag","status":"publish","type":"product","link":"https:\/\/store.evolve-fitness.eu\/da\/vare\/evolve-v-haandtag\/","title":{"rendered":"Evolve V-h\u00e5ndtag"},"content":{"rendered":"","protected":false},"excerpt":{"rendered":"<p>Opgrader dit fitnessarsenal med Evolve V Handle, GH-060, et must-have for dem, der tager deres kabeltr\u00e6ning alvorligt. Dette V-h\u00e5ndtag er designet til at intensivere dine pulldowns, rows og andre kabel\u00f8velser, s\u00e5 du opn\u00e5r optimal ydeevne. Det unikke V-formede design sikrer en afbalanceret fordeling af v\u00e6gten, hvilket giver mulighed for et mere m\u00e5lrettet og effektivt muskelarbejde. Evolve V Handle er lavet af f\u00f8rsteklasses materialer og lover holdbarhed og et behageligt greb, der sikrer, at det kan holde til intense tr\u00e6ningspas. Dens kompatibilitet med forskellige kabelmaskiner g\u00f8r den til et alsidigt og uundv\u00e6rligt redskab til b\u00e5de hjemmegym og professionelle fitnesscentre. Evolve V Handle er ideel til atleter og fitnessentusiaster, der \u00f8nsker at forbedre deres styrke og opbygge muskler, og er din n\u00f8gle til en mere effektiv og virkningsfuld tr\u00e6ning.<\/p>\n","protected":false},"featured_media":45427,"template":"","meta":{"_acf_changed":false,"inline_featured_image":false},"product_cat":[353,742],"product_tag":[],"class_list":{"0":"post-45410","1":"product","2":"type-product","3":"status-publish","4":"has-post-thumbnail","6":"product_cat-forside","7":"product_cat-tilbehor-da","9":"first","10":"instock","11":"shipping-taxable","12":"purchasable","13":"product-type-simple"},"acf":[],"_links":{"self":[{"href":"https:\/\/store.evolve-fitness.eu\/da\/wp-json\/wp\/v2\/product\/45410","targetHints":{"allow":["GET"]}}],"collection":[{"href":"https:\/\/store.evolve-fitness.eu\/da\/wp-json\/wp\/v2\/product"}],"about":[{"href":"https:\/\/store.evolve-fitness.eu\/da\/wp-json\/wp\/v2\/types\/product"}],"wp:featuredmedia":[{"embeddable":true,"href":"https:\/\/store.evolve-fitness.eu\/da\/wp-json\/wp\/v2\/media\/45427"}],"wp:attachment":[{"href":"https:\/\/store.evolve-fitness.eu\/da\/wp-json\/wp\/v2\/media?parent=45410"}],"wp:term":[{"taxonomy":"product_cat","embeddable":true,"href":"https:\/\/store.evolve-fitness.eu\/da\/wp-json\/wp\/v2\/product_cat?post=45410"},{"taxonomy":"product_tag","embeddable":true,"href":"https:\/\/store.evolve-fitness.eu\/da\/wp-json\/wp\/v2\/product_tag?post=45410"}],"curies":[{"name":"wp","href":"https:\/\/api.w.org\/{rel}","templated":true}]}}