{"id":45366,"date":"2024-01-26T09:36:09","date_gmt":"2024-01-26T09:36:09","guid":{"rendered":"https:\/\/store.evolve-fitness.eu\/product\/evolve-haandtag-med-flere-raekker\/"},"modified":"2024-01-26T09:36:09","modified_gmt":"2024-01-26T09:36:09","slug":"evolve-haandtag-med-flere-raekker","status":"publish","type":"product","link":"https:\/\/store.evolve-fitness.eu\/da\/vare\/evolve-haandtag-med-flere-raekker\/","title":{"rendered":"Evolve h\u00e5ndtag med flere r\u00e6kker"},"content":{"rendered":"","protected":false},"excerpt":{"rendered":"<p>Forbedr din rotr\u00e6ning med Evolve Multi Row Handle, GH-110, et alsidigt og uundv\u00e6rligt tilbeh\u00f8r. Dette innovative h\u00e5ndtag er designet til at forst\u00e6rke effektiviteten af dine ro-\u00f8velser, uanset om det er p\u00e5 en kabelmaskine eller i et hjemmegym. Evolve Multi Row Handle skiller sig ud med sit design med flere greb, der giver mulighed for en r\u00e6kke forskellige h\u00e5ndpositioner og vinkler og derved m\u00e5lretter mod forskellige muskelgrupper for en omfattende tr\u00e6ning af overkroppen. Den er fremstillet af holdbare materialer af h\u00f8j kvalitet og er bygget til at modst\u00e5 intensiteten af daglig, h\u00e5rd brug, hvilket g\u00f8r den til et p\u00e5lideligt v\u00e6rkt\u00f8j for b\u00e5de amat\u00f8rer og professionelle atleter. Det ergonomiske greb sikrer komfort og reducerer belastningen p\u00e5 dine h\u00e6nder, s\u00e5 du kan tr\u00e6ne l\u00e6ngere og mere produktivt. Evolve Multi Row Handle er ideel til dem, der \u00f8nsker at forbedre deres ryg-, skulder- og armstyrke, og er en perfekt tilf\u00f8jelse til enhver fitnessrutine. K\u00f8b din i dag, og oplev et nyt niveau af alsidighed og effektivitet i dit tr\u00e6ningsprogram.<\/p>\n","protected":false},"featured_media":130059,"template":"","meta":{"_acf_changed":false,"inline_featured_image":false},"product_cat":[353,742],"product_tag":[],"class_list":{"0":"post-45366","1":"product","2":"type-product","3":"status-publish","4":"has-post-thumbnail","6":"product_cat-forside","7":"product_cat-tilbehor-da","9":"first","10":"instock","11":"shipping-taxable","12":"purchasable","13":"product-type-simple"},"acf":[],"_links":{"self":[{"href":"https:\/\/store.evolve-fitness.eu\/da\/wp-json\/wp\/v2\/product\/45366","targetHints":{"allow":["GET"]}}],"collection":[{"href":"https:\/\/store.evolve-fitness.eu\/da\/wp-json\/wp\/v2\/product"}],"about":[{"href":"https:\/\/store.evolve-fitness.eu\/da\/wp-json\/wp\/v2\/types\/product"}],"wp:featuredmedia":[{"embeddable":true,"href":"https:\/\/store.evolve-fitness.eu\/da\/wp-json\/wp\/v2\/media\/130059"}],"wp:attachment":[{"href":"https:\/\/store.evolve-fitness.eu\/da\/wp-json\/wp\/v2\/media?parent=45366"}],"wp:term":[{"taxonomy":"product_cat","embeddable":true,"href":"https:\/\/store.evolve-fitness.eu\/da\/wp-json\/wp\/v2\/product_cat?post=45366"},{"taxonomy":"product_tag","embeddable":true,"href":"https:\/\/store.evolve-fitness.eu\/da\/wp-json\/wp\/v2\/product_tag?post=45366"}],"curies":[{"name":"wp","href":"https:\/\/api.w.org\/{rel}","templated":true}]}}