{"id":45244,"date":"2024-01-26T09:33:28","date_gmt":"2024-01-26T09:33:28","guid":{"rendered":"https:\/\/store.evolve-fitness.eu\/product\/evolve-triceps-haandtag-75-cm\/"},"modified":"2024-01-26T09:33:28","modified_gmt":"2024-01-26T09:33:28","slug":"evolve-triceps-haandtag-75-cm","status":"publish","type":"product","link":"https:\/\/store.evolve-fitness.eu\/da\/vare\/evolve-triceps-haandtag-75-cm\/","title":{"rendered":"Evolve Triceps-h\u00e5ndtag &#8211; 75 cm"},"content":{"rendered":"","protected":false},"excerpt":{"rendered":"<p>Vi pr\u00e6senterer Evolve Triceps Handle &#8211; 75 cm, GH-130. Specielt designet til at forbedre triceps-tr\u00e6ningen. Det forl\u00e6ngede h\u00e5ndtag p\u00e5 75 cm giver en ny dimension til din tr\u00e6ning, da det giver mulighed for et st\u00f8rre bev\u00e6gelsesomr\u00e5de og flere forskellige \u00f8velser, s\u00e5som overhead extensions og pushdowns. Evolve Triceps Handle er konstrueret af f\u00f8rsteklasses materialer og garanterer holdbarhed og modstandsdygtighed over for de strabadser, der f\u00f8lger med hyppig og intens tr\u00e6ning. Det ergonomiske design sikrer et behageligt og sikkert greb, reducerer tr\u00e6thed i h\u00e6nderne og giver mulighed for l\u00e6ngerevarende tr\u00e6ningssessioner. H\u00e5ndtagets l\u00e6ngde giver den fordel, at flere muskelgrupper aktiveres samtidigt, hvilket g\u00f8r det til et ideelt redskab til omfattende styrkeudvikling af overkroppen. Den er kompatibel med forskellige kabelsystemer og er en alsidig tilf\u00f8jelse til b\u00e5de hjemmetr\u00e6ningscentre og professionelle fitnesscentre. Uanset om du \u00f8nsker at tr\u00e6ne dine triceps for at opn\u00e5 styrke, definition eller generel armudvikling, er Evolve Triceps Handle &#8211; 75 cm et uundv\u00e6rligt redskab i dit fitnessarsenal.<\/p>\n","protected":false},"featured_media":128307,"template":"","meta":{"_acf_changed":false,"inline_featured_image":false},"product_cat":[353,742],"product_tag":[],"class_list":{"0":"post-45244","1":"product","2":"type-product","3":"status-publish","4":"has-post-thumbnail","6":"product_cat-forside","7":"product_cat-tilbehor-da","9":"first","10":"instock","11":"shipping-taxable","12":"purchasable","13":"product-type-simple"},"acf":[],"_links":{"self":[{"href":"https:\/\/store.evolve-fitness.eu\/da\/wp-json\/wp\/v2\/product\/45244","targetHints":{"allow":["GET"]}}],"collection":[{"href":"https:\/\/store.evolve-fitness.eu\/da\/wp-json\/wp\/v2\/product"}],"about":[{"href":"https:\/\/store.evolve-fitness.eu\/da\/wp-json\/wp\/v2\/types\/product"}],"wp:featuredmedia":[{"embeddable":true,"href":"https:\/\/store.evolve-fitness.eu\/da\/wp-json\/wp\/v2\/media\/128307"}],"wp:attachment":[{"href":"https:\/\/store.evolve-fitness.eu\/da\/wp-json\/wp\/v2\/media?parent=45244"}],"wp:term":[{"taxonomy":"product_cat","embeddable":true,"href":"https:\/\/store.evolve-fitness.eu\/da\/wp-json\/wp\/v2\/product_cat?post=45244"},{"taxonomy":"product_tag","embeddable":true,"href":"https:\/\/store.evolve-fitness.eu\/da\/wp-json\/wp\/v2\/product_tag?post=45244"}],"curies":[{"name":"wp","href":"https:\/\/api.w.org\/{rel}","templated":true}]}}