{"id":45187,"date":"2024-01-26T09:39:44","date_gmt":"2024-01-26T09:39:44","guid":{"rendered":"https:\/\/store.evolve-fitness.eu\/product\/evolve-triceps-tov\/"},"modified":"2024-01-26T09:39:44","modified_gmt":"2024-01-26T09:39:44","slug":"evolve-triceps-tov","status":"publish","type":"product","link":"https:\/\/store.evolve-fitness.eu\/da\/vare\/evolve-triceps-tov\/","title":{"rendered":"Evolve Triceps-tov"},"content":{"rendered":"","protected":false},"excerpt":{"rendered":"<p>Vi pr\u00e6senterer Evolve Triceps Rope, en f\u00f8rsteklasses tilf\u00f8jelse til din samling af fitnessudstyr, som nu er tilg\u00e6ngelig i vores online shop. Dette specialiserede rebbeslag er designet til at forbedre din triceps-tr\u00e6ning og giver en overlegen m\u00e5de at udf\u00f8re pushdowns, extensions og andre arm\u00f8velser p\u00e5. Evolve Triceps Rope er fremstillet af holdbare materialer af h\u00f8j kvalitet og sikrer lang levetid og modstandsdygtighed over for kravene fra h\u00e5rde tr\u00e6ningssessioner. Det unikke, tykke, flettede design giver et behageligt greb, der giver optimal kontrol og effektivitet, n\u00e5r man tr\u00e6ner triceps-musklerne. Dette alsidige tilbeh\u00f8r er kompatibelt med en bred vifte af kabelmaskiner og er ideelt til b\u00e5de hjemmet og kommercielle fitnesscentre. Uanset om du \u00f8nsker at tone dine arme, \u00f8ge muskelstyrken eller tilf\u00f8je variation til din tr\u00e6ningsrutine, er Evolve Triceps Rope det perfekte redskab. L\u00f8ft dit fitnessprogram med dette uundv\u00e6rlige stykke udstyr til en mere intens og fokuseret armtr\u00e6ning. K\u00f8b nu, og tag det f\u00f8rste skridt mod at n\u00e5 dine triceps-m\u00e5l.<\/p>\n","protected":false},"featured_media":45199,"template":"","meta":{"_acf_changed":false,"inline_featured_image":false},"product_cat":[353,742],"product_tag":[],"class_list":{"0":"post-45187","1":"product","2":"type-product","3":"status-publish","4":"has-post-thumbnail","6":"product_cat-forside","7":"product_cat-tilbehor-da","9":"first","10":"instock","11":"shipping-taxable","12":"purchasable","13":"product-type-simple"},"acf":[],"_links":{"self":[{"href":"https:\/\/store.evolve-fitness.eu\/da\/wp-json\/wp\/v2\/product\/45187","targetHints":{"allow":["GET"]}}],"collection":[{"href":"https:\/\/store.evolve-fitness.eu\/da\/wp-json\/wp\/v2\/product"}],"about":[{"href":"https:\/\/store.evolve-fitness.eu\/da\/wp-json\/wp\/v2\/types\/product"}],"wp:featuredmedia":[{"embeddable":true,"href":"https:\/\/store.evolve-fitness.eu\/da\/wp-json\/wp\/v2\/media\/45199"}],"wp:attachment":[{"href":"https:\/\/store.evolve-fitness.eu\/da\/wp-json\/wp\/v2\/media?parent=45187"}],"wp:term":[{"taxonomy":"product_cat","embeddable":true,"href":"https:\/\/store.evolve-fitness.eu\/da\/wp-json\/wp\/v2\/product_cat?post=45187"},{"taxonomy":"product_tag","embeddable":true,"href":"https:\/\/store.evolve-fitness.eu\/da\/wp-json\/wp\/v2\/product_tag?post=45187"}],"curies":[{"name":"wp","href":"https:\/\/api.w.org\/{rel}","templated":true}]}}