{"id":45040,"date":"2024-01-26T09:26:44","date_gmt":"2024-01-26T09:26:44","guid":{"rendered":"https:\/\/store.evolve-fitness.eu\/product\/evolve-raekkehaandtag\/"},"modified":"2024-01-26T09:26:44","modified_gmt":"2024-01-26T09:26:44","slug":"evolve-raekkehaandtag","status":"publish","type":"product","link":"https:\/\/store.evolve-fitness.eu\/da\/vare\/evolve-raekkehaandtag\/","title":{"rendered":"Evolve-r\u00e6kkeh\u00e5ndtag"},"content":{"rendered":"","protected":false},"excerpt":{"rendered":"<p>L\u00f8ft dine ro\u00f8velser med Evolve Row Handle, GH-240. Dette tilbeh\u00f8r af h\u00f8j kvalitet er designet til at optimere din rotr\u00e6ning, s\u00e5 du kan tr\u00e6ne musklerne i ryg, skuldre og arme med pr\u00e6cision. Evolve Row Handle er fremstillet af robuste materialer, der sikrer, at det kan holde til de mest intense tr\u00e6ningspas. Det ergonomiske design fremmer et naturligt greb, minimerer belastningen p\u00e5 dine h\u00e6nder og h\u00e5ndled og giver mulighed for en mere effektiv og behagelig tr\u00e6ning. Dette h\u00e5ndtag er ideelt til brug med forskellige kabelmaskiner og er perfekt til \u00f8velser som siddende rows, bent-over rows og st\u00e5ende cable rows, hvilket giver alsidighed i din styrketr\u00e6ningsrutine.<\/p>\n","protected":false},"featured_media":128225,"template":"","meta":{"_acf_changed":false,"inline_featured_image":false},"product_cat":[353,742],"product_tag":[],"class_list":{"0":"post-45040","1":"product","2":"type-product","3":"status-publish","4":"has-post-thumbnail","6":"product_cat-forside","7":"product_cat-tilbehor-da","9":"first","10":"instock","11":"shipping-taxable","12":"purchasable","13":"product-type-simple"},"acf":[],"_links":{"self":[{"href":"https:\/\/store.evolve-fitness.eu\/da\/wp-json\/wp\/v2\/product\/45040","targetHints":{"allow":["GET"]}}],"collection":[{"href":"https:\/\/store.evolve-fitness.eu\/da\/wp-json\/wp\/v2\/product"}],"about":[{"href":"https:\/\/store.evolve-fitness.eu\/da\/wp-json\/wp\/v2\/types\/product"}],"wp:featuredmedia":[{"embeddable":true,"href":"https:\/\/store.evolve-fitness.eu\/da\/wp-json\/wp\/v2\/media\/128225"}],"wp:attachment":[{"href":"https:\/\/store.evolve-fitness.eu\/da\/wp-json\/wp\/v2\/media?parent=45040"}],"wp:term":[{"taxonomy":"product_cat","embeddable":true,"href":"https:\/\/store.evolve-fitness.eu\/da\/wp-json\/wp\/v2\/product_cat?post=45040"},{"taxonomy":"product_tag","embeddable":true,"href":"https:\/\/store.evolve-fitness.eu\/da\/wp-json\/wp\/v2\/product_tag?post=45040"}],"curies":[{"name":"wp","href":"https:\/\/api.w.org\/{rel}","templated":true}]}}