{"id":44945,"date":"2024-01-26T09:22:47","date_gmt":"2024-01-26T09:22:47","guid":{"rendered":"https:\/\/store.evolve-fitness.eu\/product\/evolve-biceps-triceps-haandtag-50-cm\/"},"modified":"2024-01-26T09:22:47","modified_gmt":"2024-01-26T09:22:47","slug":"evolve-biceps-triceps-haandtag-50-cm","status":"publish","type":"product","link":"https:\/\/store.evolve-fitness.eu\/da\/vare\/evolve-biceps-triceps-haandtag-50-cm\/","title":{"rendered":"Evolve Biceps \/ Triceps h\u00e5ndtag &#8211; 50 cm"},"content":{"rendered":"","protected":false},"excerpt":{"rendered":"<p>Vi pr\u00e6senterer Evolve Biceps\/Triceps Handle &#8211; 50 cm, GH-160, et dynamisk og alsidigt tilbeh\u00f8r, der nu f\u00e5s i vores onlinebutik, og som er specielt designet til at revolutionere din armtr\u00e6ning. Dette innovative h\u00e5ndtag, der m\u00e5ler 50 cm i l\u00e6ngden, er ideelt til en bred vifte af \u00f8velser, der retter sig mod b\u00e5de biceps og triceps. Dens konstruktion af holdbare materialer af h\u00f8j kvalitet sikrer, at den kan modst\u00e5 kravene fra intens, regelm\u00e6ssig brug. H\u00e5ndtagets l\u00e6ngde giver mulighed for et varieret greb, s\u00e5 du kan ramme forskellige muskelgrupper og lave forskellige \u00f8velser som bicepscurls, tricepsextensions og meget mere. H\u00e5ndtagets ergonomiske design sikrer et behageligt og sikkert greb, der reducerer tr\u00e6thed i h\u00e6nderne og giver mulighed for l\u00e6ngere og mere effektiv tr\u00e6ning. Evolve Biceps\/Triceps Handle &#8211; 50 cm er kompatibel med forskellige kabelsystemer og er en fantastisk tilf\u00f8jelse til ethvert hjemmegym eller professionelt fitnesscenter. Det er et uundv\u00e6rligt redskab for alle, der seri\u00f8st \u00f8nsker at forbedre deres armstyrke, muskeltonus og generelle overkropstr\u00e6ning.<\/p>\n","protected":false},"featured_media":128068,"template":"","meta":{"_acf_changed":false,"inline_featured_image":false},"product_cat":[353,742],"product_tag":[],"class_list":{"0":"post-44945","1":"product","2":"type-product","3":"status-publish","4":"has-post-thumbnail","6":"product_cat-forside","7":"product_cat-tilbehor-da","9":"first","10":"instock","11":"shipping-taxable","12":"purchasable","13":"product-type-simple"},"acf":[],"_links":{"self":[{"href":"https:\/\/store.evolve-fitness.eu\/da\/wp-json\/wp\/v2\/product\/44945","targetHints":{"allow":["GET"]}}],"collection":[{"href":"https:\/\/store.evolve-fitness.eu\/da\/wp-json\/wp\/v2\/product"}],"about":[{"href":"https:\/\/store.evolve-fitness.eu\/da\/wp-json\/wp\/v2\/types\/product"}],"wp:featuredmedia":[{"embeddable":true,"href":"https:\/\/store.evolve-fitness.eu\/da\/wp-json\/wp\/v2\/media\/128068"}],"wp:attachment":[{"href":"https:\/\/store.evolve-fitness.eu\/da\/wp-json\/wp\/v2\/media?parent=44945"}],"wp:term":[{"taxonomy":"product_cat","embeddable":true,"href":"https:\/\/store.evolve-fitness.eu\/da\/wp-json\/wp\/v2\/product_cat?post=44945"},{"taxonomy":"product_tag","embeddable":true,"href":"https:\/\/store.evolve-fitness.eu\/da\/wp-json\/wp\/v2\/product_tag?post=44945"}],"curies":[{"name":"wp","href":"https:\/\/api.w.org\/{rel}","templated":true}]}}