{"id":44864,"date":"2024-01-26T09:19:38","date_gmt":"2024-01-26T09:19:38","guid":{"rendered":"https:\/\/store.evolve-fitness.eu\/product\/evolve-pull-down-haandtag-120-cm\/"},"modified":"2024-01-26T09:19:38","modified_gmt":"2024-01-26T09:19:38","slug":"evolve-pull-down-haandtag-120-cm","status":"publish","type":"product","link":"https:\/\/store.evolve-fitness.eu\/da\/vare\/evolve-pull-down-haandtag-120-cm\/","title":{"rendered":"Evolve Pull Down H\u00e5ndtag &#8211; 120 cm"},"content":{"rendered":"","protected":false},"excerpt":{"rendered":"<p>Forbedr din overkropstr\u00e6ning med Evolve Pull Down Handle, GH-200. Dette enest\u00e5ende tilbeh\u00f8r er specielt udviklet til at maksimere effektiviteten af pull-down-\u00f8velser, der er m\u00e5lrettet de vigtigste muskelgrupper i ryg, skuldre og arme. Evolve Pull Down Handle er fremstillet af slidst\u00e6rke materialer af h\u00f8j kvalitet og er bygget til at modst\u00e5 intens tr\u00e6ning, hvilket g\u00f8r det til et p\u00e5lideligt valg til b\u00e5de hjemmegym og kommercielle fitnesscentre. Det ergonomiske design sikrer et behageligt og sikkert greb, reducerer risikoen for overanstrengelse og giver mulighed for en mere fokuseret og effektiv tr\u00e6ning. H\u00e5ndtagets kompatibilitet med forskellige kabelmaskiner g\u00f8r din tr\u00e6ningsrutine mere alsidig og perfekt til en lang r\u00e6kke \u00f8velser, herunder lat pulldowns og pulldowns med lige arme. Evolve Pull Down Handle er ideel til dem, der \u00f8nsker at forbedre muskeldefinition og styrke i overkroppen, og er et uundv\u00e6rligt redskab til at n\u00e5 dine fitnessm\u00e5l.<\/p>\n","protected":false},"featured_media":128171,"template":"","meta":{"_acf_changed":false,"inline_featured_image":false},"product_cat":[353,742],"product_tag":[],"class_list":{"0":"post-44864","1":"product","2":"type-product","3":"status-publish","4":"has-post-thumbnail","6":"product_cat-forside","7":"product_cat-tilbehor-da","9":"first","10":"instock","11":"shipping-taxable","12":"purchasable","13":"product-type-simple"},"acf":[],"_links":{"self":[{"href":"https:\/\/store.evolve-fitness.eu\/da\/wp-json\/wp\/v2\/product\/44864","targetHints":{"allow":["GET"]}}],"collection":[{"href":"https:\/\/store.evolve-fitness.eu\/da\/wp-json\/wp\/v2\/product"}],"about":[{"href":"https:\/\/store.evolve-fitness.eu\/da\/wp-json\/wp\/v2\/types\/product"}],"wp:featuredmedia":[{"embeddable":true,"href":"https:\/\/store.evolve-fitness.eu\/da\/wp-json\/wp\/v2\/media\/128171"}],"wp:attachment":[{"href":"https:\/\/store.evolve-fitness.eu\/da\/wp-json\/wp\/v2\/media?parent=44864"}],"wp:term":[{"taxonomy":"product_cat","embeddable":true,"href":"https:\/\/store.evolve-fitness.eu\/da\/wp-json\/wp\/v2\/product_cat?post=44864"},{"taxonomy":"product_tag","embeddable":true,"href":"https:\/\/store.evolve-fitness.eu\/da\/wp-json\/wp\/v2\/product_tag?post=44864"}],"curies":[{"name":"wp","href":"https:\/\/api.w.org\/{rel}","templated":true}]}}