{"id":44277,"date":"2024-01-26T08:50:51","date_gmt":"2024-01-26T08:50:51","guid":{"rendered":"https:\/\/store.evolve-fitness.eu\/product\/evolve-gym-haandtagsstativ\/"},"modified":"2025-03-10T11:54:28","modified_gmt":"2025-03-10T11:54:28","slug":"evolve-gym-haandtagsstativ","status":"publish","type":"product","link":"https:\/\/store.evolve-fitness.eu\/da\/vare\/evolve-gym-haandtagsstativ\/","title":{"rendered":"Evolve Gym H\u00e5ndtagsstativ"},"content":{"rendered":"\n<section class=\"wp-block-group alignfull black-content has-white-color has-darkgray-background-color has-text-color has-background is-layout-constrained wp-block-group-is-layout-constrained\" style=\"padding-top:var(--wp--preset--spacing--section-bottom);padding-bottom:var(--wp--preset--spacing--section-bottom)\">\n<div class=\"wp-block-columns alignwide mobile-reverse is-layout-flex wp-container-core-columns-is-layout-ca64bf2d wp-block-columns-is-layout-flex\" style=\"margin-bottom:var(--wp--preset--spacing--side-padding)\">\n<div class=\"wp-block-column is-vertically-aligned-center is-layout-flow wp-block-column-is-layout-flow\">\n<h3 class=\"wp-block-heading\" style=\"margin-bottom:var(--wp--preset--spacing--h-3-bottom)\"><strong>Robust konstruktion og holdbarhed<\/strong><\/h3>\n\n\n\n<p><strong><em>G\u00f8r dit fitnesscenter mere attraktivt<\/em><\/strong><\/p>\n\n\n\n<p style=\"margin-bottom:var(--wp--preset--spacing--tb-section-padding)\">Evolve Gym Handles Rack, GH-010, er kendetegnet ved holdbarhed og robust konstruktion. Dette stativ er fremstillet af materialer af h\u00f8j kvalitet og lover lang levetid og modstandsdygtighed over for slitage, hvilket g\u00f8r det til et ideelt valg til b\u00e5de kommercielle fitnesscentre og hjemmetr\u00e6ningsrum. Det robuste design sikrer sikker opbevaring af dit tr\u00e6ningsudstyr og giver dig ro i sindet og en varig investering i din fitnessrejse. Dette holdbare stativ til tr\u00e6ningsudstyr er et must-have for at bevare kvaliteten af dit tr\u00e6ningsudstyr.<\/p>\n<\/div>\n\n\n\n<div class=\"wp-block-column is-vertically-aligned-center is-layout-flow wp-block-column-is-layout-flow\">\n<figure class=\"wp-block-image size-large\"><img decoding=\"async\" src=\"https:\/\/evolve-fitness.eu\/wp-content\/uploads\/2024\/01\/Evolve-Gym-Handles-Rack-C1-1024x683.jpg\" alt=\"EV-RS-GH-010\" class=\"wp-image-10638\"\/><\/figure>\n<\/div>\n<\/div>\n\n\n\n<div class=\"wp-block-columns alignwide is-layout-flex wp-container-core-columns-is-layout-c45ee707 wp-block-columns-is-layout-flex\" style=\"margin-bottom:var(--wp--preset--spacing--side-padding);padding-top:var(--wp--preset--spacing--side-padding)\">\n<div class=\"wp-block-column is-vertically-aligned-center is-layout-flow wp-block-column-is-layout-flow\">\n<figure class=\"wp-block-image size-large\"><img decoding=\"async\" src=\"https:\/\/evolve-fitness.eu\/wp-content\/uploads\/2024\/01\/Evolve-Gym-Handles-Rack-C2-1024x683.jpg\" alt=\"EV-RS-GH-010\" class=\"wp-image-10642\"\/><\/figure>\n<\/div>\n\n\n\n<div class=\"wp-block-column is-vertically-aligned-center is-layout-flow wp-block-column-is-layout-flow\">\n<h3 class=\"wp-block-heading\" style=\"margin-bottom:var(--wp--preset--spacing--h-3-bottom)\"><strong>Pladsbesparende og effektivt design<\/strong><\/h3>\n\n\n\n<p><strong><em>Maksimer dit tr\u00e6ningsomr\u00e5de<\/em><\/strong><\/p>\n\n\n\n<p>Designet til at give rigelig opbevaring uden at optage for meget plads. Det kompakte fodaftryk g\u00f8r den til en fremragende tilf\u00f8jelse til mindre tr\u00e6ningsrum eller hjemmegym, hvor pladsen er trang. Det intelligente design af dette stativ sparer ikke kun plads, men organiserer ogs\u00e5 dine tr\u00e6ningsh\u00e5ndtag effektivt, s\u00e5 de er let tilg\u00e6ngelige og ikke roder s\u00e5 meget.<\/p>\n<\/div>\n<\/div>\n\n\n\n<div class=\"wp-block-columns alignwide is-layout-flex wp-container-core-columns-is-layout-c45ee707 wp-block-columns-is-layout-flex\" style=\"margin-bottom:var(--wp--preset--spacing--side-padding);padding-top:var(--wp--preset--spacing--side-padding)\">\n<div class=\"wp-block-column is-vertically-aligned-center is-layout-flow wp-block-column-is-layout-flow\">\n<h3 class=\"wp-block-heading\" style=\"margin-bottom:var(--wp--preset--spacing--h-3-bottom)\"><strong>Brugervenlighed og tilg\u00e6ngelighed<\/strong><\/h3>\n\n\n\n<p><strong><em>Bevar flowet under h\u00f8jintensiv tr\u00e6ning eller travle timer i fitnesscentret<\/em><\/strong><\/p>\n\n\n\n<p style=\"margin-bottom:var(--wp--preset--spacing--tb-section-padding)\">Det brugervenlige design af Evolve Gym Handles Rack sikrer, at adgangen til dit tr\u00e6ningsudstyr er ubesv\u00e6ret og praktisk. Med et layout, der prioriterer brugervenlighed, kan tr\u00e6ningsentusiaster p\u00e5 alle niveauer hurtigt finde og udskifte tr\u00e6ningsh\u00e5ndtag og str\u00f8mline deres tr\u00e6ningsrutiner. Dens gennemt\u00e6nkte design kombineret med brugervenlighed g\u00f8r den perfekt til dem, der s\u00e6tter pris p\u00e5 effektivitet i deres tr\u00e6ning.<\/p>\n<\/div>\n\n\n\n<div class=\"wp-block-column is-vertically-aligned-center is-layout-flow wp-block-column-is-layout-flow\">\n<figure class=\"wp-block-image size-full\"><img decoding=\"async\" src=\"https:\/\/evolve-fitness.eu\/wp-content\/uploads\/2024\/01\/Evolve-Gym-Handles-Rack-C3.jpg\" alt=\"EV-RS-GH-010\" class=\"wp-image-10644\"\/><\/figure>\n<\/div>\n<\/div>\n\n\n\n<div class=\"wp-block-columns alignwide is-layout-flex wp-container-core-columns-is-layout-c45ee707 wp-block-columns-is-layout-flex\" style=\"margin-bottom:var(--wp--preset--spacing--side-padding);padding-top:var(--wp--preset--spacing--side-padding)\">\n<div class=\"wp-block-column is-vertically-aligned-center is-layout-flow wp-block-column-is-layout-flow\">\n<figure class=\"wp-block-image size-large\"><img decoding=\"async\" src=\"https:\/\/evolve-fitness.eu\/wp-content\/uploads\/2024\/01\/Evolve-Gym-Handles-Rack-C4-683x1024.jpg\" alt=\"EV-RS-GH-010\" class=\"wp-image-10646\"\/><\/figure>\n<\/div>\n\n\n\n<div class=\"wp-block-column is-vertically-aligned-center is-layout-flow wp-block-column-is-layout-flow\">\n<h3 class=\"wp-block-heading\" style=\"margin-bottom:var(--wp--preset--spacing--h-3-bottom)\"><strong><strong><strong><strong>\u00c6stetisk appel<\/strong><\/strong><\/strong><\/strong><\/h3>\n\n\n\n<p><strong><em>Den perfekte blanding af stil og funktionalitet<\/em><\/strong><\/p>\n\n\n\n<p>Evolve Gym Handles Rack er ikke kun funktionel, men har ogs\u00e5 et slankt og moderne design, der forbedrer det \u00e6stetiske udtryk i ethvert fitnessmilj\u00f8. Det moderne look, kombineret med en ren og professionel finish, supplerer interi\u00f8ret i ethvert moderne fitnesscenter eller hjemmetr\u00e6ningsrum. Dette stativ er ikke bare en opbevaringsl\u00f8sning, men et stilfuldt statement, der l\u00f8fter den generelle stemning i dit fitnessomr\u00e5de.<\/p>\n<\/div>\n<\/div>\n\n\n\n<div class=\"wp-block-columns alignwide is-layout-flex wp-container-core-columns-is-layout-c45ee707 wp-block-columns-is-layout-flex\" style=\"margin-bottom:var(--wp--preset--spacing--side-padding);padding-top:var(--wp--preset--spacing--side-padding)\">\n<div class=\"wp-block-column is-vertically-aligned-center is-layout-flow wp-block-column-is-layout-flow\">\n<h3 class=\"wp-block-heading\" style=\"margin-bottom:var(--wp--preset--spacing--h-3-bottom)\"><strong>Sikkerhed og stabilitet<\/strong><\/h3>\n\n\n\n<p><strong><em>Bidrager til et mere sikkert tr\u00e6ningsmilj\u00f8<\/em><\/strong><\/p>\n\n\n\n<p style=\"margin-bottom:var(--wp--preset--spacing--tb-section-padding)\">Sikkerhed er altafg\u00f8rende i ethvert fitnesscenter, og Evolve Gym Handles Rack er konstrueret med dette for \u00f8je. Den stabile base og sikre konstruktion giver en p\u00e5lidelig opbevaringsl\u00f8sning, der minimerer risikoen for ulykker eller skader p\u00e5 udstyret. Stativets design sikrer, at gymnastikh\u00e5ndtagene opbevares sikkert og er let tilg\u00e6ngelige.<\/p>\n<\/div>\n\n\n\n<div class=\"wp-block-column is-vertically-aligned-center is-layout-flow wp-block-column-is-layout-flow\">\n<figure class=\"wp-block-image size-large\"><img decoding=\"async\" src=\"https:\/\/evolve-fitness.eu\/wp-content\/uploads\/2024\/01\/Evolve-Gym-Handles-Rack-C5-683x1024.jpg\" alt=\"EV-RS-GH-010\" class=\"wp-image-10648\"\/><\/figure>\n<\/div>\n<\/div>\n<\/section>\n","protected":false},"excerpt":{"rendered":"<p>Oplev den ultimative l\u00f8sning til organisering og effektivitet i fitnesscentret med Evolve Gym Handles Rack, GH-010. Dette udstyrsstativ er designet til at opfylde behovene hos b\u00e5de fitnessentusiaster og ejere af fitnesscentre. Evolve Gym Handles Rack er lavet til holdbarhed og brugervenlighed og sikrer et rodfrit milj\u00f8 ved at opbevare forskellige h\u00e5ndtag p\u00e5 \u00e9t praktisk sted. Dens robuste design og slanke \u00e6stetik g\u00f8r den til en perfekt tilf\u00f8jelse til ethvert moderne fitnesscenter. Forbedr dit tr\u00e6ningsrum med denne vigtige opbevaringsl\u00f8sning, og oplev den s\u00f8ml\u00f8se integration af funktionalitet og stil.<\/p>\n","protected":false},"featured_media":44288,"template":"","meta":{"_acf_changed":false,"inline_featured_image":false},"product_cat":[353,977,978],"product_tag":[],"class_list":{"0":"post-44277","1":"product","2":"type-product","3":"status-publish","4":"has-post-thumbnail","6":"product_cat-forside","7":"product_cat-frie-vaegte","8":"product_cat-reoler-og-opbevaringslosninger","10":"first","11":"instock","12":"shipping-taxable","13":"purchasable","14":"product-type-simple"},"acf":[],"_links":{"self":[{"href":"https:\/\/store.evolve-fitness.eu\/da\/wp-json\/wp\/v2\/product\/44277","targetHints":{"allow":["GET"]}}],"collection":[{"href":"https:\/\/store.evolve-fitness.eu\/da\/wp-json\/wp\/v2\/product"}],"about":[{"href":"https:\/\/store.evolve-fitness.eu\/da\/wp-json\/wp\/v2\/types\/product"}],"wp:featuredmedia":[{"embeddable":true,"href":"https:\/\/store.evolve-fitness.eu\/da\/wp-json\/wp\/v2\/media\/44288"}],"wp:attachment":[{"href":"https:\/\/store.evolve-fitness.eu\/da\/wp-json\/wp\/v2\/media?parent=44277"}],"wp:term":[{"taxonomy":"product_cat","embeddable":true,"href":"https:\/\/store.evolve-fitness.eu\/da\/wp-json\/wp\/v2\/product_cat?post=44277"},{"taxonomy":"product_tag","embeddable":true,"href":"https:\/\/store.evolve-fitness.eu\/da\/wp-json\/wp\/v2\/product_tag?post=44277"}],"curies":[{"name":"wp","href":"https:\/\/api.w.org\/{rel}","templated":true}]}}