{"id":44237,"date":"2024-01-26T07:00:09","date_gmt":"2024-01-26T07:00:09","guid":{"rendered":"https:\/\/store.evolve-fitness.eu\/product\/evolve-magnesium-stativ\/"},"modified":"2024-07-31T13:31:56","modified_gmt":"2024-07-31T13:31:56","slug":"evolve-magnesium-stativ","status":"publish","type":"product","link":"https:\/\/store.evolve-fitness.eu\/da\/vare\/evolve-magnesium-stativ\/","title":{"rendered":"Evolve Magnesium-stativ"},"content":{"rendered":"","protected":false},"excerpt":{"rendered":"<p>Evolve Magnesium Rack er et robust og alsidigt stykke fitnessudstyr, der er designet til sikker og effektiv opbevaring af magnesium eller kridt, der bruges i v\u00e6gtl\u00f8ftning og gymnastik. Disse stativer er designet med brugervenlighed for \u00f8je og tilbyder nem adgang og rene opbevaringsl\u00f8sninger til motions- og fitnesscentre. Den har en slidst\u00e6rk konstruktion, der kan holde til h\u00e5rdt brug i et fitnesscenter.<\/p>\n","protected":false},"featured_media":44241,"template":"","meta":{"_acf_changed":false,"inline_featured_image":false},"product_cat":[353,977,978],"product_tag":[],"class_list":{"0":"post-44237","1":"product","2":"type-product","3":"status-publish","4":"has-post-thumbnail","6":"product_cat-forside","7":"product_cat-frie-vaegte","8":"product_cat-reoler-og-opbevaringslosninger","10":"first","11":"instock","12":"shipping-taxable","13":"purchasable","14":"product-type-simple"},"acf":[],"_links":{"self":[{"href":"https:\/\/store.evolve-fitness.eu\/da\/wp-json\/wp\/v2\/product\/44237","targetHints":{"allow":["GET"]}}],"collection":[{"href":"https:\/\/store.evolve-fitness.eu\/da\/wp-json\/wp\/v2\/product"}],"about":[{"href":"https:\/\/store.evolve-fitness.eu\/da\/wp-json\/wp\/v2\/types\/product"}],"wp:featuredmedia":[{"embeddable":true,"href":"https:\/\/store.evolve-fitness.eu\/da\/wp-json\/wp\/v2\/media\/44241"}],"wp:attachment":[{"href":"https:\/\/store.evolve-fitness.eu\/da\/wp-json\/wp\/v2\/media?parent=44237"}],"wp:term":[{"taxonomy":"product_cat","embeddable":true,"href":"https:\/\/store.evolve-fitness.eu\/da\/wp-json\/wp\/v2\/product_cat?post=44237"},{"taxonomy":"product_tag","embeddable":true,"href":"https:\/\/store.evolve-fitness.eu\/da\/wp-json\/wp\/v2\/product_tag?post=44237"}],"curies":[{"name":"wp","href":"https:\/\/api.w.org\/{rel}","templated":true}]}}