{"id":44176,"date":"2024-01-26T06:45:55","date_gmt":"2024-01-26T06:45:55","guid":{"rendered":"https:\/\/store.evolve-fitness.eu\/product\/evolve-vandret-vaegtstangsholder-10-stk\/"},"modified":"2026-03-18T12:00:31","modified_gmt":"2026-03-18T12:00:31","slug":"evolve-vandret-vaegtstangsholder-10-stk","status":"publish","type":"product","link":"https:\/\/store.evolve-fitness.eu\/da\/vare\/evolve-vandret-vaegtstangsholder-10-stk\/","title":{"rendered":"Evolve vandret v\u00e6gtstangsholder (10 stk.)"},"content":{"rendered":"","protected":false},"excerpt":{"rendered":"<p>Vi pr\u00e6senterer Evolve Horizontal Barbell Holder, en vigtig tilf\u00f8jelse til ethvert fitnesscenter, der s\u00f8ger en smart og pladsbesparende l\u00f8sning til opbevaring af v\u00e6gtst\u00e6nger. Denne robuste og elegante holder er designet til at holde gulvet i dit fitnesscenter frit og dine v\u00e6gtst\u00e6nger organiserede, tilg\u00e6ngelige og i perfekt stand. Evolve Horizontal Barbell Holder er perfekt til b\u00e5de private og kommercielle tr\u00e6ningscentre og er en kompakt og elegant m\u00e5de at opbevare flere v\u00e6gtst\u00e6nger horisontalt p\u00e5, hvilket maksimerer pladsen og forbedrer den overordnede renlighed og organisering af dit tr\u00e6ningsomr\u00e5de. Den er konstrueret med holdbarhed for \u00f8je og kan modst\u00e5 slitage ved regelm\u00e6ssig brug, hvilket g\u00f8r den til en p\u00e5lidelig og langtidsholdbar investering. Det brugervenlige design g\u00f8r det nemt at placere og hente v\u00e6gtst\u00e6nger, hvilket sikrer en problemfri tr\u00e6ningsoplevelse. Ved at v\u00e6lge Evolve Horizontal Barbell Holder optimerer du ikke kun din plads, men \u00f8ger ogs\u00e5 funktionaliteten og professionalismen i dit fitnessmilj\u00f8.     <\/p>\n","protected":false},"featured_media":44184,"template":"","meta":{"_acf_changed":false,"inline_featured_image":false},"product_cat":[353,977,978],"product_tag":[],"class_list":{"0":"post-44176","1":"product","2":"type-product","3":"status-publish","4":"has-post-thumbnail","6":"product_cat-forside","7":"product_cat-frie-vaegte","8":"product_cat-reoler-og-opbevaringslosninger","10":"first","11":"instock","12":"shipping-taxable","13":"purchasable","14":"product-type-simple"},"acf":[],"_links":{"self":[{"href":"https:\/\/store.evolve-fitness.eu\/da\/wp-json\/wp\/v2\/product\/44176","targetHints":{"allow":["GET"]}}],"collection":[{"href":"https:\/\/store.evolve-fitness.eu\/da\/wp-json\/wp\/v2\/product"}],"about":[{"href":"https:\/\/store.evolve-fitness.eu\/da\/wp-json\/wp\/v2\/types\/product"}],"wp:featuredmedia":[{"embeddable":true,"href":"https:\/\/store.evolve-fitness.eu\/da\/wp-json\/wp\/v2\/media\/44184"}],"wp:attachment":[{"href":"https:\/\/store.evolve-fitness.eu\/da\/wp-json\/wp\/v2\/media?parent=44176"}],"wp:term":[{"taxonomy":"product_cat","embeddable":true,"href":"https:\/\/store.evolve-fitness.eu\/da\/wp-json\/wp\/v2\/product_cat?post=44176"},{"taxonomy":"product_tag","embeddable":true,"href":"https:\/\/store.evolve-fitness.eu\/da\/wp-json\/wp\/v2\/product_tag?post=44176"}],"curies":[{"name":"wp","href":"https:\/\/api.w.org\/{rel}","templated":true}]}}