{"id":43557,"date":"2024-01-25T07:35:51","date_gmt":"2024-01-25T07:35:51","guid":{"rendered":"https:\/\/store.evolve-fitness.eu\/product\/evolve-chrome-haandvaegte-saet-2-x-1-10-kg\/"},"modified":"2024-07-30T10:39:25","modified_gmt":"2024-07-30T10:39:25","slug":"evolve-chrome-haandvaegte-saet-2-x-1-10-kg","status":"publish","type":"product","link":"https:\/\/store.evolve-fitness.eu\/da\/vare\/evolve-chrome-haandvaegte-saet-2-x-1-10-kg\/","title":{"rendered":"Evolve Chrome h\u00e5ndv\u00e6gte s\u00e6t 2 x 1-10 kg"},"content":{"rendered":"\n<section class=\"wp-block-group alignfull black-content has-white-color has-darkgray-background-color has-text-color has-background is-layout-constrained wp-block-group-is-layout-constrained\" style=\"padding-top:var(--wp--preset--spacing--section-bottom);padding-bottom:var(--wp--preset--spacing--section-bottom)\">\n<div class=\"wp-block-columns alignwide mobile-reverse is-layout-flex wp-container-core-columns-is-layout-ca64bf2d wp-block-columns-is-layout-flex\" style=\"margin-bottom:var(--wp--preset--spacing--side-padding)\">\n<div class=\"wp-block-column is-vertically-aligned-center is-layout-flow wp-block-column-is-layout-flow\">\n<h3 class=\"wp-block-heading\" style=\"margin-bottom:var(--wp--preset--spacing--h-3-bottom)\"><strong>FORKROMET OVERFLADE<\/strong><\/h3>\n\n\n\n<p><em><strong>Holdbar og elegant<\/strong><\/em><\/p>\n\n\n\n<p style=\"margin-bottom:var(--wp--preset--spacing--tb-section-padding)\">Forbedr dit fitnesscenters \u00e6stetik med vores holdbare og elegante udstyr med forkromet overflade. Vores reflekterende forkromede bel\u00e6gning er designet til at opfylde de dobbelte krav om stil og lang levetid og giver ikke kun dit motionsrum en moderne kant, men sikrer ogs\u00e5 optimal beskyttelse mod rust og milj\u00f8skader. Vores produkter er ideelle til private og professionelle milj\u00f8er og bevarer deres uber\u00f8rte udseende og modst\u00e5r sk\u00e5r, revner og afskalning, s\u00e5 din investering ser ny ud i mange \u00e5r fremover. L\u00f8ft din tr\u00e6ningsoplevelse med et fitnesscenter, der skinner lige s\u00e5 meget som din tr\u00e6ningsrejse.<\/p>\n<\/div>\n\n\n\n<div class=\"wp-block-column is-vertically-aligned-center is-layout-flow wp-block-column-is-layout-flow\">\n<figure class=\"wp-block-image alignright size-large is-resized is-style-rounded\"><img decoding=\"async\" src=\"https:\/\/evolve-fitness.eu\/wp-content\/uploads\/2023\/11\/Chrome-Dumbbells-1024x1024.png\" alt=\"\" class=\"wp-image-4885\" style=\"object-fit:cover;width:680px;height:600px\"\/><\/figure>\n<\/div>\n<\/div>\n\n\n\n<div class=\"wp-block-columns alignwide is-layout-flex wp-container-core-columns-is-layout-c45ee707 wp-block-columns-is-layout-flex\" style=\"margin-bottom:var(--wp--preset--spacing--side-padding);padding-top:var(--wp--preset--spacing--side-padding)\">\n<div class=\"wp-block-column is-vertically-aligned-center is-layout-flow wp-block-column-is-layout-flow\">\n<figure class=\"wp-block-image size-full is-resized\"><img decoding=\"async\" src=\"https:\/\/evolve-fitness.eu\/wp-content\/uploads\/2023\/11\/Chrome-Dumbbells-whole-2.png\" alt=\"\" class=\"wp-image-4893\" style=\"object-fit:cover;width:680px;height:600px\"\/><\/figure>\n<\/div>\n\n\n\n<div class=\"wp-block-column is-vertically-aligned-center is-layout-constrained wp-block-column-is-layout-constrained\">\n<h3 class=\"wp-block-heading\" style=\"margin-bottom:var(--wp--preset--spacing--h-3-bottom)\">ENEST\u00c5ENDE HOLDBARHED<\/h3>\n\n\n\n<p><strong><em><strong><em>Pro-Grade forkromede h\u00e5ndv\u00e6gte<\/em><\/strong><\/em><\/strong><\/p>\n\n\n\n<p style=\"margin-bottom:var(--wp--preset--spacing--tb-section-padding)\">Oplev uovertruffen styrke og modstandsdygtighed med Evolve forkromede h\u00e5ndv\u00e6gte, der er fremstillet af en robust metallegering for ultimativ holdbarhed. Deres modstandsdygtighed over for slid, korrosion og deformation g\u00f8r dem til en smart investering i fitnessmilj\u00f8er med meget trafik. Disse h\u00e5ndv\u00e6gte er pr\u00e6cisionsudviklede for at sikre balance og m\u00e5ln\u00f8jagtighed og er perfekte til milit\u00e6rbaser, hotelgymnastiksale, vandrerhjem, rehabiliteringscentre og hjemmefitnessentusiaster, der kr\u00e6ver udstyr i professionel kvalitet. V\u00e6lg Evolve til tr\u00e6ningsudstyr, der holder til b\u00e5de tid og ydeevne.<\/p>\n<\/div>\n<\/div>\n\n\n\n<div class=\"wp-block-columns alignwide is-layout-flex wp-container-core-columns-is-layout-c45ee707 wp-block-columns-is-layout-flex\" style=\"margin-bottom:var(--wp--preset--spacing--side-padding);padding-top:var(--wp--preset--spacing--side-padding)\">\n<div class=\"wp-block-column is-vertically-aligned-center is-layout-flow wp-block-column-is-layout-flow\">\n<h3 class=\"wp-block-heading\" style=\"margin-bottom:var(--wp--preset--spacing--h-3-bottom)\">LOGO OG V\u00c6GTANGIVELSE<\/h3>\n\n\n\n<p><strong><em>Hvor holdbarhed m\u00f8der design<\/em><\/strong><\/p>\n\n\n\n<p>L\u00f8ft dit brands \u00e6stetik med vores permanente indgravering af logo og v\u00e6gtangivelse. Vores pr\u00e6cise graveringsteknik, der er skabt til varig kvalitet, pr\u00e6ger dit brands logo sammen med v\u00e6gtm\u00e5l direkte p\u00e5 produkterne og garanterer en elegant finish uden grimme splinter. Denne tidl\u00f8se metode fremh\u00e6ver ikke kun dit produkts raffinement, men lover ogs\u00e5 et design, der forbliver intakt og bevarer et nyt look i mange \u00e5r fremover. Vores graveringsservice er ideel til fitnessudstyr, kommercielle v\u00e6gte og skr\u00e6ddersyede genstande og leverer professionel ekspertise med en stilfuld flair, der modst\u00e5r falmning og slid.<\/p>\n<\/div>\n\n\n\n<div class=\"wp-block-column is-vertically-aligned-center is-layout-flow wp-block-column-is-layout-flow\">\n<div class=\"wp-block-columns is-layout-flex wp-container-core-columns-is-layout-9d6595d7 wp-block-columns-is-layout-flex\">\n<div class=\"wp-block-column is-layout-flow wp-block-column-is-layout-flow\">\n<figure class=\"wp-block-image size-full is-style-rounded\"><img decoding=\"async\" src=\"https:\/\/evolve-fitness.eu\/wp-content\/uploads\/2023\/11\/Chrome-Dumbbells-2.png\" alt=\"\" class=\"wp-image-4897\"\/><\/figure>\n<\/div>\n<\/div>\n<\/div>\n<\/div>\n\n\n\n<div class=\"wp-block-columns alignwide is-layout-flex wp-container-core-columns-is-layout-c45ee707 wp-block-columns-is-layout-flex\" style=\"margin-bottom:var(--wp--preset--spacing--side-padding);padding-top:var(--wp--preset--spacing--side-padding)\">\n<div class=\"wp-block-column is-vertically-aligned-center is-layout-flow wp-block-column-is-layout-flow\">\n<div class=\"wp-block-columns is-layout-flex wp-container-core-columns-is-layout-9d6595d7 wp-block-columns-is-layout-flex\">\n<div class=\"wp-block-column is-layout-flow wp-block-column-is-layout-flow\">\n<figure class=\"wp-block-image size-full is-resized is-style-rounded\"><img decoding=\"async\" src=\"https:\/\/evolve-fitness.eu\/wp-content\/uploads\/2023\/11\/Evolve-CHROME-DUMBBELL-SETS-1.png\" alt=\"\" class=\"wp-image-4926\" style=\"object-fit:cover;width:680px;height:600px\"\/><\/figure>\n<\/div>\n<\/div>\n<\/div>\n\n\n\n<div class=\"wp-block-column is-vertically-aligned-center is-layout-flow wp-block-column-is-layout-flow\">\n<h3 class=\"wp-block-heading\" style=\"margin-bottom:var(--wp--preset--spacing--h-3-bottom)\">H\u00e5rdt forkromede riflede h\u00e5ndtag<\/h3>\n\n\n\n<p><strong><em><strong><em>Et greb, der holder<\/em><\/strong><\/em><\/strong><\/p>\n\n\n\n<p style=\"margin-bottom:var(--wp--preset--spacing--tb-section-padding)\">L\u00f8ft din tr\u00e6ning med vores f\u00f8rsteklasses h\u00e5ndv\u00e6gte, der er konstrueret med ergonomisk buede h\u00e5ndtag, der passer naturligt i din h\u00e5nd og sikrer et behageligt greb til en r\u00e6kke forskellige \u00f8velser.\nDet ekspertdesignede riflede m\u00f8nster garanterer et sikkert greb, hvilket reducerer risikoen for at glide og \u00f8ger sikkerheden under dine tr\u00e6ningssessioner.\nDisse h\u00e5ndv\u00e6gte er ideelle til b\u00e5de nybegyndere og erfarne atleter og lover at give maksimal komfort og beskyttelse, s\u00e5 du kan fokusere p\u00e5 at opn\u00e5 optimal pr\u00e6station ved hver eneste \u00f8velse. Uanset om du tr\u00e6ner derhjemme eller presser gr\u00e6nserne i et professionelt fitnesscenter, er vores h\u00e5ndv\u00e6gte den perfekte tilf\u00f8jelse til enhver fitnessrutine.  <\/p>\n<\/div>\n<\/div>\n\n\n\n<div class=\"wp-block-columns alignwide is-layout-flex wp-container-core-columns-is-layout-c45ee707 wp-block-columns-is-layout-flex\" style=\"margin-bottom:var(--wp--preset--spacing--side-padding);padding-top:var(--wp--preset--spacing--side-padding)\">\n<div class=\"wp-block-column is-vertically-aligned-center is-layout-flow wp-block-column-is-layout-flow\">\n<h3 class=\"wp-block-heading\" style=\"margin-bottom:var(--wp--preset--spacing--h-3-bottom)\">Forkromede h\u00e5ndtag<\/h3>\n\n\n\n<p><strong><em>En perfekt st\u00f8rrelse<\/em><\/strong><\/p>\n\n\n\n<p style=\"margin-bottom:var(--wp--preset--spacing--tb-section-padding)\">Evolve krom h\u00e5ndv\u00e6gtgreb har en l\u00e6ngde p\u00e5 120 mm, og tykkelsen p\u00e5 det bredeste sted er 32 mm, med et riflet m\u00f8nster. Hele h\u00e5ndv\u00e6gten er belagt med et blankt, holdbart og slidst\u00e6rkt kromlag, der er 50 mikrometer (\u00b5m) tykt.<\/p>\n<\/div>\n\n\n\n<div class=\"wp-block-column is-vertically-aligned-center is-layout-flow wp-block-column-is-layout-flow\">\n<div class=\"wp-block-columns is-layout-flex wp-container-core-columns-is-layout-9d6595d7 wp-block-columns-is-layout-flex\">\n<div class=\"wp-block-column is-layout-flow wp-block-column-is-layout-flow\">\n<figure class=\"wp-block-image size-full is-resized is-style-rounded\"><img decoding=\"async\" src=\"https:\/\/evolve-fitness.eu\/wp-content\/uploads\/2023\/11\/Evolve-CHROME-DUMBBELL-SETS-handle-mesurments.png\" alt=\"\" class=\"wp-image-4931\" style=\"object-fit:cover;width:680px;height:600px\"\/><\/figure>\n<\/div>\n<\/div>\n<\/div>\n<\/div>\n<\/section>\n","protected":false},"excerpt":{"rendered":"<p>Maksimer din tr\u00e6ningseffektivitet med Evolve Evolve Chrome Dumbbells Set, der er perfekt til brugere, der \u00f8nsker udstyr i professionel kvalitet.<br \/>\nMed en skinnende kromfinish, der modst\u00e5r rust, og et v\u00e6gtomr\u00e5de p\u00e5 2 x 1-10 kg er disse h\u00e5ndv\u00e6gte ideelle til trinvis tr\u00e6ning og en r\u00e6kke forskellige \u00f8velser.<br \/>\nDeres ergonomiske, riflede h\u00e5ndtag sikrer et fast greb, mens pr\u00e6cisionsgraveringen af logoet og v\u00e6gtklasserne bidrager til deres slanke, moderne design.<br \/>\nDisse h\u00e5ndv\u00e6gte er velegnede til b\u00e5de hjemmetr\u00e6ning og kommercielle fitnesscentre og vil med garanti kunne modst\u00e5 tidens tand og brug.   <\/p>\n","protected":false},"featured_media":95004,"template":"","meta":{"_acf_changed":false,"inline_featured_image":false},"product_cat":[353,977,1314],"product_tag":[],"class_list":{"0":"post-43557","1":"product","2":"type-product","3":"status-publish","4":"has-post-thumbnail","6":"product_cat-forside","7":"product_cat-frie-vaegte","8":"product_cat-handvaegte","10":"first","11":"instock","12":"shipping-taxable","13":"purchasable","14":"product-type-simple"},"acf":[],"_links":{"self":[{"href":"https:\/\/store.evolve-fitness.eu\/da\/wp-json\/wp\/v2\/product\/43557","targetHints":{"allow":["GET"]}}],"collection":[{"href":"https:\/\/store.evolve-fitness.eu\/da\/wp-json\/wp\/v2\/product"}],"about":[{"href":"https:\/\/store.evolve-fitness.eu\/da\/wp-json\/wp\/v2\/types\/product"}],"wp:featuredmedia":[{"embeddable":true,"href":"https:\/\/store.evolve-fitness.eu\/da\/wp-json\/wp\/v2\/media\/95004"}],"wp:attachment":[{"href":"https:\/\/store.evolve-fitness.eu\/da\/wp-json\/wp\/v2\/media?parent=43557"}],"wp:term":[{"taxonomy":"product_cat","embeddable":true,"href":"https:\/\/store.evolve-fitness.eu\/da\/wp-json\/wp\/v2\/product_cat?post=43557"},{"taxonomy":"product_tag","embeddable":true,"href":"https:\/\/store.evolve-fitness.eu\/da\/wp-json\/wp\/v2\/product_tag?post=43557"}],"curies":[{"name":"wp","href":"https:\/\/api.w.org\/{rel}","templated":true}]}}