{"id":42813,"date":"2024-01-18T08:26:02","date_gmt":"2024-01-18T08:26:02","guid":{"rendered":"https:\/\/store.evolve-fitness.eu\/product\/evolve-ultra-series-selectorized-skulderpresse\/"},"modified":"2024-06-05T12:44:05","modified_gmt":"2024-06-05T12:44:05","slug":"evolve-ultra-series-selectorized-skulderpresse","status":"publish","type":"product","link":"https:\/\/store.evolve-fitness.eu\/da\/vare\/evolve-ultra-series-selectorized-skulderpresse\/","title":{"rendered":"Evolve Ultra Series Selectorized Skulderpresse"},"content":{"rendered":"\n<section class=\"wp-block-group alignfull black-content has-white-color has-darkgray-background-color has-text-color has-background is-layout-constrained wp-block-group-is-layout-constrained\" style=\"padding-top:var(--wp--preset--spacing--section-bottom);padding-bottom:var(--wp--preset--spacing--section-bottom)\">\n<div class=\"wp-block-columns alignwide mobile-reverse is-layout-flex wp-container-core-columns-is-layout-ca64bf2d wp-block-columns-is-layout-flex\" style=\"margin-bottom:var(--wp--preset--spacing--side-padding)\">\n<div class=\"wp-block-column is-vertically-aligned-center is-layout-flow wp-block-column-is-layout-flow\">\n<h3 class=\"wp-block-heading\">Velkommen til Ultra-serien<\/h3>\n\n\n\n<p><strong><em>L\u00e6r vores Ultra Series-udstyr at kende med en topmoderne 3D 360-tur<\/em><\/strong><\/p>\n\n\n\n<p>Evolve Ultra Series Selectorized Shoulder Press, som er en del af Evolve Ultra Series, er bygget til b\u00e5de komfort og ydeevne. Maskinen er designet til alsidig tr\u00e6ning, ergonomisk st\u00f8tte og justeringsmuligheder for forskellige brugerst\u00f8rrelser. Designet er \u00e6stetisk tiltalende med en holdbar, pulverlakeret finish, og brugen af kabler af h\u00f8j kvalitet sikrer problemfri drift.<\/p>\n<\/div>\n\n\n\n<div class=\"wp-block-column is-vertically-aligned-center is-layout-flow wp-block-column-is-layout-flow\">\n<figure class=\"wp-block-video\"><video autoplay=\"\" controls=\"\" loop=\"\" muted=\"\" src=\"https:\/\/evolve-fitness.eu\/wp-content\/uploads\/2023\/08\/Shoulder-Press-Evolve-Ultra-Series-Selectorized.mp4\"><\/video><\/figure>\n<\/div>\n<\/div>\n\n\n\n<div class=\"wp-block-columns alignwide are-vertically-aligned-center mobile-reverse is-layout-flex wp-container-core-columns-is-layout-e8158c2f wp-block-columns-is-layout-flex\" style=\"padding-top:var(--wp--preset--spacing--side-padding)\">\n<div class=\"wp-block-column is-vertically-aligned-center is-layout-flow wp-block-column-is-layout-flow\">\n<figure class=\"wp-block-video\"><video autoplay=\"\" controls=\"\" loop=\"\" muted=\"\" src=\"https:\/\/evolve-fitness.eu\/wp-content\/uploads\/2023\/08\/Evolve-Ultra-Series-Selectorized-Shoulder-Press-Ul-040.mp4\"><\/video><\/figure>\n<\/div>\n\n\n\n<div class=\"wp-block-column is-vertically-aligned-center is-layout-flow wp-block-column-is-layout-flow\">\n<h3 class=\"wp-block-heading\" style=\"margin-bottom:var(--wp--preset--spacing--h-3-bottom)\"><strong>Muskler<\/strong><\/h3>\n\n\n\n<p><strong><em><strong><em>Overlegen kvalitet<\/em><\/strong><\/em><\/strong><\/p>\n\n\n\n<p>Evolve Ultra Series Selectorized Shoulder Press-maskine er et fremragende valg til at udvikle styrke og muskeldefinition i skuldrene med v\u00e6gt p\u00e5 den forreste deltamuskel. Det kan v\u00e6re en v\u00e6rdifuld tilf\u00f8jelse til en tr\u00e6ningsrutine for overkroppen. Skulderpresmaskinen er prim\u00e6rt rettet mod og giver mulighed for at tr\u00e6ne f\u00f8lgende muskelgrupper &#8211; <strong>Deltoideus anterior<\/strong>: Den forreste del af deltamusklen er st\u00e6rkt engageret under skulderpres. Den er ansvarlig for at l\u00f8fte v\u00e6gten over hovedet;  <strong>Deltoideus lateralis<\/strong>: Den midterste del af deltamusklerne er ogs\u00e5 involveret og hj\u00e6lper med abduktion eller l\u00f8ft af armene til siderne;  <strong>Deltoideus posterior<\/strong>: Den bageste deltamuskel er i mindre grad involveret, is\u00e6r n\u00e5r man stabiliserer og kontrollerer v\u00e6gten under \u00f8velsen;  <strong>Triceps Brachii (triceps)<\/strong>: Triceps aktiveres, n\u00e5r du str\u00e6kker armene og skubber v\u00e6gten over hovedet;  <strong>Trapezius (\u00f8vre ryg og nakke)<\/strong>: Trapezius-musklerne, is\u00e6r de \u00f8vre traps, spiller en rolle i stabiliseringen af skuldre og nakke under skulderpres.  <strong>Serratus anterior<\/strong>: Denne muskel hj\u00e6lper med at stabilisere skulderbladene under bev\u00e6gelsen.<\/p>\n<\/div>\n<\/div>\n\n\n\n<div class=\"wp-block-columns alignwide mobile-reverse is-layout-flex wp-container-core-columns-is-layout-ca64bf2d wp-block-columns-is-layout-flex\" style=\"margin-bottom:var(--wp--preset--spacing--side-padding)\">\n<div class=\"wp-block-column is-vertically-aligned-center is-layout-flow wp-block-column-is-layout-flow\">\n<h3 class=\"wp-block-heading\" style=\"margin-bottom:var(--wp--preset--spacing--h-3-bottom)\">H\u00e5ndtag med flere greb<\/h3>\n\n\n\n<p><em><strong>Udvider dine tr\u00e6ningsmuligheder<\/strong><\/em><\/p>\n\n\n\n<p style=\"margin-bottom:var(--wp--preset--spacing--tb-section-padding)\">Multigrebsh\u00e5ndtagene p\u00e5 Evolve Ultra Series Selectorized Shoulder Press udvider dine tr\u00e6ningsmuligheder betydeligt. Styret er designet med en opadg\u00e5ende h\u00e6ldning for at forhindre albuen i at rotere for langt udad. Dette design f\u00f8lger skulderleddets naturlige form, hvilket reducerer risikoen for at belaste skulderens ledb\u00e5nd un\u00f8digt. Det hj\u00e6lper ogs\u00e5 med at forebygge skader for\u00e5rsaget af slag eller kompression p\u00e5 skulderens h\u00f8jeste punkt, samtidig med at det fremmer stimulering af triceps-musklerne i en vertikal, bagudrettet retning. Derudover er der en hammerformet blokposition, der er specielt optimeret til effektivt at engagere og m\u00e5lrette triceps under skubbe\u00f8velser.<\/p>\n<\/div>\n\n\n\n<div class=\"wp-block-column is-vertically-aligned-center is-layout-flow wp-block-column-is-layout-flow\">\n<figure class=\"wp-block-video\"><video autoplay=\"\" controls=\"\" loop=\"\" muted=\"\" src=\"https:\/\/evolve-fitness.eu\/wp-content\/uploads\/2023\/08\/UL-040-Multi-grip-Handles.mp4\"><\/video><\/figure>\n<\/div>\n<\/div>\n\n\n\n<div class=\"wp-block-columns alignwide is-layout-flex wp-container-core-columns-is-layout-c45ee707 wp-block-columns-is-layout-flex\" style=\"margin-bottom:var(--wp--preset--spacing--side-padding);padding-top:var(--wp--preset--spacing--side-padding)\">\n<div class=\"wp-block-column is-vertically-aligned-center is-layout-flow wp-block-column-is-layout-flow\">\n<figure class=\"wp-block-video\"><video autoplay=\"\" controls=\"\" loop=\"\" muted=\"\" src=\"https:\/\/evolve-fitness.eu\/wp-content\/uploads\/2023\/08\/UL-040-Moulded-Seats-Precise-Seat-Adjustments.mp4\"><\/video><\/figure>\n<\/div>\n\n\n\n<div class=\"wp-block-column is-vertically-aligned-center is-layout-flow wp-block-column-is-layout-flow\">\n<h3 class=\"wp-block-heading\" style=\"margin-bottom:var(--wp--preset--spacing--h-3-bottom)\">Formst\u00f8bte s\u00e6der og pr\u00e6cise s\u00e6dejusteringer<\/h3>\n\n\n\n<p><strong><em>Dobbelt syet polstring<\/em><\/strong><\/p>\n\n\n\n<p style=\"margin-bottom:var(--wp--preset--spacing--tb-section-padding)\">Evolve Ultra-seriens polyuretans\u00e6der, der er konstrueret med formst\u00f8bt design og dobbeltsyet polstring, giver enest\u00e5ende holdbarhed og komfort. De er designet til at give ergonomisk st\u00f8tte til rygs\u00f8jlen og kan rumme brugere i forskellige st\u00f8rrelser. Desuden er maskinhynder af PU et fremragende valg p\u00e5 grund af deres holdbarhed, komfort, lette vedligeholdelse og generelle omkostningseffektivitet. De kan modst\u00e5 kravene fra styrketr\u00e6ning og giver samtidig en behagelig og hygiejnisk tr\u00e6ningsoverflade. Da s\u00e6det er underst\u00f8ttet af en hydraulisk stang, er det nemt at justere s\u00e6deh\u00f8jden, og det kan g\u00f8res med kun \u00e9n h\u00e5nd. S\u00e6det har 18 justeringspositioner.<\/p>\n<\/div>\n<\/div>\n\n\n\n<div class=\"wp-block-columns alignwide are-vertically-aligned-center mobile-reverse is-layout-flex wp-container-core-columns-is-layout-e8158c2f wp-block-columns-is-layout-flex\" style=\"padding-top:var(--wp--preset--spacing--side-padding)\">\n<div class=\"wp-block-column is-vertically-aligned-center is-layout-flow wp-block-column-is-layout-flow\">\n<h3 class=\"wp-block-heading\" style=\"margin-bottom:var(--wp--preset--spacing--h-3-bottom)\"><strong>\u00d8verste v\u00e6gtplade<\/strong><\/h3>\n\n\n\n<p><strong><em><strong><em>Forl\u00e6nger den maksimale modstand<\/em><\/strong><\/em><\/strong><\/p>\n\n\n\n<p>Evolve Ultra Series Selectorized Shoulder Press har to ekstra 2,5 kg topv\u00e6gtskiver, som tjener et dobbelt form\u00e5l ved at forbedre tr\u00e6ningsmaskinens ydeevne. For det f\u00f8rste udvider den den maksimale modstand, som maskinen kan yde, s\u00e5 brugerne kan udfordre sig selv endnu mere i deres tr\u00e6ning.<br\/>Derudover giver disse ekstra v\u00e6gtskiver en unik fordel, fordi de giver brugerne mulighed for at foretage mindre, mere pr\u00e6cise trin i deres modstandsjusteringer, hvor hver skive giver en stigning p\u00e5 2,5 kg. Denne pr\u00e6cision i valg af modstand g\u00f8r det muligt for enkeltpersoner at finjustere deres tr\u00e6ning til at opfylde deres specifikke behov og m\u00e5l, hvilket sikrer, at hver tr\u00e6ningssession er skr\u00e6ddersyet til at optimere resultaterne.<\/p>\n<\/div>\n\n\n\n<div class=\"wp-block-column is-vertically-aligned-center is-layout-flow wp-block-column-is-layout-flow\">\n<figure class=\"wp-block-image size-full\"><img decoding=\"async\" src=\"https:\/\/evolve-fitness.eu\/wp-content\/uploads\/2024\/01\/plate.webp\" alt=\"\" class=\"wp-image-9942\"\/><\/figure>\n<\/div>\n<\/div>\n\n\n\n<div class=\"wp-block-columns alignwide are-vertically-aligned-center mobile-reverse is-layout-flex wp-container-core-columns-is-layout-e8158c2f wp-block-columns-is-layout-flex\" style=\"padding-top:var(--wp--preset--spacing--side-padding)\">\n<div class=\"wp-block-column is-vertically-aligned-center is-layout-flow wp-block-column-is-layout-flow\">\n<div class=\"wp-block-columns alignwide are-vertically-aligned-center mobile-reverse is-layout-flex wp-container-core-columns-is-layout-e8158c2f wp-block-columns-is-layout-flex\" style=\"padding-top:var(--wp--preset--spacing--side-padding)\">\n<div class=\"wp-block-column is-vertically-aligned-center is-layout-flow wp-block-column-is-layout-flow\">\n<figure class=\"wp-block-video\"><video autoplay=\"\" controls=\"\" loop=\"\" muted=\"\" src=\"https:\/\/evolve-fitness.eu\/wp-content\/uploads\/2023\/08\/UL-040-Weight-Stack.mp4\"><\/video><\/figure>\n<\/div>\n\n\n\n<div class=\"wp-block-column is-vertically-aligned-center is-layout-flow wp-block-column-is-layout-flow\">\n<h3 class=\"wp-block-heading\" style=\"margin-bottom:var(--wp--preset--spacing--h-3-bottom)\"><strong>V\u00e6gtstabel<\/strong><\/h3>\n\n\n\n<p><strong><em><strong><em>Tilpas og tilf\u00f8j<\/em><\/strong><\/em><\/strong><\/p>\n\n\n\n<p>Evolve Ultra Series Selectorized Shoulder Press-maskinen er udstyret med et modstandsniveau p\u00e5 85 kg, men du har ogs\u00e5 mulighed for at tilpasse og tilf\u00f8je det til 122,5 kg for en endnu mere udfordrende tr\u00e6ningsoplevelse. Den kan prale af en helt lukket v\u00e6gtstabel, der sikrer sikkerheden i dine \u00f8velser.<\/p>\n<\/div>\n<\/div>\n<\/div>\n<\/div>\n\n\n\n<div class=\"wp-block-columns alignwide are-vertically-aligned-center mobile-reverse is-layout-flex wp-container-core-columns-is-layout-e8158c2f wp-block-columns-is-layout-flex\" style=\"padding-top:var(--wp--preset--spacing--side-padding)\">\n<div class=\"wp-block-column is-vertically-aligned-center is-layout-flow wp-block-column-is-layout-flow\">\n<h3 class=\"wp-block-heading\" style=\"margin-bottom:var(--wp--preset--spacing--h-3-bottom)\"><strong>Justerbar vinkel p\u00e5 rygl\u00e6n<\/strong><\/h3>\n\n\n\n<p><strong><em><strong><em>Meget effektiv tr\u00e6ningsoplevelse<\/em><\/strong><\/em><\/strong><\/p>\n\n\n\n<p style=\"margin-bottom:var(--wp--preset--spacing--tb-section-padding)\">Evolve Ultra Series Selectorized Shoulder Press-maskine er designet til en behagelig og yderst effektiv tr\u00e6ningsoplevelse. Den har 5 forskellige justeringspositioner for rygl\u00e6net, s\u00e5 du kan tilpasse maskinen til din krops proportioner, vinkel og pr\u00e6ferencer. Dette niveau af justerbarhed sikrer, at du kan finde den perfekte position til at arbejde med dine skuldermuskler med maksimal komfort og effektivitet.<\/p>\n<\/div>\n\n\n\n<div class=\"wp-block-column is-vertically-aligned-center is-layout-flow wp-block-column-is-layout-flow\">\n<figure class=\"wp-block-video\"><video autoplay=\"\" controls=\"\" loop=\"\" muted=\"\" src=\"https:\/\/evolve-fitness.eu\/wp-content\/uploads\/2023\/08\/UL-040-Adjustable-Back-rest-angle.mp4\"><\/video><\/figure>\n<\/div>\n<\/div>\n\n\n\n<div class=\"wp-block-columns alignwide are-vertically-aligned-center mobile-reverse is-layout-flex wp-container-core-columns-is-layout-e8158c2f wp-block-columns-is-layout-flex\" style=\"padding-top:var(--wp--preset--spacing--side-padding)\">\n<div class=\"wp-block-column is-vertically-aligned-center is-layout-flow wp-block-column-is-layout-flow\">\n<figure class=\"wp-block-image size-large\"><img decoding=\"async\" src=\"https:\/\/evolve-fitness.eu\/wp-content\/uploads\/2024\/01\/EV-SC-UL-030-Shoulder-1024x576.jpg\" alt=\"\" class=\"wp-image-9966\"\/><\/figure>\n<\/div>\n\n\n\n<div class=\"wp-block-column is-vertically-aligned-center is-layout-flow wp-block-column-is-layout-flow\">\n<h3 class=\"wp-block-heading\" style=\"margin-bottom:var(--wp--preset--spacing--h-3-bottom)\"><strong>Opbevaring af tilbeh\u00f8r<\/strong><\/h3>\n\n\n\n<p><strong><em><strong><em>Sikker og let tilg\u00e6ngelig<\/em><\/strong><\/em><\/strong><\/p>\n\n\n\n<p>Mens du tr\u00e6ner, kan du nemt opbevare din vandflaske, telefon og personlige ejendele i Evolve Ultra-seriens maskiner, der er forsynet med dertil indrettede holdere. Disse specialdesignede rum er der for at sikre, at du har et sikkert og let tilg\u00e6ngeligt sted til dine ejendele under dine tr\u00e6ningspas.<\/p>\n\n\n\n<p><strong>\n  <em>\n    <strong>\n      <em>Tr\u00e6ning<\/em>\n    <\/strong>\n  <\/em>\n<\/strong> Klisterm\u00e6rke <strong>\n  <em>\n    <strong>\n      <em>dit visuelle hj\u00e6lpemiddel<\/em>\n    <\/strong>\n  <\/em>\n<\/strong><\/p>\n\n\n\n<p>Maskinerne i Evolve Ultra-serien har informative klisterm\u00e6rker, der fungerer som visuel hj\u00e6lp og g\u00f8r det nemmere for dig at navigere i maskinens funktioner, hvilket i sidste ende forbedrer din tr\u00e6ningsoplevelse. Derudover giver den v\u00e6rdifuld indsigt i de forskellige muskelgrupper, der effektivt kan tr\u00e6nes p\u00e5 maskinen, s\u00e5 du kan f\u00e5 mest muligt ud af din fitnessrutine ved at m\u00e5lrette mod specifikke interesseomr\u00e5der.<\/p>\n<\/div>\n<\/div>\n\n\n\n<div class=\"wp-block-columns alignwide are-vertically-aligned-center mobile-reverse is-layout-flex wp-container-core-columns-is-layout-e8158c2f wp-block-columns-is-layout-flex\" style=\"padding-top:var(--wp--preset--spacing--side-padding)\">\n<div class=\"wp-block-column is-vertically-aligned-center is-layout-flow wp-block-column-is-layout-flow\">\n<h3 class=\"wp-block-heading\" style=\"margin-bottom:var(--wp--preset--spacing--h-3-bottom)\"><strong>Kabel<\/strong><\/h3>\n\n\n\n<p><strong><em><strong><em>Overlegen kvalitet<\/em><\/strong><\/em><\/strong><\/p>\n\n\n\n<p>Evolve Ultra Series-maskiner bruger kabler af overlegen kvalitet, der er seks hovedstrenge, og hver streng best\u00e5r af 19 tr\u00e5de, der er snoet sammen, polyamid 12 (PA12) materiale og en diameter p\u00e5 5 mm. Disse kabler er konstrueret til styrke og holdbarhed med en brudstyrke p\u00e5 9000 kN, hvilket g\u00f8r dem til det foretrukne valg til applikationer, hvor der er behov for ekstraordin\u00e6r p\u00e5lidelighed, holdbarhed og ydeevne. N\u00e5r du g\u00e5r fra en \u00f8velse til en anden, hvad enten det er bicepscurls, brystpres, lat pulldowns eller enhver anden styrkeopbyggende aktivitet, sikrer Evolve Ultra-seriekablets ekstraordin\u00e6re ydeevne, at dine bev\u00e6gelser er j\u00e6vne, og modstanden er ensartet, hvilket fremmer en tr\u00e6ningsoplevelse, der er b\u00e5de effektiv og forn\u00f8jelig.<\/p>\n<\/div>\n\n\n\n<div class=\"wp-block-column is-vertically-aligned-center is-layout-flow wp-block-column-is-layout-flow\">\n<figure class=\"wp-block-video\"><video height=\"600\" style=\"aspect-ratio: 680 \/ 600;\" width=\"680\" autoplay=\"\" controls=\"\" loop=\"\" muted=\"\" src=\"https:\/\/evolve-fitness.eu\/wp-content\/uploads\/2023\/10\/Evolve-cable.mp4\"><\/video><\/figure>\n<\/div>\n<\/div>\n\n\n\n<div class=\"wp-block-columns alignwide are-vertically-aligned-center mobile-reverse is-layout-flex wp-container-core-columns-is-layout-e8158c2f wp-block-columns-is-layout-flex\" style=\"padding-top:var(--wp--preset--spacing--side-padding)\">\n<div class=\"wp-block-column is-vertically-aligned-center is-layout-flow wp-block-column-is-layout-flow\">\n<figure class=\"wp-block-video\"><video height=\"1920\" style=\"aspect-ratio: 1920 \/ 1920;\" width=\"1920\" autoplay=\"\" controls=\"\" loop=\"\" muted=\"\" src=\"https:\/\/evolve-fitness.eu\/wp-content\/uploads\/2023\/10\/Evolve-Double-powder-coated-Frame.mp4\"><\/video><\/figure>\n<\/div>\n\n\n\n<div class=\"wp-block-column is-vertically-aligned-center is-layout-flow wp-block-column-is-layout-flow\">\n<h3 class=\"wp-block-heading\" style=\"margin-bottom:var(--wp--preset--spacing--h-3-bottom)\"><strong>Dobbelt pulverlakeret<\/strong><\/h3>\n\n\n\n<p><strong><em><strong><em>Elektrostatisk pulverlakeret<\/em><\/strong><\/em><\/strong><\/p>\n\n\n\n<p>Evolve Ultra-seriens styrkemaskiner med en elektrostatisk pulverlakeret perlesort mat ramme er et eksempel p\u00e5 b\u00e5de form og funktion. Dens \u00e6stetiske appel forst\u00e6rkes af den sorte, matte finish, mens dens praktiske funktioner, herunder friktionsmodstand, korrosionsbeskyttelse og ridsefasthed, sikrer, at den er en p\u00e5lidelig og langtidsholdbar fitness-ledsager.<\/p>\n\n\n\n<p><strong><em>Kraftige st\u00f8bte gulvbeskyttere af gummi<\/em><\/strong><\/p>\n\n\n\n<p>De robuste gummif\u00f8dder p\u00e5 Evolve Ultra Series fungerer som beskyttende skjolde for at forhindre potentielle skader p\u00e5 dine gulve. Disse kraftige gummif\u00f8dder er designet til at beskytte dine gulvoverflader mod enhver skade, der kan opst\u00e5 under brug. Desuden giver disse gummif\u00f8dder ikke kun beskyttelse, men bidrager ogs\u00e5 til stabiliteten.<\/p>\n<\/div>\n<\/div>\n<\/section>\n","protected":false},"excerpt":{"rendered":"<p>L\u00f8ft skuldertr\u00e6ningen med Evolve Ultra Series Ul-040 Selectorized Shoulder Press. Oplev komfort og innovation med formst\u00f8bte s\u00e6der, uafh\u00e6ngige armbev\u00e6gelser og s\u00e6dejustering med \u00e9n h\u00e5nd. Sikkerheden er i h\u00f8js\u00e6det med den overd\u00e6kkede v\u00e6gtstangsafsk\u00e6rmning, mens den matte lakering tilf\u00f8jer stil. Forvandl dit fitnesscenter med dette enest\u00e5ende udstyr for at opn\u00e5 ultimative gevinster og tiltr\u00e6kke kunder.<\/p>\n","protected":false},"featured_media":128443,"template":"","meta":{"_acf_changed":false,"inline_featured_image":false},"product_cat":[1107,1285],"product_tag":[],"class_list":{"0":"post-42813","1":"product","2":"type-product","3":"status-publish","4":"has-post-thumbnail","6":"product_cat-selekterede-maskiner","7":"product_cat-ultra-series-maskiner-med-valgfri-funktion","9":"first","10":"instock","11":"shipping-taxable","12":"purchasable","13":"product-type-simple"},"acf":[],"_links":{"self":[{"href":"https:\/\/store.evolve-fitness.eu\/da\/wp-json\/wp\/v2\/product\/42813","targetHints":{"allow":["GET"]}}],"collection":[{"href":"https:\/\/store.evolve-fitness.eu\/da\/wp-json\/wp\/v2\/product"}],"about":[{"href":"https:\/\/store.evolve-fitness.eu\/da\/wp-json\/wp\/v2\/types\/product"}],"wp:featuredmedia":[{"embeddable":true,"href":"https:\/\/store.evolve-fitness.eu\/da\/wp-json\/wp\/v2\/media\/128443"}],"wp:attachment":[{"href":"https:\/\/store.evolve-fitness.eu\/da\/wp-json\/wp\/v2\/media?parent=42813"}],"wp:term":[{"taxonomy":"product_cat","embeddable":true,"href":"https:\/\/store.evolve-fitness.eu\/da\/wp-json\/wp\/v2\/product_cat?post=42813"},{"taxonomy":"product_tag","embeddable":true,"href":"https:\/\/store.evolve-fitness.eu\/da\/wp-json\/wp\/v2\/product_tag?post=42813"}],"curies":[{"name":"wp","href":"https:\/\/api.w.org\/{rel}","templated":true}]}}