{"id":42207,"date":"2024-01-17T11:34:30","date_gmt":"2024-01-17T11:34:30","guid":{"rendered":"https:\/\/store.evolve-fitness.eu\/product\/evolve-ultra-series-series-selectorized-8-stack-multigym\/"},"modified":"2024-12-06T11:26:16","modified_gmt":"2024-12-06T11:26:16","slug":"evolve-ultra-series-series-selectorized-8-stack-multigym","status":"publish","type":"product","link":"https:\/\/store.evolve-fitness.eu\/da\/vare\/evolve-ultra-series-series-selectorized-8-stack-multigym\/","title":{"rendered":"Evolve Ultra Series Series Selectorized 8 Stack Multigym"},"content":{"rendered":"\n<section class=\"wp-block-group alignfull black-content has-white-color has-darkgray-background-color has-text-color has-background is-layout-constrained wp-block-group-is-layout-constrained\" style=\"padding-top:var(--wp--preset--spacing--section-bottom);padding-bottom:var(--wp--preset--spacing--section-bottom)\">\n<div class=\"wp-block-columns alignwide mobile-reverse is-layout-flex wp-container-core-columns-is-layout-ca64bf2d wp-block-columns-is-layout-flex\" style=\"margin-bottom:var(--wp--preset--spacing--side-padding)\">\n<div class=\"wp-block-column is-vertically-aligned-center is-layout-flow wp-block-column-is-layout-flow\">\n<h3 class=\"wp-block-heading\" style=\"margin-bottom:var(--wp--preset--spacing--h-3-bottom)\">  Evolve Ultra-serien<\/h3>\n\n\n\n<p style=\"margin-bottom:var(--wp--preset--spacing--tb-section-padding)\">Velkommen til Evolve Ultra-serien, hvor vi omdefinerer ekspertise. Vores Ultra-serie er designet til ejere af fitnesscentre, potentielle ejere af fitnesscentre og fitnessfaciliteter i alle st\u00f8rrelser og tilbyder en r\u00e6kke omkostningseffektive selektive maskiner, der prioriterer kvalitet og ydeevne. Lad os udforske de unikke funktioner, der g\u00f8r Ultra-serien til et enest\u00e5ende valg for dem, der s\u00f8ger budgetvenligt fitnessudstyr af h\u00f8j kvalitet.<\/p>\n<\/div>\n\n\n\n<div class=\"wp-block-column is-vertically-aligned-center is-layout-flow wp-block-column-is-layout-flow\">\n<figure class=\"wp-block-image alignright size-full is-resized is-style-rounded\"><img decoding=\"async\" src=\"https:\/\/evolve-fitness.eu\/wp-content\/uploads\/2023\/12\/EV-SC-UL-800-Evolve-Ultra-Selectorized-8-Stack-Multigym-Double-Powder-Coated-full.png\" alt=\"EV-SC-UL-800\" class=\"wp-image-119445\" style=\"object-fit:cover;width:680px;height:600px\"\/><\/figure>\n<\/div>\n<\/div>\n\n\n\n<div class=\"wp-block-columns alignwide is-layout-flex wp-container-core-columns-is-layout-c45ee707 wp-block-columns-is-layout-flex\" style=\"margin-bottom:var(--wp--preset--spacing--side-padding);padding-top:var(--wp--preset--spacing--side-padding)\">\n<div class=\"wp-block-column is-vertically-aligned-center is-layout-flow wp-block-column-is-layout-flow\">\n<figure class=\"wp-block-image size-large\"><img decoding=\"async\" src=\"https:\/\/evolve-fitness.eu\/wp-content\/uploads\/2023\/12\/EV-SC-UL-800-1-1024x683.jpg\" alt=\"\" class=\"wp-image-167398\"\/><\/figure>\n<\/div>\n\n\n\n<div class=\"wp-block-column is-vertically-aligned-center is-layout-flow wp-block-column-is-layout-flow\">\n<h3 class=\"wp-block-heading\">Sikkerhed m\u00f8der stil<\/h3>\n\n\n\n<p><strong><em>Fuldt d\u00e6kket v\u00e6gtstangsafsk\u00e6rmning<\/em><\/strong><\/p>\n\n\n\n<p style=\"margin-bottom:var(--wp--preset--spacing--tb-section-padding)\">For ejere af fitnesscentre og fitness-entrepren\u00f8rer er sikkerhed og \u00e6stetik altafg\u00f8rende. Evolve Ultra-serien har en fuldt overd\u00e6kket v\u00e6gtstangsafsk\u00e6rmning, der problemfrit kombinerer sikkerhed og stil. Ved at forbedre sikkerheden og forhindre ulykker, samtidig med at du holder dit fitnesscenter rent, er denne afd\u00e6kning en vigtig tilf\u00f8jelse til ethvert fitnesscenter. L\u00f8ft dit fitnesscenters visuelle appel, mens du prioriterer dine kunders sikkerhed under hver tr\u00e6ningssession.<\/p>\n<\/div>\n<\/div>\n\n\n\n<div class=\"wp-block-columns alignwide are-vertically-aligned-center mobile-reverse is-layout-flex wp-container-core-columns-is-layout-e8158c2f wp-block-columns-is-layout-flex\" style=\"padding-top:var(--wp--preset--spacing--side-padding)\">\n<div class=\"wp-block-column is-vertically-aligned-center is-layout-flow wp-block-column-is-layout-flow\">\n<h3 class=\"wp-block-heading\" style=\"margin-bottom:var(--wp--preset--spacing--h-3-bottom)\"><strong>DOBBELT PULVERLAKERET<\/strong><\/h3>\n\n\n\n<p><strong><em><strong><em>Elektrostatisk pulverlakeret<\/em><\/strong><\/em><\/strong><\/p>\n\n\n\n<p style=\"margin-bottom:var(--wp--preset--spacing--tb-section-padding)\">Evolve Ultra Series-styrkemaskinerne med et elektrostatisk pulverlakeret perlesort, mat stel er et eksempel p\u00e5 b\u00e5de form og funktion. Dens \u00e6stetiske appel forst\u00e6rkes af den sorte, matte finish, mens dens praktiske egenskaber, herunder friktionsmodstand, korrosionsbeskyttelse og modstandsdygtighed over for ridser, sikrer, at den er en p\u00e5lidelig og langtidsholdbar fitness-ledsager.<\/p>\n<\/div>\n\n\n\n<div class=\"wp-block-column is-vertically-aligned-center is-layout-flow wp-block-column-is-layout-flow\">\n<figure class=\"wp-block-image size-large\"><img decoding=\"async\" src=\"https:\/\/evolve-fitness.eu\/wp-content\/uploads\/2023\/12\/EV-SC-UL-800-4-1024x683.jpg\" alt=\"\" class=\"wp-image-167423\"\/><\/figure>\n<\/div>\n<\/div>\n\n\n\n<div class=\"wp-block-columns alignwide is-layout-flex wp-container-core-columns-is-layout-c45ee707 wp-block-columns-is-layout-flex\" style=\"margin-bottom:var(--wp--preset--spacing--side-padding);padding-top:var(--wp--preset--spacing--side-padding)\">\n<div class=\"wp-block-column is-vertically-aligned-center is-layout-flow wp-block-column-is-layout-flow\">\n<figure class=\"wp-block-image size-large\"><img decoding=\"async\" src=\"https:\/\/evolve-fitness.eu\/wp-content\/uploads\/2023\/12\/EV-SC-UL-800-5-1024x683.jpg\" alt=\"EV-SC-UL-800\" class=\"wp-image-167473\"\/><\/figure>\n<\/div>\n\n\n\n<div class=\"wp-block-column is-vertically-aligned-center is-layout-flow wp-block-column-is-layout-flow\">\n<h3 class=\"wp-block-heading\">BEVAR DIN PLADS<\/h3>\n\n\n\n<p><strong><em><strong><em>Gummipuder til beskyttelse af gulvet<\/em><\/strong><\/em><\/strong><\/p>\n\n\n\n<p>Oprethold et rent og skadefrit tr\u00e6ningsmilj\u00f8 med Rubber Pads. Ejere af fitnesscentre forst\u00e5r vigtigheden af at bevare deres gulve. Vores gummibelagte ben beskytter dit gulv mod ridser og potentielle skader, hvilket g\u00f8r Ultra-serien til valget for ejere af fitnesscentre, der \u00f8nsker at beskytte deres rum.<\/p>\n<\/div>\n<\/div>\n\n\n\n<div class=\"wp-block-columns alignwide are-vertically-aligned-center mobile-reverse is-layout-flex wp-container-core-columns-is-layout-e8158c2f wp-block-columns-is-layout-flex\" style=\"padding-top:var(--wp--preset--spacing--side-padding)\">\n<div class=\"wp-block-column is-vertically-aligned-center is-layout-flow wp-block-column-is-layout-flow\">\n<h3 class=\"wp-block-heading\" style=\"margin-bottom:var(--wp--preset--spacing--h-3-bottom)\"><strong>Optimale h\u00e5ndgreb<\/strong><\/h3>\n\n\n\n<p><strong><em><strong><em>En bedre fitnessoplevelse<\/em><\/strong><\/em><\/strong><\/p>\n\n\n\n<p style=\"margin-bottom:var(--wp--preset--spacing--tb-section-padding)\">At tiltr\u00e6kke og fastholde kunder er afg\u00f8rende for ejere af fitnesscentre og ledere af fitnessfaciliteter. Evolve Ultra-serien tilbyder optimale h\u00e5ndgreb, der er omhyggeligt designet til komfort og sikkerhed. L\u00f8ft dine kunders tr\u00e6ningsoplevelse, hold dem engagerede og motiverede til at n\u00e5 deres fitnessm\u00e5l i dit center.<\/p>\n<\/div>\n\n\n\n<div class=\"wp-block-column is-vertically-aligned-center is-layout-flow wp-block-column-is-layout-flow\">\n<figure class=\"wp-block-image size-large\"><img decoding=\"async\" src=\"https:\/\/evolve-fitness.eu\/wp-content\/uploads\/2023\/12\/EV-SC-UL-800-11-1024x683.jpg\" alt=\"\" class=\"wp-image-167448\"\/><\/figure>\n<\/div>\n<\/div>\n<\/section>\n","protected":false},"excerpt":{"rendered":"<p>Oplev Evolve Ultra Series Selectorized 8 Stack Multigym, en perfekt blanding af stil, sikkerhed og holdbarhed til ejere af fitnesscentre og fitnessentusiaster. Den fuldt d\u00e6kkede v\u00e6gtstangsafsk\u00e6rmning forbedrer b\u00e5de sikkerheden og \u00e6stetikken, mens den dobbelt pulverlakerede, elektrostatiske, perlesorte, matte ramme sikrer langvarig ydeevne og modstandsdygtighed over for slitage. Udstyret med gulvbeskyttende gummipuder og Optimal Hand Grips for brugerkomfort er denne 1566 kg multigym en investering i f\u00f8rsteklasses fitnessudstyr. Med en 2-\u00e5rs garanti og avancerede funktioner som korrosionsbeskyttelse er det det ideelle valg til at l\u00f8fte ethvert fitnesscenter.<\/p>\n","protected":false},"featured_media":42233,"template":"","meta":{"_acf_changed":false,"inline_featured_image":false},"product_cat":[353,1107,1285],"product_tag":[],"class_list":{"0":"post-42207","1":"product","2":"type-product","3":"status-publish","4":"has-post-thumbnail","6":"product_cat-forside","7":"product_cat-selekterede-maskiner","8":"product_cat-ultra-series-maskiner-med-valgfri-funktion","10":"first","11":"outofstock","12":"shipping-taxable","13":"purchasable","14":"product-type-simple"},"acf":[],"_links":{"self":[{"href":"https:\/\/store.evolve-fitness.eu\/da\/wp-json\/wp\/v2\/product\/42207","targetHints":{"allow":["GET"]}}],"collection":[{"href":"https:\/\/store.evolve-fitness.eu\/da\/wp-json\/wp\/v2\/product"}],"about":[{"href":"https:\/\/store.evolve-fitness.eu\/da\/wp-json\/wp\/v2\/types\/product"}],"wp:featuredmedia":[{"embeddable":true,"href":"https:\/\/store.evolve-fitness.eu\/da\/wp-json\/wp\/v2\/media\/42233"}],"wp:attachment":[{"href":"https:\/\/store.evolve-fitness.eu\/da\/wp-json\/wp\/v2\/media?parent=42207"}],"wp:term":[{"taxonomy":"product_cat","embeddable":true,"href":"https:\/\/store.evolve-fitness.eu\/da\/wp-json\/wp\/v2\/product_cat?post=42207"},{"taxonomy":"product_tag","embeddable":true,"href":"https:\/\/store.evolve-fitness.eu\/da\/wp-json\/wp\/v2\/product_tag?post=42207"}],"curies":[{"name":"wp","href":"https:\/\/api.w.org\/{rel}","templated":true}]}}