{"id":42173,"date":"2024-01-11T15:07:09","date_gmt":"2024-01-11T15:07:09","guid":{"rendered":"https:\/\/store.evolve-fitness.eu\/product\/evolve-prime-series-kabelmaskine-til-bryst-og-skuldre\/"},"modified":"2024-03-14T01:36:40","modified_gmt":"2024-03-14T01:36:40","slug":"evolve-prime-series-kabelmaskine-til-bryst-og-skuldre","status":"publish","type":"product","link":"https:\/\/store.evolve-fitness.eu\/da\/vare\/evolve-prime-series-kabelmaskine-til-bryst-og-skuldre\/","title":{"rendered":"Evolve Prime Series kabelmaskine til bryst og skuldre"},"content":{"rendered":"\n<section class=\"wp-block-group alignfull black-content has-white-color has-darkgray-background-color has-text-color has-background is-layout-constrained wp-block-group-is-layout-constrained\" style=\"padding-top:var(--wp--preset--spacing--section-bottom);padding-bottom:var(--wp--preset--spacing--section-bottom)\">\n<div class=\"wp-block-columns is-layout-flex wp-container-core-columns-is-layout-9d6595d7 wp-block-columns-is-layout-flex\">\n<div class=\"wp-block-column is-layout-flow wp-block-column-is-layout-flow\">\n<figure class=\"wp-block-image size-full\"><img loading=\"lazy\" decoding=\"async\" width=\"1080\" height=\"1080\" src=\"https:\/\/store.evolve-fitness.eu\/wp-content\/uploads\/2024\/01\/Evolve-Shoulder-and-Chest-Cable-System.png\" alt=\"\" class=\"wp-image-4465\" srcset=\"https:\/\/store.evolve-fitness.eu\/wp-content\/uploads\/2024\/01\/Evolve-Shoulder-and-Chest-Cable-System.png 1080w, https:\/\/store.evolve-fitness.eu\/wp-content\/uploads\/2024\/01\/Evolve-Shoulder-and-Chest-Cable-System-300x300.png 300w, https:\/\/store.evolve-fitness.eu\/wp-content\/uploads\/2024\/01\/Evolve-Shoulder-and-Chest-Cable-System-1024x1024.png 1024w, https:\/\/store.evolve-fitness.eu\/wp-content\/uploads\/2024\/01\/Evolve-Shoulder-and-Chest-Cable-System-150x150.png 150w, https:\/\/store.evolve-fitness.eu\/wp-content\/uploads\/2024\/01\/Evolve-Shoulder-and-Chest-Cable-System-768x768.png 768w, https:\/\/store.evolve-fitness.eu\/wp-content\/uploads\/2024\/01\/Evolve-Shoulder-and-Chest-Cable-System-600x600.png 600w, https:\/\/store.evolve-fitness.eu\/wp-content\/uploads\/2024\/01\/Evolve-Shoulder-and-Chest-Cable-System-100x100.png 100w\" sizes=\"auto, (max-width: 1080px) 100vw, 1080px\" \/><\/figure>\n<\/div>\n\n\n\n<div class=\"wp-block-column is-layout-flow wp-block-column-is-layout-flow\" style=\"padding-top:var(--wp--preset--spacing--tb-section-padding);padding-bottom:var(--wp--preset--spacing--tb-section-padding)\">\n<p class=\"has-big-title-font-size\">Kabelmaskine til bryst og skuldre<\/p>\n\n\n\n<p>1. Eksklusivt design: Efterligner daglige aktiviteter med aluminiumsglidere, lejer og kabler af h\u00f8j kvalitet for j\u00e6vn, ubegr\u00e6nset bev\u00e6gelse; dobbelt h\u00e5ndtagspar retter sig mod forskellige muskler i overkroppen.<\/p>\n\n\n\n<p>2. Alsidig brug: Velegnet til siddende eller st\u00e5ende \u00f8velser, der passer til alle fitnessniveauer og inkluderer k\u00f8restolsbrugere.<\/p>\n\n\n\n<p>3. Holdbar ramme: Robust, pulverlakeret metalramme for \u00f8get holdbarhed og rustbeskyttelse.<\/p>\n\n\n\n<p>4. Fleksible tr\u00e6ningsmuligheder: Uafh\u00e6ngig h\u00e5ndtagsbev\u00e6gelse giver afbalanceret tr\u00e6ning af begge kropssider; inkluderer transporthjul til nem mobilitet og en r\u00e6kke \u00f8velser.<\/p>\n\n\n\n<p>5. Ergonomisk polstring: Polstring i industrikvalitet med t\u00e6t, deformationsresistent skum og slidst\u00e6rkt syntetisk l\u00e6der.<\/p>\n\n\n\n<p>6. Sikkerhed og brugervenlighed: Har overd\u00e6kkede v\u00e6gtstabler til forebyggelse af skader og let justerbar modstand med en r\u00f8d farvekodet stift; v\u00e6gtskiver har rust- og skadesresistent behandling.<\/p>\n<\/div>\n<\/div>\n<\/section>\n","protected":false},"excerpt":{"rendered":"<p>Evolve Shoulder and Chest Cable System er en alsidig, brugervenlig maskine, der er perfekt til at forbedre skulder- og brysttr\u00e6ning. Den har j\u00e6vne, ubegr\u00e6nsede bev\u00e6gelser med sit unikke design, justerbar modstand og er velegnet til forskellige fitnessniveauer, herunder dem med mobilitetsudfordringer. Det holdbare, pulverlakerede stel og den ergonomiske polstring sikrer komfort og lang levetid. Dette kabelsystem, der er ideelt til b\u00e5de siddende og st\u00e5ende \u00f8velser, tilbyder en skr\u00e6ddersyet tr\u00e6ningsoplevelse, der im\u00f8dekommer alle dine behov for at styrke overkroppen.<\/p>\n","protected":false},"featured_media":42185,"template":"","meta":{"_acf_changed":false,"inline_featured_image":false},"product_cat":[353,1107,1154],"product_tag":[],"class_list":{"0":"post-42173","1":"product","2":"type-product","3":"status-publish","4":"has-post-thumbnail","6":"product_cat-forside","7":"product_cat-selekterede-maskiner","8":"product_cat-prime-series-selektive-maskiner","10":"first","11":"outofstock","12":"shipping-taxable","13":"purchasable","14":"product-type-simple"},"acf":[],"_links":{"self":[{"href":"https:\/\/store.evolve-fitness.eu\/da\/wp-json\/wp\/v2\/product\/42173","targetHints":{"allow":["GET"]}}],"collection":[{"href":"https:\/\/store.evolve-fitness.eu\/da\/wp-json\/wp\/v2\/product"}],"about":[{"href":"https:\/\/store.evolve-fitness.eu\/da\/wp-json\/wp\/v2\/types\/product"}],"wp:featuredmedia":[{"embeddable":true,"href":"https:\/\/store.evolve-fitness.eu\/da\/wp-json\/wp\/v2\/media\/42185"}],"wp:attachment":[{"href":"https:\/\/store.evolve-fitness.eu\/da\/wp-json\/wp\/v2\/media?parent=42173"}],"wp:term":[{"taxonomy":"product_cat","embeddable":true,"href":"https:\/\/store.evolve-fitness.eu\/da\/wp-json\/wp\/v2\/product_cat?post=42173"},{"taxonomy":"product_tag","embeddable":true,"href":"https:\/\/store.evolve-fitness.eu\/da\/wp-json\/wp\/v2\/product_tag?post=42173"}],"curies":[{"name":"wp","href":"https:\/\/api.w.org\/{rel}","templated":true}]}}