{"id":42093,"date":"2024-01-11T15:25:29","date_gmt":"2024-01-11T15:25:29","guid":{"rendered":"https:\/\/store.evolve-fitness.eu\/product\/evolve-prime-series-ab-og-arms-kabelmaskine\/"},"modified":"2024-03-14T01:36:43","modified_gmt":"2024-03-14T01:36:43","slug":"evolve-prime-series-ab-og-arms-kabelmaskine","status":"publish","type":"product","link":"https:\/\/store.evolve-fitness.eu\/da\/vare\/evolve-prime-series-ab-og-arms-kabelmaskine\/","title":{"rendered":"Evolve Prime Series AB og Arms kabelmaskine"},"content":{"rendered":"","protected":false},"excerpt":{"rendered":"<p>Optimer din core- og bicepstr\u00e6ning med Evolve Cable System, en alsidig og pladsbesparende tilf\u00f8jelse til b\u00e5de hjemme- og kommercielle fitnesscentre. Dette system tilbyder justerbare modstandsniveauer, s\u00e5 brugerne kan tilpasse tr\u00e6ningsintensiteten til deres fitnessm\u00e5l. Det ergonomiske design sikrer korrekt kropsholdning og st\u00f8tte og maksimerer effekten af mave- og biceps\u00f8velser. Evolve Cable System er ideelt til dem, der s\u00f8ger en kompakt, men effektiv l\u00f8sning til at \u00f8ge styrken i core og biceps, og det er det bedste valg for fitnessentusiaster.<\/p>\n","protected":false},"featured_media":42100,"template":"","meta":{"_acf_changed":false,"inline_featured_image":false},"product_cat":[353,1107,1154],"product_tag":[],"class_list":{"0":"post-42093","1":"product","2":"type-product","3":"status-publish","4":"has-post-thumbnail","6":"product_cat-forside","7":"product_cat-selekterede-maskiner","8":"product_cat-prime-series-selektive-maskiner","10":"first","11":"outofstock","12":"shipping-taxable","13":"purchasable","14":"product-type-simple"},"acf":[],"_links":{"self":[{"href":"https:\/\/store.evolve-fitness.eu\/da\/wp-json\/wp\/v2\/product\/42093","targetHints":{"allow":["GET"]}}],"collection":[{"href":"https:\/\/store.evolve-fitness.eu\/da\/wp-json\/wp\/v2\/product"}],"about":[{"href":"https:\/\/store.evolve-fitness.eu\/da\/wp-json\/wp\/v2\/types\/product"}],"wp:featuredmedia":[{"embeddable":true,"href":"https:\/\/store.evolve-fitness.eu\/da\/wp-json\/wp\/v2\/media\/42100"}],"wp:attachment":[{"href":"https:\/\/store.evolve-fitness.eu\/da\/wp-json\/wp\/v2\/media?parent=42093"}],"wp:term":[{"taxonomy":"product_cat","embeddable":true,"href":"https:\/\/store.evolve-fitness.eu\/da\/wp-json\/wp\/v2\/product_cat?post=42093"},{"taxonomy":"product_tag","embeddable":true,"href":"https:\/\/store.evolve-fitness.eu\/da\/wp-json\/wp\/v2\/product_tag?post=42093"}],"curies":[{"name":"wp","href":"https:\/\/api.w.org\/{rel}","templated":true}]}}