{"id":41891,"date":"2024-01-11T14:08:56","date_gmt":"2024-01-11T14:08:56","guid":{"rendered":"https:\/\/store.evolve-fitness.eu\/product\/evolve-prime-series-kabelmaskine-til-laartraek-og-roning\/"},"modified":"2024-03-14T01:34:28","modified_gmt":"2024-03-14T01:34:28","slug":"evolve-prime-series-kabelmaskine-til-laartraek-og-roning","status":"publish","type":"product","link":"https:\/\/store.evolve-fitness.eu\/da\/vare\/evolve-prime-series-kabelmaskine-til-laartraek-og-roning\/","title":{"rendered":"Evolve Prime Series kabelmaskine til l\u00e5rtr\u00e6k og roning"},"content":{"rendered":"\n<section class=\"wp-block-group alignfull black-content has-white-color has-darkgray-background-color has-text-color has-background is-layout-constrained wp-block-group-is-layout-constrained\" style=\"padding-top:var(--wp--preset--spacing--section-bottom);padding-bottom:var(--wp--preset--spacing--section-bottom)\">\n<div class=\"wp-block-columns is-layout-flex wp-container-core-columns-is-layout-9d6595d7 wp-block-columns-is-layout-flex\">\n<div class=\"wp-block-column is-layout-flow wp-block-column-is-layout-flow\">\n<figure class=\"wp-block-image size-full\"><img loading=\"lazy\" decoding=\"async\" width=\"614\" height=\"768\" src=\"https:\/\/store.evolve-fitness.eu\/wp-content\/uploads\/2024\/01\/Lat-Pull-Row-Trainer-7.png\" alt=\"\" class=\"wp-image-4461\" srcset=\"https:\/\/store.evolve-fitness.eu\/wp-content\/uploads\/2024\/01\/Lat-Pull-Row-Trainer-7.png 614w, https:\/\/store.evolve-fitness.eu\/wp-content\/uploads\/2024\/01\/Lat-Pull-Row-Trainer-7-240x300.png 240w, https:\/\/store.evolve-fitness.eu\/wp-content\/uploads\/2024\/01\/Lat-Pull-Row-Trainer-7-600x750.png 600w\" sizes=\"auto, (max-width: 614px) 100vw, 614px\" \/><\/figure>\n<\/div>\n\n\n\n<div class=\"wp-block-column is-layout-flow wp-block-column-is-layout-flow\" style=\"padding-top:var(--wp--preset--spacing--tb-section-padding);padding-bottom:var(--wp--preset--spacing--tb-section-padding)\">\n<p class=\"has-big-title-font-size\">Lattr\u00e6k og roning i kabelmaskine<\/p>\n\n\n\n<p><\/p>\n\n\n\n<p>1. Eksklusivt design: Simuleringer af hverdagsaktiviteter, glidere i aluminium, kabler af h\u00f8j kvalitet og to h\u00e5ndtagspar til forskellig tr\u00e6ning af overkroppen.  <\/p>\n\n\n\n<p>2. Alsidighed: Velegnet til siddende og st\u00e5ende \u00f8velser, tilg\u00e6ngelig for forskellige fitnessniveauer og personer med bev\u00e6gelseshandicap, herunder k\u00f8restolsbrugere.  <\/p>\n\n\n\n<p>3. Holdbar ramme: Kombinerer pulverlakeret metal af h\u00f8j kvalitet for rustbeskyttelse og langtidsholdbar farve.  <\/p>\n\n\n\n<p>4. Ubegr\u00e6nset tr\u00e6ningsfrihed: Uafh\u00e6ngig h\u00e5ndtagsbev\u00e6gelse til afbalanceret tr\u00e6ning, der kan tilpasses individuelle behov, med transporthjul til nem omplacering.  <\/p>\n\n\n\n<p>5. Ergonomisk polstring: Deformationsresistent skumpolstring i industrikvalitet d\u00e6kket af slidst\u00e6rkt syntetisk l\u00e6der for komfort.  <\/p>\n\n\n\n<p>6. Sikkerhed og brugervenlighed: Stilfulde, skadesforebyggende overd\u00e6kkede v\u00e6gtstabler med nem justering af modstanden via en r\u00f8d farvekodet stift og rustbestandige v\u00e6gtskiver.<\/p>\n<\/div>\n<\/div>\n<\/section>\n","protected":false},"excerpt":{"rendered":"<p>Oplev Evolve Vertical Cable Pull-maskinen, en alsidig tr\u00e6ningsl\u00f8sning til overkroppen, der passer til alle fitnessniveauer. Det unikke design giver en bred vifte af \u00f8velser med j\u00e6vn, uafbrudt bev\u00e6gelse og justerbar modstand. Den er ideel til b\u00e5de siddende og st\u00e5ende tr\u00e6ning og henvender sig til brugere med forskellige evner, herunder k\u00f8restolsbrugere. Det holdbare, pulverlakerede stel og den ergonomiske polstring sikrer komfort og lang levetid. Med uafh\u00e6ngige h\u00e5ndtagsbev\u00e6gelser og modstand, der er nem at justere, er den perfekt til afbalanceret muskeltr\u00e6ning og en omfattende fitnessrutine.<\/p>\n","protected":false},"featured_media":41892,"template":"","meta":{"_acf_changed":false,"inline_featured_image":false},"product_cat":[353,1107,1154],"product_tag":[],"class_list":{"0":"post-41891","1":"product","2":"type-product","3":"status-publish","4":"has-post-thumbnail","6":"product_cat-forside","7":"product_cat-selekterede-maskiner","8":"product_cat-prime-series-selektive-maskiner","10":"first","11":"outofstock","12":"shipping-taxable","13":"purchasable","14":"product-type-simple"},"acf":[],"_links":{"self":[{"href":"https:\/\/store.evolve-fitness.eu\/da\/wp-json\/wp\/v2\/product\/41891","targetHints":{"allow":["GET"]}}],"collection":[{"href":"https:\/\/store.evolve-fitness.eu\/da\/wp-json\/wp\/v2\/product"}],"about":[{"href":"https:\/\/store.evolve-fitness.eu\/da\/wp-json\/wp\/v2\/types\/product"}],"wp:featuredmedia":[{"embeddable":true,"href":"https:\/\/store.evolve-fitness.eu\/da\/wp-json\/wp\/v2\/media\/41892"}],"wp:attachment":[{"href":"https:\/\/store.evolve-fitness.eu\/da\/wp-json\/wp\/v2\/media?parent=41891"}],"wp:term":[{"taxonomy":"product_cat","embeddable":true,"href":"https:\/\/store.evolve-fitness.eu\/da\/wp-json\/wp\/v2\/product_cat?post=41891"},{"taxonomy":"product_tag","embeddable":true,"href":"https:\/\/store.evolve-fitness.eu\/da\/wp-json\/wp\/v2\/product_tag?post=41891"}],"curies":[{"name":"wp","href":"https:\/\/api.w.org\/{rel}","templated":true}]}}