{"id":41789,"date":"2024-01-11T13:38:55","date_gmt":"2024-01-11T13:38:55","guid":{"rendered":"https:\/\/store.evolve-fitness.eu\/product\/evolve-prime-series-kryds-system-med-to-kabler\/"},"modified":"2024-03-14T01:34:29","modified_gmt":"2024-03-14T01:34:29","slug":"evolve-prime-series-kryds-system-med-to-kabler","status":"publish","type":"product","link":"https:\/\/store.evolve-fitness.eu\/da\/vare\/evolve-prime-series-kryds-system-med-to-kabler\/","title":{"rendered":"Evolve Prime Series kryds-system med to kabler"},"content":{"rendered":"\n<section class=\"wp-block-group alignfull black-content has-white-color has-darkgray-background-color has-text-color has-background is-layout-constrained wp-block-group-is-layout-constrained\" style=\"padding-top:var(--wp--preset--spacing--section-bottom);padding-bottom:var(--wp--preset--spacing--section-bottom)\">\n<div class=\"wp-block-columns alignwide is-layout-flex wp-container-core-columns-is-layout-c45ee707 wp-block-columns-is-layout-flex\" style=\"margin-bottom:var(--wp--preset--spacing--side-padding);padding-top:var(--wp--preset--spacing--side-padding)\">\n<div class=\"wp-block-column is-vertically-aligned-center is-layout-flow wp-block-column-is-layout-flow\">\n<figure class=\"wp-block-video\"><video autoplay=\"\" controls=\"\" loop=\"\" muted=\"\" src=\"https:\/\/evolve-fitness.eu\/wp-content\/uploads\/2023\/12\/2-18.mp4\"><\/video><\/figure>\n<\/div>\n\n\n\n<div class=\"wp-block-column is-vertically-aligned-center is-layout-constrained wp-block-column-is-layout-constrained\">\n<h3 class=\"wp-block-heading\" style=\"margin-bottom:var(--wp--preset--spacing--h-3-bottom)\"><strong>Bredt udvalg af \u00f8velser<\/strong> <\/h3>\n\n\n\n<p><\/p>\n\n\n\n<p style=\"margin-bottom:var(--wp--preset--spacing--tb-section-padding)\">Evolve cross pull trainer kabel crossover maskine tilbyder et stort udvalg af \u00f8velser, der retter sig mod flere muskelgrupper og forbedrer kroppens samlede styrke og fleksibilitet.<\/p>\n<\/div>\n<\/div>\n\n\n\n<div class=\"wp-block-columns alignwide is-layout-flex wp-container-core-columns-is-layout-c45ee707 wp-block-columns-is-layout-flex\" style=\"margin-bottom:var(--wp--preset--spacing--side-padding);padding-top:var(--wp--preset--spacing--side-padding)\">\n<div class=\"wp-block-column is-vertically-aligned-center is-layout-flow wp-block-column-is-layout-flow\">\n<h3 class=\"wp-block-heading\" style=\"margin-bottom:var(--wp--preset--spacing--h-3-bottom)\"><strong><strong>Mulighed for tilpasning af modstand<\/strong><\/strong><\/h3>\n\n\n\n<p><\/p>\n\n\n\n<p>Den har justerbare modstandsindstillinger, s\u00e5 brugerne kan skr\u00e6ddersy deres tr\u00e6ning til specifikke styrkeniveauer og m\u00e5l, hvilket g\u00f8r den velegnet til b\u00e5de begyndere og avancerede brugere.<\/p>\n<\/div>\n\n\n\n<div class=\"wp-block-column is-vertically-aligned-center is-layout-flow wp-block-column-is-layout-flow\">\n<div class=\"wp-block-columns is-layout-flex wp-container-core-columns-is-layout-9d6595d7 wp-block-columns-is-layout-flex\">\n<div class=\"wp-block-column is-layout-flow wp-block-column-is-layout-flow\">\n<figure class=\"wp-block-video\"><video autoplay=\"\" controls=\"\" loop=\"\" muted=\"\" src=\"https:\/\/evolve-fitness.eu\/wp-content\/uploads\/2023\/12\/8.mp4\"><\/video><\/figure>\n<\/div>\n<\/div>\n<\/div>\n<\/div>\n\n\n\n<div class=\"wp-block-columns alignwide is-layout-flex wp-container-core-columns-is-layout-c45ee707 wp-block-columns-is-layout-flex\" style=\"margin-bottom:var(--wp--preset--spacing--side-padding);padding-top:var(--wp--preset--spacing--side-padding)\">\n<div class=\"wp-block-column is-vertically-aligned-center is-layout-flow wp-block-column-is-layout-flow\">\n<figure class=\"wp-block-video\"><video autoplay=\"\" controls=\"\" loop=\"\" muted=\"\" src=\"https:\/\/evolve-fitness.eu\/wp-content\/uploads\/2023\/12\/1-28.mp4\"><\/video><\/figure>\n<\/div>\n\n\n\n<div class=\"wp-block-column is-vertically-aligned-center is-layout-flow wp-block-column-is-layout-flow\">\n<h3 class=\"wp-block-heading\" style=\"margin-bottom:var(--wp--preset--spacing--h-3-bottom)\"><strong><strong><strong>Holdbarhed til intensiv brug<\/strong><\/strong><\/strong><\/h3>\n\n\n\n<p><\/p>\n\n\n\n<p>Denne maskine er designet til professionelle fitnesscentre og er bygget til at kunne holde til h\u00e5rdt brug, hvilket sikrer lang levetid og konstant ydeevne.<\/p>\n<\/div>\n<\/div>\n\n\n\n<div class=\"wp-block-columns alignwide is-layout-flex wp-container-core-columns-is-layout-c45ee707 wp-block-columns-is-layout-flex\" style=\"margin-bottom:var(--wp--preset--spacing--side-padding);padding-top:var(--wp--preset--spacing--side-padding)\">\n<div class=\"wp-block-column is-vertically-aligned-center is-layout-flow wp-block-column-is-layout-flow\">\n<h3 class=\"wp-block-heading\" style=\"margin-bottom:var(--wp--preset--spacing--h-3-bottom)\"><strong><strong>Ergonomisk design for brugerkomfort<\/strong><\/strong><\/h3>\n\n\n\n<p><\/p>\n\n\n\n<p>Maskinens ergonomiske design g\u00f8r det lettere at bev\u00e6ge sig naturligt, hvilket reducerer risikoen for skader og \u00f8ger effektiviteten af \u00f8velserne.<\/p>\n<\/div>\n\n\n\n<div class=\"wp-block-column is-vertically-aligned-center is-layout-flow wp-block-column-is-layout-flow\">\n<div class=\"wp-block-columns is-layout-flex wp-container-core-columns-is-layout-9d6595d7 wp-block-columns-is-layout-flex\">\n<div class=\"wp-block-column is-layout-flow wp-block-column-is-layout-flow\">\n<figure class=\"wp-block-video\"><video height=\"450\" style=\"aspect-ratio: 367 \/ 450;\" width=\"367\" autoplay=\"\" controls=\"\" loop=\"\" muted=\"\" src=\"https:\/\/evolve-fitness.eu\/wp-content\/uploads\/2023\/12\/6-1.mp4\"><\/video><\/figure>\n<\/div>\n<\/div>\n<\/div>\n<\/div>\n<\/section>\n","protected":false},"excerpt":{"rendered":"<p>Evolve crosstrainer er en professionel tr\u00e6ner i topklasse, der er beregnet til at forbedre kernestyrke og udholdenhed. Armene kan justeres vertikalt og horisontalt. Denne crosstrainer er specielt designet til b\u00e5de fitnesscenter og hjemmebrug og tilbyder et enest\u00e5ende udvalg af core-\u00f8velser. Den robuste konstruktion sikrer holdbarhed og g\u00f8r den til et p\u00e5lideligt stykke udstyr til intensiv tr\u00e6ning.<\/p>\n","protected":false},"featured_media":41800,"template":"","meta":{"_acf_changed":false,"inline_featured_image":false},"product_cat":[353,1107,1154],"product_tag":[],"class_list":{"0":"post-41789","1":"product","2":"type-product","3":"status-publish","4":"has-post-thumbnail","6":"product_cat-forside","7":"product_cat-selekterede-maskiner","8":"product_cat-prime-series-selektive-maskiner","10":"first","11":"outofstock","12":"shipping-taxable","13":"purchasable","14":"product-type-simple"},"acf":[],"_links":{"self":[{"href":"https:\/\/store.evolve-fitness.eu\/da\/wp-json\/wp\/v2\/product\/41789","targetHints":{"allow":["GET"]}}],"collection":[{"href":"https:\/\/store.evolve-fitness.eu\/da\/wp-json\/wp\/v2\/product"}],"about":[{"href":"https:\/\/store.evolve-fitness.eu\/da\/wp-json\/wp\/v2\/types\/product"}],"wp:featuredmedia":[{"embeddable":true,"href":"https:\/\/store.evolve-fitness.eu\/da\/wp-json\/wp\/v2\/media\/41800"}],"wp:attachment":[{"href":"https:\/\/store.evolve-fitness.eu\/da\/wp-json\/wp\/v2\/media?parent=41789"}],"wp:term":[{"taxonomy":"product_cat","embeddable":true,"href":"https:\/\/store.evolve-fitness.eu\/da\/wp-json\/wp\/v2\/product_cat?post=41789"},{"taxonomy":"product_tag","embeddable":true,"href":"https:\/\/store.evolve-fitness.eu\/da\/wp-json\/wp\/v2\/product_tag?post=41789"}],"curies":[{"name":"wp","href":"https:\/\/api.w.org\/{rel}","templated":true}]}}