{"id":40268,"date":"2024-01-26T13:59:31","date_gmt":"2024-01-26T13:59:31","guid":{"rendered":"https:\/\/store.evolve-fitness.eu\/product\/evolve-lodret-opbevaringsbeslag-til-enkelt-dobbelt-haandvaegt-til-5-par\/"},"modified":"2026-03-18T12:00:58","modified_gmt":"2026-03-18T12:00:58","slug":"evolve-lodret-opbevaringsbeslag-til-enkelt-dobbelt-haandvaegt-til-5-par","status":"publish","type":"product","link":"https:\/\/store.evolve-fitness.eu\/da\/vare\/evolve-lodret-opbevaringsbeslag-til-enkelt-dobbelt-haandvaegt-til-5-par\/","title":{"rendered":"Evolve lodret opbevaringsbeslag til enkelt\/dobbelt h\u00e5ndv\u00e6gt til 5 par"},"content":{"rendered":"","protected":false},"excerpt":{"rendered":"<p>Maksimer effektiviteten i dit fitnesscenter med Evolve Single \/ Double Vertical Dumbbell Storage Attachment, der er designet til 5 par. Denne pladsbesparende l\u00f8sning er en game-changer for organiseret og tilg\u00e6ngelig opbevaring af h\u00e5ndv\u00e6gte. Det lodrette design optimerer ikke kun gulvpladsen, men giver ogs\u00e5 hurtig og nem adgang til dine h\u00e5ndv\u00e6gte. Dette tilbeh\u00f8r, der er fremstillet med henblik p\u00e5 holdbarhed og brugervenlighed, integreres problemfrit med dit Evolve-gym. L\u00f8ft din tr\u00e6ningsoplevelse ved at holde dine h\u00e5ndv\u00e6gte p\u00e6nt opbevaret og let tilg\u00e6ngelige til dit n\u00e6ste s\u00e6t, hvilket g\u00f8r hver session glat og effektiv. Opgrader din tr\u00e6ningsorganisation med Evolve Single \/ Double Vertical Dumbbell Storage Attachment, og oplev bekvemmeligheden ved et tr\u00e6ningsrum uden rod.<\/p>\n","protected":false},"featured_media":40269,"template":"","meta":{"_acf_changed":false,"inline_featured_image":false},"product_cat":[353,585,653,702],"product_tag":[],"class_list":{"0":"post-40268","1":"product","2":"type-product","3":"status-publish","4":"has-post-thumbnail","6":"product_cat-forside","7":"product_cat-tvaergaende-og-funktionel","8":"product_cat-komponenter-til-riggen","9":"product_cat-opbevaring","11":"first","12":"instock","13":"shipping-taxable","14":"purchasable","15":"product-type-variable"},"acf":[],"_links":{"self":[{"href":"https:\/\/store.evolve-fitness.eu\/da\/wp-json\/wp\/v2\/product\/40268","targetHints":{"allow":["GET"]}}],"collection":[{"href":"https:\/\/store.evolve-fitness.eu\/da\/wp-json\/wp\/v2\/product"}],"about":[{"href":"https:\/\/store.evolve-fitness.eu\/da\/wp-json\/wp\/v2\/types\/product"}],"wp:featuredmedia":[{"embeddable":true,"href":"https:\/\/store.evolve-fitness.eu\/da\/wp-json\/wp\/v2\/media\/40269"}],"wp:attachment":[{"href":"https:\/\/store.evolve-fitness.eu\/da\/wp-json\/wp\/v2\/media?parent=40268"}],"wp:term":[{"taxonomy":"product_cat","embeddable":true,"href":"https:\/\/store.evolve-fitness.eu\/da\/wp-json\/wp\/v2\/product_cat?post=40268"},{"taxonomy":"product_tag","embeddable":true,"href":"https:\/\/store.evolve-fitness.eu\/da\/wp-json\/wp\/v2\/product_tag?post=40268"}],"curies":[{"name":"wp","href":"https:\/\/api.w.org\/{rel}","templated":true}]}}