{"id":39789,"date":"2023-10-12T07:54:55","date_gmt":"2023-10-12T07:54:55","guid":{"rendered":"https:\/\/store.evolve-fitness.eu\/product\/evolve-kettlebell-stativ\/"},"modified":"2026-03-26T11:59:12","modified_gmt":"2026-03-26T11:59:12","slug":"evolve-kettlebell-stativ","status":"publish","type":"product","link":"https:\/\/store.evolve-fitness.eu\/da\/vare\/evolve-kettlebell-stativ\/","title":{"rendered":"Evolve kettlebell-stativ"},"content":{"rendered":"","protected":false},"excerpt":{"rendered":"<p>Evolve Kettlebell Rack er med sit effektive 2-etagers design og dimensioner p\u00e5 1500 x 590 x 760 mm en ideel opbevaringsl\u00f8sning til kettlebells. Det robuste stel er konstrueret af ovale r\u00f8r (40 x 80 x 2 mm) og har en holdbar pulverlakeret finish. Dette stativ maksimerer ikke kun opbevaringspladsen, men s\u00f8rger ogs\u00e5 for, at dit udstyr er sikkert takket v\u00e6re bakkeforingerne, der er designet til at forhindre ridser og skader p\u00e5 kettlebells. Evolve Kettlebell Rack er perfekt til b\u00e5de hjemmetr\u00e6ningscentre og professionelle milj\u00f8er og er et fremragende valg til at holde din tr\u00e6ningsplads organiseret og dine kettlebells i perfekt stand.<\/p>\n","protected":false},"featured_media":39793,"template":"","meta":{"_acf_changed":false,"inline_featured_image":false},"product_cat":[353,977,978],"product_tag":[],"class_list":{"0":"post-39789","1":"product","2":"type-product","3":"status-publish","4":"has-post-thumbnail","6":"product_cat-forside","7":"product_cat-frie-vaegte","8":"product_cat-reoler-og-opbevaringslosninger","10":"first","11":"instock","12":"shipping-taxable","13":"purchasable","14":"product-type-simple"},"acf":[],"_links":{"self":[{"href":"https:\/\/store.evolve-fitness.eu\/da\/wp-json\/wp\/v2\/product\/39789","targetHints":{"allow":["GET"]}}],"collection":[{"href":"https:\/\/store.evolve-fitness.eu\/da\/wp-json\/wp\/v2\/product"}],"about":[{"href":"https:\/\/store.evolve-fitness.eu\/da\/wp-json\/wp\/v2\/types\/product"}],"wp:featuredmedia":[{"embeddable":true,"href":"https:\/\/store.evolve-fitness.eu\/da\/wp-json\/wp\/v2\/media\/39793"}],"wp:attachment":[{"href":"https:\/\/store.evolve-fitness.eu\/da\/wp-json\/wp\/v2\/media?parent=39789"}],"wp:term":[{"taxonomy":"product_cat","embeddable":true,"href":"https:\/\/store.evolve-fitness.eu\/da\/wp-json\/wp\/v2\/product_cat?post=39789"},{"taxonomy":"product_tag","embeddable":true,"href":"https:\/\/store.evolve-fitness.eu\/da\/wp-json\/wp\/v2\/product_tag?post=39789"}],"curies":[{"name":"wp","href":"https:\/\/api.w.org\/{rel}","templated":true}]}}