{"id":39776,"date":"2023-10-03T07:42:47","date_gmt":"2023-10-03T07:42:47","guid":{"rendered":"https:\/\/store.evolve-fitness.eu\/product\/evolve-single-monkey-bar-1100-mm-1800-mm\/"},"modified":"2026-04-04T12:00:41","modified_gmt":"2026-04-04T12:00:41","slug":"evolve-single-monkey-bar-1100-mm-1800-mm","status":"publish","type":"product","link":"https:\/\/store.evolve-fitness.eu\/da\/vare\/evolve-single-monkey-bar-1100-mm-1800-mm\/","title":{"rendered":"Evolve Single Monkey Bar &#8211; 1100 mm \/ 1800 mm"},"content":{"rendered":"","protected":false},"excerpt":{"rendered":"<p>L\u00f8ft din tr\u00e6ning med Evolve Single Monkey Bar, der f\u00e5s i to l\u00e6ngder: 1100 mm og 1800 mm. Disse alsidige st\u00e6nger er designet til at forbedre din funktionelle, crossfit-, gruppe- eller individuelle tr\u00e6ning. Med en robust diameter p\u00e5 32 mm og kompatibilitet med forskelligt tilbeh\u00f8r tilbyder Evolve Single Monkey Bar tilpasning og bekvemmelighed, s\u00e5 du kan tage din fitness til det n\u00e6ste niveau. Pris pr. stk.<\/p>\n","protected":false},"featured_media":39784,"template":"","meta":{"_acf_changed":false,"inline_featured_image":false},"product_cat":[353,585,653,957],"product_tag":[],"class_list":{"0":"post-39776","1":"product","2":"type-product","3":"status-publish","4":"has-post-thumbnail","6":"product_cat-forside","7":"product_cat-tvaergaende-og-funktionel","8":"product_cat-komponenter-til-riggen","9":"product_cat-vigtigste-dele","11":"first","12":"instock","13":"shipping-taxable","14":"purchasable","15":"product-type-variable"},"acf":[],"_links":{"self":[{"href":"https:\/\/store.evolve-fitness.eu\/da\/wp-json\/wp\/v2\/product\/39776","targetHints":{"allow":["GET"]}}],"collection":[{"href":"https:\/\/store.evolve-fitness.eu\/da\/wp-json\/wp\/v2\/product"}],"about":[{"href":"https:\/\/store.evolve-fitness.eu\/da\/wp-json\/wp\/v2\/types\/product"}],"wp:featuredmedia":[{"embeddable":true,"href":"https:\/\/store.evolve-fitness.eu\/da\/wp-json\/wp\/v2\/media\/39784"}],"wp:attachment":[{"href":"https:\/\/store.evolve-fitness.eu\/da\/wp-json\/wp\/v2\/media?parent=39776"}],"wp:term":[{"taxonomy":"product_cat","embeddable":true,"href":"https:\/\/store.evolve-fitness.eu\/da\/wp-json\/wp\/v2\/product_cat?post=39776"},{"taxonomy":"product_tag","embeddable":true,"href":"https:\/\/store.evolve-fitness.eu\/da\/wp-json\/wp\/v2\/product_tag?post=39776"}],"curies":[{"name":"wp","href":"https:\/\/api.w.org\/{rel}","templated":true}]}}