{"id":39717,"date":"2024-01-17T13:31:57","date_gmt":"2024-01-17T13:31:57","guid":{"rendered":"https:\/\/store.evolve-fitness.eu\/product\/evolve-ultra-seriens-multipresse-med-valgmulighed\/"},"modified":"2025-04-03T11:11:11","modified_gmt":"2025-04-03T11:11:11","slug":"evolve-ultra-seriens-multipresse-med-valgmulighed","status":"publish","type":"product","link":"https:\/\/store.evolve-fitness.eu\/da\/vare\/evolve-ultra-seriens-multipresse-med-valgmulighed\/","title":{"rendered":"Evolve Ultra-seriens multipresse med valgmulighed"},"content":{"rendered":"\n<section class=\"wp-block-group alignfull black-content has-white-color has-darkgray-background-color has-text-color has-background is-layout-constrained wp-block-group-is-layout-constrained\" style=\"padding-top:var(--wp--preset--spacing--section-bottom);padding-bottom:var(--wp--preset--spacing--section-bottom)\">\n<div class=\"wp-block-columns alignwide mobile-reverse is-layout-flex wp-container-core-columns-is-layout-ca64bf2d wp-block-columns-is-layout-flex\" style=\"margin-bottom:var(--wp--preset--spacing--side-padding)\">\n<div class=\"wp-block-column is-vertically-aligned-center is-layout-flow wp-block-column-is-layout-flow\">\n<h3 class=\"wp-block-heading\" style=\"margin-bottom:var(--wp--preset--spacing--h-3-bottom)\">Slankt og holdbart<\/h3>\n\n\n\n<p><strong><em>Den unikke matte lakfinish<\/em><\/strong><\/p>\n\n\n\n<p style=\"margin-bottom:var(--wp--preset--spacing--tb-section-padding)\">Ultra-serien introducerer en kombination af sikkerhed og stil med Shrouded Weight Stacks. Uigennemsigtige plastovertr\u00e6k prioriterer tr\u00e6ningssikkerhed og tilf\u00f8jer et strejf af elegance til dit fitnessrum. Uanset om du er ejer af et fitnesscenter eller fitnessentusiast, vil du s\u00e6tte pris p\u00e5 den visuelle appel og sikkerhed, som disse afd\u00e6kninger tilf\u00f8rer dit fitnesscenter.<\/p>\n<\/div>\n\n\n\n<div class=\"wp-block-column is-vertically-aligned-center is-layout-flow wp-block-column-is-layout-flow\">\n<figure class=\"wp-block-video\"><video height=\"1092\" style=\"aspect-ratio: 1980 \/ 1092;\" width=\"1980\" autoplay=\"\" controls=\"\" loop=\"\" muted=\"\" src=\"https:\/\/evolve-fitness.eu\/wp-content\/uploads\/2023\/08\/Evolve-Ultra-Series-Selectorized-Multi-Press.mp4\"><\/video><\/figure>\n<\/div>\n<\/div>\n\n\n\n<div class=\"wp-block-columns alignwide is-layout-flex wp-container-core-columns-is-layout-c45ee707 wp-block-columns-is-layout-flex\" style=\"margin-bottom:var(--wp--preset--spacing--side-padding);padding-top:var(--wp--preset--spacing--side-padding)\">\n<div class=\"wp-block-column is-vertically-aligned-center is-layout-flow wp-block-column-is-layout-flow\">\n<figure class=\"wp-block-image size-full is-resized\"><img loading=\"lazy\" decoding=\"async\" width=\"810\" height=\"810\" src=\"https:\/\/store.evolve-fitness.eu\/wp-content\/uploads\/2024\/06\/Dizainas-be-pavadinimo-46.png\" alt=\"\" class=\"wp-image-73843\" style=\"width:963px;height:auto\" srcset=\"https:\/\/store.evolve-fitness.eu\/wp-content\/uploads\/2024\/06\/Dizainas-be-pavadinimo-46.png 810w, https:\/\/store.evolve-fitness.eu\/wp-content\/uploads\/2024\/06\/Dizainas-be-pavadinimo-46-300x300.png 300w, https:\/\/store.evolve-fitness.eu\/wp-content\/uploads\/2024\/06\/Dizainas-be-pavadinimo-46-150x150.png 150w, https:\/\/store.evolve-fitness.eu\/wp-content\/uploads\/2024\/06\/Dizainas-be-pavadinimo-46-768x768.png 768w, https:\/\/store.evolve-fitness.eu\/wp-content\/uploads\/2024\/06\/Dizainas-be-pavadinimo-46-600x600.png 600w, https:\/\/store.evolve-fitness.eu\/wp-content\/uploads\/2024\/06\/Dizainas-be-pavadinimo-46-100x100.png 100w\" sizes=\"auto, (max-width: 810px) 100vw, 810px\" \/><\/figure>\n<\/div>\n\n\n\n<div class=\"wp-block-column is-vertically-aligned-center is-layout-flow wp-block-column-is-layout-flow\">\n<h3 class=\"wp-block-heading\" style=\"margin-bottom:var(--wp--preset--spacing--h-3-bottom)\">Brugercentreret bekvemmelighed<\/h3>\n\n\n\n<p><strong><em>S\u00e6dejustering med \u00e9n h\u00e5nd<\/em><\/strong><\/p>\n\n\n\n<p>Kommende ejere af fitnesscentre, v\u00e6r opm\u00e6rksomme! Den brugercentrerede bekvemmelighed ved s\u00e6dejustering med \u00e9n h\u00e5nd forbedrer tr\u00e6ningsoplevelsen. Kunderne kan skifte mellem \u00f8velserne uden afbrydelser, hvilket g\u00f8r deres tr\u00e6ningssessioner mere effektive og forn\u00f8jelige. Denne brugerorienterede tilgang vil hj\u00e6lpe dit fitnesscenter med at skille sig ud i den konkurrencepr\u00e6gede fitnessbranche.<\/p>\n<\/div>\n<\/div>\n\n\n\n<div class=\"wp-block-columns alignwide are-vertically-aligned-center mobile-reverse is-layout-flex wp-container-core-columns-is-layout-e8158c2f wp-block-columns-is-layout-flex\" style=\"padding-top:var(--wp--preset--spacing--side-padding)\">\n<div class=\"wp-block-column is-vertically-aligned-center is-layout-flow wp-block-column-is-layout-flow\">\n<h3 class=\"wp-block-heading\" style=\"margin-bottom:var(--wp--preset--spacing--h-3-bottom)\"><strong>Optimale h\u00e5ndgreb<\/strong><\/h3>\n\n\n\n<p><strong><em><strong><em>En bedre fitnessoplevelse<\/em><\/strong><\/em><\/strong><\/p>\n\n\n\n<p style=\"margin-bottom:var(--wp--preset--spacing--tb-section-padding)\">At tiltr\u00e6kke og fastholde kunder er afg\u00f8rende for ejere af fitnesscentre og ledere af fitnessfaciliteter. Evolve Ultra-serien tilbyder optimale h\u00e5ndgreb, der er omhyggeligt designet til komfort og sikkerhed. L\u00f8ft dine kunders tr\u00e6ningsoplevelse, hold dem engagerede og motiverede til at n\u00e5 deres fitnessm\u00e5l i dit center.<\/p>\n<\/div>\n\n\n\n<div class=\"wp-block-column is-vertically-aligned-center is-layout-flow wp-block-column-is-layout-flow\">\n<figure class=\"wp-block-image size-full is-resized\"><img loading=\"lazy\" decoding=\"async\" width=\"945\" height=\"945\" src=\"https:\/\/store.evolve-fitness.eu\/wp-content\/uploads\/2024\/06\/Dizainas-be-pavadinimo-47.png\" alt=\"\" class=\"wp-image-73868\" style=\"width:1032px;height:auto\" srcset=\"https:\/\/store.evolve-fitness.eu\/wp-content\/uploads\/2024\/06\/Dizainas-be-pavadinimo-47.png 945w, https:\/\/store.evolve-fitness.eu\/wp-content\/uploads\/2024\/06\/Dizainas-be-pavadinimo-47-300x300.png 300w, https:\/\/store.evolve-fitness.eu\/wp-content\/uploads\/2024\/06\/Dizainas-be-pavadinimo-47-150x150.png 150w, https:\/\/store.evolve-fitness.eu\/wp-content\/uploads\/2024\/06\/Dizainas-be-pavadinimo-47-768x768.png 768w, https:\/\/store.evolve-fitness.eu\/wp-content\/uploads\/2024\/06\/Dizainas-be-pavadinimo-47-600x600.png 600w, https:\/\/store.evolve-fitness.eu\/wp-content\/uploads\/2024\/06\/Dizainas-be-pavadinimo-47-100x100.png 100w\" sizes=\"auto, (max-width: 945px) 100vw, 945px\" \/><\/figure>\n<\/div>\n<\/div>\n<\/section>\n","protected":false},"excerpt":{"rendered":"<p>Oplev uovertruffen komfort og effektivitet med Evolve Ultra Series Selectorized Multi Press, Ul-290. L\u00f8ft din tr\u00e6ning med denne alsidige maskine med uafh\u00e6ngig armbev\u00e6gelse for optimal muskelaktivering. Det slanke design, den holdbare matte finish og den brugerorienterede enh\u00e5ndsjustering af s\u00e6det giver en f\u00f8rsteklasses fitnessoplevelse. Prioriter sikkerheden med den fuldt d\u00e6kkede v\u00e6gtstangsafsk\u00e6rmning, mens du opn\u00e5r dine fitnessm\u00e5l med stil. Oplev en ny dimension af tr\u00e6ningsudstyr med Ul-290, der er designet til at forvandle din fitnessrejse.<\/p>\n","protected":false},"featured_media":76035,"template":"","meta":{"_acf_changed":false,"inline_featured_image":false},"product_cat":[353,1107,1285],"product_tag":[],"class_list":{"0":"post-39717","1":"product","2":"type-product","3":"status-publish","4":"has-post-thumbnail","6":"product_cat-forside","7":"product_cat-selekterede-maskiner","8":"product_cat-ultra-series-maskiner-med-valgfri-funktion","10":"first","11":"instock","12":"shipping-taxable","13":"purchasable","14":"product-type-simple"},"acf":[],"_links":{"self":[{"href":"https:\/\/store.evolve-fitness.eu\/da\/wp-json\/wp\/v2\/product\/39717","targetHints":{"allow":["GET"]}}],"collection":[{"href":"https:\/\/store.evolve-fitness.eu\/da\/wp-json\/wp\/v2\/product"}],"about":[{"href":"https:\/\/store.evolve-fitness.eu\/da\/wp-json\/wp\/v2\/types\/product"}],"wp:featuredmedia":[{"embeddable":true,"href":"https:\/\/store.evolve-fitness.eu\/da\/wp-json\/wp\/v2\/media\/76035"}],"wp:attachment":[{"href":"https:\/\/store.evolve-fitness.eu\/da\/wp-json\/wp\/v2\/media?parent=39717"}],"wp:term":[{"taxonomy":"product_cat","embeddable":true,"href":"https:\/\/store.evolve-fitness.eu\/da\/wp-json\/wp\/v2\/product_cat?post=39717"},{"taxonomy":"product_tag","embeddable":true,"href":"https:\/\/store.evolve-fitness.eu\/da\/wp-json\/wp\/v2\/product_tag?post=39717"}],"curies":[{"name":"wp","href":"https:\/\/api.w.org\/{rel}","templated":true}]}}