{"id":39611,"date":"2023-10-03T10:00:51","date_gmt":"2023-10-03T10:00:51","guid":{"rendered":"https:\/\/store.evolve-fitness.eu\/product\/evolve-haeldning-nedadgaaende-bjaelke-1100-1800-mm\/"},"modified":"2026-03-18T12:00:53","modified_gmt":"2026-03-18T12:00:53","slug":"evolve-haeldning-nedadgaaende-bjaelke-1100-1800-mm","status":"publish","type":"product","link":"https:\/\/store.evolve-fitness.eu\/da\/vare\/evolve-haeldning-nedadgaaende-bjaelke-1100-1800-mm\/","title":{"rendered":"Evolve Incline \/ Decline Beam &#8211; 1100 \/ 1800 mm"},"content":{"rendered":"","protected":false},"excerpt":{"rendered":"<p>L\u00f8ft din tr\u00e6ning med Evolve Incline\/Decline Beam, i l\u00e6ngderne 1100 mm eller 1800 mm. Denne bj\u00e6lke er designet til at forbedre funktionel, crossfit, gruppe- eller individuel tr\u00e6ning sammen med Evolve-rigge, og dens modul\u00e6re design og tilbeh\u00f8rskompatibilitet giver alsidighed til dine fitnessbehov. Pris pr. stk. L\u00f8ft din fitnessrutine i dag!<\/p>\n","protected":false},"featured_media":39617,"template":"","meta":{"_acf_changed":false,"inline_featured_image":false},"product_cat":[353,585,653,957],"product_tag":[],"class_list":{"0":"post-39611","1":"product","2":"type-product","3":"status-publish","4":"has-post-thumbnail","6":"product_cat-forside","7":"product_cat-tvaergaende-og-funktionel","8":"product_cat-komponenter-til-riggen","9":"product_cat-vigtigste-dele","11":"first","12":"instock","13":"shipping-taxable","14":"purchasable","15":"product-type-variable"},"acf":[],"_links":{"self":[{"href":"https:\/\/store.evolve-fitness.eu\/da\/wp-json\/wp\/v2\/product\/39611","targetHints":{"allow":["GET"]}}],"collection":[{"href":"https:\/\/store.evolve-fitness.eu\/da\/wp-json\/wp\/v2\/product"}],"about":[{"href":"https:\/\/store.evolve-fitness.eu\/da\/wp-json\/wp\/v2\/types\/product"}],"wp:featuredmedia":[{"embeddable":true,"href":"https:\/\/store.evolve-fitness.eu\/da\/wp-json\/wp\/v2\/media\/39617"}],"wp:attachment":[{"href":"https:\/\/store.evolve-fitness.eu\/da\/wp-json\/wp\/v2\/media?parent=39611"}],"wp:term":[{"taxonomy":"product_cat","embeddable":true,"href":"https:\/\/store.evolve-fitness.eu\/da\/wp-json\/wp\/v2\/product_cat?post=39611"},{"taxonomy":"product_tag","embeddable":true,"href":"https:\/\/store.evolve-fitness.eu\/da\/wp-json\/wp\/v2\/product_tag?post=39611"}],"curies":[{"name":"wp","href":"https:\/\/api.w.org\/{rel}","templated":true}]}}