{"id":38153,"date":"2023-09-21T14:21:13","date_gmt":"2023-09-21T14:21:13","guid":{"rendered":"https:\/\/store.evolve-fitness.eu\/product\/evolve-bloed-plyo-box-3-i-1\/"},"modified":"2026-04-04T12:00:11","modified_gmt":"2026-04-04T12:00:11","slug":"evolve-bloed-plyo-box-3-i-1","status":"publish","type":"product","link":"https:\/\/store.evolve-fitness.eu\/da\/vare\/evolve-bloed-plyo-box-3-i-1\/","title":{"rendered":"Evolve Bl\u00f8d Plyo Box 3-i-1"},"content":{"rendered":"\n<section class=\"wp-block-group alignfull black-content has-white-color has-darkgray-background-color has-text-color has-background is-layout-constrained wp-block-group-is-layout-constrained\" style=\"padding-top:var(--wp--preset--spacing--section-bottom);padding-bottom:var(--wp--preset--spacing--section-bottom)\">\n<div class=\"wp-block-columns alignwide is-layout-flex wp-container-core-columns-is-layout-c45ee707 wp-block-columns-is-layout-flex\" style=\"margin-bottom:var(--wp--preset--spacing--side-padding);padding-top:var(--wp--preset--spacing--side-padding)\">\n<div class=\"wp-block-column is-vertically-aligned-center is-layout-flow wp-block-column-is-layout-flow\">\n<figure class=\"wp-block-video\"><video height=\"864\" style=\"aspect-ratio: 1154 \/ 864;\" width=\"1154\" autoplay=\"\" controls=\"\" loop=\"\" muted=\"\" src=\"https:\/\/evolve-fitness.eu\/wp-content\/uploads\/2023\/09\/EV-PF-SP-300.mp4\"><\/video><\/figure>\n<\/div>\n\n\n\n<div class=\"wp-block-column is-vertically-aligned-center is-layout-constrained wp-block-column-is-layout-constrained\">\n<h3 class=\"wp-block-heading\" style=\"margin-bottom:var(--wp--preset--spacing--h-3-bottom)\">Bl\u00f8d Plyo Box 3-i-1  <\/h3>\n\n\n\n<p><strong><em><strong><em>Alsidigt fitnessudstyr<\/em><\/strong><\/em><\/strong><\/p>\n\n\n\n<p style=\"margin-bottom:var(--wp--preset--spacing--tb-section-padding)\">Tre justerbare h\u00f8jder (51 cm, 61 cm, 76 cm) i \u00e9n kasse! Den er designet til en r\u00e6kke forskellige \u00f8velser som box jumps, pushups og lunges. Produktet har en skumkerne med h\u00f8j densitet og et PVC-cover med h\u00f8j rivestyrke og et slankt carbon-look. Denne plyo-boks er ideel til b\u00e5de kommerciel brug og hjemmebrug og sikrer ledvenlig tr\u00e6ning, der beskytter dine hofter, kn\u00e6 og ankler med den skridsikre overflade.<\/p>\n\n\n\n<h3 class=\"wp-block-heading\" style=\"margin-bottom:var(--wp--preset--spacing--h-3-bottom)\">Karakteristisk carbon-look<\/h3>\n\n\n\n<p><em><strong>\u00c6stetisk appel tilf\u00f8jet til funktionaliteten<\/strong><\/em><\/p>\n\n\n\n<p>Det slanke design, der opn\u00e5s med et PVC-cover med h\u00f8j rivestyrke, forbedrer ikke kun det visuelle aspekt af udstyret, men bidrager ogs\u00e5 til dets holdbarhed. Carbon-looket giver den et moderne og professionelt udseende, hvilket g\u00f8r den velegnet til b\u00e5de hjemmegym og kommercielle fitnesscentre, og dens skridsikre overflade sikrer sikkerhed selv under intens tr\u00e6ning.<\/p>\n<\/div>\n<\/div>\n\n\n\n<div class=\"wp-block-columns alignwide is-layout-flex wp-container-core-columns-is-layout-c45ee707 wp-block-columns-is-layout-flex\" style=\"margin-bottom:var(--wp--preset--spacing--side-padding);padding-top:var(--wp--preset--spacing--side-padding)\">\n<div class=\"wp-block-column is-vertically-aligned-center is-layout-flow wp-block-column-is-layout-flow\">\n<h3 class=\"wp-block-heading\" style=\"margin-bottom:var(--wp--preset--spacing--h-3-bottom)\">Din krop er alt, hvad du beh\u00f8ver<\/h3>\n\n\n\n<p>Perfekt til kropsv\u00e6gts\u00f8velser<\/p>\n\n\n\n<p>Evolve Soft Drop Pad Set er ideelt til at forbedre dine tr\u00e6ningsrutiner med kropsv\u00e6gt ved at tilbyde komfort og reducere st\u00f8d. Her er nogle af de bedste \u00f8velser, du kan lave med disse puder:<\/p>\n\n\n\n<ol class=\"wp-block-list\">\n<li><strong>Armb\u00f8jninger<\/strong>: Reducerer belastningen af h\u00e5ndleddet med ekstra st\u00f8dd\u00e6mpning.<\/li>\n\n\n\n<li><strong>Burpees<\/strong>: Bl\u00f8dg\u00f8r landingen og minimerer st\u00f8j og st\u00f8d.<\/li>\n\n\n\n<li><strong>Planken og variationer<\/strong>: Giver en stabil og behagelig overflade for underarmene.<\/li>\n\n\n\n<li><strong>Bjergbestigning<\/strong>: Letter ledp\u00e5virkningen og giver mulighed for mere smidige bev\u00e6gelser.<\/li>\n\n\n\n<li><strong>Lunges<\/strong>: St\u00f8dd\u00e6mper kn\u00e6ene under dybe lunges for bedre komfort og form.<\/li>\n<\/ol>\n\n\n\n<p>Disse puder giver en mere sikker og behagelig tr\u00e6ningsoplevelse.<\/p>\n<\/div>\n\n\n\n<div class=\"wp-block-column is-vertically-aligned-center is-layout-flow wp-block-column-is-layout-flow\">\n<div class=\"wp-block-columns is-layout-flex wp-container-core-columns-is-layout-9d6595d7 wp-block-columns-is-layout-flex\">\n<div class=\"wp-block-column is-layout-flow wp-block-column-is-layout-flow\">\n<figure class=\"wp-block-video\"><video height=\"788\" style=\"aspect-ratio: 940 \/ 788;\" width=\"940\" autoplay=\"\" controls=\"\" loop=\"\" muted=\"\" src=\"https:\/\/evolve-fitness.eu\/wp-content\/uploads\/2024\/07\/5.mp4\"><\/video><\/figure>\n<\/div>\n<\/div>\n<\/div>\n<\/div>\n\n\n\n<div class=\"wp-block-columns alignwide is-layout-flex wp-container-core-columns-is-layout-c45ee707 wp-block-columns-is-layout-flex\" style=\"margin-bottom:var(--wp--preset--spacing--side-padding);padding-top:var(--wp--preset--spacing--side-padding)\">\n<div class=\"wp-block-column is-vertically-aligned-center is-layout-flow wp-block-column-is-layout-flow\">\n<figure class=\"wp-block-image size-large\"><img decoding=\"async\" src=\"https:\/\/evolve-fitness.eu\/wp-content\/uploads\/2024\/01\/EV-PF-SP-300-51-76-1024x683.webp\" alt=\"EV-PF-SP-300\" class=\"wp-image-9784\"\/><\/figure>\n<\/div>\n\n\n\n<div class=\"wp-block-column is-vertically-aligned-center is-layout-flow wp-block-column-is-layout-flow\">\n<h3 class=\"wp-block-heading\" style=\"margin-bottom:var(--wp--preset--spacing--h-3-bottom)\"><strong>Fordelen ved tre forskellige h\u00f8jder i \u00e9n kasse<\/strong><\/h3>\n\n\n\n<p><strong><em><strong>Forbedring af dens anvendelighed til en r\u00e6kke \u00f8velser<\/strong><\/em><\/strong><\/p>\n\n\n\n<p>Denne alsidighed giver brugerne mulighed for gradvist at \u00f8ge sv\u00e6rhedsgraden af deres tr\u00e6ning og im\u00f8dekomme forskellige fitnessniveauer. Det er is\u00e6r gavnligt i plyometrisk tr\u00e6ning, hvor det hj\u00e6lper med at forbedre kraft, hastighed og vertikale spring. De forskellige h\u00f8jdeindstillinger g\u00f8r den velegnet til et bredt publikum, fra begyndere til avancerede atleter.<\/p>\n<\/div>\n<\/div>\n<\/section>\n","protected":false},"excerpt":{"rendered":"<p>Vi pr\u00e6senterer Evolve Soft Plyo Box 3-i-1: Din ultimative fitness-ledsager!<\/p>\n<p>Tre h\u00f8jder, \u00e9n boks: Med justerbare h\u00f8jder p\u00e5 51 cm (20&#8243;), 61 cm (24&#8243;) og 76 cm (30&#8243;) er denne alsidige plyo-boks perfekt til box jumps, pushups, lunges, dips og meget mere.<\/p>\n<p>Bygget til holdbarhed: Den er designet til kommerciel brug og er ideel til hjemmetr\u00e6ningscentre, professionelle fitnesscentre, milit\u00e6rbaser, hoteller, vandrerhjem og genoptr\u00e6ningscentre.<\/p>\n<p>Slankt design i kulfiber: Det moderne carbon-look tilf\u00f8jer stil til ethvert fitnesscenter, og den skridsikre overflade sikrer sikkerhed selv under intens tr\u00e6ning.<\/p>\n<p>Ledvenlig: Skumkernen med h\u00f8j densitet reducerer belastningen p\u00e5 dine led og beskytter dine hofter, kn\u00e6 og ankler.<\/p>\n<p>Opgrader din fitnessrutine med Evolve Soft Plyo Box 3-i-1, og udvikl din tr\u00e6ning i dag!<\/p>\n","protected":false},"featured_media":38179,"template":"","meta":{"_acf_changed":false,"inline_featured_image":false},"product_cat":[353,585,588],"product_tag":[],"class_list":{"0":"post-38153","1":"product","2":"type-product","3":"status-publish","4":"has-post-thumbnail","6":"product_cat-forside","7":"product_cat-tvaergaende-og-funktionel","8":"product_cat-funktionelt-udstyr","10":"first","11":"instock","12":"sale","13":"shipping-taxable","14":"purchasable","15":"product-type-simple"},"acf":[],"_links":{"self":[{"href":"https:\/\/store.evolve-fitness.eu\/da\/wp-json\/wp\/v2\/product\/38153","targetHints":{"allow":["GET"]}}],"collection":[{"href":"https:\/\/store.evolve-fitness.eu\/da\/wp-json\/wp\/v2\/product"}],"about":[{"href":"https:\/\/store.evolve-fitness.eu\/da\/wp-json\/wp\/v2\/types\/product"}],"wp:featuredmedia":[{"embeddable":true,"href":"https:\/\/store.evolve-fitness.eu\/da\/wp-json\/wp\/v2\/media\/38179"}],"wp:attachment":[{"href":"https:\/\/store.evolve-fitness.eu\/da\/wp-json\/wp\/v2\/media?parent=38153"}],"wp:term":[{"taxonomy":"product_cat","embeddable":true,"href":"https:\/\/store.evolve-fitness.eu\/da\/wp-json\/wp\/v2\/product_cat?post=38153"},{"taxonomy":"product_tag","embeddable":true,"href":"https:\/\/store.evolve-fitness.eu\/da\/wp-json\/wp\/v2\/product_tag?post=38153"}],"curies":[{"name":"wp","href":"https:\/\/api.w.org\/{rel}","templated":true}]}}