{"id":37850,"date":"2024-01-09T14:48:18","date_gmt":"2024-01-09T14:48:18","guid":{"rendered":"https:\/\/store.evolve-fitness.eu\/product\/evolve-prime-series-plade-multismede-maskine-med-kabelkryds\/"},"modified":"2024-05-28T08:36:19","modified_gmt":"2024-05-28T08:36:19","slug":"evolve-prime-series-plade-multismede-maskine-med-kabelkryds","status":"publish","type":"product","link":"https:\/\/store.evolve-fitness.eu\/da\/vare\/evolve-prime-series-plade-multismede-maskine-med-kabelkryds\/","title":{"rendered":"Evolve Prime Series Plate Multi Smith-maskine med kabelkryds"},"content":{"rendered":"\n<p><\/p>\n\n<section class=\"wp-block-group alignfull black-content has-white-color has-darkgray-background-color has-text-color has-background is-layout-constrained wp-block-group-is-layout-constrained\" style=\"padding-top:var(--wp--preset--spacing--section-bottom);padding-bottom:var(--wp--preset--spacing--section-bottom)\">\n<h3 class=\"wp-block-heading has-text-align-center\" style=\"padding-top:var(--wp--preset--spacing--section-title-bottom);padding-bottom:var(--wp--preset--spacing--section-title-bottom)\"><strong><strong>EVOLVE PLADEBELASTET PRIME-SERIE<\/strong><\/strong><\/h3>\n\n\n\n<p>Med Evolve Plate Loaded Prime Series er ekspertise standarden. L\u00f8ft din styrketr\u00e6ning med maskiner, der er designet til komfort, holdbarhed og ydeevne. Udforsk hele serien i dag, og omdefiner din fitnessrejse.<\/p>\n\n\n\n<section class=\"wp-block-group alignfull black-content has-white-color has-darkgray-background-color has-text-color has-background is-layout-constrained wp-block-group-is-layout-constrained\" style=\"margin-bottom:0;padding-top:var(--wp--preset--spacing--tb-padding);padding-bottom:var(--wp--preset--spacing--tb-padding)\">\n<div class=\"wp-block-columns alignwide mobile-reverse is-layout-flex wp-container-core-columns-is-layout-7a02faa9 wp-block-columns-is-layout-flex\" style=\"margin-bottom:var(--wp--preset--spacing--tb-section-padding)\">\n<div class=\"wp-block-column is-vertically-aligned-center is-layout-flow wp-block-column-is-layout-flow\">\n<h3 class=\"wp-block-heading\" style=\"margin-bottom:var(--wp--preset--spacing--h-3-bottom)\"><strong><strong><strong><strong><strong>EKSPERTISE OMDEFINERET<\/strong><\/strong><\/strong><\/strong><\/strong><\/h3>\n\n\n\n<p><strong><em><strong>Vi pr\u00e6senterer Evolve Plate Loaded Prime Series<\/strong><\/em><\/strong><\/p>\n\n\n\n<p>Oplev det ypperste inden for styrketr\u00e6ning med Evolve Plate Loaded Prime Series. Hver maskine i denne serie er omhyggeligt udformet til at give en overlegen tr\u00e6ningsoplevelse, og her er hvorfor.<\/p>\n\n\n\n<h3 class=\"wp-block-heading\" style=\"margin-bottom:var(--wp--preset--spacing--h-3-bottom)\"><strong><strong><strong>TYK POLSTRING<\/strong><\/strong><\/strong><\/h3>\n\n\n\n<p><strong><em><strong>Overlegen komfort og holdbarhed<\/strong><\/em><\/strong><\/p>\n\n\n\n<p>Hold orden og maksimer pladsen med <strong>Pegs til opbevaring af v\u00e6gtskiver<\/strong>. Hold dine tallerkener inden for r\u00e6kkevidde, og s\u00f8rg for et tr\u00e6ningsmilj\u00f8 uden rod.<\/p>\n<\/div>\n\n\n\n<div class=\"wp-block-column is-vertically-aligned-center is-layout-flow wp-block-column-is-layout-flow\">\n<figure class=\"wp-block-image size-full is-resized is-style-rounded\"><img loading=\"lazy\" decoding=\"async\" width=\"810\" height=\"810\" src=\"https:\/\/store.evolve-fitness.eu\/wp-content\/uploads\/2024\/05\/Dizainas-be-pavadinimo-7.png\" alt=\"\" class=\"wp-image-65069\" style=\"aspect-ratio:1.1333333333333333;object-fit:cover;width:1134px;height:auto\" srcset=\"https:\/\/store.evolve-fitness.eu\/wp-content\/uploads\/2024\/05\/Dizainas-be-pavadinimo-7.png 810w, https:\/\/store.evolve-fitness.eu\/wp-content\/uploads\/2024\/05\/Dizainas-be-pavadinimo-7-300x300.png 300w, https:\/\/store.evolve-fitness.eu\/wp-content\/uploads\/2024\/05\/Dizainas-be-pavadinimo-7-150x150.png 150w, https:\/\/store.evolve-fitness.eu\/wp-content\/uploads\/2024\/05\/Dizainas-be-pavadinimo-7-768x768.png 768w, https:\/\/store.evolve-fitness.eu\/wp-content\/uploads\/2024\/05\/Dizainas-be-pavadinimo-7-600x600.png 600w, https:\/\/store.evolve-fitness.eu\/wp-content\/uploads\/2024\/05\/Dizainas-be-pavadinimo-7-100x100.png 100w\" sizes=\"auto, (max-width: 810px) 100vw, 810px\" \/><\/figure>\n<\/div>\n<\/div>\n\n\n\n<div class=\"wp-block-columns alignwide mobile-reverse is-layout-flex wp-container-core-columns-is-layout-7a02faa9 wp-block-columns-is-layout-flex\" style=\"margin-bottom:var(--wp--preset--spacing--tb-section-padding)\">\n<div class=\"wp-block-column is-vertically-aligned-center is-layout-flow wp-block-column-is-layout-flow\">\n<figure class=\"wp-block-image alignleft size-full is-resized is-style-rounded\"><img loading=\"lazy\" decoding=\"async\" width=\"599\" height=\"446\" src=\"https:\/\/store.evolve-fitness.eu\/wp-content\/uploads\/2024\/05\/Dizainas-be-pavadinimo-72-1.png\" alt=\"\" class=\"wp-image-65119\" style=\"aspect-ratio:1.1333333333333333;object-fit:cover;width:794px;height:auto\" srcset=\"https:\/\/store.evolve-fitness.eu\/wp-content\/uploads\/2024\/05\/Dizainas-be-pavadinimo-72-1.png 599w, https:\/\/store.evolve-fitness.eu\/wp-content\/uploads\/2024\/05\/Dizainas-be-pavadinimo-72-1-300x223.png 300w\" sizes=\"auto, (max-width: 599px) 100vw, 599px\" \/><\/figure>\n<\/div>\n\n\n\n<div class=\"wp-block-column is-vertically-aligned-center is-layout-flow wp-block-column-is-layout-flow\">\n<h3 class=\"wp-block-heading\" style=\"margin-bottom:var(--wp--preset--spacing--h-3-bottom)\"><strong><strong><br\/><strong><strong><strong>M\u00c5LRETTET MUSKELINDSATS<\/strong><\/strong><\/strong><\/strong><\/strong><\/h3>\n\n\n\n<p><strong>Brugervenlige justeringsknapper i levende gul<\/strong><\/p>\n\n\n\n<p>For dem, der s\u00f8ger alsidighed, tilbyder udvalgte maskiner i Prime-serien <strong>unilateral armbev\u00e6gelse<\/strong>. Denne funktion giver dig mulighed for effektivt at m\u00e5lrette mod specifikke muskelgrupper, s\u00e5 du kan tilpasse dit tr\u00e6ningsprogram.<\/p>\n\n\n\n<h3 class=\"wp-block-heading\" style=\"margin-bottom:var(--wp--preset--spacing--h-3-bottom)\"><strong><strong><strong><strong><strong><strong>JUSTERBAR SIDDEPOSITION<\/strong><\/strong><\/strong><\/strong><\/strong><\/strong><\/h3>\n\n\n\n<p><strong><em><strong>Brugervenlige justeringsknapper i levende gul<\/strong><\/em><\/strong><\/p>\n\n\n\n<p>Vores maskiner har en <strong>justerbar siddestilling<\/strong> med justeringsknapper og h\u00e5ndtag i lys, let synlig gul. Det brugervenlige design sikrer, at du kan indstille dit udstyr hurtigt og pr\u00e6cist, hvilket forbedrer din tr\u00e6ningsoplevelse.<\/p>\n<\/div>\n<\/div>\n\n\n\n<div class=\"wp-block-columns alignwide mobile-reverse is-layout-flex wp-container-core-columns-is-layout-035fa626 wp-block-columns-is-layout-flex\" style=\"margin-bottom:var(--wp--preset--spacing--side-padding);padding-top:var(--wp--preset--spacing--tb-padding);padding-bottom:var(--wp--preset--spacing--tb-padding)\">\n<div class=\"wp-block-column is-vertically-aligned-center is-layout-flow wp-block-column-is-layout-flow\">\n<h3 class=\"wp-block-heading\" style=\"margin-bottom:var(--wp--preset--spacing--h-3-bottom)\"><strong><strong><strong><strong><strong><strong><strong><strong><strong>PROBLEMFRI TR\u00c6NING<\/strong><\/strong><\/strong><\/strong><\/strong><\/strong><\/strong><\/strong><\/strong><\/h3>\n\n\n\n<p><strong><em><strong>\u00c5ben ramme for nem adgang<\/strong><\/em><\/strong><\/p>\n\n\n\n<p>Open Frame-designet p\u00e5 vores maskiner sikrer nem adgang, s\u00e5 du kan skifte mellem \u00f8velserne uden problemer. Sig farvel til un\u00f8dvendigt besv\u00e6r, og fokuser p\u00e5 din tr\u00e6ning.<\/p>\n\n\n\n<h3 class=\"wp-block-heading\" style=\"margin-bottom:var(--wp--preset--spacing--h-3-bottom)\"><strong><strong><strong><strong><strong><strong><strong><strong><strong><strong><br\/><strong><strong><strong>SKRIDSIKRE H\u00c5NDTAG<\/strong><\/strong><\/strong><\/strong><\/strong><\/strong><\/strong><\/strong><\/strong><\/strong><\/strong><\/strong><\/strong><\/h3>\n\n\n\n<p><strong><em><strong>Sikkert greb for tryghed og selvtillid<\/strong><\/em><\/strong><\/p>\n\n\n\n<p>Prioriter sikkerhed og tillid med vores <strong>skridsikre h\u00e5ndtag<\/strong>. De giver et sikkert greb og reducerer risikoen for ulykker under tr\u00e6ningen.<\/p>\n<\/div>\n\n\n\n<div class=\"wp-block-column is-vertically-aligned-center is-layout-flow wp-block-column-is-layout-flow\">\n<figure class=\"wp-block-image size-full is-resized is-style-rounded\"><img loading=\"lazy\" decoding=\"async\" width=\"810\" height=\"810\" src=\"https:\/\/store.evolve-fitness.eu\/wp-content\/uploads\/2024\/05\/Dizainas-be-pavadinimo-7-1.png\" alt=\"\" class=\"wp-image-65144\" style=\"aspect-ratio:1.1333333333333333;object-fit:cover;width:1051px;height:auto\" srcset=\"https:\/\/store.evolve-fitness.eu\/wp-content\/uploads\/2024\/05\/Dizainas-be-pavadinimo-7-1.png 810w, https:\/\/store.evolve-fitness.eu\/wp-content\/uploads\/2024\/05\/Dizainas-be-pavadinimo-7-1-300x300.png 300w, https:\/\/store.evolve-fitness.eu\/wp-content\/uploads\/2024\/05\/Dizainas-be-pavadinimo-7-1-150x150.png 150w, https:\/\/store.evolve-fitness.eu\/wp-content\/uploads\/2024\/05\/Dizainas-be-pavadinimo-7-1-768x768.png 768w, https:\/\/store.evolve-fitness.eu\/wp-content\/uploads\/2024\/05\/Dizainas-be-pavadinimo-7-1-600x600.png 600w, https:\/\/store.evolve-fitness.eu\/wp-content\/uploads\/2024\/05\/Dizainas-be-pavadinimo-7-1-100x100.png 100w\" sizes=\"auto, (max-width: 810px) 100vw, 810px\" \/><\/figure>\n<\/div>\n<\/div>\n\n\n\n<div class=\"wp-block-columns alignwide mobile-reverse is-layout-flex wp-container-core-columns-is-layout-7a02faa9 wp-block-columns-is-layout-flex\" style=\"margin-bottom:var(--wp--preset--spacing--tb-section-padding)\">\n<div class=\"wp-block-column is-vertically-aligned-center is-layout-flow wp-block-column-is-layout-flow\">\n<figure class=\"wp-block-image alignleft size-full is-resized is-style-rounded\"><img loading=\"lazy\" decoding=\"async\" width=\"810\" height=\"810\" src=\"https:\/\/store.evolve-fitness.eu\/wp-content\/uploads\/2024\/05\/Dizainas-be-pavadinimo-8.png\" alt=\"\" class=\"wp-image-65169\" style=\"aspect-ratio:1.1333333333333333;object-fit:cover;width:863px;height:auto\" srcset=\"https:\/\/store.evolve-fitness.eu\/wp-content\/uploads\/2024\/05\/Dizainas-be-pavadinimo-8.png 810w, https:\/\/store.evolve-fitness.eu\/wp-content\/uploads\/2024\/05\/Dizainas-be-pavadinimo-8-300x300.png 300w, https:\/\/store.evolve-fitness.eu\/wp-content\/uploads\/2024\/05\/Dizainas-be-pavadinimo-8-150x150.png 150w, https:\/\/store.evolve-fitness.eu\/wp-content\/uploads\/2024\/05\/Dizainas-be-pavadinimo-8-768x768.png 768w, https:\/\/store.evolve-fitness.eu\/wp-content\/uploads\/2024\/05\/Dizainas-be-pavadinimo-8-600x600.png 600w, https:\/\/store.evolve-fitness.eu\/wp-content\/uploads\/2024\/05\/Dizainas-be-pavadinimo-8-100x100.png 100w\" sizes=\"auto, (max-width: 810px) 100vw, 810px\" \/><\/figure>\n<\/div>\n\n\n\n<div class=\"wp-block-column is-vertically-aligned-center is-layout-flow wp-block-column-is-layout-flow\">\n<h3 class=\"wp-block-heading\" style=\"margin-bottom:var(--wp--preset--spacing--h-3-bottom)\"><strong><strong><br\/><strong><strong><br\/><strong><strong>LANGVARIG YDEEVNE<\/strong><\/strong><\/strong><\/strong><\/strong><\/strong><\/h3>\n\n\n\n<p><strong><em><strong>Kraftigt PU-l\u00e6der af f\u00f8rsteklasses kvalitet<\/strong><\/em><\/strong><\/p>\n\n\n\n<p>Vores udstyr er lavet af <strong>kraftigt PU-l\u00e6der af f\u00f8rsteklasses kvalitet<\/strong>, som er designet til at holde til selv den h\u00e5rdeste tr\u00e6ning. Det ser ikke bare godt ud, men holder ogs\u00e5 l\u00e6nge.<\/p>\n\n\n\n<h3 class=\"wp-block-heading\" style=\"margin-bottom:var(--wp--preset--spacing--h-3-bottom)\"><strong><strong><strong><strong><br\/><strong><strong><strong><strong>HOLDBAR FINISH<\/strong><\/strong><\/strong><\/strong><\/strong><\/strong><\/strong><\/strong><\/h3>\n\n\n\n<p><strong><em><strong>Elektrostatisk spr\u00f8jteteknologi til termoh\u00e6rdende pulver<\/strong><\/em><\/strong><\/p>\n\n\n\n<p>Oplev en holdbar finish med vores <strong>elektrostatiske spr\u00f8jteteknologi til termoh\u00e6rdende pulver<\/strong>. Denne avancerede bel\u00e6gning sikrer, at dit udstyr bevarer sin visuelle fremtoning over tid.<\/p>\n\n\n\n<h3 class=\"wp-block-heading\" style=\"margin-bottom:var(--wp--preset--spacing--h-3-bottom)\"><strong><strong><strong><strong><strong><strong><strong><strong><strong>BYGGET TIL AT HOLDE<\/strong><\/strong><\/strong><\/strong><\/strong><\/strong><\/strong><\/strong><\/strong><\/h3>\n\n\n\n<p><strong><em><strong>Bolte og m\u00f8trikker i rustfrit st\u00e5l<\/strong><\/em><\/strong><\/p>\n\n\n\n<p>Prime-serien er bygget til at holde, med alle bolte og m\u00f8trikker lavet af <strong>rustfrit st\u00e5l<\/strong>. Denne kvalitetskonstruktion sikrer dit udstyrs lange levetid.<\/p>\n<\/div>\n<\/div>\n<\/section>\n<\/section>\n","protected":false},"excerpt":{"rendered":"<p>L\u00f8ft dit fitnesscenter med Evolve PR-950: et kompakt kraftv\u00e6rk til kommerciel fitness. Med to cable cross-stationer, en robust Smith-maskine og en integreret pull-up-bar tilbyder den mange tr\u00e6ningsmuligheder p\u00e5 minimal plads. Dens holdbare ramme med rustbeskyttelse, j\u00e6vne line\u00e6re bev\u00e6gelse og opbevaring af v\u00e6gtskiver g\u00f8r den til et must-have for ejere af fitnesscentre. Boost dit fitnesscenter med denne alsidige maskine i dag!<\/p>\n","protected":false},"featured_media":37853,"template":"","meta":{"_acf_changed":false,"inline_featured_image":false},"product_cat":[353,748,1199],"product_tag":[],"class_list":{"0":"post-37850","1":"product","2":"type-product","3":"status-publish","4":"has-post-thumbnail","6":"product_cat-forside","7":"product_cat-pladebelastede-maskiner","8":"product_cat-prime-series-pladelaesset","10":"first","11":"outofstock","12":"shipping-taxable","13":"purchasable","14":"product-type-simple"},"acf":[],"_links":{"self":[{"href":"https:\/\/store.evolve-fitness.eu\/da\/wp-json\/wp\/v2\/product\/37850","targetHints":{"allow":["GET"]}}],"collection":[{"href":"https:\/\/store.evolve-fitness.eu\/da\/wp-json\/wp\/v2\/product"}],"about":[{"href":"https:\/\/store.evolve-fitness.eu\/da\/wp-json\/wp\/v2\/types\/product"}],"wp:featuredmedia":[{"embeddable":true,"href":"https:\/\/store.evolve-fitness.eu\/da\/wp-json\/wp\/v2\/media\/37853"}],"wp:attachment":[{"href":"https:\/\/store.evolve-fitness.eu\/da\/wp-json\/wp\/v2\/media?parent=37850"}],"wp:term":[{"taxonomy":"product_cat","embeddable":true,"href":"https:\/\/store.evolve-fitness.eu\/da\/wp-json\/wp\/v2\/product_cat?post=37850"},{"taxonomy":"product_tag","embeddable":true,"href":"https:\/\/store.evolve-fitness.eu\/da\/wp-json\/wp\/v2\/product_tag?post=37850"}],"curies":[{"name":"wp","href":"https:\/\/api.w.org\/{rel}","templated":true}]}}