{"id":37413,"date":"2024-01-09T14:07:18","date_gmt":"2024-01-09T14:07:18","guid":{"rendered":"https:\/\/store.evolve-fitness.eu\/product\/evolve-prime-series-pladebelastet-smedemaskine\/"},"modified":"2024-12-02T14:52:46","modified_gmt":"2024-12-02T14:52:46","slug":"evolve-prime-series-pladebelastet-smedemaskine","status":"publish","type":"product","link":"https:\/\/store.evolve-fitness.eu\/da\/vare\/evolve-prime-series-pladebelastet-smedemaskine\/","title":{"rendered":"Evolve Prime Series pladel\u00e6sset Smith-maskine, PR-222"},"content":{"rendered":"\n<p><\/p>\n\n<section class=\"wp-block-group alignfull black-content has-white-color has-darkgray-background-color has-text-color has-background is-layout-constrained wp-block-group-is-layout-constrained\" style=\"padding-top:var(--wp--preset--spacing--section-bottom);padding-bottom:var(--wp--preset--spacing--section-bottom)\">\n<h3 class=\"wp-block-heading has-text-align-center\" style=\"padding-top:var(--wp--preset--spacing--section-title-bottom);padding-bottom:var(--wp--preset--spacing--section-title-bottom)\"><strong>EVOLVE PLADEBELASTET PRIME-SERIE<\/strong><\/h3>\n\n\n\n<p>Med Evolve Plate Loaded Prime Series er excellence standarden.\nL\u00f8ft din styrketr\u00e6ning med maskiner, der er designet til komfort, holdbarhed og ydeevne.\nUdforsk hele serien i dag, og omdefiner din fitnessrejse.  <\/p>\n\n\n\n<section class=\"wp-block-group alignfull black-content has-white-color has-darkgray-background-color has-text-color has-background is-layout-constrained wp-block-group-is-layout-constrained\" style=\"margin-bottom:0;padding-top:var(--wp--preset--spacing--tb-padding);padding-bottom:var(--wp--preset--spacing--tb-padding)\">\n<div class=\"wp-block-columns alignwide mobile-reverse is-layout-flex wp-container-core-columns-is-layout-7a02faa9 wp-block-columns-is-layout-flex\" style=\"margin-bottom:var(--wp--preset--spacing--tb-section-padding)\">\n<div class=\"wp-block-column is-vertically-aligned-center is-layout-flow wp-block-column-is-layout-flow\">\n<h3 class=\"wp-block-heading\" style=\"margin-bottom:var(--wp--preset--spacing--h-3-bottom)\"><strong><strong><strong><strong>EKSPERTISE OMDEFINERET<\/strong><\/strong><\/strong><\/strong><\/h3>\n\n\n\n<p><strong><em><strong>Vi pr\u00e6senterer Evolve Plate Loaded Prime Series<\/strong><\/em><\/strong><\/p>\n\n\n\n<p>Oplev det ypperste inden for styrketr\u00e6ning med Evolve Plate Loaded Prime Series. Hver maskine i denne serie er omhyggeligt udformet til at give en overlegen tr\u00e6ningsoplevelse, og her er hvorfor.<\/p>\n\n\n\n<h3 class=\"wp-block-heading\" style=\"margin-bottom:var(--wp--preset--spacing--h-3-bottom)\"><strong><strong>OPBEVARINGSL\u00d8SNINGER<\/strong><\/strong><\/h3>\n\n\n\n<p><strong><em><strong>Maksimal pladseffektivitet<\/strong><\/em><\/strong><\/p>\n\n\n\n<p>Hold orden og maksimer pladsen med <strong>Pegs til opbevaring af v\u00e6gtskiver<\/strong>. Hold dine tallerkener inden for r\u00e6kkevidde, og s\u00f8rg for et tr\u00e6ningsmilj\u00f8 uden rod.<\/p>\n<\/div>\n\n\n\n<div class=\"wp-block-column is-vertically-aligned-center is-layout-flow wp-block-column-is-layout-flow\">\n<figure class=\"wp-block-image size-full is-resized is-style-rounded\"><img loading=\"lazy\" decoding=\"async\" width=\"1315\" height=\"1980\" src=\"https:\/\/store.evolve-fitness.eu\/wp-content\/uploads\/2024\/05\/EV-PL-PR-222-Evolve-Prime-Series-Plate-Loaded-Smith-Machine-5.jpg\" alt=\"\" class=\"wp-image-64264\" style=\"aspect-ratio:1.1333333333333333;object-fit:cover;width:943px;height:auto\" srcset=\"https:\/\/store.evolve-fitness.eu\/wp-content\/uploads\/2024\/05\/EV-PL-PR-222-Evolve-Prime-Series-Plate-Loaded-Smith-Machine-5.jpg 1315w, https:\/\/store.evolve-fitness.eu\/wp-content\/uploads\/2024\/05\/EV-PL-PR-222-Evolve-Prime-Series-Plate-Loaded-Smith-Machine-5-199x300.jpg 199w, https:\/\/store.evolve-fitness.eu\/wp-content\/uploads\/2024\/05\/EV-PL-PR-222-Evolve-Prime-Series-Plate-Loaded-Smith-Machine-5-680x1024.jpg 680w, https:\/\/store.evolve-fitness.eu\/wp-content\/uploads\/2024\/05\/EV-PL-PR-222-Evolve-Prime-Series-Plate-Loaded-Smith-Machine-5-768x1156.jpg 768w, https:\/\/store.evolve-fitness.eu\/wp-content\/uploads\/2024\/05\/EV-PL-PR-222-Evolve-Prime-Series-Plate-Loaded-Smith-Machine-5-1020x1536.jpg 1020w, https:\/\/store.evolve-fitness.eu\/wp-content\/uploads\/2024\/05\/EV-PL-PR-222-Evolve-Prime-Series-Plate-Loaded-Smith-Machine-5-600x903.jpg 600w\" sizes=\"auto, (max-width: 1315px) 100vw, 1315px\" \/><\/figure>\n<\/div>\n<\/div>\n\n\n\n<div class=\"wp-block-columns alignwide mobile-reverse is-layout-flex wp-container-core-columns-is-layout-7a02faa9 wp-block-columns-is-layout-flex\" style=\"margin-bottom:var(--wp--preset--spacing--tb-section-padding)\">\n<div class=\"wp-block-column is-vertically-aligned-center is-layout-flow wp-block-column-is-layout-flow\">\n<figure class=\"wp-block-image alignleft size-full is-resized is-style-rounded\"><img loading=\"lazy\" decoding=\"async\" width=\"1980\" height=\"1320\" src=\"https:\/\/store.evolve-fitness.eu\/wp-content\/uploads\/2024\/05\/EV-PL-PR-222-Evolve-Prime-Series-Plate-Loaded-Smith-Machine-8.jpg\" alt=\"\" class=\"wp-image-64289\" style=\"aspect-ratio:1.1333333333333333;object-fit:cover;width:872px;height:auto\" srcset=\"https:\/\/store.evolve-fitness.eu\/wp-content\/uploads\/2024\/05\/EV-PL-PR-222-Evolve-Prime-Series-Plate-Loaded-Smith-Machine-8.jpg 1980w, https:\/\/store.evolve-fitness.eu\/wp-content\/uploads\/2024\/05\/EV-PL-PR-222-Evolve-Prime-Series-Plate-Loaded-Smith-Machine-8-300x200.jpg 300w, https:\/\/store.evolve-fitness.eu\/wp-content\/uploads\/2024\/05\/EV-PL-PR-222-Evolve-Prime-Series-Plate-Loaded-Smith-Machine-8-1024x683.jpg 1024w, https:\/\/store.evolve-fitness.eu\/wp-content\/uploads\/2024\/05\/EV-PL-PR-222-Evolve-Prime-Series-Plate-Loaded-Smith-Machine-8-768x512.jpg 768w, https:\/\/store.evolve-fitness.eu\/wp-content\/uploads\/2024\/05\/EV-PL-PR-222-Evolve-Prime-Series-Plate-Loaded-Smith-Machine-8-1536x1024.jpg 1536w, https:\/\/store.evolve-fitness.eu\/wp-content\/uploads\/2024\/05\/EV-PL-PR-222-Evolve-Prime-Series-Plate-Loaded-Smith-Machine-8-600x400.jpg 600w\" sizes=\"auto, (max-width: 1980px) 100vw, 1980px\" \/><\/figure>\n<\/div>\n\n\n\n<div class=\"wp-block-column is-vertically-aligned-center is-layout-flow wp-block-column-is-layout-flow\">\n<h3 class=\"wp-block-heading\" style=\"margin-bottom:var(--wp--preset--spacing--h-3-bottom)\"><strong><strong><br\/><strong><strong>M\u00c5LRETTET MUSKELINDSATS<\/strong><\/strong><\/strong><\/strong><\/h3>\n\n\n\n<p><strong>Brugervenlige justeringsknapper i levende gul<\/strong><\/p>\n\n\n\n<p>For dem, der s\u00f8ger alsidighed, tilbyder udvalgte maskiner i Prime-serien <strong>unilateral armbev\u00e6gelse<\/strong>. Denne funktion giver dig mulighed for effektivt at m\u00e5lrette mod specifikke muskelgrupper, s\u00e5 du kan tilpasse dit tr\u00e6ningsprogram.<\/p>\n<\/div>\n<\/div>\n\n\n\n<div class=\"wp-block-columns alignwide mobile-reverse is-layout-flex wp-container-core-columns-is-layout-035fa626 wp-block-columns-is-layout-flex\" style=\"margin-bottom:var(--wp--preset--spacing--side-padding);padding-top:var(--wp--preset--spacing--tb-padding);padding-bottom:var(--wp--preset--spacing--tb-padding)\">\n<div class=\"wp-block-column is-vertically-aligned-center is-layout-flow wp-block-column-is-layout-flow\">\n<h3 class=\"wp-block-heading\" style=\"margin-bottom:var(--wp--preset--spacing--h-3-bottom)\"><strong><strong><strong><strong><strong><strong><strong><strong>PROBLEMFRI TR\u00c6NING<\/strong><\/strong><\/strong><\/strong><\/strong><\/strong><\/strong><\/strong><\/h3>\n\n\n\n<p><strong><em><strong>\u00c5ben ramme for nem adgang<\/strong><\/em><\/strong><\/p>\n\n\n\n<p style=\"margin-bottom:var(--wp--preset--spacing--tb-section-padding)\">Open Frame-designet p\u00e5 vores maskiner sikrer nem adgang, s\u00e5 du kan skifte mellem \u00f8velserne uden problemer. Sig farvel til un\u00f8dvendigt besv\u00e6r, og fokuser p\u00e5 din tr\u00e6ning.<\/p>\n\n\n\n<h3 class=\"wp-block-heading\" style=\"margin-bottom:var(--wp--preset--spacing--h-3-bottom)\"><strong><strong><strong><strong><strong><strong><strong><strong><strong><strong><br\/><strong><strong>LANGVARIG YDEEVNE<\/strong><\/strong><\/strong><\/strong><\/strong><\/strong><\/strong><\/strong><\/strong><\/strong><\/strong><\/strong><\/h3>\n\n\n\n<p><strong><em><strong>Kraftigt PU-l\u00e6der af f\u00f8rsteklasses kvalitet<\/strong><\/em><\/strong><\/p>\n\n\n\n<p>Vores udstyr er lavet af <strong>kraftigt PU-l\u00e6der af f\u00f8rsteklasses kvalitet<\/strong>, som er designet til at holde til selv den h\u00e5rdeste tr\u00e6ning. Det ser ikke bare godt ud, men holder ogs\u00e5 l\u00e6nge.<\/p>\n<\/div>\n\n\n\n<div class=\"wp-block-column is-vertically-aligned-center is-layout-flow wp-block-column-is-layout-flow\">\n<figure class=\"wp-block-image size-full is-resized is-style-rounded\"><img loading=\"lazy\" decoding=\"async\" width=\"1980\" height=\"1320\" src=\"https:\/\/store.evolve-fitness.eu\/wp-content\/uploads\/2024\/05\/EV-PL-PR-222-Evolve-Prime-Series-Plate-Loaded-Smith-Machine-1.jpg\" alt=\"\" class=\"wp-image-64314\" style=\"aspect-ratio:1.1333333333333333;object-fit:cover;width:859px;height:auto\" srcset=\"https:\/\/store.evolve-fitness.eu\/wp-content\/uploads\/2024\/05\/EV-PL-PR-222-Evolve-Prime-Series-Plate-Loaded-Smith-Machine-1.jpg 1980w, https:\/\/store.evolve-fitness.eu\/wp-content\/uploads\/2024\/05\/EV-PL-PR-222-Evolve-Prime-Series-Plate-Loaded-Smith-Machine-1-300x200.jpg 300w, https:\/\/store.evolve-fitness.eu\/wp-content\/uploads\/2024\/05\/EV-PL-PR-222-Evolve-Prime-Series-Plate-Loaded-Smith-Machine-1-1024x683.jpg 1024w, https:\/\/store.evolve-fitness.eu\/wp-content\/uploads\/2024\/05\/EV-PL-PR-222-Evolve-Prime-Series-Plate-Loaded-Smith-Machine-1-768x512.jpg 768w, https:\/\/store.evolve-fitness.eu\/wp-content\/uploads\/2024\/05\/EV-PL-PR-222-Evolve-Prime-Series-Plate-Loaded-Smith-Machine-1-1536x1024.jpg 1536w, https:\/\/store.evolve-fitness.eu\/wp-content\/uploads\/2024\/05\/EV-PL-PR-222-Evolve-Prime-Series-Plate-Loaded-Smith-Machine-1-600x400.jpg 600w\" sizes=\"auto, (max-width: 1980px) 100vw, 1980px\" \/><\/figure>\n<\/div>\n<\/div>\n\n\n\n<div class=\"wp-block-columns alignwide mobile-reverse is-layout-flex wp-container-core-columns-is-layout-7a02faa9 wp-block-columns-is-layout-flex\" style=\"margin-bottom:var(--wp--preset--spacing--tb-section-padding)\">\n<div class=\"wp-block-column is-vertically-aligned-center is-layout-flow wp-block-column-is-layout-flow\">\n<figure class=\"wp-block-image alignleft size-full is-resized is-style-rounded\"><img loading=\"lazy\" decoding=\"async\" width=\"1980\" height=\"1320\" src=\"https:\/\/store.evolve-fitness.eu\/wp-content\/uploads\/2024\/05\/EV-PL-PR-222-Evolve-Prime-Series-Plate-Loaded-Smith-Machine-3.jpg\" alt=\"\" class=\"wp-image-64339\" style=\"aspect-ratio:1.1333333333333333;object-fit:cover;width:872px;height:auto\" srcset=\"https:\/\/store.evolve-fitness.eu\/wp-content\/uploads\/2024\/05\/EV-PL-PR-222-Evolve-Prime-Series-Plate-Loaded-Smith-Machine-3.jpg 1980w, https:\/\/store.evolve-fitness.eu\/wp-content\/uploads\/2024\/05\/EV-PL-PR-222-Evolve-Prime-Series-Plate-Loaded-Smith-Machine-3-300x200.jpg 300w, https:\/\/store.evolve-fitness.eu\/wp-content\/uploads\/2024\/05\/EV-PL-PR-222-Evolve-Prime-Series-Plate-Loaded-Smith-Machine-3-1024x683.jpg 1024w, https:\/\/store.evolve-fitness.eu\/wp-content\/uploads\/2024\/05\/EV-PL-PR-222-Evolve-Prime-Series-Plate-Loaded-Smith-Machine-3-768x512.jpg 768w, https:\/\/store.evolve-fitness.eu\/wp-content\/uploads\/2024\/05\/EV-PL-PR-222-Evolve-Prime-Series-Plate-Loaded-Smith-Machine-3-1536x1024.jpg 1536w, https:\/\/store.evolve-fitness.eu\/wp-content\/uploads\/2024\/05\/EV-PL-PR-222-Evolve-Prime-Series-Plate-Loaded-Smith-Machine-3-600x400.jpg 600w\" sizes=\"auto, (max-width: 1980px) 100vw, 1980px\" \/><\/figure>\n<\/div>\n\n\n\n<div class=\"wp-block-column is-vertically-aligned-center is-layout-flow wp-block-column-is-layout-flow\">\n<h3 class=\"wp-block-heading\" style=\"margin-bottom:var(--wp--preset--spacing--h-3-bottom)\"><strong><strong><br\/><strong><strong><br\/><strong>HOLDBAR FINISH<\/strong><\/strong><\/strong><\/strong><\/strong><\/h3>\n\n\n\n<p><strong><em><strong>Elektrostatisk spr\u00f8jteteknologi til termoh\u00e6rdende pulver<\/strong><\/em><\/strong><\/p>\n\n\n\n<p>Oplev en holdbar finish med vores <strong>elektrostatiske spr\u00f8jteteknologi til termoh\u00e6rdende pulver<\/strong>. Denne avancerede bel\u00e6gning sikrer, at dit udstyr bevarer sin visuelle fremtoning over tid.<\/p>\n\n\n\n<h3 class=\"wp-block-heading\" style=\"margin-bottom:var(--wp--preset--spacing--h-3-bottom)\"><strong><strong><strong><strong><br\/><strong><strong><strong>BYGGET TIL AT HOLDE<\/strong><\/strong><\/strong><\/strong><\/strong><\/strong><\/strong><\/h3>\n\n\n\n<p><strong><em><strong>Bolte og m\u00f8trikker i rustfrit st\u00e5l<\/strong><\/em><\/strong><\/p>\n\n\n\n<p>Prime-serien er bygget til at holde, med alle bolte og m\u00f8trikker lavet af <strong>rustfrit st\u00e5l<\/strong>. Denne kvalitetskonstruktion sikrer dit udstyrs lange levetid.<\/p>\n<\/div>\n<\/div>\n<\/section>\n<\/section>\n","protected":false},"excerpt":{"rendered":"<p>Evolve Prime Series Plate Loaded Smith Machine kombinerer pr\u00e6cisionsteknik med avanceret design for en alsidig og effektiv styrketr\u00e6ningsoplevelse. Denne Smith-maskine er fremstillet med holdbarhed for \u00f8je og har en kraftig konstruktion og en pulverlakeret finish, der giver langvarig ydeevne. V\u00e6gtstangens j\u00e6vne og kontrollerede bev\u00e6gelse, der styres af de line\u00e6re lejer, giver mulighed for sikre og effektive \u00f8velser som squats, pres og meget mere. Med sit brugervenlige design og overlegne byggekvalitet er denne Smith-maskine et must-have for ethvert fitnesscenter, der \u00f8nsker f\u00f8rsteklasses udstyr til et komplet styrketr\u00e6ningsprogram.<\/p>\n","protected":false},"featured_media":100252,"template":"","meta":{"_acf_changed":false,"inline_featured_image":false},"product_cat":[353,748,1199],"product_tag":[],"class_list":{"0":"post-37413","1":"product","2":"type-product","3":"status-publish","4":"has-post-thumbnail","6":"product_cat-forside","7":"product_cat-pladebelastede-maskiner","8":"product_cat-prime-series-pladelaesset","10":"first","11":"outofstock","12":"shipping-taxable","13":"purchasable","14":"product-type-simple"},"acf":[],"_links":{"self":[{"href":"https:\/\/store.evolve-fitness.eu\/da\/wp-json\/wp\/v2\/product\/37413","targetHints":{"allow":["GET"]}}],"collection":[{"href":"https:\/\/store.evolve-fitness.eu\/da\/wp-json\/wp\/v2\/product"}],"about":[{"href":"https:\/\/store.evolve-fitness.eu\/da\/wp-json\/wp\/v2\/types\/product"}],"wp:featuredmedia":[{"embeddable":true,"href":"https:\/\/store.evolve-fitness.eu\/da\/wp-json\/wp\/v2\/media\/100252"}],"wp:attachment":[{"href":"https:\/\/store.evolve-fitness.eu\/da\/wp-json\/wp\/v2\/media?parent=37413"}],"wp:term":[{"taxonomy":"product_cat","embeddable":true,"href":"https:\/\/store.evolve-fitness.eu\/da\/wp-json\/wp\/v2\/product_cat?post=37413"},{"taxonomy":"product_tag","embeddable":true,"href":"https:\/\/store.evolve-fitness.eu\/da\/wp-json\/wp\/v2\/product_tag?post=37413"}],"curies":[{"name":"wp","href":"https:\/\/api.w.org\/{rel}","templated":true}]}}