{"id":37335,"date":"2024-01-09T13:04:28","date_gmt":"2024-01-09T13:04:28","guid":{"rendered":"https:\/\/store.evolve-fitness.eu\/product\/evolve-prime-series-pladebelastet-power-rack\/"},"modified":"2024-05-27T12:21:01","modified_gmt":"2024-05-27T12:21:01","slug":"evolve-prime-series-pladebelastet-power-rack","status":"publish","type":"product","link":"https:\/\/store.evolve-fitness.eu\/da\/vare\/evolve-prime-series-pladebelastet-power-rack\/","title":{"rendered":"Evolve Prime Series pladel\u00e6sset power rack"},"content":{"rendered":"\n<p> <\/p>\n","protected":false},"excerpt":{"rendered":"<p>Evolve Prime Series Plate Loaded Power Rack PR-202 er en robust og alsidig tilf\u00f8jelse til dit fitnesscenter. Dette power rack er designet til maksimal styrketr\u00e6ning og tilbyder et sikkert og tilpasseligt tr\u00e6ningsmilj\u00f8. Med plate-loaded-funktionalitet giver den fleksibilitet til at justere modstandsniveauer efter individuelle pr\u00e6ferencer. Den slidst\u00e6rke konstruktion sikrer langvarig ydeevne, og PR-202 er udstyret med forskellige redskaber til en omfattende styrketr\u00e6ningsoplevelse. L\u00f8ft din tr\u00e6ning, og n\u00e5 dine fitnessm\u00e5l med Evolve Prime Series Plate Loaded Power Rack PR-202.<\/p>\n","protected":false},"featured_media":37338,"template":"","meta":{"_acf_changed":false,"inline_featured_image":false},"product_cat":[],"product_tag":[],"class_list":{"0":"post-37335","1":"product","2":"type-product","3":"status-publish","4":"has-post-thumbnail","7":"first","8":"instock","9":"shipping-taxable","10":"purchasable","11":"product-type-simple"},"acf":[],"_links":{"self":[{"href":"https:\/\/store.evolve-fitness.eu\/da\/wp-json\/wp\/v2\/product\/37335","targetHints":{"allow":["GET"]}}],"collection":[{"href":"https:\/\/store.evolve-fitness.eu\/da\/wp-json\/wp\/v2\/product"}],"about":[{"href":"https:\/\/store.evolve-fitness.eu\/da\/wp-json\/wp\/v2\/types\/product"}],"wp:featuredmedia":[{"embeddable":true,"href":"https:\/\/store.evolve-fitness.eu\/da\/wp-json\/wp\/v2\/media\/37338"}],"wp:attachment":[{"href":"https:\/\/store.evolve-fitness.eu\/da\/wp-json\/wp\/v2\/media?parent=37335"}],"wp:term":[{"taxonomy":"product_cat","embeddable":true,"href":"https:\/\/store.evolve-fitness.eu\/da\/wp-json\/wp\/v2\/product_cat?post=37335"},{"taxonomy":"product_tag","embeddable":true,"href":"https:\/\/store.evolve-fitness.eu\/da\/wp-json\/wp\/v2\/product_tag?post=37335"}],"curies":[{"name":"wp","href":"https:\/\/api.w.org\/{rel}","templated":true}]}}