{"id":37313,"date":"2024-01-09T13:41:44","date_gmt":"2024-01-09T13:41:44","guid":{"rendered":"https:\/\/store.evolve-fitness.eu\/product\/evolve-prime-series-pladebelastet-squatstativ\/"},"modified":"2025-11-06T09:35:59","modified_gmt":"2025-11-06T09:35:59","slug":"evolve-prime-series-pladebelastet-squatstativ","status":"publish","type":"product","link":"https:\/\/store.evolve-fitness.eu\/da\/vare\/evolve-prime-series-pladebelastet-squatstativ\/","title":{"rendered":"Evolve Prime Series Squat Rack med pladebelastning (EC-031)"},"content":{"rendered":"\n<p><\/p>\n\n<section class=\"wp-block-group alignfull black-content has-white-color has-darkgray-background-color has-text-color has-background is-layout-constrained wp-block-group-is-layout-constrained\" style=\"padding-top:var(--wp--preset--spacing--section-bottom);padding-bottom:var(--wp--preset--spacing--section-bottom)\">\n<h3 class=\"wp-block-heading has-text-align-center\" style=\"padding-top:var(--wp--preset--spacing--section-title-bottom);padding-bottom:var(--wp--preset--spacing--section-title-bottom)\"><strong>EVOLVE PLADEBELASTET PRIME-SERIE<\/strong><\/h3>\n\n\n\n<p>Med Evolve Plate Loaded Prime Series er ekspertise standarden. L\u00f8ft din styrketr\u00e6ning med maskiner, der er designet til komfort, holdbarhed og ydeevne. Udforsk hele serien i dag, og omdefiner din fitnessrejse.  <\/p>\n\n\n\n<section class=\"wp-block-group alignfull black-content has-white-color has-darkgray-background-color has-text-color has-background is-layout-constrained wp-block-group-is-layout-constrained\" style=\"margin-bottom:0;padding-top:var(--wp--preset--spacing--tb-padding);padding-bottom:var(--wp--preset--spacing--tb-padding)\">\n<div class=\"wp-block-columns alignwide mobile-reverse is-layout-flex wp-container-core-columns-is-layout-7a02faa9 wp-block-columns-is-layout-flex\" style=\"margin-bottom:var(--wp--preset--spacing--tb-section-padding)\">\n<div class=\"wp-block-column is-vertically-aligned-center is-layout-flow wp-block-column-is-layout-flow\">\n<h3 class=\"wp-block-heading\" style=\"margin-bottom:var(--wp--preset--spacing--h-3-bottom)\"><strong>Maksimer styrke og kraft<\/strong><\/h3>\n\n\n\n<p><strong><em><strong>Tunge l\u00f8ft<\/strong><\/em><\/strong><\/p>\n\n\n\n<p style=\"margin-bottom:var(--wp--preset--spacing--tb-section-padding)\"><strong>Evolve Prime Series Plate-Loaded Squat Rack<\/strong> er et vigtigt stykke udstyr til seri\u00f8s styrketr\u00e6ning. Det er designet til pladebelastet modstand og giver en robust og stabil platform til udf\u00f8relse af squats, lunges og forskellige underkrops\u00f8velser. Med sin holdbare konstruktion og ergonomiske design hj\u00e6lper dette squat-stativ brugerne med at opbygge eksplosiv kraft, \u00f8ge muskelmassen og forbedre den generelle atletiske pr\u00e6station.  <\/p>\n\n\n\n<h3 class=\"wp-block-heading\" style=\"margin-bottom:var(--wp--preset--spacing--h-3-bottom)\"><strong>M\u00e5lret mod vigtige muskelgrupper<\/strong><\/h3>\n\n\n\n<p><strong><em><strong>til total udvikling af underkroppen<\/strong><\/em><\/strong><\/p>\n\n\n\n<p>Squats og andre \u00f8velser, der udf\u00f8res p\u00e5 dette stativ, retter sig prim\u00e6rt mod <strong>quadriceps, haser, baller og l\u00e6gge,<\/strong> hvilket g\u00f8r det til et grundl\u00e6ggende redskab til udvikling af styrke i underkroppen. Derudover involverer squat <g id=\"gid_1\">kernemusklerne<\/g>, herunder <g id=\"gid_1\">mavemusklerne<\/g> og l\u00e6nden, for at forbedre stabilitet og balance. Ved at justere din position eller indarbejde forskellige variationer, s\u00e5som front squats eller lunges, kan du fokusere p\u00e5 specifikke muskelgrupper og udvikle en velafrundet fysik.  <\/p>\n<\/div>\n\n\n\n<div class=\"wp-block-column is-vertically-aligned-center is-layout-flow wp-block-column-is-layout-flow\">\n<figure class=\"wp-block-image size-full is-resized is-style-rounded\"><img loading=\"lazy\" decoding=\"async\" width=\"608\" height=\"603\" src=\"https:\/\/store.evolve-fitness.eu\/wp-content\/uploads\/2024\/01\/EV-PL-EC-031.png\" alt=\"\" class=\"wp-image-127854\" style=\"aspect-ratio:1.1333333333333333;object-fit:cover;width:661px;height:auto\" srcset=\"https:\/\/store.evolve-fitness.eu\/wp-content\/uploads\/2024\/01\/EV-PL-EC-031.png 608w, https:\/\/store.evolve-fitness.eu\/wp-content\/uploads\/2024\/01\/EV-PL-EC-031-300x298.png 300w, https:\/\/store.evolve-fitness.eu\/wp-content\/uploads\/2024\/01\/EV-PL-EC-031-150x150.png 150w, https:\/\/store.evolve-fitness.eu\/wp-content\/uploads\/2024\/01\/EV-PL-EC-031-600x595.png 600w, https:\/\/store.evolve-fitness.eu\/wp-content\/uploads\/2024\/01\/EV-PL-EC-031-100x100.png 100w\" sizes=\"auto, (max-width: 608px) 100vw, 608px\" \/><\/figure>\n<\/div>\n<\/div>\n\n\n\n<div class=\"wp-block-columns alignwide mobile-reverse is-layout-flex wp-container-core-columns-is-layout-7a02faa9 wp-block-columns-is-layout-flex\" style=\"margin-bottom:var(--wp--preset--spacing--tb-section-padding)\"><\/div>\n<\/section>\n<\/section>\n","protected":false},"excerpt":{"rendered":"<p>L\u00f8ft dit tr\u00e6ningscenter med Evolve Prime Series Plate Loaded Squat Rack EV-PL-EC-031. Dette squat-stativ er designet til kommercielle milj\u00f8er og kombinerer holdbarhed og sikkerhed. Dets robuste st\u00e5lramme og sikkerhedsfunktioner, herunder integrerede sikkerhedsstop og bl\u00f8de PVC-bekl\u00e6dte f\u00f8dder, sikrer sikker solotr\u00e6ning. Med fem justerbare positioner er det alsidigt til forskellige \u00f8velser, og det er kompatibelt med justerbare b\u00e6nke. Du kan endda tilpasse farven, s\u00e5 den matcher dit fitnesscenters branding. Stativet er praktisk med seks pinde til opbevaring af v\u00e6gtskiver og 20 fastg\u00f8relsespunkter til stangen. Opgrader din styrketr\u00e6ning med Evolve Prime Series Squat Rack.      <\/p>\n","protected":false},"featured_media":140441,"template":"","meta":{"_acf_changed":false,"inline_featured_image":false},"product_cat":[748,1193],"product_tag":[],"class_list":{"0":"post-37313","1":"product","2":"type-product","3":"status-publish","4":"has-post-thumbnail","6":"product_cat-pladebelastede-maskiner","7":"product_cat-econ-series-pladelaesset","9":"first","10":"instock","11":"shipping-taxable","12":"purchasable","13":"product-type-simple"},"acf":[],"_links":{"self":[{"href":"https:\/\/store.evolve-fitness.eu\/da\/wp-json\/wp\/v2\/product\/37313","targetHints":{"allow":["GET"]}}],"collection":[{"href":"https:\/\/store.evolve-fitness.eu\/da\/wp-json\/wp\/v2\/product"}],"about":[{"href":"https:\/\/store.evolve-fitness.eu\/da\/wp-json\/wp\/v2\/types\/product"}],"wp:featuredmedia":[{"embeddable":true,"href":"https:\/\/store.evolve-fitness.eu\/da\/wp-json\/wp\/v2\/media\/140441"}],"wp:attachment":[{"href":"https:\/\/store.evolve-fitness.eu\/da\/wp-json\/wp\/v2\/media?parent=37313"}],"wp:term":[{"taxonomy":"product_cat","embeddable":true,"href":"https:\/\/store.evolve-fitness.eu\/da\/wp-json\/wp\/v2\/product_cat?post=37313"},{"taxonomy":"product_tag","embeddable":true,"href":"https:\/\/store.evolve-fitness.eu\/da\/wp-json\/wp\/v2\/product_tag?post=37313"}],"curies":[{"name":"wp","href":"https:\/\/api.w.org\/{rel}","templated":true}]}}