{"id":37169,"date":"2024-01-09T12:45:30","date_gmt":"2024-01-09T12:45:30","guid":{"rendered":"https:\/\/store.evolve-fitness.eu\/product\/evolve-prime-series-selectorized-hofteabduktion-adduktion\/"},"modified":"2024-06-05T12:09:38","modified_gmt":"2024-06-05T12:09:38","slug":"evolve-prime-series-selectorized-hofteabduktion-adduktion","status":"publish","type":"product","link":"https:\/\/store.evolve-fitness.eu\/da\/vare\/evolve-prime-series-selectorized-hofteabduktion-adduktion\/","title":{"rendered":"Evolve Prime Series Selectorized hofteabduktion\/adduktion"},"content":{"rendered":"\n<section class=\"wp-block-group alignfull black-content has-white-color has-darkgray-background-color has-text-color has-background is-layout-constrained wp-block-group-is-layout-constrained\" style=\"padding-top:var(--wp--preset--spacing--section-bottom);padding-bottom:var(--wp--preset--spacing--section-bottom)\">\n<section class=\"wp-block-group alignfull black-content has-white-color has-darkgray-background-color has-text-color has-background is-layout-constrained wp-block-group-is-layout-constrained\" style=\"padding-top:var(--wp--preset--spacing--section-bottom);padding-bottom:var(--wp--preset--spacing--section-bottom)\">\n<div class=\"wp-block-columns alignwide mobile-reverse is-layout-flex wp-container-core-columns-is-layout-ca64bf2d wp-block-columns-is-layout-flex\" style=\"margin-bottom:var(--wp--preset--spacing--side-padding)\">\n<div class=\"wp-block-column is-vertically-aligned-center is-layout-flow wp-block-column-is-layout-flow\">\n<h3 class=\"wp-block-heading\" style=\"margin-bottom:var(--wp--preset--spacing--h-3-bottom)\">Revolutioner din tr\u00e6ning<\/h3>\n\n\n\n<p><em><strong>Evolve Prime-serien af selektive maskiner<\/strong><\/em><\/p>\n\n\n\n<p style=\"margin-bottom:var(--wp--preset--spacing--tb-section-padding)\">L\u00f8ft din fitnessrejse med Evolve Prime Series selectorized maskiner. Disse maskiner er designet til effektiv tr\u00e6ning og tilbyder en r\u00e6kke funktioner, der forbedrer din tr\u00e6ningsrutine. Med justerbare s\u00e6der og rygl\u00e6n kan brugerne tilpasse deres tr\u00e6ningspositioner for maksimal komfort. Maskinerne har en us\u00e6dvanligt holdbar oval ramme, der b\u00e5de giver et stilfuldt design og en lang levetid, der passer til kommercielle omgivelser. En behagelig polstret base sikrer stabilitet under din tr\u00e6ning, mens skridsikre h\u00e5ndtag, et t\u00e5rndesign med lav profil, kompakt st\u00f8rrelse og tilpassede ramme- og polstringsfarver tilf\u00f8jer et strejf af stil til dit tr\u00e6ningscenter. Oplev unilaterale bev\u00e6gelser og konvergerende aksearme, der giver en naturlig og afbalanceret tr\u00e6ningsoplevelse.<\/p>\n\n\n\n<h3 class=\"wp-block-heading\" style=\"margin-bottom:var(--wp--preset--spacing--h-3-bottom)\">Ergonomisk ekspertise<\/h3>\n\n\n\n<p><strong><em>Skr\u00e6ddersyet til din krop<\/em><\/strong><\/p>\n\n\n\n<p>Vores selekterede styrkemaskiner har et ergonomisk design, der tilpasser sig den menneskelige krops anatomi. Det sikrer en korrekt kropsposition og stabiliserer leddene under tr\u00e6ningen. H\u00e5ndtagene er d\u00e6kket af et skridsikkert materiale, der garanterer maksimal stabilitet og tr\u00e6ningssikkerhed. Justerbare s\u00e6der og rygl\u00e6n giver brugerne mulighed for at finde den perfekte tr\u00e6ningsstilling, der passer til deres individuelle behov. Justeringsh\u00e5ndtagene, der er malet i en klar r\u00f8d farve, er b\u00e5de lette at identificere og brugervenlige.<\/p>\n<\/div>\n\n\n\n<div class=\"wp-block-column is-vertically-aligned-center is-layout-flow wp-block-column-is-layout-flow\">\n<figure class=\"wp-block-image size-full is-resized is-style-rounded\"><img loading=\"lazy\" decoding=\"async\" width=\"810\" height=\"810\" src=\"https:\/\/store.evolve-fitness.eu\/wp-content\/uploads\/2024\/06\/Dizainas-be-pavadinimo-13.png\" alt=\"\" class=\"wp-image-70256\" style=\"width:963px;height:auto\" srcset=\"https:\/\/store.evolve-fitness.eu\/wp-content\/uploads\/2024\/06\/Dizainas-be-pavadinimo-13.png 810w, https:\/\/store.evolve-fitness.eu\/wp-content\/uploads\/2024\/06\/Dizainas-be-pavadinimo-13-300x300.png 300w, https:\/\/store.evolve-fitness.eu\/wp-content\/uploads\/2024\/06\/Dizainas-be-pavadinimo-13-150x150.png 150w, https:\/\/store.evolve-fitness.eu\/wp-content\/uploads\/2024\/06\/Dizainas-be-pavadinimo-13-768x768.png 768w, https:\/\/store.evolve-fitness.eu\/wp-content\/uploads\/2024\/06\/Dizainas-be-pavadinimo-13-600x600.png 600w, https:\/\/store.evolve-fitness.eu\/wp-content\/uploads\/2024\/06\/Dizainas-be-pavadinimo-13-100x100.png 100w\" sizes=\"auto, (max-width: 810px) 100vw, 810px\" \/><\/figure>\n<\/div>\n<\/div>\n<\/section>\n\n\n\n<section class=\"wp-block-group alignfull black-content has-white-color has-darkgray-background-color has-text-color has-background is-layout-constrained wp-block-group-is-layout-constrained\" style=\"padding-top:var(--wp--preset--spacing--section-bottom);padding-bottom:var(--wp--preset--spacing--section-bottom)\">\n<div class=\"wp-block-columns alignwide mobile-reverse is-layout-flex wp-container-core-columns-is-layout-ca64bf2d wp-block-columns-is-layout-flex\" style=\"margin-bottom:var(--wp--preset--spacing--side-padding)\">\n<div class=\"wp-block-column is-vertically-aligned-center is-layout-flow wp-block-column-is-layout-flow\">\n<figure class=\"wp-block-image size-full is-resized\"><img loading=\"lazy\" decoding=\"async\" width=\"1080\" height=\"1080\" src=\"https:\/\/store.evolve-fitness.eu\/wp-content\/uploads\/2024\/06\/Dizainas-be-pavadinimo-12-3.png\" alt=\"\" class=\"wp-image-70963\" style=\"width:950px;height:auto\" srcset=\"https:\/\/store.evolve-fitness.eu\/wp-content\/uploads\/2024\/06\/Dizainas-be-pavadinimo-12-3.png 1080w, https:\/\/store.evolve-fitness.eu\/wp-content\/uploads\/2024\/06\/Dizainas-be-pavadinimo-12-3-300x300.png 300w, https:\/\/store.evolve-fitness.eu\/wp-content\/uploads\/2024\/06\/Dizainas-be-pavadinimo-12-3-1024x1024.png 1024w, https:\/\/store.evolve-fitness.eu\/wp-content\/uploads\/2024\/06\/Dizainas-be-pavadinimo-12-3-150x150.png 150w, https:\/\/store.evolve-fitness.eu\/wp-content\/uploads\/2024\/06\/Dizainas-be-pavadinimo-12-3-768x768.png 768w, https:\/\/store.evolve-fitness.eu\/wp-content\/uploads\/2024\/06\/Dizainas-be-pavadinimo-12-3-600x600.png 600w, https:\/\/store.evolve-fitness.eu\/wp-content\/uploads\/2024\/06\/Dizainas-be-pavadinimo-12-3-100x100.png 100w\" sizes=\"auto, (max-width: 1080px) 100vw, 1080px\" \/><\/figure>\n<\/div>\n\n\n\n<div class=\"wp-block-column is-vertically-aligned-center is-layout-flow wp-block-column-is-layout-flow\">\n<h3 class=\"wp-block-heading\" style=\"margin-bottom:var(--wp--preset--spacing--h-3-bottom)\">Sikkerhed og enkelhed<\/h3>\n\n\n\n<p><strong><em>Ubesv\u00e6rede justeringer<\/em><\/strong><\/p>\n\n\n\n<p style=\"margin-bottom:var(--wp--preset--spacing--tb-section-padding)\">Sikkerhed er altafg\u00f8rende, og derfor er v\u00e6gtstablerne p\u00e5 alle selekterede styrkemaskiner helt indkapslet med uigennemsigtige plastikd\u00e6ksler. Det \u00f8ger ikke kun tr\u00e6ningssikkerheden, men giver ogs\u00e5 et attraktivt udseende. Det er nemt at skifte modstand &#8211; du skal blot skubbe stiften ind i den \u00f8nskede v\u00e6gtstabel. Hver v\u00e6gtskive er beskyttet af et ekstra korrosionsbestandigt lag.<\/p>\n\n\n\n<h3 class=\"wp-block-heading\" style=\"margin-bottom:var(--wp--preset--spacing--h-3-bottom)\">Multi-funktionel<\/h3>\n\n\n\n<p><strong><em>Bekvemmelighed lige ved h\u00e5nden<\/em><\/strong><\/p>\n\n\n\n<p>Indbyggede opbevaringsrum giver brugerne mulighed for at holde vigtige ting som vandflasker, musikafspillere eller mobiltelefoner inden for r\u00e6kkevidde. Informative plakater viser, hvilke muskelgrupper hver tr\u00e6ner er rettet mod, og giver korrekt kropsposition og bev\u00e6gelsesvejledning for at sikre, at \u00f8velserne udf\u00f8res korrekt. Arme med konvergerende akser efterligner naturlige bev\u00e6gelser, og unilaterale h\u00e5ndtagsbev\u00e6gelser giver mulighed for m\u00e5lrettet muskelaktivering, uanset om man bruger den ene eller begge h\u00e6nder, hvilket fremmer styrke med symmetri og balance.<\/p>\n<\/div>\n<\/div>\n<\/section>\n\n\n\n<section class=\"wp-block-group alignfull black-content has-white-color has-darkgray-background-color has-text-color has-background is-layout-constrained wp-block-group-is-layout-constrained\" style=\"padding-top:var(--wp--preset--spacing--section-bottom);padding-bottom:var(--wp--preset--spacing--section-bottom)\">\n<div class=\"wp-block-columns alignwide mobile-reverse is-layout-flex wp-container-core-columns-is-layout-ca64bf2d wp-block-columns-is-layout-flex\" style=\"margin-bottom:var(--wp--preset--spacing--side-padding)\">\n<div class=\"wp-block-column is-vertically-aligned-center is-layout-flow wp-block-column-is-layout-flow\">\n<h3 class=\"wp-block-heading\" style=\"margin-bottom:var(--wp--preset--spacing--h-3-bottom)\">Overd\u00e5dig komfort<\/h3>\n\n\n\n<p><strong><em>St\u00f8ttende polstring<\/em><\/strong><\/p>\n\n\n\n<p style=\"margin-bottom:var(--wp--preset--spacing--tb-section-padding)\">Sikkerhed er altafg\u00f8rende, og derfor er v\u00e6gtstablerne p\u00e5 alle selekterede styrkemaskiner helt indkapslet med uigennemsigtige plastikd\u00e6ksler. Det \u00f8ger ikke kun tr\u00e6ningssikkerheden, men giver ogs\u00e5 et attraktivt udseende. Det er nemt at skifte modstand &#8211; du skal blot skubbe stiften ind i den \u00f8nskede v\u00e6gtstabel. Hver v\u00e6gtskive er beskyttet af et ekstra korrosionsbestandigt lag.<\/p>\n\n\n\n<h3 class=\"wp-block-heading\" style=\"margin-bottom:var(--wp--preset--spacing--h-3-bottom)\">Bygget til at holde<\/h3>\n\n\n\n<p><strong><em>Robust ramme<\/em><\/strong><\/p>\n\n\n\n<p>Stellet er fremstillet af svejsede, pulverlakerede ovale r\u00f8r og er ikke bare us\u00e6dvanligt holdbart, men ogs\u00e5 rustbestandigt. Uanset om du er en hjemmebruger, der s\u00f8ger kvalitet, eller et professionelt fitnesscenter eller en kommerciel fitnessfacilitet, herunder milit\u00e6rbaser, hoteller, vandrerhjem og rehabiliteringscentre, er disse maskiner designet til at opfylde dine forventninger.<\/p>\n\n\n\n<p><\/p>\n\n\n\n<div class=\"wp-block-columns is-layout-flex wp-container-core-columns-is-layout-9d6595d7 wp-block-columns-is-layout-flex\">\n<div class=\"wp-block-column is-layout-flow wp-block-column-is-layout-flow\">\n<div class=\"wp-block-columns is-layout-flex wp-container-core-columns-is-layout-9d6595d7 wp-block-columns-is-layout-flex\">\n<div class=\"wp-block-column is-layout-flow wp-block-column-is-layout-flow\"><\/div>\n<\/div>\n<\/div>\n<\/div>\n\n\n\n<h3 class=\"wp-block-heading\" style=\"margin-bottom:var(--wp--preset--spacing--h-3-bottom)\">Ideel til professionelle<\/h3>\n\n\n\n<p><strong><em>Tilpas dit fitnesscenter<\/em><\/strong><\/p>\n\n\n\n<p>Styrk dit fitnesscenters brandimage med udstyr, der matcher din stil. N\u00e5r du bestiller Evolve-udstyr, matcher vi det til dit interi\u00f8rfarveskema og tilpasser stel- og polstringsfarverne, s\u00e5 de passer til dit rum. Oplev den l\u00f8sning, du har ventet p\u00e5 &#8211; fitnessudstyr skr\u00e6ddersyet til dine behov. V\u00e6lg fitnessudstyr af h\u00f8j kvalitet, der udm\u00e6rker sig i et kommercielt milj\u00f8, samtidig med at det komplementerer dit interi\u00f8rfarveskema.<\/p>\n<\/div>\n\n\n\n<div class=\"wp-block-column is-vertically-aligned-center is-layout-flow wp-block-column-is-layout-flow\">\n<figure class=\"wp-block-image size-large is-resized\"><img loading=\"lazy\" decoding=\"async\" width=\"617\" height=\"617\" src=\"https:\/\/store.evolve-fitness.eu\/wp-content\/uploads\/2024\/06\/Dizainas-be-pavadinimo-12-4-edited.png\" alt=\"\" class=\"wp-image-74620\" style=\"width:956px;height:auto\" srcset=\"https:\/\/store.evolve-fitness.eu\/wp-content\/uploads\/2024\/06\/Dizainas-be-pavadinimo-12-4-edited.png 617w, https:\/\/store.evolve-fitness.eu\/wp-content\/uploads\/2024\/06\/Dizainas-be-pavadinimo-12-4-edited-300x300.png 300w, https:\/\/store.evolve-fitness.eu\/wp-content\/uploads\/2024\/06\/Dizainas-be-pavadinimo-12-4-edited-150x150.png 150w, https:\/\/store.evolve-fitness.eu\/wp-content\/uploads\/2024\/06\/Dizainas-be-pavadinimo-12-4-edited-600x600.png 600w, https:\/\/store.evolve-fitness.eu\/wp-content\/uploads\/2024\/06\/Dizainas-be-pavadinimo-12-4-edited-100x100.png 100w\" sizes=\"auto, (max-width: 617px) 100vw, 617px\" \/><\/figure>\n<\/div>\n<\/div>\n<\/section>\n<\/section>\n","protected":false},"excerpt":{"rendered":"<p>Opgrader dit fitnesscenter med Evolve Prime Series Hip Abduction\/Adduction-maskine, PR-216. Design med to bev\u00e6gelser, holdbart stel og farver, der kan tilpasses. 114 kg v\u00e6gtstabel til alle niveauer. Sikkerhed og stil kombineret til effektiv tr\u00e6ning.<\/p>\n","protected":false},"featured_media":36560,"template":"","meta":{"_acf_changed":false,"inline_featured_image":false},"product_cat":[353,1107,1154],"product_tag":[],"class_list":{"0":"post-37169","1":"product","2":"type-product","3":"status-publish","4":"has-post-thumbnail","6":"product_cat-forside","7":"product_cat-selekterede-maskiner","8":"product_cat-prime-series-selektive-maskiner","10":"first","11":"outofstock","12":"shipping-taxable","13":"purchasable","14":"product-type-simple"},"acf":[],"_links":{"self":[{"href":"https:\/\/store.evolve-fitness.eu\/da\/wp-json\/wp\/v2\/product\/37169","targetHints":{"allow":["GET"]}}],"collection":[{"href":"https:\/\/store.evolve-fitness.eu\/da\/wp-json\/wp\/v2\/product"}],"about":[{"href":"https:\/\/store.evolve-fitness.eu\/da\/wp-json\/wp\/v2\/types\/product"}],"wp:featuredmedia":[{"embeddable":true,"href":"https:\/\/store.evolve-fitness.eu\/da\/wp-json\/wp\/v2\/media\/36560"}],"wp:attachment":[{"href":"https:\/\/store.evolve-fitness.eu\/da\/wp-json\/wp\/v2\/media?parent=37169"}],"wp:term":[{"taxonomy":"product_cat","embeddable":true,"href":"https:\/\/store.evolve-fitness.eu\/da\/wp-json\/wp\/v2\/product_cat?post=37169"},{"taxonomy":"product_tag","embeddable":true,"href":"https:\/\/store.evolve-fitness.eu\/da\/wp-json\/wp\/v2\/product_tag?post=37169"}],"curies":[{"name":"wp","href":"https:\/\/api.w.org\/{rel}","templated":true}]}}