{"id":37027,"date":"2024-01-09T12:25:26","date_gmt":"2024-01-09T12:25:26","guid":{"rendered":"https:\/\/store.evolve-fitness.eu\/product\/evolve-prime-series-pladebelastet-baeltesquatmaskine\/"},"modified":"2024-07-25T11:50:53","modified_gmt":"2024-07-25T11:50:53","slug":"evolve-prime-series-pladebelastet-baeltesquatmaskine","status":"publish","type":"product","link":"https:\/\/store.evolve-fitness.eu\/da\/vare\/evolve-prime-series-pladebelastet-baeltesquatmaskine\/","title":{"rendered":"Evolve Prime Series pladel\u00e6sset b\u00e6lte-squatmaskine"},"content":{"rendered":"\n<section class=\"wp-block-group alignfull black-content has-white-color has-darkgray-background-color has-text-color has-background is-layout-constrained wp-block-group-is-layout-constrained\" style=\"padding-top:var(--wp--preset--spacing--section-bottom);padding-bottom:var(--wp--preset--spacing--section-bottom)\">\n<h3 class=\"wp-block-heading has-text-align-center\"><strong><strong>EVOLVE PLADEBELASTET PRIME-SERIE<\/strong><\/strong><\/h3>\n\n\n\n<p>Med Evolve Plate Loaded Prime Series er ekspertise standarden. L\u00f8ft din styrketr\u00e6ning med maskiner, der er designet til komfort, holdbarhed og ydeevne. Udforsk hele serien i dag, og omdefiner din fitnessrejse.<\/p>\n\n\n\n<section class=\"wp-block-group alignfull black-content has-white-color has-darkgray-background-color has-text-color has-background is-layout-constrained wp-block-group-is-layout-constrained\" style=\"padding-top:var(--wp--preset--spacing--section-bottom);padding-bottom:var(--wp--preset--spacing--section-bottom)\">\n<div class=\"wp-block-columns alignwide mobile-reverse is-layout-flex wp-container-core-columns-is-layout-ca64bf2d wp-block-columns-is-layout-flex\" style=\"margin-bottom:var(--wp--preset--spacing--side-padding)\">\n<div class=\"wp-block-column is-vertically-aligned-center is-layout-flow wp-block-column-is-layout-flow\">\n<h3 class=\"wp-block-heading\" style=\"margin-bottom:var(--wp--preset--spacing--h-3-bottom)\"><strong><strong><strong>Excellence omdefineret<\/strong><\/strong><\/strong><\/h3>\n\n\n\n<p><strong><em><strong>Vi pr\u00e6senterer Evolve Plate Loaded Prime Series<\/strong><\/em><\/strong><\/p>\n\n\n\n<p style=\"margin-bottom:var(--wp--preset--spacing--tb-section-padding)\">Oplev det ypperste inden for styrketr\u00e6ning med Evolve Plate Loaded Prime Series. Hver maskine i denne serie er omhyggeligt udformet til at give en overlegen tr\u00e6ningsoplevelse, og her er hvorfor<\/p>\n\n\n\n<h3 class=\"wp-block-heading\" style=\"margin-bottom:var(--wp--preset--spacing--h-3-bottom)\">opbevaringsl\u00f8sning  <\/h3>\n\n\n\n<p><strong><em><strong><strong><strong>Overlegen komfort og holdbarhed<\/strong><\/strong><\/strong><\/em><\/strong><\/p>\n\n\n\n<p>Hold orden og maksimer pladsen med <strong>Pegs til opbevaring af v\u00e6gtskiver<\/strong>. Hold dine tallerkener inden for r\u00e6kkevidde, og s\u00f8rg for et tr\u00e6ningsmilj\u00f8 uden rod.<\/p>\n<\/div>\n\n\n\n<div class=\"wp-block-column is-vertically-aligned-center is-layout-flow wp-block-column-is-layout-flow\">\n<figure class=\"wp-block-video\"><video height=\"1373\" style=\"aspect-ratio: 2060 \/ 1373;\" width=\"2060\" autoplay=\"\" controls=\"\" loop=\"\" muted=\"\" src=\"https:\/\/evolve-fitness.eu\/wp-content\/uploads\/2024\/07\/EV-PL-PR-005.mp4\"><\/video><\/figure>\n<\/div>\n<\/div>\n\n\n\n<div class=\"wp-block-columns alignwide mobile-reverse is-layout-flex wp-container-core-columns-is-layout-ca64bf2d wp-block-columns-is-layout-flex\" style=\"margin-bottom:var(--wp--preset--spacing--side-padding)\">\n<div class=\"wp-block-column is-vertically-aligned-center is-layout-flow wp-block-column-is-layout-flow\">\n<figure class=\"wp-block-image size-large\"><img decoding=\"async\" src=\"https:\/\/evolve-fitness.eu\/wp-content\/uploads\/2023\/09\/A7_06502-1024x683.jpg\" alt=\"\" class=\"wp-image-8316\"\/><\/figure>\n<\/div>\n\n\n\n<div class=\"wp-block-column is-vertically-aligned-center is-layout-flow wp-block-column-is-layout-flow\">\n<h3 class=\"wp-block-heading\" style=\"margin-bottom:var(--wp--preset--spacing--h-3-bottom)\"><strong><strong>M\u00e5lrettet muskelinddragelse<\/strong><\/strong><\/h3>\n\n\n\n<p><strong>Brugervenlige justeringsknapper i levende gul<\/strong><\/p>\n\n\n\n<p style=\"margin-bottom:var(--wp--preset--spacing--tb-section-padding)\">For dem, der s\u00f8ger alsidighed, tilbyder udvalgte maskiner i Prime-serien <strong>unilateral armbev\u00e6gelse<\/strong>. Denne funktion giver dig mulighed for effektivt at m\u00e5lrette mod specifikke muskelgrupper, s\u00e5 du kan tilpasse dit tr\u00e6ningsprogram.<\/p>\n<\/div>\n<\/div>\n\n\n\n<div class=\"wp-block-columns alignwide mobile-reverse is-layout-flex wp-container-core-columns-is-layout-ca64bf2d wp-block-columns-is-layout-flex\" style=\"margin-bottom:var(--wp--preset--spacing--side-padding)\">\n<div class=\"wp-block-column is-vertically-aligned-center is-layout-flow wp-block-column-is-layout-flow\">\n<h3 class=\"wp-block-heading\" style=\"margin-bottom:var(--wp--preset--spacing--h-3-bottom)\"><strong><strong>Problemfri tr\u00e6ning<\/strong><\/strong><\/h3>\n\n\n\n<p><strong><em><strong><strong><strong><strong><strong>\u00c5ben ramme for nem adgang<\/strong><\/strong><\/strong><\/strong><\/strong><\/em><\/strong><\/p>\n\n\n\n<p style=\"margin-bottom:var(--wp--preset--spacing--tb-section-padding)\">Open Frame-designet p\u00e5 vores maskiner sikrer nem adgang, s\u00e5 du kan skifte mellem \u00f8velserne uden problemer. Sig farvel til un\u00f8dvendigt besv\u00e6r, og fokuser p\u00e5 din tr\u00e6ning.<\/p>\n<\/div>\n\n\n\n<div class=\"wp-block-column is-vertically-aligned-center is-layout-flow wp-block-column-is-layout-flow\">\n<figure class=\"wp-block-image size-large\"><img decoding=\"async\" src=\"https:\/\/evolve-fitness.eu\/wp-content\/uploads\/2023\/09\/A7_06513-683x1024.jpg\" alt=\"\" class=\"wp-image-8318\"\/><\/figure>\n<\/div>\n<\/div>\n\n\n\n<div class=\"wp-block-columns alignwide mobile-reverse is-layout-flex wp-container-core-columns-is-layout-ca64bf2d wp-block-columns-is-layout-flex\" style=\"margin-bottom:var(--wp--preset--spacing--side-padding)\">\n<div class=\"wp-block-column is-vertically-aligned-center is-layout-flow wp-block-column-is-layout-flow\">\n<figure class=\"wp-block-image size-large\"><img decoding=\"async\" src=\"https:\/\/evolve-fitness.eu\/wp-content\/uploads\/2023\/12\/A7_06500-1024x683.jpg\" alt=\"\" class=\"wp-image-8320\"\/><\/figure>\n<\/div>\n\n\n\n<div class=\"wp-block-column is-vertically-aligned-center is-layout-flow wp-block-column-is-layout-flow\">\n<h3 class=\"wp-block-heading\" style=\"margin-bottom:var(--wp--preset--spacing--h-3-bottom)\"><strong><strong><strong><strong><strong><strong><strong>Bygget til at holde<\/strong><\/strong><\/strong><\/strong><\/strong><\/strong><\/strong><\/h3>\n\n\n\n<p><strong><em><strong><strong><strong><em><strong><strong><strong>Bolte og m\u00f8trikker i rustfrit st\u00e5l<\/strong><\/strong><\/strong><\/em><\/strong><\/strong><\/strong><\/em><\/strong><\/p>\n\n\n\n<p style=\"margin-bottom:var(--wp--preset--spacing--tb-section-padding)\">Prime-serien er bygget til at holde, med alle bolte og m\u00f8trikker lavet af <strong>rustfrit st\u00e5l<\/strong>. Denne kvalitetskonstruktion sikrer dit udstyrs lange levetid.<\/p>\n\n\n\n<h3 class=\"wp-block-heading\" style=\"margin-bottom:var(--wp--preset--spacing--h-3-bottom)\"><strong><strong><strong><strong><strong><strong><strong>Holdbar finish<\/strong><\/strong><\/strong><\/strong><\/strong><\/strong><\/strong><\/h3>\n\n\n\n<p><strong><em><strong><strong><strong><strong><strong>Elektrostatisk spr\u00f8jteteknologi til termoh\u00e6rdende pulver<\/strong><\/strong><\/strong><\/strong><\/strong><\/em><\/strong><\/p>\n\n\n\n<p>Oplev en holdbar finish med vores <strong>elektrostatiske spr\u00f8jteteknologi til termoh\u00e6rdende pulver<\/strong>. Denne avancerede bel\u00e6gning sikrer, at dit udstyr bevarer sin visuelle fremtoning over tid.<\/p>\n<\/div>\n<\/div>\n<\/section>\n<\/section>\n","protected":false},"excerpt":{"rendered":"<p>Evolve Prime Series Belt Squat Machine revolutionerer bentr\u00e6ningen og giver en sikker og effektiv m\u00e5de at tr\u00e6ne underkroppen p\u00e5 uden at belaste rygs\u00f8jlen. Med et justerbart b\u00e6lte og j\u00e6vne bev\u00e6gelser sikrer denne maskine en behagelig og sikker tr\u00e6ningsoplevelse. Prime Series Belt Squat Machine fra Evolve er en alsidig og robust tilf\u00f8jelse til ethvert fitnesscenter og forbedrer benfokuseret tr\u00e6ning med sit innovative design og ydeevne.<\/p>\n","protected":false},"featured_media":37029,"template":"","meta":{"_acf_changed":false,"inline_featured_image":false},"product_cat":[353,748,1199],"product_tag":[],"class_list":{"0":"post-37027","1":"product","2":"type-product","3":"status-publish","4":"has-post-thumbnail","6":"product_cat-forside","7":"product_cat-pladebelastede-maskiner","8":"product_cat-prime-series-pladelaesset","10":"first","11":"instock","12":"sale","13":"shipping-taxable","14":"purchasable","15":"product-type-simple"},"acf":[],"_links":{"self":[{"href":"https:\/\/store.evolve-fitness.eu\/da\/wp-json\/wp\/v2\/product\/37027","targetHints":{"allow":["GET"]}}],"collection":[{"href":"https:\/\/store.evolve-fitness.eu\/da\/wp-json\/wp\/v2\/product"}],"about":[{"href":"https:\/\/store.evolve-fitness.eu\/da\/wp-json\/wp\/v2\/types\/product"}],"wp:featuredmedia":[{"embeddable":true,"href":"https:\/\/store.evolve-fitness.eu\/da\/wp-json\/wp\/v2\/media\/37029"}],"wp:attachment":[{"href":"https:\/\/store.evolve-fitness.eu\/da\/wp-json\/wp\/v2\/media?parent=37027"}],"wp:term":[{"taxonomy":"product_cat","embeddable":true,"href":"https:\/\/store.evolve-fitness.eu\/da\/wp-json\/wp\/v2\/product_cat?post=37027"},{"taxonomy":"product_tag","embeddable":true,"href":"https:\/\/store.evolve-fitness.eu\/da\/wp-json\/wp\/v2\/product_tag?post=37027"}],"curies":[{"name":"wp","href":"https:\/\/api.w.org\/{rel}","templated":true}]}}