{"id":35520,"date":"2024-01-04T15:13:30","date_gmt":"2024-01-04T15:13:30","guid":{"rendered":"https:\/\/store.evolve-fitness.eu\/product\/evolve-econ-series-selectorized-glute-trainer\/"},"modified":"2024-12-06T12:30:53","modified_gmt":"2024-12-06T12:30:53","slug":"evolve-econ-series-selectorized-glute-trainer","status":"publish","type":"product","link":"https:\/\/store.evolve-fitness.eu\/da\/vare\/evolve-econ-series-selectorized-glute-trainer\/","title":{"rendered":"Evolve Econ Series Selectorized Glute Trainer"},"content":{"rendered":"\n<section class=\"wp-block-group alignfull black-content has-white-color has-darkgray-background-color has-text-color has-background is-layout-constrained wp-block-group-is-layout-constrained\" style=\"padding-top:var(--wp--preset--spacing--section-bottom);padding-bottom:var(--wp--preset--spacing--section-bottom)\">\n<div class=\"wp-block-columns alignwide mobile-reverse is-layout-flex wp-container-core-columns-is-layout-ca64bf2d wp-block-columns-is-layout-flex\" style=\"margin-bottom:var(--wp--preset--spacing--side-padding)\">\n<div class=\"wp-block-column is-vertically-aligned-center is-layout-flow wp-block-column-is-layout-flow\">\n<h3 class=\"wp-block-heading\" style=\"margin-bottom:var(--wp--preset--spacing--h-3-bottom)\">Evolve Econ-serien<\/h3>\n\n\n\n<p><em><strong><em><strong>Excellence til en overkommelig pris<\/strong><\/em><\/strong><\/em><\/p>\n\n\n\n<p style=\"margin-bottom:var(--wp--preset--spacing--tb-section-padding)\">Velkommen til Evolve Econ-serien, hvor vi omdefinerer ekspertise uden at spr\u00e6nge banken. Vores Econ-serie er designet til ejere af fitnesscentre, potentielle ejere af fitnesscentre og fitnesscentre i alle st\u00f8rrelser og tilbyder en r\u00e6kke omkostningseffektive selektive maskiner, der prioriterer kvalitet og ydeevne. Lad os udforske de unikke funktioner, der g\u00f8r Econ-serien til et enest\u00e5ende valg for dem, der s\u00f8ger budgetvenligt fitnessudstyr af h\u00f8j kvalitet.<\/p>\n\n\n\n<h3 class=\"wp-block-heading\" style=\"margin-bottom:var(--wp--preset--spacing--h-3-bottom)\">Holdbarhed og beskyttelse<\/h3>\n\n\n\n<p><strong><em><strong><em>Fordelen ved pulverlakerede rammer<\/em><\/strong><\/em><\/strong><\/p>\n\n\n\n<p>Oplev holdbarheden af vores udstyr med fordelen ved pulverlakerede rammer. Disse rammer er modstandsdygtige over for sp\u00e5ner og rust, og de er skr\u00e6ddersyet til lang levetid, s\u00e5 din investering kan holde til tidens tand. For ejere af motionscentre og budgetbevidste fitnesscentre er denne funktion afg\u00f8rende for at kunne levere udstyr, der holder uden at spr\u00e6nge budgettet.<\/p>\n<\/div>\n\n\n\n<div class=\"wp-block-column is-vertically-aligned-center is-layout-flow wp-block-column-is-layout-flow\">\n<figure class=\"wp-block-image alignright size-full is-resized is-style-rounded\"><img loading=\"lazy\" decoding=\"async\" width=\"680\" height=\"600\" src=\"https:\/\/store.evolve-fitness.eu\/wp-content\/uploads\/2024\/05\/Evolve-Selectorized-EC-032.png\" alt=\"\" class=\"wp-image-68289\" style=\"object-fit:cover;width:915px;height:auto\" srcset=\"https:\/\/store.evolve-fitness.eu\/wp-content\/uploads\/2024\/05\/Evolve-Selectorized-EC-032.png 680w, https:\/\/store.evolve-fitness.eu\/wp-content\/uploads\/2024\/05\/Evolve-Selectorized-EC-032-300x265.png 300w, https:\/\/store.evolve-fitness.eu\/wp-content\/uploads\/2024\/05\/Evolve-Selectorized-EC-032-600x529.png 600w\" sizes=\"auto, (max-width: 680px) 100vw, 680px\" \/><\/figure>\n<\/div>\n<\/div>\n\n\n\n<div class=\"wp-block-columns alignwide is-layout-flex wp-container-core-columns-is-layout-c45ee707 wp-block-columns-is-layout-flex\" style=\"margin-bottom:var(--wp--preset--spacing--side-padding);padding-top:var(--wp--preset--spacing--side-padding)\">\n<div class=\"wp-block-column is-vertically-aligned-center is-layout-flow wp-block-column-is-layout-flow\">\n<figure class=\"wp-block-image size-full is-resized is-style-rounded\"><img loading=\"lazy\" decoding=\"async\" width=\"680\" height=\"600\" src=\"https:\/\/store.evolve-fitness.eu\/wp-content\/uploads\/2024\/05\/Evolve-Selectorized-EC-032-1.png\" alt=\"\" class=\"wp-image-68314\" style=\"aspect-ratio:1;object-fit:cover;width:846px;height:auto\" srcset=\"https:\/\/store.evolve-fitness.eu\/wp-content\/uploads\/2024\/05\/Evolve-Selectorized-EC-032-1.png 680w, https:\/\/store.evolve-fitness.eu\/wp-content\/uploads\/2024\/05\/Evolve-Selectorized-EC-032-1-300x265.png 300w, https:\/\/store.evolve-fitness.eu\/wp-content\/uploads\/2024\/05\/Evolve-Selectorized-EC-032-1-600x529.png 600w\" sizes=\"auto, (max-width: 680px) 100vw, 680px\" \/><\/figure>\n<\/div>\n\n\n\n<div class=\"wp-block-column is-vertically-aligned-center is-layout-flow wp-block-column-is-layout-flow\">\n<h3 class=\"wp-block-heading\" style=\"margin-bottom:var(--wp--preset--spacing--h-3-bottom)\">Sikkerhed m\u00f8der stil<\/h3>\n\n\n\n<p><strong><em><strong><em>Indkapslede v\u00e6gtstabler<\/em><\/strong><\/em><\/strong><\/p>\n\n\n\n<p style=\"margin-bottom:var(--wp--preset--spacing--tb-section-padding)\">Econ-serien introducerer en kombination af sikkerhed og stil med Shrouded Weight Stacks. Uigennemsigtige plastovertr\u00e6k prioriterer tr\u00e6ningssikkerhed og tilf\u00f8jer et strejf af elegance til dit fitnessrum. Uanset om du er ejer af et fitnesscenter eller fitnessentusiast, vil du s\u00e6tte pris p\u00e5 den visuelle appel og sikkerhed, som disse afd\u00e6kninger tilf\u00f8rer dit fitnesscenter.<\/p>\n\n\n\n<h3 class=\"wp-block-heading\" style=\"margin-bottom:var(--wp--preset--spacing--h-3-bottom)\">Bevar din plads<\/h3>\n\n\n\n<p><strong><em><strong><em>Gummipuder til beskyttelse af gulvet<\/em><\/strong><\/em><\/strong><\/p>\n\n\n\n<p>Oprethold et rent og skadefrit tr\u00e6ningsmilj\u00f8 med Rubber Pads. Ejere af fitnesscentre forst\u00e5r vigtigheden af at bevare deres gulve. Vores gummibelagte ben beskytter dit gulv mod ridser og potentielle skader, hvilket g\u00f8r Econ-serien til et omkostningseffektivt valg for ejere af fitnesscentre, der \u00f8nsker at beskytte deres rum.<\/p>\n<\/div>\n<\/div>\n\n\n\n<div class=\"wp-block-columns alignwide are-vertically-aligned-center mobile-reverse is-layout-flex wp-container-core-columns-is-layout-e8158c2f wp-block-columns-is-layout-flex\" style=\"padding-top:var(--wp--preset--spacing--side-padding)\">\n<div class=\"wp-block-column is-vertically-aligned-center is-layout-flow wp-block-column-is-layout-flow\">\n<h3 class=\"wp-block-heading\" style=\"margin-bottom:var(--wp--preset--spacing--h-3-bottom)\">Smart bekvemmelighed<\/h3>\n\n\n\n<p><strong><em>Indbygget opbevaring til moderne tr\u00e6ning<\/em><\/strong><\/p>\n\n\n\n<p style=\"margin-bottom:var(--wp--preset--spacing--tb-section-padding)\">I nutidens fitnesslandskab er bekvemmelighed vigtig. Vores indbyggede opbevaringsrum sikrer, at ejere af fitnesscentre og fitnessentusiaster kan opbevare vandflasker, mobiltelefoner og andet tilbeh\u00f8r inden for r\u00e6kkevidde. Det er en lille, men effektfuld funktion, der er designet til at im\u00f8dekomme dine kunders moderne fitnessbehov.<\/p>\n\n\n\n<h3 class=\"wp-block-heading\" style=\"margin-bottom:var(--wp--preset--spacing--h-3-bottom)\">Tillid og stabilitet<\/h3>\n\n\n\n<p><strong><em>Skridsikre h\u00e5ndtag til sikker tr\u00e6ning<\/em><\/strong><\/p>\n\n\n\n<p>Prioriter tr\u00e6ningssikkerhed og stabilitet med skridsikre h\u00e5ndtag. Ejere af fitnesscentre og ledere af fitnessfaciliteter forst\u00e5r vigtigheden af udstyr, der indgyder tillid. Vores h\u00e5ndtag er d\u00e6kket af skridsikkert materiale, der giver brugerne den sikkerhed, de har brug for under deres tr\u00e6ning.<\/p>\n<\/div>\n\n\n\n<div class=\"wp-block-column is-vertically-aligned-center is-layout-flow wp-block-column-is-layout-flow\">\n<figure class=\"wp-block-image alignright size-full is-resized is-style-rounded\"><img loading=\"lazy\" decoding=\"async\" width=\"680\" height=\"600\" src=\"https:\/\/store.evolve-fitness.eu\/wp-content\/uploads\/2024\/05\/Evolve-Selectorized-EC-032-2.png\" alt=\"\" class=\"wp-image-68339\" style=\"aspect-ratio:1;width:831px;height:auto\" srcset=\"https:\/\/store.evolve-fitness.eu\/wp-content\/uploads\/2024\/05\/Evolve-Selectorized-EC-032-2.png 680w, https:\/\/store.evolve-fitness.eu\/wp-content\/uploads\/2024\/05\/Evolve-Selectorized-EC-032-2-300x265.png 300w, https:\/\/store.evolve-fitness.eu\/wp-content\/uploads\/2024\/05\/Evolve-Selectorized-EC-032-2-600x529.png 600w\" sizes=\"auto, (max-width: 680px) 100vw, 680px\" \/><\/figure>\n<\/div>\n<\/div>\n\n\n\n<div class=\"wp-block-columns alignwide are-vertically-aligned-center mobile-reverse is-layout-flex wp-container-core-columns-is-layout-e8158c2f wp-block-columns-is-layout-flex\" style=\"padding-top:var(--wp--preset--spacing--side-padding)\">\n<div class=\"wp-block-column is-vertically-aligned-center is-layout-flow wp-block-column-is-layout-flow\">\n<figure class=\"wp-block-image alignright size-full is-resized is-style-rounded\"><img loading=\"lazy\" decoding=\"async\" width=\"680\" height=\"600\" src=\"https:\/\/store.evolve-fitness.eu\/wp-content\/uploads\/2024\/05\/Evolve-Selectorized-EC-032-3.png\" alt=\"\" class=\"wp-image-68364\" style=\"aspect-ratio:1;width:803px;height:auto\" srcset=\"https:\/\/store.evolve-fitness.eu\/wp-content\/uploads\/2024\/05\/Evolve-Selectorized-EC-032-3.png 680w, https:\/\/store.evolve-fitness.eu\/wp-content\/uploads\/2024\/05\/Evolve-Selectorized-EC-032-3-300x265.png 300w, https:\/\/store.evolve-fitness.eu\/wp-content\/uploads\/2024\/05\/Evolve-Selectorized-EC-032-3-600x529.png 600w\" sizes=\"auto, (max-width: 680px) 100vw, 680px\" \/><\/figure>\n<\/div>\n\n\n\n<div class=\"wp-block-column is-vertically-aligned-center is-layout-flow wp-block-column-is-layout-flow\">\n<h3 class=\"wp-block-heading\" style=\"margin-bottom:var(--wp--preset--spacing--h-3-bottom)\">Varig komfort<\/h3>\n\n\n\n<p><strong><em><strong><em>Kraftig polstring til fitnessentusiaster<\/em><\/strong><\/em><\/strong><\/p>\n\n\n\n<p style=\"margin-bottom:var(--wp--preset--spacing--tb-section-padding)\">Oplev varig komfort med vores Heavy-Duty polstring. Det er komfortabelt og elastisk og tilpasser sig brugerens kropsform, s\u00e5 hver tr\u00e6ning ikke kun er omkostningseffektiv, men ogs\u00e5 behagelig. Ejere af fitnesscentre kan give deres kunder en behagelig tr\u00e6ningsoplevelse, der f\u00e5r dem til at komme igen.<\/p>\n\n\n\n<h3 class=\"wp-block-heading\" style=\"margin-bottom:var(--wp--preset--spacing--h-3-bottom)\">Alsidige muligheder<\/h3>\n\n\n\n<p><strong><em><strong><em>Konvergerende aksearme og ensidig bev\u00e6gelse <\/em><\/strong><em>(Tilg\u00e6ngelig p\u00e5 nogle maskiner)<\/em><\/em><\/strong><\/p>\n\n\n\n<p>Oplev varig komfort med vores Heavy-Duty polstring. Det er komfortabelt og elastisk og tilpasser sig brugerens kropsform, s\u00e5 hver tr\u00e6ning ikke kun er omkostningseffektiv, men ogs\u00e5 behagelig. Ejere af fitnesscentre kan give deres kunder en behagelig tr\u00e6ningsoplevelse, der f\u00e5r dem til at komme igen.<\/p>\n<\/div>\n<\/div>\n<\/section>\n","protected":false},"excerpt":{"rendered":"<p>L\u00f8ft din balle-tr\u00e6ning med Evolve Econ EC-032 Glute Trainer. Det ergonomiske design, de justerbare funktioner og v\u00e6gtstakken p\u00e5 100 kg giver effektiv og sikker tr\u00e6ning p\u00e5 alle niveauer. Holdbar konstruktion og indbygget opbevaring g\u00f8r den perfekt til kommerciel brug eller hjemmebrug.<\/p>\n","protected":false},"featured_media":34551,"template":"","meta":{"_acf_changed":false,"inline_featured_image":false},"product_cat":[353,1107,1108],"product_tag":[],"class_list":{"0":"post-35520","1":"product","2":"type-product","3":"status-publish","4":"has-post-thumbnail","6":"product_cat-forside","7":"product_cat-selekterede-maskiner","8":"product_cat-econ-series-selectorized-maskiner","10":"first","11":"outofstock","12":"shipping-taxable","13":"purchasable","14":"product-type-simple"},"acf":[],"_links":{"self":[{"href":"https:\/\/store.evolve-fitness.eu\/da\/wp-json\/wp\/v2\/product\/35520","targetHints":{"allow":["GET"]}}],"collection":[{"href":"https:\/\/store.evolve-fitness.eu\/da\/wp-json\/wp\/v2\/product"}],"about":[{"href":"https:\/\/store.evolve-fitness.eu\/da\/wp-json\/wp\/v2\/types\/product"}],"wp:featuredmedia":[{"embeddable":true,"href":"https:\/\/store.evolve-fitness.eu\/da\/wp-json\/wp\/v2\/media\/34551"}],"wp:attachment":[{"href":"https:\/\/store.evolve-fitness.eu\/da\/wp-json\/wp\/v2\/media?parent=35520"}],"wp:term":[{"taxonomy":"product_cat","embeddable":true,"href":"https:\/\/store.evolve-fitness.eu\/da\/wp-json\/wp\/v2\/product_cat?post=35520"},{"taxonomy":"product_tag","embeddable":true,"href":"https:\/\/store.evolve-fitness.eu\/da\/wp-json\/wp\/v2\/product_tag?post=35520"}],"curies":[{"name":"wp","href":"https:\/\/api.w.org\/{rel}","templated":true}]}}