{"id":33984,"date":"2024-01-03T08:57:44","date_gmt":"2024-01-03T08:57:44","guid":{"rendered":"https:\/\/store.evolve-fitness.eu\/product\/evolve-ultra-series-kommerciel-elliptisk-traener\/"},"modified":"2026-03-31T12:00:54","modified_gmt":"2026-03-31T12:00:54","slug":"evolve-ultra-series-kommerciel-elliptisk-traener","status":"publish","type":"product","link":"https:\/\/store.evolve-fitness.eu\/da\/vare\/evolve-ultra-series-kommerciel-elliptisk-traener\/","title":{"rendered":"Evolve Ultra Series kommerciel elliptisk tr\u00e6ner"},"content":{"rendered":"\n<section class=\"wp-block-group alignfull black-content has-white-color has-darkgray-background-color has-text-color has-background is-layout-constrained wp-block-group-is-layout-constrained\" style=\"padding-top:var(--wp--preset--spacing--section-bottom);padding-bottom:var(--wp--preset--spacing--section-bottom)\">\n<section class=\"wp-block-group alignfull black-content has-white-color has-darkgray-background-color has-text-color has-background is-layout-constrained wp-block-group-is-layout-constrained\" style=\"padding-top:var(--wp--preset--spacing--section-bottom);padding-bottom:var(--wp--preset--spacing--section-bottom)\">\n<div class=\"wp-block-columns alignwide is-layout-flex wp-container-core-columns-is-layout-c45ee707 wp-block-columns-is-layout-flex\" style=\"margin-bottom:var(--wp--preset--spacing--side-padding);padding-top:var(--wp--preset--spacing--side-padding)\">\n<div class=\"wp-block-column is-vertically-aligned-center is-layout-flow wp-block-column-is-layout-flow\">\n<h3 class=\"wp-block-heading\" style=\"margin-bottom:var(--wp--preset--spacing--h-3-bottom)\"><strong>\u00c6stetisk familieudseende  <\/strong><\/h3>\n\n\n\n<p><strong><em><strong><strong><strong>Ydeevne i kommercielt cardio-udstyr<\/strong><\/strong><\/strong><\/em><\/strong><\/p>\n\n\n\n<p>Ultra-serien fra Evolve har et tydeligt familielook, der er skr\u00e6ddersyet til det dynamiske milj\u00f8 i komplekse kommercielle fitnesscentre. Med slanke linjer, moderne design og f\u00f8rsteklasses finish integreres hvert element i Ultra-serien problemfrit for at skabe en sammenh\u00e6ngende \u00e6stetik i hele fitnesscentret. Uanset om det er l\u00f8beb\u00e5nd, crosstrainere eller station\u00e6re cykler, udstr\u00e5ler hver maskine raffinement og funktionalitet og forbedrer stemningen i fitnesscentret. Fra de levende LED-sk\u00e6rme til de ergonomiske h\u00e5ndtag og justerbare funktioner til enhver tr\u00e6ningsentusiast.<\/p>\n<\/div>\n\n\n\n<div class=\"wp-block-column is-vertically-aligned-center is-layout-flow wp-block-column-is-layout-flow\">\n<figure class=\"wp-block-video\"><video autoplay=\"\" controls=\"\" loop=\"\" muted=\"\" src=\"https:\/\/evolve-fitness.eu\/wp-content\/uploads\/2024\/04\/Evolve-Ultra-Series-Family-Look.mp4\"><\/video><\/figure>\n<\/div>\n<\/div>\n\n\n\n<div class=\"wp-block-columns alignwide mobile-reverse is-layout-flex wp-container-core-columns-is-layout-ca64bf2d wp-block-columns-is-layout-flex\" style=\"margin-bottom:var(--wp--preset--spacing--side-padding)\">\n<div class=\"wp-block-column is-vertically-aligned-center is-layout-flow wp-block-column-is-layout-flow\">\n<figure class=\"wp-block-video\"><video autoplay=\"\" controls=\"\" loop=\"\" muted=\"\" src=\"https:\/\/evolve-fitness.eu\/wp-content\/uploads\/2024\/04\/Final-Elliptical-trainer-Web-HD.mp4\"><\/video><\/figure>\n<\/div>\n\n\n\n<div class=\"wp-block-column is-vertically-aligned-center is-layout-flow wp-block-column-is-layout-flow\">\n<h3 class=\"wp-block-heading\" style=\"margin-bottom:var(--wp--preset--spacing--h-3-bottom)\"><strong><strong><strong>Vi pr\u00e6senterer Evolve Ultra-serien <\/strong><\/strong><\/strong>cardio<\/h3>\n\n\n\n<p><strong><em>Stil og stabilitet  <\/em><\/strong><\/p>\n\n\n\n<p>Oplev Evolve Ultra Series UL-156, en elliptisk tr\u00e6ner i kommerciel kvalitet, der kombinerer elegant design med robust holdbarhed. Denne ellipsetr\u00e6ner er designet til seri\u00f8se fitnessentusiaster og har en Sandy Black-ramme, der kan rumme brugere op til 200 kg og tilbyder b\u00e5de stil og stabilitet i ethvert fitnessmilj\u00f8.<\/p>\n\n\n\n<p><em>Sl\u00e5 lyden til i afspillerkontrollen for at f\u00e5 den fulde oplevelse.<\/em><\/p>\n<\/div>\n<\/div>\n\n\n\n<div class=\"wp-block-columns alignwide mobile-reverse is-layout-flex wp-container-core-columns-is-layout-ca64bf2d wp-block-columns-is-layout-flex\" style=\"margin-bottom:var(--wp--preset--spacing--side-padding)\">\n<div class=\"wp-block-column is-vertically-aligned-center is-layout-flow wp-block-column-is-layout-flow\">\n<h3 class=\"wp-block-heading\" style=\"margin-bottom:var(--wp--preset--spacing--h-3-bottom)\"><strong>Evolve Ultra Series kommerciel elliptisk tr\u00e6ner<\/strong><\/h3>\n\n\n\n<p><strong><em><strong><strong><strong><strong><strong>Den ultimative tr\u00e6ningsoplevelse<\/strong><\/strong><\/strong><\/strong><\/strong><\/em><\/strong><\/p>\n\n\n\n<p>Evolve Ultra Series Commercial Elliptical Trainer giver en fornemmelse af bev\u00e6gelighed og styrke med hvert skridt. De rummelige pedaler og de ergonomiske h\u00e5ndtag giver en f\u00f8lelse af stabilitet og kontrol. Den j\u00e6vne, elliptiske bev\u00e6gelse giver en sk\u00e5nsom, men meget effektiv tr\u00e6ning, s\u00e5 du nemt kan aktivere flere muskelgrupper. Med modstandsniveauer, der kan tilpasses, og forprogrammerede tr\u00e6ningsmuligheder har du fleksibiliteten til at skr\u00e6ddersy din tr\u00e6ningsrutine til dine specifikke m\u00e5l og pr\u00e6ferencer. Den intuitive konsol holder dig informeret om dine fremskridt og motiverer dig til at flytte dine gr\u00e6nser og n\u00e5 dine fitnessm\u00e5l. Uanset om du \u00f8nsker at \u00f8ge din kardiovaskul\u00e6re udholdenhed, tone dine muskler eller bare nyde en tilfredsstillende tr\u00e6ning, giver Evolve Ultra Series Commercial Elliptical Trainer en f\u00f8lelse af pr\u00e6station og opstemthed med hvert skridt.<\/p>\n<\/div>\n\n\n\n<div class=\"wp-block-column is-vertically-aligned-center is-layout-flow wp-block-column-is-layout-flow\">\n<figure class=\"wp-block-video\"><video autoplay=\"\" controls=\"\" loop=\"\" muted=\"\" src=\"https:\/\/evolve-fitness.eu\/wp-content\/uploads\/2024\/04\/Evolve-Ultra-Series-Commercial-Elliptical-trainer.mp4\"><\/video><\/figure>\n<\/div>\n<\/div>\n\n\n\n<div class=\"wp-block-columns alignwide mobile-reverse is-layout-flex wp-container-core-columns-is-layout-ca64bf2d wp-block-columns-is-layout-flex\" style=\"margin-bottom:var(--wp--preset--spacing--side-padding)\">\n<div class=\"wp-block-column is-vertically-aligned-center is-layout-flow wp-block-column-is-layout-flow\">\n<figure class=\"wp-block-video\"><video height=\"2560\" style=\"aspect-ratio: 1920 \/ 2560;\" width=\"1920\" autoplay=\"\" controls=\"\" loop=\"\" muted=\"\" src=\"https:\/\/evolve-fitness.eu\/wp-content\/uploads\/2023\/11\/EV-ET-UL-156-Short.mp4\"><\/video><\/figure>\n<\/div>\n\n\n\n<div class=\"wp-block-column is-vertically-aligned-center is-layout-flow wp-block-column-is-layout-flow\">\n<h3 class=\"wp-block-heading\">Velkommen til Ultra-serien<\/h3>\n\n\n\n<p><strong><em>L\u00e6r vores Ultra Series-udstyr at kende med en topmoderne 3D 360-tur<\/em><\/strong><\/p>\n\n\n\n<p>Evolve Ultra Series Commercial cardio equiment, en del af Evolve Ultra Series, er bygget til b\u00e5de komfort og ydeevne. Designet er \u00e6stetisk tiltalende med en holdbar, pulverlakeret finish, og brugen af kabler af h\u00f8j kvalitet sikrer problemfri drift.<\/p>\n<\/div>\n<\/div>\n\n\n\n<div class=\"wp-block-columns alignwide mobile-reverse is-layout-flex wp-container-core-columns-is-layout-ca64bf2d wp-block-columns-is-layout-flex\" style=\"margin-bottom:var(--wp--preset--spacing--side-padding)\">\n<div class=\"wp-block-column is-vertically-aligned-center is-layout-flow wp-block-column-is-layout-flow\">\n<h3 class=\"wp-block-heading\" style=\"margin-bottom:var(--wp--preset--spacing--h-3-bottom)\"><strong><strong>Avanceret mekanik  <\/strong><\/strong><\/h3>\n\n\n\n<p><strong><em><strong><strong><strong><strong><strong>For optimal ydeevne<\/strong><\/strong><\/strong><\/strong><\/strong><\/em><\/strong><\/p>\n\n\n\n<p>UL-156 er konstrueret til en j\u00e6vn og effektiv tr\u00e6ningsoplevelse. Den har et EMS-bremsesystem og et svinghjul p\u00e5 10 kg*265 mm med SFK-lejer, der sikrer en ensartet pedaloplevelse. Den st\u00f8jsvage drift af 530 mm PJ8-b\u00e6ltet kombineret med et gearforhold p\u00e5 1\/11,6 giver en tr\u00e6ning, der er b\u00e5de udfordrende og behagelig for brugere p\u00e5 alle fitnessniveauer.<\/p>\n<\/div>\n\n\n\n<div class=\"wp-block-column is-vertically-aligned-center is-layout-flow wp-block-column-is-layout-flow\">\n<figure class=\"wp-block-image size-full is-resized is-style-rounded\"><img decoding=\"async\" src=\"https:\/\/evolve-fitness.eu\/wp-content\/uploads\/2023\/11\/Evolve-UL-156-eliptical.png\" alt=\"\" class=\"wp-image-6019\" style=\"object-fit:cover;width:680px;height:600px\"\/><\/figure>\n<\/div>\n<\/div>\n\n\n\n<div class=\"wp-block-columns alignwide is-layout-flex wp-container-core-columns-is-layout-c45ee707 wp-block-columns-is-layout-flex\" style=\"margin-bottom:var(--wp--preset--spacing--side-padding);padding-top:var(--wp--preset--spacing--side-padding)\">\n<div class=\"wp-block-column is-vertically-aligned-center is-layout-flow wp-block-column-is-layout-flow\">\n<figure class=\"wp-block-video\"><video height=\"600\" style=\"aspect-ratio: 680 \/ 600;\" width=\"680\" autoplay=\"\" controls=\"\" loop=\"\" muted=\"\" src=\"https:\/\/evolve-fitness.eu\/wp-content\/uploads\/2023\/11\/Evolve-Ultra-cardio-console-full.mp4\"><\/video><\/figure>\n<\/div>\n\n\n\n<div class=\"wp-block-column is-vertically-aligned-center is-layout-flow wp-block-column-is-layout-flow\">\n<h3 class=\"wp-block-heading\" style=\"margin-bottom:var(--wp--preset--spacing--h-3-bottom)\"><strong>Banebrydende teknologi  <\/strong><\/h3>\n\n\n\n<p><strong><em><strong><strong>For en engagerende tr\u00e6ning<\/strong><\/strong><\/em><\/strong><\/p>\n\n\n\n<p>Hold forbindelsen og bliv underholdt med UL-156&#8217;s avancerede teknologiske funktioner. Crosstraineren har en 15,6&#8243; TFT-sk\u00e6rm med pulsm\u00e5ling i realtid og Bluetooth-forbindelse, der muligg\u00f8r problemfri integration med popul\u00e6re fitness-apps som Kinomap og Zwift. Indbyggede apps som Google Chrome, Facebook, Netflix og andre sikrer, at din tr\u00e6ning er b\u00e5de produktiv og underholdende.<\/p>\n<\/div>\n<\/div>\n\n\n\n<div class=\"wp-block-columns alignwide is-layout-flex wp-container-core-columns-is-layout-c45ee707 wp-block-columns-is-layout-flex\" style=\"margin-bottom:var(--wp--preset--spacing--side-padding);padding-top:var(--wp--preset--spacing--side-padding)\">\n<div class=\"wp-block-column is-vertically-aligned-center is-layout-flow wp-block-column-is-layout-flow\">\n<h3 class=\"wp-block-heading\" style=\"margin-bottom:var(--wp--preset--spacing--h-3-bottom)\"><strong><strong><strong>Brugervenligt design  <\/strong><\/strong><\/strong><\/h3>\n\n\n\n<p><strong><em><strong><strong><strong><strong><strong>For \u00f8get bekvemmelighed<\/strong><\/strong><\/strong><\/strong><\/strong><\/em><\/strong><\/p>\n\n\n\n<p>UL-156 er designet med brugeren i tankerne og har praktiske funktioner som en indbygget modtager, der eliminerer behovet for et brystb\u00e6lte, sammen med en h\u00f8jttaler og USB-opladningsport. Tilf\u00f8jelsen af en vandflaskeholder sikrer, at det er nemt og bekvemt at holde sig hydreret under tr\u00e6ningen.<\/p>\n<\/div>\n\n\n\n<div class=\"wp-block-column is-vertically-aligned-center is-layout-flow wp-block-column-is-layout-flow\">\n<figure class=\"wp-block-image size-full\"><img decoding=\"async\" src=\"https:\/\/evolve-fitness.eu\/wp-content\/uploads\/2023\/11\/Evolve-Ultra-Series-UL-156-Elliptical-trainer-1.png\" alt=\"\" class=\"wp-image-6023\"\/><\/figure>\n<\/div>\n<\/div>\n\n\n\n<div class=\"wp-block-columns alignwide are-vertically-aligned-center mobile-reverse is-layout-flex wp-container-core-columns-is-layout-e8158c2f wp-block-columns-is-layout-flex\" style=\"padding-top:var(--wp--preset--spacing--side-padding)\">\n<div class=\"wp-block-column is-vertically-aligned-center is-layout-flow wp-block-column-is-layout-flow\">\n<figure class=\"wp-block-image size-large\"><img decoding=\"async\" src=\"https:\/\/evolve-fitness.eu\/wp-content\/uploads\/2023\/11\/Evolve-UL-156-eliptical-1-1024x576.png\" alt=\"\" class=\"wp-image-6017\"\/><\/figure>\n<\/div>\n\n\n\n<div class=\"wp-block-column is-vertically-aligned-center is-layout-flow wp-block-column-is-layout-flow\">\n<h3 class=\"wp-block-heading\" style=\"margin-bottom:var(--wp--preset--spacing--h-3-bottom)\"><strong><strong>Slank og moderne \u00e6stetik<\/strong><\/strong><\/h3>\n\n\n\n<p><strong><em><strong><strong>Ultra ydeevne<\/strong><\/strong><\/em><\/strong><\/p>\n\n\n\n<p>UL-156 ellipsetr\u00e6neren handler ikke kun om ydeevne, men ogs\u00e5 om at tilf\u00f8re ethvert fitnessrum en elegant, moderne \u00e6stetik. Dens elegante design og enest\u00e5ende ydeevne g\u00f8r den til et ideelt valg for dem, der \u00f8nsker en f\u00f8rsteklasses tr\u00e6ningsoplevelse.<\/p>\n<\/div>\n<\/div>\n\n\n\n<figure class=\"wp-block-video\"><video height=\"1000\" style=\"aspect-ratio: 1000 \/ 1000;\" width=\"1000\" autoplay=\"\" loop=\"\" muted=\"\" src=\"https:\/\/evolve-fitness.eu\/wp-content\/uploads\/2023\/11\/Ultra-site-apps.mp4\"><\/video><\/figure>\n<\/section>\n<\/section>\n","protected":false},"excerpt":{"rendered":"<p>Oplev det ypperste inden for fitnessteknologi med Evolve Ultra Series UL-156 Commercial Elliptical Trainer. Denne crosstrainer er designet til den moderne fitnessentusiast og kombinerer et elegant Sandy Black-design med overlegen holdbarhed og kan b\u00e6re op til 200 kg. Nyd en j\u00e6vn og effektiv tr\u00e6ning med det avancerede EMS-bremsesystem og et svinghjul p\u00e5 10 kg, der er optimeret til alle fitnessniveauer. Hold dig underholdt og forbundet med den 15,6&#8243; store TFT-sk\u00e6rm, der er integreret med pulsm\u00e5ling og Bluetooth-forbindelse til popul\u00e6re fitness-apps som Kinomap og Zwift. Med indbyggede apps som Netflix og Spotify og brugervenlige funktioner som USB-opladningsport og vandflaskeholder giver UL-156 en uovertruffen tr\u00e6ningsoplevelse, der er perfekt til ethvert avanceret fitnesscenter.<\/p>\n","protected":false},"featured_media":33985,"template":"","meta":{"_acf_changed":false,"inline_featured_image":false},"product_cat":[353,351,352,1091],"product_tag":[],"class_list":{"0":"post-33984","1":"product","2":"type-product","3":"status-publish","4":"has-post-thumbnail","6":"product_cat-forside","7":"product_cat-cardio-udstyr","8":"product_cat-kommercielt-cardio-udstyr","9":"product_cat-ultra-series-cardio-da","11":"first","12":"instock","13":"shipping-taxable","14":"purchasable","15":"product-type-simple"},"acf":[],"_links":{"self":[{"href":"https:\/\/store.evolve-fitness.eu\/da\/wp-json\/wp\/v2\/product\/33984","targetHints":{"allow":["GET"]}}],"collection":[{"href":"https:\/\/store.evolve-fitness.eu\/da\/wp-json\/wp\/v2\/product"}],"about":[{"href":"https:\/\/store.evolve-fitness.eu\/da\/wp-json\/wp\/v2\/types\/product"}],"wp:featuredmedia":[{"embeddable":true,"href":"https:\/\/store.evolve-fitness.eu\/da\/wp-json\/wp\/v2\/media\/33985"}],"wp:attachment":[{"href":"https:\/\/store.evolve-fitness.eu\/da\/wp-json\/wp\/v2\/media?parent=33984"}],"wp:term":[{"taxonomy":"product_cat","embeddable":true,"href":"https:\/\/store.evolve-fitness.eu\/da\/wp-json\/wp\/v2\/product_cat?post=33984"},{"taxonomy":"product_tag","embeddable":true,"href":"https:\/\/store.evolve-fitness.eu\/da\/wp-json\/wp\/v2\/product_tag?post=33984"}],"curies":[{"name":"wp","href":"https:\/\/api.w.org\/{rel}","templated":true}]}}