{"id":33785,"date":"2023-10-31T14:35:53","date_gmt":"2023-10-31T14:35:53","guid":{"rendered":"https:\/\/store.evolve-fitness.eu\/product\/evolve-rubber-kettlebells-4-14-kg\/"},"modified":"2026-04-10T12:00:33","modified_gmt":"2026-04-10T12:00:33","slug":"evolve-rubber-kettlebells-4-14-kg","status":"publish","type":"product","link":"https:\/\/store.evolve-fitness.eu\/da\/vare\/evolve-rubber-kettlebells-4-14-kg\/","title":{"rendered":"Evolve Rubber Kettlebells 4 &#8211; 14 kg"},"content":{"rendered":"\n<section class=\"wp-block-group alignfull black-content has-white-color has-darkgray-background-color has-text-color has-background is-layout-constrained wp-block-group-is-layout-constrained\" style=\"padding-top:var(--wp--preset--spacing--section-bottom);padding-bottom:var(--wp--preset--spacing--section-bottom)\">\n<div class=\"wp-block-columns alignwide mobile-reverse is-layout-flex wp-container-core-columns-is-layout-ca64bf2d wp-block-columns-is-layout-flex\" style=\"margin-bottom:var(--wp--preset--spacing--side-padding)\">\n<div class=\"wp-block-column is-vertically-aligned-center is-layout-flow wp-block-column-is-layout-flow\">\n<h3 class=\"wp-block-heading\" style=\"margin-bottom:var(--wp--preset--spacing--h-3-bottom)\"><strong>Ekstraordin\u00e6r holdbarhed<\/strong><\/h3>\n\n\n\n<p><strong><em><strong><em><strong><em>Lang levetid og modstandsdygtighed<\/em><\/strong><\/em><\/strong><\/em><\/strong><\/p>\n\n\n\n<p>Hver Evolve kettlebell begynder sit liv som en robust st\u00f8bt metallegering, der lover lang levetid og modstandsdygtighed over for slitage. Disse kettlebells er omhyggeligt designet og modst\u00e5r korrosion og deformation, hvilket sikrer, at de bevarer deres oprindelige tilstand tr\u00e6ning efter tr\u00e6ning. Deres pr\u00e6cisionsst\u00f8bning garanterer fremragende balance og dimensionsn\u00f8jagtighed, hvilket g\u00f8r dem til et f\u00f8rstevalg for professionelle fitnesscentre, milit\u00e6rbaser, hoteller, rehabiliteringscentre og hjemmefitnessentusiaster, der kr\u00e6ver det bedste.<\/p>\n<\/div>\n\n\n\n<div class=\"wp-block-column is-vertically-aligned-center is-layout-flow wp-block-column-is-layout-flow\">\n<figure class=\"wp-block-image alignright size-full is-resized is-style-rounded\"><img decoding=\"async\" src=\"https:\/\/evolve-fitness.eu\/wp-content\/uploads\/2023\/11\/Evolve-Rubber-Kettlebells.png\" alt=\"\" class=\"wp-image-5697\" style=\"object-fit:cover;width:680px;height:600px\"\/><\/figure>\n<\/div>\n<\/div>\n\n\n\n<div class=\"wp-block-columns alignwide is-layout-flex wp-container-core-columns-is-layout-c45ee707 wp-block-columns-is-layout-flex\" style=\"margin-bottom:var(--wp--preset--spacing--side-padding);padding-top:var(--wp--preset--spacing--side-padding)\">\n<div class=\"wp-block-column is-vertically-aligned-center is-layout-flow wp-block-column-is-layout-flow\">\n<figure class=\"wp-block-image size-full is-resized is-style-rounded\"><img loading=\"lazy\" decoding=\"async\" width=\"1920\" height=\"1280\" src=\"https:\/\/store.evolve-fitness.eu\/wp-content\/uploads\/2023\/10\/EV-KB-RB-Evolve-Rubber-Kettlebells-4-14-kg-5-1.jpg\" alt=\"\" class=\"wp-image-95479\" style=\"object-fit:cover;width:680px;height:600px\" srcset=\"https:\/\/store.evolve-fitness.eu\/wp-content\/uploads\/2023\/10\/EV-KB-RB-Evolve-Rubber-Kettlebells-4-14-kg-5-1.jpg 1920w, https:\/\/store.evolve-fitness.eu\/wp-content\/uploads\/2023\/10\/EV-KB-RB-Evolve-Rubber-Kettlebells-4-14-kg-5-1-300x200.jpg 300w, https:\/\/store.evolve-fitness.eu\/wp-content\/uploads\/2023\/10\/EV-KB-RB-Evolve-Rubber-Kettlebells-4-14-kg-5-1-1024x683.jpg 1024w, https:\/\/store.evolve-fitness.eu\/wp-content\/uploads\/2023\/10\/EV-KB-RB-Evolve-Rubber-Kettlebells-4-14-kg-5-1-768x512.jpg 768w, https:\/\/store.evolve-fitness.eu\/wp-content\/uploads\/2023\/10\/EV-KB-RB-Evolve-Rubber-Kettlebells-4-14-kg-5-1-1536x1024.jpg 1536w, https:\/\/store.evolve-fitness.eu\/wp-content\/uploads\/2023\/10\/EV-KB-RB-Evolve-Rubber-Kettlebells-4-14-kg-5-1-600x400.jpg 600w\" sizes=\"auto, (max-width: 1920px) 100vw, 1920px\" \/><\/figure>\n<\/div>\n\n\n\n<div class=\"wp-block-column is-vertically-aligned-center is-layout-flow wp-block-column-is-layout-flow\">\n<h3 class=\"wp-block-heading\" style=\"margin-bottom:var(--wp--preset--spacing--h-3-bottom)\"><strong><strong>Avanceret funktionalitet<\/strong><\/strong><\/h3>\n\n\n\n<p><strong><em><strong><em><strong><em>Holdbarhed<\/em><\/strong><\/em><\/strong><\/em><\/strong> <em><strong>og sikkerhedsforanstaltninger<\/strong><\/em><\/p>\n\n\n\n<p>Evolve kettlebells gummiindkapsling er mere end blot et \u00e6stetisk valg. Det \u00f8ger deres holdbarhed betydeligt, beskytter dit gulv og udstyr mod skader og reducerer st\u00f8jen betydeligt under tr\u00e6ningen. Den strukturerede overflade er ikke kun nem at reng\u00f8re, men giver ogs\u00e5 et sikkert, skridsikkert greb, som er afg\u00f8rende for sikkerheden under intense tr\u00e6ningspas. Og med pr\u00e6gede og lasersk\u00e5rne v\u00e6gtmarkeringer er det en leg at v\u00e6lge den rigtige kettlebell til din tr\u00e6ning.<\/p>\n<\/div>\n<\/div>\n\n\n\n<div class=\"wp-block-columns alignwide are-vertically-aligned-center mobile-reverse is-layout-flex wp-container-core-columns-is-layout-e8158c2f wp-block-columns-is-layout-flex\" style=\"padding-top:var(--wp--preset--spacing--side-padding)\">\n<div class=\"wp-block-column is-vertically-aligned-center is-layout-flow wp-block-column-is-layout-flow\">\n<h3 class=\"wp-block-heading\" style=\"margin-bottom:var(--wp--preset--spacing--h-3-bottom)\"><strong><strong><strong>Alsidighed til alle fitnessniveauer<\/strong><\/strong><\/strong><\/h3>\n\n\n\n<p><strong><em><strong><em><strong>Kvalitet og v\u00e6rdi<\/strong><\/em><\/strong><\/em><\/strong><\/p>\n\n\n\n<p>Uanset om det er individuel tr\u00e6ning, gruppetr\u00e6ning, funktionel tr\u00e6ning eller CrossFit, kan Evolve kettlebells bruges til det hele. Deres mangfoldige sortiment, der varierer i st\u00f8rrelse, diameter og h\u00e5ndtagstykkelse, giver dig mulighed for at v\u00e6lge den perfekte kettlebell til dine tr\u00e6ningsbehov. Disse kettlebells f\u00e5s i v\u00e6gte fra 4 kg til 14 kg og har en flad, bred base, der giver uovertruffen stabilitet, eliminerer slingren og forbedrer din tr\u00e6ningsoplevelse.<\/p>\n<\/div>\n\n\n\n<div class=\"wp-block-column is-vertically-aligned-center is-layout-flow wp-block-column-is-layout-flow\">\n<figure class=\"wp-block-image alignright size-full is-resized is-style-rounded\"><img decoding=\"async\" src=\"https:\/\/evolve-fitness.eu\/wp-content\/uploads\/2023\/11\/Evolve-Rubber-Kettlebells-3.png\" alt=\"\" class=\"wp-image-5701\" style=\"object-fit:cover;width:680px;height:600px\"\/><\/figure>\n<\/div>\n<\/div>\n\n\n\n<p class=\"has-text-align-center has-medium-font-size\"><strong>Oplev Evolve-forskellen, og forvandl din fitnessrejse med vores udvalg af kettlebells i gummi. Evolve kettlebells er designet til dem, der s\u00e6tter pris p\u00e5 kvalitet og ydeevne, og de er din p\u00e5lidelige partner, n\u00e5r du skal n\u00e5 dine styrke- og konditionsm\u00e5l.<\/strong><\/p>\n<\/section>\n","protected":false},"excerpt":{"rendered":"<p>Evolve gummibelagte kettlebells, st\u00f8bt af solid metallegering. Den flade base p\u00e5 kettlebellen sikrer maksimal stabilitet, mens de skridsikre h\u00e5ndtag giver et fast greb under \u00f8velserne. Afh\u00e6ngigt af kettlebellens v\u00e6gt varierer h\u00e5ndtagets diameter. Gummibel\u00e6gningen sikrer ikke kun st\u00f8jsvag drift, men beskytter ogs\u00e5 metallet mod skader, ridser og rust.<\/p>\n","protected":false},"featured_media":95382,"template":"","meta":{"_acf_changed":false,"inline_featured_image":false},"product_cat":[2411,977,1066],"product_tag":[],"class_list":{"0":"post-33785","1":"product","2":"type-product","3":"status-publish","4":"has-post-thumbnail","6":"product_cat-hyrox-gear","7":"product_cat-frie-vaegte","8":"product_cat-kettlebells-da","10":"first","11":"instock","12":"shipping-taxable","13":"purchasable","14":"product-type-variable"},"acf":[],"_links":{"self":[{"href":"https:\/\/store.evolve-fitness.eu\/da\/wp-json\/wp\/v2\/product\/33785","targetHints":{"allow":["GET"]}}],"collection":[{"href":"https:\/\/store.evolve-fitness.eu\/da\/wp-json\/wp\/v2\/product"}],"about":[{"href":"https:\/\/store.evolve-fitness.eu\/da\/wp-json\/wp\/v2\/types\/product"}],"wp:featuredmedia":[{"embeddable":true,"href":"https:\/\/store.evolve-fitness.eu\/da\/wp-json\/wp\/v2\/media\/95382"}],"wp:attachment":[{"href":"https:\/\/store.evolve-fitness.eu\/da\/wp-json\/wp\/v2\/media?parent=33785"}],"wp:term":[{"taxonomy":"product_cat","embeddable":true,"href":"https:\/\/store.evolve-fitness.eu\/da\/wp-json\/wp\/v2\/product_cat?post=33785"},{"taxonomy":"product_tag","embeddable":true,"href":"https:\/\/store.evolve-fitness.eu\/da\/wp-json\/wp\/v2\/product_tag?post=33785"}],"curies":[{"name":"wp","href":"https:\/\/api.w.org\/{rel}","templated":true}]}}