{"id":33054,"date":"2023-10-18T14:10:57","date_gmt":"2023-10-18T14:10:57","guid":{"rendered":"https:\/\/store.evolve-fitness.eu\/product\/evolve-cpu-kofangerplade-i-urethan-5-25-kg\/"},"modified":"2026-03-18T12:00:59","modified_gmt":"2026-03-18T12:00:59","slug":"evolve-cpu-kofangerplade-i-urethan-5-25-kg","status":"publish","type":"product","link":"https:\/\/store.evolve-fitness.eu\/da\/vare\/evolve-cpu-kofangerplade-i-urethan-5-25-kg\/","title":{"rendered":"Evolve CPU kofangerplade i urethan 5 &#8211; 25 kg"},"content":{"rendered":"\n<section class=\"wp-block-group alignfull black-content has-white-color has-darkgray-background-color has-text-color has-background is-layout-constrained wp-block-group-is-layout-constrained\" style=\"padding-top:var(--wp--preset--spacing--section-bottom);padding-bottom:var(--wp--preset--spacing--section-bottom)\">\n<div class=\"wp-block-columns alignwide is-layout-flex wp-container-core-columns-is-layout-c45ee707 wp-block-columns-is-layout-flex\" style=\"margin-bottom:var(--wp--preset--spacing--side-padding);padding-top:var(--wp--preset--spacing--side-padding)\">\n<div class=\"wp-block-column is-vertically-aligned-center is-layout-flow wp-block-column-is-layout-flow\">\n<figure class=\"wp-block-image size-large is-resized is-style-rounded\"><img decoding=\"async\" src=\"https:\/\/evolve-fitness.eu\/wp-content\/uploads\/2023\/10\/Evolve-CPU-Urethane-Bumpers-2-1024x1024.png\" alt=\"\" class=\"wp-image-4285\" style=\"object-fit:cover;width:680px;height:600px\"\/><\/figure>\n<\/div>\n\n\n\n<div class=\"wp-block-column is-vertically-aligned-center is-layout-constrained wp-block-column-is-layout-constrained\">\n<h3 class=\"wp-block-heading\" style=\"margin-bottom:var(--wp--preset--spacing--h-3-bottom)\">CPU-urethan-bel\u00e6gning  <\/h3>\n\n\n\n<p><strong><em><strong><em>Ultimativ holdbarhed<\/em><\/strong><\/em><\/strong><\/p>\n\n\n\n<p style=\"margin-bottom:var(--wp--preset--spacing--tb-section-padding)\">Oplev den enest\u00e5ende holdbarhed af CPU Urethane-bel\u00e6gning til fitnessudstyr. I mods\u00e6tning til gummi forbliver CPU Urethane u\u00e6ndret i udseende, selv efter mange \u00e5rs konstant brug, takket v\u00e6re dets UV-, brud-, varme- og slidstyrke. Den lugtfri sammens\u00e6tning og enest\u00e5ende styrke g\u00f8r det til et ideelt valg til at beskytte gulvet i fitnesscentre, reducere tr\u00e6ningsst\u00f8j og give en langsigtet, omkostningseffektiv l\u00f8sning til b\u00e5de private og kommercielle fitnesscentre. Invester i kvalitet, der holder, med CPU Urethane.<\/p>\n<\/div>\n<\/div>\n\n\n\n<div class=\"wp-block-columns alignwide is-layout-flex wp-container-core-columns-is-layout-c45ee707 wp-block-columns-is-layout-flex\" style=\"margin-bottom:var(--wp--preset--spacing--side-padding);padding-top:var(--wp--preset--spacing--side-padding)\">\n<div class=\"wp-block-column is-vertically-aligned-center is-layout-flow wp-block-column-is-layout-flow\">\n<h3 class=\"wp-block-heading\" style=\"margin-bottom:var(--wp--preset--spacing--h-3-bottom)\">Logo og v\u00e6gtangivelse<\/h3>\n\n\n\n<p><em><strong>Pr\u00e6cisionsfremstillet<\/strong><\/em><\/p>\n\n\n\n<p>Vores v\u00e6gtnumre er omhyggeligt lasersk\u00e5ret og ekspertst\u00f8bt, hvilket sikrer et rent og splintfrit udseende, der udstr\u00e5ler h\u00e5ndv\u00e6rk og pr\u00e6cision. Vi g\u00e5r en ekstra mil for at garantere varig kvalitet ved at tilf\u00f8re b\u00e5de tal og logoer urethan af h\u00f8jeste kvalitet. Denne innovative proces skaber ikke kun st\u00e6rke og levende farver, men sikrer ogs\u00e5, at de holder i lang tid og ikke falmer eller slides.<\/p>\n<\/div>\n\n\n\n<div class=\"wp-block-column is-vertically-aligned-center is-layout-flow wp-block-column-is-layout-flow\">\n<div class=\"wp-block-columns is-layout-flex wp-container-core-columns-is-layout-9d6595d7 wp-block-columns-is-layout-flex\">\n<div class=\"wp-block-column is-layout-flow wp-block-column-is-layout-flow\">\n<figure class=\"wp-block-image size-large is-resized is-style-rounded\"><img decoding=\"async\" src=\"https:\/\/evolve-fitness.eu\/wp-content\/uploads\/2023\/10\/Bumper-plate-1-edited-scaled.jpg\" alt=\"\" class=\"wp-image-4289\" style=\"object-fit:cover;width:680px;height:600px\"\/><\/figure>\n<\/div>\n<\/div>\n<\/div>\n<\/div>\n\n\n\n<div class=\"wp-block-columns alignwide is-layout-flex wp-container-core-columns-is-layout-c45ee707 wp-block-columns-is-layout-flex\" style=\"margin-bottom:var(--wp--preset--spacing--side-padding);padding-top:var(--wp--preset--spacing--side-padding)\">\n<div class=\"wp-block-column is-vertically-aligned-center is-layout-flow wp-block-column-is-layout-flow\">\n<figure class=\"wp-block-image size-large is-resized is-style-rounded\"><img decoding=\"async\" src=\"https:\/\/evolve-fitness.eu\/wp-content\/uploads\/2023\/10\/Barbell-1024x863.png\" alt=\"\" class=\"wp-image-4279\" style=\"object-fit:cover;width:671px;height:592px\"\/><\/figure>\n<\/div>\n\n\n\n<div class=\"wp-block-column is-vertically-aligned-center is-layout-flow wp-block-column-is-layout-flow\">\n<h3 class=\"wp-block-heading\" style=\"margin-bottom:var(--wp--preset--spacing--h-3-bottom)\"><strong>Perfektioneret pr\u00e6cision<\/strong><\/h3>\n\n\n\n<p><strong><em><strong>CPU-kofangere i urethan<\/strong><\/em><\/strong><\/p>\n\n\n\n<p>Oplev uovertruffen pr\u00e6cision med Evolve CPU Urethane Bumpers. Vores bumpere er omhyggeligt kalibrerede og har en bem\u00e6rkelsesv\u00e6rdig v\u00e6gt-tolerance p\u00e5 kun +\/- 2 gram &#8211; hvilket s\u00e6tter standarden for n\u00e6sten fejlfri pr\u00e6cision i fitnessudstyrets verden. L\u00f8ft din tr\u00e6ning med selvtillid takket v\u00e6re vores pr\u00e6cisionsudviklede bumpere.<\/p>\n<\/div>\n<\/div>\n<\/section>\n","protected":false},"excerpt":{"rendered":"<p>Evolve CPU kofangerplader i urethan. Disse f\u00f8rsteklasses plader har en enest\u00e5ende holdbarhed med en UV- og slidst\u00e6rk urethanbel\u00e6gning. De er pr\u00e6cisions-kalibrerede med en n\u00f8jagtighed p\u00e5 +\/- 2 gram og har lasersk\u00e5rne v\u00e6gtnumre og logoer, der er tilf\u00f8rt urethan for at holde liv i dem. Evolve CPU Urethane Bumper Plates er ideelle til b\u00e5de private og kommercielle fitnesscentre og er en \u00f8konomisk, langsigtet investering i ydeevne og holdbarhed.<\/p>\n","protected":false},"featured_media":33104,"template":"","meta":{"_acf_changed":false,"inline_featured_image":false},"product_cat":[2411,977,1042],"product_tag":[],"class_list":{"0":"post-33054","1":"product","2":"type-product","3":"status-publish","4":"has-post-thumbnail","6":"product_cat-hyrox-gear","7":"product_cat-frie-vaegte","8":"product_cat-vaegtskiver","10":"first","11":"instock","12":"shipping-taxable","13":"purchasable","14":"product-type-variable"},"acf":[],"_links":{"self":[{"href":"https:\/\/store.evolve-fitness.eu\/da\/wp-json\/wp\/v2\/product\/33054","targetHints":{"allow":["GET"]}}],"collection":[{"href":"https:\/\/store.evolve-fitness.eu\/da\/wp-json\/wp\/v2\/product"}],"about":[{"href":"https:\/\/store.evolve-fitness.eu\/da\/wp-json\/wp\/v2\/types\/product"}],"wp:featuredmedia":[{"embeddable":true,"href":"https:\/\/store.evolve-fitness.eu\/da\/wp-json\/wp\/v2\/media\/33104"}],"wp:attachment":[{"href":"https:\/\/store.evolve-fitness.eu\/da\/wp-json\/wp\/v2\/media?parent=33054"}],"wp:term":[{"taxonomy":"product_cat","embeddable":true,"href":"https:\/\/store.evolve-fitness.eu\/da\/wp-json\/wp\/v2\/product_cat?post=33054"},{"taxonomy":"product_tag","embeddable":true,"href":"https:\/\/store.evolve-fitness.eu\/da\/wp-json\/wp\/v2\/product_tag?post=33054"}],"curies":[{"name":"wp","href":"https:\/\/api.w.org\/{rel}","templated":true}]}}