{"id":30916,"date":"2023-10-17T10:04:37","date_gmt":"2023-10-17T10:04:37","guid":{"rendered":"https:\/\/store.evolve-fitness.eu\/product\/evolve-cerakote-serie-olympisk-kvinde-bar-201-cm-15-kg\/"},"modified":"2024-10-11T06:36:57","modified_gmt":"2024-10-11T06:36:57","slug":"evolve-cerakote-serie-olympisk-kvinde-bar-201-cm-15-kg","status":"publish","type":"product","link":"https:\/\/store.evolve-fitness.eu\/da\/vare\/evolve-cerakote-serie-olympisk-kvinde-bar-201-cm-15-kg\/","title":{"rendered":"Evolve cerakote serie olympisk kvinde Bar &#8211; 201 cm \/ 15 kg"},"content":{"rendered":"\n<section class=\"wp-block-group alignfull black-content has-white-color has-darkgray-background-color has-text-color has-background is-layout-constrained wp-block-group-is-layout-constrained\" style=\"padding-top:var(--wp--preset--spacing--section-bottom);padding-bottom:var(--wp--preset--spacing--section-bottom)\">\n<section class=\"wp-block-group alignfull black-content has-white-color has-darkgray-background-color has-text-color has-background is-layout-constrained wp-block-group-is-layout-constrained\" style=\"padding-top:var(--wp--preset--spacing--section-bottom);padding-bottom:var(--wp--preset--spacing--section-bottom)\">\n<section class=\"wp-block-group alignfull black-content has-white-color has-darkgray-background-color has-text-color has-background is-layout-constrained wp-block-group-is-layout-constrained\" style=\"padding-top:var(--wp--preset--spacing--section-bottom);padding-bottom:var(--wp--preset--spacing--section-bottom)\">\n<div class=\"wp-block-columns alignwide mobile-reverse is-layout-flex wp-container-core-columns-is-layout-ca64bf2d wp-block-columns-is-layout-flex\" style=\"margin-bottom:var(--wp--preset--spacing--side-padding)\">\n<div class=\"wp-block-column is-vertically-aligned-center is-layout-flow wp-block-column-is-layout-flow\">\n<h3 class=\"wp-block-heading\" style=\"margin-bottom:var(--wp--preset--spacing--h-3-bottom)\">Evolve cerakote serie olympisk kvinde Bar &#8211; 201 cm \/ 15 kg<\/h3>\n<\/div>\n\n\n\n<div class=\"wp-block-column is-vertically-aligned-center is-layout-flow wp-block-column-is-layout-flow\">\n<figure class=\"wp-block-image size-large\"><img loading=\"lazy\" decoding=\"async\" width=\"683\" height=\"1024\" src=\"https:\/\/store.evolve-fitness.eu\/wp-content\/uploads\/2024\/07\/A7_06078-683x1024.jpg\" alt=\"\" class=\"wp-image-92188\" srcset=\"https:\/\/store.evolve-fitness.eu\/wp-content\/uploads\/2024\/07\/A7_06078-683x1024.jpg 683w, https:\/\/store.evolve-fitness.eu\/wp-content\/uploads\/2024\/07\/A7_06078-200x300.jpg 200w, https:\/\/store.evolve-fitness.eu\/wp-content\/uploads\/2024\/07\/A7_06078-768x1152.jpg 768w, https:\/\/store.evolve-fitness.eu\/wp-content\/uploads\/2024\/07\/A7_06078-1024x1536.jpg 1024w, https:\/\/store.evolve-fitness.eu\/wp-content\/uploads\/2024\/07\/A7_06078-600x900.jpg 600w, https:\/\/store.evolve-fitness.eu\/wp-content\/uploads\/2024\/07\/A7_06078.jpg 1280w\" sizes=\"auto, (max-width: 683px) 100vw, 683px\" \/><\/figure>\n<\/div>\n<\/div>\n<\/section>\n<\/section>\n<\/section>\n","protected":false},"excerpt":{"rendered":"<p>Oplev det enest\u00e5ende Evolve Cerakote Olympic Women&#8217;s Grip, et f\u00f8rsteklasses valg for atleter og fitnessentusiaster. Denne f\u00f8rsteklasses v\u00e6gtstang, der m\u00e5ler 201 cm i l\u00e6ngden og vejer 15 kg, er skr\u00e6ddersyet til b\u00e5de professionel brug og hjemmebrug. Det robuste design kan prale af en maksimal belastningskapacitet p\u00e5 900 kg, hvilket g\u00f8r den ideel til intense tr\u00e6ningspas. Stangen har 8 n\u00e5lelejer og 2 kobberb\u00f8sninger, der sikrer j\u00e6vn rotation og uovertruffen holdbarhed. B\u00f8sningsdiameteren p\u00e5 \u00d850 mm er perfekt til standardv\u00e6gte, mens kromfinishen p\u00e5 b\u00e5de grebets overflade og b\u00f8sningen (320 mm lang) tilf\u00f8jer et elegant touch. Stangens indvendige diameter p\u00e5 \u00d825 mm og 1,5 mm dybde af ruhed p\u00e5 gribebr\u00e6ttet kombineret med IMF-type ruhed giver et sikkert greb og forbedrer din tr\u00e6ningsoplevelse. Med 2 \u00e5rs garanti er Evolve Cerakote Olympic Women&#8217;s Grip (produktkode: EV-OB-CK-201) en p\u00e5lidelig tilf\u00f8jelse af h\u00f8j kvalitet til ethvert tr\u00e6ningsprogram.<\/p>\n<p>\n","protected":false},"featured_media":92423,"template":"","meta":{"_acf_changed":false,"inline_featured_image":false},"product_cat":[2411,977,1019],"product_tag":[],"class_list":{"0":"post-30916","1":"product","2":"type-product","3":"status-publish","4":"has-post-thumbnail","6":"product_cat-hyrox-gear","7":"product_cat-frie-vaegte","8":"product_cat-barer-og-tilbehor","10":"first","11":"instock","12":"shipping-taxable","13":"purchasable","14":"product-type-simple"},"acf":[],"_links":{"self":[{"href":"https:\/\/store.evolve-fitness.eu\/da\/wp-json\/wp\/v2\/product\/30916","targetHints":{"allow":["GET"]}}],"collection":[{"href":"https:\/\/store.evolve-fitness.eu\/da\/wp-json\/wp\/v2\/product"}],"about":[{"href":"https:\/\/store.evolve-fitness.eu\/da\/wp-json\/wp\/v2\/types\/product"}],"wp:featuredmedia":[{"embeddable":true,"href":"https:\/\/store.evolve-fitness.eu\/da\/wp-json\/wp\/v2\/media\/92423"}],"wp:attachment":[{"href":"https:\/\/store.evolve-fitness.eu\/da\/wp-json\/wp\/v2\/media?parent=30916"}],"wp:term":[{"taxonomy":"product_cat","embeddable":true,"href":"https:\/\/store.evolve-fitness.eu\/da\/wp-json\/wp\/v2\/product_cat?post=30916"},{"taxonomy":"product_tag","embeddable":true,"href":"https:\/\/store.evolve-fitness.eu\/da\/wp-json\/wp\/v2\/product_tag?post=30916"}],"curies":[{"name":"wp","href":"https:\/\/api.w.org\/{rel}","templated":true}]}}