{"id":30525,"date":"2023-10-16T10:33:10","date_gmt":"2023-10-16T10:33:10","guid":{"rendered":"https:\/\/store.evolve-fitness.eu\/product\/evolve-squatstang-220-cm\/"},"modified":"2024-07-16T08:44:15","modified_gmt":"2024-07-16T08:44:15","slug":"evolve-squatstang-220-cm","status":"publish","type":"product","link":"https:\/\/store.evolve-fitness.eu\/da\/vare\/evolve-squatstang-220-cm\/","title":{"rendered":"Evolve squatstang &#8211; 220 cm"},"content":{"rendered":"","protected":false},"excerpt":{"rendered":"<p>Maksimer din styrketr\u00e6ning med Evolve Olympic Safety Squat Bar (produktkode: EV-OB-SQ-220), en robust og innovativ tilf\u00f8jelse til dit fitnessarsenal. Denne f\u00f8rsteklasses squatstang er designet til atleter og fitnessentusiaster og har en v\u00e6gt p\u00e5 24 kg, som giver en udfordrende tr\u00e6ning. Stangen har en betydelig maksimal belastningskapacitet p\u00e5 350 kg, hvilket g\u00f8r den ideel til tunge l\u00f8ftere. Med en samlet l\u00e6ngde p\u00e5 2200 mm og en 1390 mm lang indvendig del af gribebr\u00e6ttet sikrer den komfortable og sikre greb til forskellige kropstyper. Den indvendige del af gribebr\u00e6ttet har en diameter p\u00e5 30 mm, og b\u00f8sningen til v\u00e6gtene har en diameter p\u00e5 51 mm, s\u00e5 den passer til standard OL-v\u00e6gte, hvilket \u00f8ger alsidigheden. Den et\u00e5rige garanti understreger forpligtelsen til kvalitet og holdbarhed. Uanset om du vil \u00f8ge din styrke, forbedre din kropsholdning eller opbygge muskler, er Evolve Olympic Safety Squat Bar det rette udstyr til at n\u00e5 dine fitnessm\u00e5l.<\/p>\n","protected":false},"featured_media":92370,"template":"","meta":{"_acf_changed":false,"inline_featured_image":false},"product_cat":[2411,977,1019],"product_tag":[],"class_list":{"0":"post-30525","1":"product","2":"type-product","3":"status-publish","4":"has-post-thumbnail","6":"product_cat-hyrox-gear","7":"product_cat-frie-vaegte","8":"product_cat-barer-og-tilbehor","10":"first","11":"instock","12":"shipping-taxable","13":"purchasable","14":"product-type-simple"},"acf":[],"_links":{"self":[{"href":"https:\/\/store.evolve-fitness.eu\/da\/wp-json\/wp\/v2\/product\/30525","targetHints":{"allow":["GET"]}}],"collection":[{"href":"https:\/\/store.evolve-fitness.eu\/da\/wp-json\/wp\/v2\/product"}],"about":[{"href":"https:\/\/store.evolve-fitness.eu\/da\/wp-json\/wp\/v2\/types\/product"}],"wp:featuredmedia":[{"embeddable":true,"href":"https:\/\/store.evolve-fitness.eu\/da\/wp-json\/wp\/v2\/media\/92370"}],"wp:attachment":[{"href":"https:\/\/store.evolve-fitness.eu\/da\/wp-json\/wp\/v2\/media?parent=30525"}],"wp:term":[{"taxonomy":"product_cat","embeddable":true,"href":"https:\/\/store.evolve-fitness.eu\/da\/wp-json\/wp\/v2\/product_cat?post=30525"},{"taxonomy":"product_tag","embeddable":true,"href":"https:\/\/store.evolve-fitness.eu\/da\/wp-json\/wp\/v2\/product_tag?post=30525"}],"curies":[{"name":"wp","href":"https:\/\/api.w.org\/{rel}","templated":true}]}}