{"id":30462,"date":"2023-10-16T10:21:10","date_gmt":"2023-10-16T10:21:10","guid":{"rendered":"https:\/\/store.evolve-fitness.eu\/product\/evolve-olympisk-hex-stang-150-cm\/"},"modified":"2024-07-16T08:35:32","modified_gmt":"2024-07-16T08:35:32","slug":"evolve-olympisk-hex-stang-150-cm","status":"publish","type":"product","link":"https:\/\/store.evolve-fitness.eu\/da\/vare\/evolve-olympisk-hex-stang-150-cm\/","title":{"rendered":"Evolve olympisk hex-stang &#8211; 150 cm"},"content":{"rendered":"","protected":false},"excerpt":{"rendered":"<p>Evolve Olympic Hex Bar giver mulighed for at udf\u00f8re en bredere vifte af \u00f8velser, samtidig med at man bevarer den rette form. Denne stang er konstrueret med \u00e6rmer, der sikrer j\u00e6vn rotation og holdbarhed. Denne stang kan holde til kontinuerlig brug med en maksimal belastning p\u00e5 op til 500 kg.<\/p>\n","protected":false},"featured_media":92219,"template":"","meta":{"_acf_changed":false,"inline_featured_image":false},"product_cat":[2411,977,1019],"product_tag":[],"class_list":{"0":"post-30462","1":"product","2":"type-product","3":"status-publish","4":"has-post-thumbnail","6":"product_cat-hyrox-gear","7":"product_cat-frie-vaegte","8":"product_cat-barer-og-tilbehor","10":"first","11":"instock","12":"shipping-taxable","13":"purchasable","14":"product-type-simple"},"acf":[],"_links":{"self":[{"href":"https:\/\/store.evolve-fitness.eu\/da\/wp-json\/wp\/v2\/product\/30462","targetHints":{"allow":["GET"]}}],"collection":[{"href":"https:\/\/store.evolve-fitness.eu\/da\/wp-json\/wp\/v2\/product"}],"about":[{"href":"https:\/\/store.evolve-fitness.eu\/da\/wp-json\/wp\/v2\/types\/product"}],"wp:featuredmedia":[{"embeddable":true,"href":"https:\/\/store.evolve-fitness.eu\/da\/wp-json\/wp\/v2\/media\/92219"}],"wp:attachment":[{"href":"https:\/\/store.evolve-fitness.eu\/da\/wp-json\/wp\/v2\/media?parent=30462"}],"wp:term":[{"taxonomy":"product_cat","embeddable":true,"href":"https:\/\/store.evolve-fitness.eu\/da\/wp-json\/wp\/v2\/product_cat?post=30462"},{"taxonomy":"product_tag","embeddable":true,"href":"https:\/\/store.evolve-fitness.eu\/da\/wp-json\/wp\/v2\/product_tag?post=30462"}],"curies":[{"name":"wp","href":"https:\/\/api.w.org\/{rel}","templated":true}]}}