{"id":30448,"date":"2023-10-16T06:59:28","date_gmt":"2023-10-16T06:59:28","guid":{"rendered":"https:\/\/store.evolve-fitness.eu\/product\/evolve-olympisk-tricepsstang\/"},"modified":"2024-07-16T08:11:08","modified_gmt":"2024-07-16T08:11:08","slug":"evolve-olympisk-tricepsstang","status":"publish","type":"product","link":"https:\/\/store.evolve-fitness.eu\/da\/vare\/evolve-olympisk-tricepsstang\/","title":{"rendered":"Evolve olympisk tricepsstang"},"content":{"rendered":"\n<p><\/p>\n\n<section class=\"wp-block-group alignfull black-content has-white-color has-darkgray-background-color has-text-color has-background is-layout-constrained wp-block-group-is-layout-constrained\" style=\"padding-top:var(--wp--preset--spacing--section-bottom);padding-bottom:var(--wp--preset--spacing--section-bottom)\">\n<div class=\"wp-block-columns alignwide mobile-reverse is-layout-flex wp-container-core-columns-is-layout-ca64bf2d wp-block-columns-is-layout-flex\" style=\"margin-bottom:var(--wp--preset--spacing--side-padding)\">\n<div class=\"wp-block-column is-vertically-aligned-center is-layout-flow wp-block-column-is-layout-flow\">\n<h3 class=\"wp-block-heading\" style=\"margin-bottom:var(--wp--preset--spacing--h-3-bottom)\">Evolve Triceps-stang<\/h3>\n\n\n\n<p><strong><em><strong><em>860 mm \/ 10 kg \/ 50 mm<\/em><\/strong><\/em><\/strong><\/p>\n\n\n\n<p style=\"margin-bottom:var(--wp--preset--spacing--tb-section-padding)\">Denne tricepsstang er designet til overlegen ydeevne og retter sig ikke kun effektivt mod triceps-musklerne, men sikrer ogs\u00e5 et behageligt greb, s\u00e5 brugerne trygt kan \u00f8ge deres l\u00f8ftev\u00e6gte.<\/p>\n<\/div>\n\n\n\n<div class=\"wp-block-column is-vertically-aligned-center is-layout-flow wp-block-column-is-layout-flow\">\n<figure class=\"wp-block-image size-large\"><img loading=\"lazy\" decoding=\"async\" width=\"683\" height=\"1024\" src=\"https:\/\/store.evolve-fitness.eu\/wp-content\/uploads\/2024\/07\/A7_06078-683x1024.jpg\" alt=\"\" class=\"wp-image-92188\" srcset=\"https:\/\/store.evolve-fitness.eu\/wp-content\/uploads\/2024\/07\/A7_06078-683x1024.jpg 683w, https:\/\/store.evolve-fitness.eu\/wp-content\/uploads\/2024\/07\/A7_06078-200x300.jpg 200w, https:\/\/store.evolve-fitness.eu\/wp-content\/uploads\/2024\/07\/A7_06078-768x1152.jpg 768w, https:\/\/store.evolve-fitness.eu\/wp-content\/uploads\/2024\/07\/A7_06078-1024x1536.jpg 1024w, https:\/\/store.evolve-fitness.eu\/wp-content\/uploads\/2024\/07\/A7_06078-600x900.jpg 600w, https:\/\/store.evolve-fitness.eu\/wp-content\/uploads\/2024\/07\/A7_06078.jpg 1280w\" sizes=\"auto, (max-width: 683px) 100vw, 683px\" \/><\/figure>\n<\/div>\n<\/div>\n<\/section>\n","protected":false},"excerpt":{"rendered":"<p>Evolve Olympic Triceps Bar er et fitnessredskab af h\u00f8j kvalitet, der er designet til at tr\u00e6ne triceps og overkroppens muskler. Med sin j\u00e6vne rotation og komfortable greb forbedrer den din v\u00e6gtl\u00f8ftningsoplevelse og sikrer samtidig sikkerheden. Dens maksimale belastningskapacitet p\u00e5 200 kg g\u00f8r den velegnet til brugere p\u00e5 alle niveauer, fra begyndere til professionelle fitnessud\u00f8vere. Det unikke design og overfladebehandlingen i krom beskytter ikke kun mod rust, men hj\u00e6lper ogs\u00e5 med at isolere muskelgrupper og reducere risikoen for skader. L\u00f8ft din tr\u00e6ning med denne holdbare og funktionelle olympiske tricepsstang, et must-have for at n\u00e5 dine fitnessm\u00e5l.<\/p>\n","protected":false},"featured_media":92141,"template":"","meta":{"_acf_changed":false,"inline_featured_image":false},"product_cat":[2411,977,1019],"product_tag":[],"class_list":{"0":"post-30448","1":"product","2":"type-product","3":"status-publish","4":"has-post-thumbnail","6":"product_cat-hyrox-gear","7":"product_cat-frie-vaegte","8":"product_cat-barer-og-tilbehor","10":"first","11":"instock","12":"shipping-taxable","13":"purchasable","14":"product-type-simple"},"acf":[],"_links":{"self":[{"href":"https:\/\/store.evolve-fitness.eu\/da\/wp-json\/wp\/v2\/product\/30448","targetHints":{"allow":["GET"]}}],"collection":[{"href":"https:\/\/store.evolve-fitness.eu\/da\/wp-json\/wp\/v2\/product"}],"about":[{"href":"https:\/\/store.evolve-fitness.eu\/da\/wp-json\/wp\/v2\/types\/product"}],"wp:featuredmedia":[{"embeddable":true,"href":"https:\/\/store.evolve-fitness.eu\/da\/wp-json\/wp\/v2\/media\/92141"}],"wp:attachment":[{"href":"https:\/\/store.evolve-fitness.eu\/da\/wp-json\/wp\/v2\/media?parent=30448"}],"wp:term":[{"taxonomy":"product_cat","embeddable":true,"href":"https:\/\/store.evolve-fitness.eu\/da\/wp-json\/wp\/v2\/product_cat?post=30448"},{"taxonomy":"product_tag","embeddable":true,"href":"https:\/\/store.evolve-fitness.eu\/da\/wp-json\/wp\/v2\/product_tag?post=30448"}],"curies":[{"name":"wp","href":"https:\/\/api.w.org\/{rel}","templated":true}]}}