{"id":30422,"date":"2023-10-16T08:38:11","date_gmt":"2023-10-16T08:38:11","guid":{"rendered":"https:\/\/store.evolve-fitness.eu\/product\/evolve-olympisk-curlstang-120-cm\/"},"modified":"2024-07-16T08:18:27","modified_gmt":"2024-07-16T08:18:27","slug":"evolve-olympisk-curlstang-120-cm","status":"publish","type":"product","link":"https:\/\/store.evolve-fitness.eu\/da\/vare\/evolve-olympisk-curlstang-120-cm\/","title":{"rendered":"Evolve olympisk curlstang &#8211; 120 cm"},"content":{"rendered":"\n<section class=\"wp-block-group alignfull black-content has-white-color has-darkgray-background-color has-text-color has-background is-layout-constrained wp-block-group-is-layout-constrained\" style=\"padding-top:var(--wp--preset--spacing--section-bottom);padding-bottom:var(--wp--preset--spacing--section-bottom)\">\n<section class=\"wp-block-group alignfull black-content has-white-color has-darkgray-background-color has-text-color has-background is-layout-constrained wp-block-group-is-layout-constrained\" style=\"padding-top:var(--wp--preset--spacing--section-bottom);padding-bottom:var(--wp--preset--spacing--section-bottom)\">\n<div class=\"wp-block-columns alignwide mobile-reverse is-layout-flex wp-container-core-columns-is-layout-ca64bf2d wp-block-columns-is-layout-flex\" style=\"margin-bottom:var(--wp--preset--spacing--side-padding)\">\n<div class=\"wp-block-column is-vertically-aligned-center is-layout-flow wp-block-column-is-layout-flow\">\n<h3 class=\"wp-block-heading\" style=\"margin-bottom:var(--wp--preset--spacing--h-3-bottom)\">Evolve olympisk curlstang &#8211; 120 cm<\/h3>\n\n\n\n<p><strong><em><strong><em>120 cm<\/em><\/strong><\/em><\/strong><\/p>\n\n\n\n<p style=\"margin-bottom:var(--wp--preset--spacing--tb-section-padding)\">Oplev det ypperste inden for styrketr\u00e6ning med Evolve Olympic Curl Bar (EV-OB-CB-120) &#8211; en f\u00f8rsteklasses 1200 mm, 10 kg, 50 mm curlstang designet til b\u00e5de intens hjemmetr\u00e6ning og kr\u00e6vende kommerciel brug.<\/p>\n<\/div>\n\n\n\n<div class=\"wp-block-column is-vertically-aligned-center is-layout-flow wp-block-column-is-layout-flow\">\n<figure class=\"wp-block-image size-large\"><img loading=\"lazy\" decoding=\"async\" width=\"683\" height=\"1024\" src=\"https:\/\/store.evolve-fitness.eu\/wp-content\/uploads\/2024\/07\/A7_06078-683x1024.jpg\" alt=\"\" class=\"wp-image-92188\" srcset=\"https:\/\/store.evolve-fitness.eu\/wp-content\/uploads\/2024\/07\/A7_06078-683x1024.jpg 683w, https:\/\/store.evolve-fitness.eu\/wp-content\/uploads\/2024\/07\/A7_06078-200x300.jpg 200w, https:\/\/store.evolve-fitness.eu\/wp-content\/uploads\/2024\/07\/A7_06078-768x1152.jpg 768w, https:\/\/store.evolve-fitness.eu\/wp-content\/uploads\/2024\/07\/A7_06078-1024x1536.jpg 1024w, https:\/\/store.evolve-fitness.eu\/wp-content\/uploads\/2024\/07\/A7_06078-600x900.jpg 600w, https:\/\/store.evolve-fitness.eu\/wp-content\/uploads\/2024\/07\/A7_06078.jpg 1280w\" sizes=\"auto, (max-width: 683px) 100vw, 683px\" \/><\/figure>\n<\/div>\n<\/div>\n<\/section>\n<\/section>\n","protected":false},"excerpt":{"rendered":"<p>Oplev det ypperste inden for styrketr\u00e6ning med Evolve Olympic Curl Bar (EV-OB-CB-120) &#8211; en f\u00f8rsteklasses 1200 mm, 10 kg, 50 mm curlstang designet til b\u00e5de intens hjemmetr\u00e6ning og kr\u00e6vende kommerciel brug. Med en robust konstruktion med \u00d828 mm indvendig stangdiameter og en indvendig overflade i krom er denne curlstang bygget til at holde. B\u00f8sningerne sikrer problemfri drift og enest\u00e5ende holdbarhed og kan modst\u00e5 en maksimal belastning p\u00e5 360 kg. Med 2 \u00e5rs garanti og \u00d850 mm v\u00e6gtskiveb\u00f8sninger lever denne olympiske curlstang op til de h\u00f8jeste standarder for kvalitet og ydeevne. Uanset om du vil forbedre dit tr\u00e6ningscenter derhjemme eller udstyre et kommercielt fitnesscenter, er Evolve Olympic Curl Bar det ultimative valg for dem, der kr\u00e6ver det bedste.<\/p>\n","protected":false},"featured_media":30423,"template":"","meta":{"_acf_changed":false,"inline_featured_image":false},"product_cat":[2411,977,1019],"product_tag":[],"class_list":{"0":"post-30422","1":"product","2":"type-product","3":"status-publish","4":"has-post-thumbnail","6":"product_cat-hyrox-gear","7":"product_cat-frie-vaegte","8":"product_cat-barer-og-tilbehor","10":"first","11":"instock","12":"shipping-taxable","13":"purchasable","14":"product-type-simple"},"acf":[],"_links":{"self":[{"href":"https:\/\/store.evolve-fitness.eu\/da\/wp-json\/wp\/v2\/product\/30422","targetHints":{"allow":["GET"]}}],"collection":[{"href":"https:\/\/store.evolve-fitness.eu\/da\/wp-json\/wp\/v2\/product"}],"about":[{"href":"https:\/\/store.evolve-fitness.eu\/da\/wp-json\/wp\/v2\/types\/product"}],"wp:featuredmedia":[{"embeddable":true,"href":"https:\/\/store.evolve-fitness.eu\/da\/wp-json\/wp\/v2\/media\/30423"}],"wp:attachment":[{"href":"https:\/\/store.evolve-fitness.eu\/da\/wp-json\/wp\/v2\/media?parent=30422"}],"wp:term":[{"taxonomy":"product_cat","embeddable":true,"href":"https:\/\/store.evolve-fitness.eu\/da\/wp-json\/wp\/v2\/product_cat?post=30422"},{"taxonomy":"product_tag","embeddable":true,"href":"https:\/\/store.evolve-fitness.eu\/da\/wp-json\/wp\/v2\/product_tag?post=30422"}],"curies":[{"name":"wp","href":"https:\/\/api.w.org\/{rel}","templated":true}]}}