{"id":30387,"date":"2023-10-16T07:19:20","date_gmt":"2023-10-16T07:19:20","guid":{"rendered":"https:\/\/store.evolve-fitness.eu\/product\/evolve-olympisk-stang-150-cm\/"},"modified":"2024-10-11T06:34:23","modified_gmt":"2024-10-11T06:34:23","slug":"evolve-olympisk-stang-150-cm","status":"publish","type":"product","link":"https:\/\/store.evolve-fitness.eu\/da\/vare\/evolve-olympisk-stang-150-cm\/","title":{"rendered":"Evolve olympisk stang &#8211; 150 cm"},"content":{"rendered":"\n<section class=\"wp-block-group alignfull black-content has-white-color has-darkgray-background-color has-text-color has-background is-layout-constrained wp-block-group-is-layout-constrained\" style=\"padding-top:var(--wp--preset--spacing--section-bottom);padding-bottom:var(--wp--preset--spacing--section-bottom)\">\n<section class=\"wp-block-group alignfull black-content has-white-color has-darkgray-background-color has-text-color has-background is-layout-constrained wp-block-group-is-layout-constrained\" style=\"padding-top:var(--wp--preset--spacing--section-bottom);padding-bottom:var(--wp--preset--spacing--section-bottom)\">\n<section class=\"wp-block-group alignfull black-content has-white-color has-darkgray-background-color has-text-color has-background is-layout-constrained wp-block-group-is-layout-constrained\" style=\"padding-top:var(--wp--preset--spacing--section-bottom);padding-bottom:var(--wp--preset--spacing--section-bottom)\">\n<div class=\"wp-block-columns alignwide mobile-reverse is-layout-flex wp-container-core-columns-is-layout-ca64bf2d wp-block-columns-is-layout-flex\" style=\"margin-bottom:var(--wp--preset--spacing--side-padding)\">\n<div class=\"wp-block-column is-vertically-aligned-center is-layout-flow wp-block-column-is-layout-flow\">\n<h3 class=\"wp-block-heading\" style=\"margin-bottom:var(--wp--preset--spacing--h-3-bottom)\">Evolve Olymic Bar &#8211; 150 cm<\/h3>\n\n\n\n<p><strong><em><strong><em>150 cm<\/em><\/strong><\/em><\/strong><\/p>\n\n\n\n<p style=\"margin-bottom:var(--wp--preset--spacing--tb-section-padding)\">Forbedr din tr\u00e6ning med Evolve Olympic Bar, en f\u00f8rsteklasses 150 cm lang v\u00e6gtstang designet til overlegen ydeevne og holdbarhed.  <\/p>\n<\/div>\n\n\n\n<div class=\"wp-block-column is-vertically-aligned-center is-layout-flow wp-block-column-is-layout-flow\">\n<figure class=\"wp-block-image size-large\"><img loading=\"lazy\" decoding=\"async\" width=\"683\" height=\"1024\" src=\"https:\/\/store.evolve-fitness.eu\/wp-content\/uploads\/2024\/07\/A7_06078-683x1024.jpg\" alt=\"\" class=\"wp-image-92188\" srcset=\"https:\/\/store.evolve-fitness.eu\/wp-content\/uploads\/2024\/07\/A7_06078-683x1024.jpg 683w, https:\/\/store.evolve-fitness.eu\/wp-content\/uploads\/2024\/07\/A7_06078-200x300.jpg 200w, https:\/\/store.evolve-fitness.eu\/wp-content\/uploads\/2024\/07\/A7_06078-768x1152.jpg 768w, https:\/\/store.evolve-fitness.eu\/wp-content\/uploads\/2024\/07\/A7_06078-1024x1536.jpg 1024w, https:\/\/store.evolve-fitness.eu\/wp-content\/uploads\/2024\/07\/A7_06078-600x900.jpg 600w, https:\/\/store.evolve-fitness.eu\/wp-content\/uploads\/2024\/07\/A7_06078.jpg 1280w\" sizes=\"auto, (max-width: 683px) 100vw, 683px\" \/><\/figure>\n<\/div>\n<\/div>\n<\/section>\n<\/section>\n<\/section>\n","protected":false},"excerpt":{"rendered":"<p>Forbedr din tr\u00e6ning med Evolve Olympic Bar, en f\u00f8rsteklasses 150 cm lang v\u00e6gtstang designet til overlegen ydeevne og holdbarhed. Med en v\u00e6gt p\u00e5 12 kg og en maksimal belastningskapacitet p\u00e5 320 kg er denne stang perfekt til b\u00e5de begyndere og erfarne atleter. V\u00e6gtskivens diameter p\u00e5 \u00d8 50 mm passer til olympiske standardv\u00e6gte, mens den indvendige stangdiameter p\u00e5 \u00d8 30 mm sikrer et behageligt greb. Stangen har b\u00f8sninger af h\u00f8j kvalitet for j\u00e6vn rotation, en kromfinish p\u00e5 den indvendige overflade og v\u00e6gthylsteret for \u00f8get holdbarhed og en b\u00f8sningsl\u00e6ngde p\u00e5 250 mm til v\u00e6gtskiver. Med en riflet dybde p\u00e5 1 mm, IWF standard rifletype og medium skarphed giver Evolve Olympic Bar et optimalt greb, hvilket reducerer risikoen for at glide under tunge l\u00f8ft. Med en garanti p\u00e5 2 \u00e5r er denne stang en p\u00e5lidelig tilf\u00f8jelse til ethvert fitnesscenter eller hjemmetr\u00e6ningsrum.<\/p>\n<p>\n","protected":false},"featured_media":30399,"template":"","meta":{"_acf_changed":false,"inline_featured_image":false},"product_cat":[2411,977,1019],"product_tag":[],"class_list":{"0":"post-30387","1":"product","2":"type-product","3":"status-publish","4":"has-post-thumbnail","6":"product_cat-hyrox-gear","7":"product_cat-frie-vaegte","8":"product_cat-barer-og-tilbehor","10":"first","11":"instock","12":"shipping-taxable","13":"purchasable","14":"product-type-simple"},"acf":[],"_links":{"self":[{"href":"https:\/\/store.evolve-fitness.eu\/da\/wp-json\/wp\/v2\/product\/30387","targetHints":{"allow":["GET"]}}],"collection":[{"href":"https:\/\/store.evolve-fitness.eu\/da\/wp-json\/wp\/v2\/product"}],"about":[{"href":"https:\/\/store.evolve-fitness.eu\/da\/wp-json\/wp\/v2\/types\/product"}],"wp:featuredmedia":[{"embeddable":true,"href":"https:\/\/store.evolve-fitness.eu\/da\/wp-json\/wp\/v2\/media\/30399"}],"wp:attachment":[{"href":"https:\/\/store.evolve-fitness.eu\/da\/wp-json\/wp\/v2\/media?parent=30387"}],"wp:term":[{"taxonomy":"product_cat","embeddable":true,"href":"https:\/\/store.evolve-fitness.eu\/da\/wp-json\/wp\/v2\/product_cat?post=30387"},{"taxonomy":"product_tag","embeddable":true,"href":"https:\/\/store.evolve-fitness.eu\/da\/wp-json\/wp\/v2\/product_tag?post=30387"}],"curies":[{"name":"wp","href":"https:\/\/api.w.org\/{rel}","templated":true}]}}