{"id":29904,"date":"2023-10-12T07:00:54","date_gmt":"2023-10-12T07:00:54","guid":{"rendered":"https:\/\/store.evolve-fitness.eu\/product\/evolve-studio-stativ-til-haandvaegte\/"},"modified":"2026-03-26T11:59:12","modified_gmt":"2026-03-26T11:59:12","slug":"evolve-studio-stativ-til-haandvaegte","status":"publish","type":"product","link":"https:\/\/store.evolve-fitness.eu\/da\/vare\/evolve-studio-stativ-til-haandvaegte\/","title":{"rendered":"Evolve studio-stativ til h\u00e5ndv\u00e6gte"},"content":{"rendered":"\n<section class=\"wp-block-group alignfull black-content has-white-color has-darkgray-background-color has-text-color has-background is-layout-constrained wp-block-group-is-layout-constrained\" style=\"padding-top:var(--wp--preset--spacing--section-bottom);padding-bottom:var(--wp--preset--spacing--section-bottom)\">\n<p class=\"has-text-align-center has-medium-2-font-size\" style=\"padding-top:var(--wp--preset--spacing--tb-padding);padding-bottom:var(--wp--preset--spacing--tb-padding)\"><strong>Maksimer din fitnessplads med Evolve Studios aerobiske h\u00e5ndv\u00e6gtstativ<\/strong><\/p>\n\n\n\n<p>Forvandl dit fitnesscenter eller hjemmegym med <strong>Evolve Aerobic Dumbbell Rack<\/strong>, der er designet til at forbedre organiseringen og tilg\u00e6ngeligheden. Vores stativs pladsbesparende lodrette design g\u00f8r det til en ideel tilf\u00f8jelse til fitnessstudier, wellnesscentre og hjemmetr\u00e6ningsrum, hvor der er plads til forskellige aerobic- og vinylh\u00e5ndv\u00e6gte.<\/p>\n\n\n\n<div class=\"wp-block-columns alignwide mobile-reverse is-layout-flex wp-container-core-columns-is-layout-ca64bf2d wp-block-columns-is-layout-flex\" style=\"margin-bottom:var(--wp--preset--spacing--side-padding)\">\n<div class=\"wp-block-column is-vertically-aligned-center is-layout-flow wp-block-column-is-layout-flow\">\n<h3 class=\"wp-block-heading\" style=\"margin-bottom:var(--wp--preset--spacing--h-3-bottom)\"><strong><strong><strong><strong><strong><strong><strong><strong><strong><strong>Vigtige funktioner<\/strong><\/strong><\/strong><\/strong><\/strong><\/strong><\/strong><\/strong><\/strong><\/strong>:<\/h3>\n\n\n\n<ul class=\"wp-block-list\">\n<li><strong>Pladsbesparende design:<\/strong> Evolve Dumbbell Rack&#8217;s lodrette struktur giver mulighed for maksimal opbevaring uden at ofre gulvplads, perfekt til kompakte omr\u00e5der.<\/li>\n\n\n\n<li><strong>Nem mobilitet:<\/strong> Udstyret med fire robuste hjul med sikre bremser kan dette stativ nemt flyttes og placeres, hvilket giver uovertruffen bekvemmelighed.<\/li>\n\n\n\n<li><strong>Holdbar konstruktion:<\/strong> Stativet har en pulverlakeret ramme, der sikrer lang levetid og modstandsdygtighed over for slitage og er velegnet til kr\u00e6vende fitnessmilj\u00f8er.<\/li>\n\n\n\n<li><strong>Stabil og kompakt:<\/strong> Den stabile ramme giver en sikker opbevaringsl\u00f8sning, der holder dit tr\u00e6ningsomr\u00e5de p\u00e6nt og organiseret.<\/li>\n<\/ul>\n<\/div>\n\n\n\n<div class=\"wp-block-column is-vertically-aligned-center is-layout-flow wp-block-column-is-layout-flow\">\n<figure class=\"wp-block-video\"><video autoplay=\"\" controls=\"\" loop=\"\" muted=\"\" src=\"https:\/\/evolve-fitness.eu\/wp-content\/uploads\/2023\/12\/1-2.mp4\"><\/video><\/figure>\n<\/div>\n<\/div>\n\n\n\n<div class=\"wp-block-columns alignwide is-layout-flex wp-container-core-columns-is-layout-c45ee707 wp-block-columns-is-layout-flex\" style=\"margin-bottom:var(--wp--preset--spacing--side-padding);padding-top:var(--wp--preset--spacing--side-padding)\">\n<div class=\"wp-block-column is-vertically-aligned-center is-layout-flow wp-block-column-is-layout-flow\">\n<figure class=\"wp-block-video\"><video height=\"1080\" style=\"aspect-ratio: 1920 \/ 1080;\" width=\"1920\" autoplay=\"\" controls=\"\" loop=\"\" muted=\"\" src=\"https:\/\/evolve-fitness.eu\/wp-content\/uploads\/2023\/12\/2-2.mp4\"><\/video><\/figure>\n<\/div>\n\n\n\n<div class=\"wp-block-column is-vertically-aligned-center is-layout-constrained wp-block-column-is-layout-constrained\">\n<h3 class=\"wp-block-heading\" style=\"margin-bottom:var(--wp--preset--spacing--h-3-bottom)\"><strong><strong><strong><strong><strong><strong><strong><strong><strong><strong>Hvorfor v\u00e6lge Evolve Aerobic Dumbbell Rack?<\/strong><\/strong><\/strong><\/strong><\/strong><\/strong><\/strong><\/strong><\/strong><\/strong><\/h3>\n\n\n\n<p>Dette stativ er ikke bare en opbevaringsl\u00f8sning; det er en forbedring af din tr\u00e6ningsrejse. Uanset om det er til et professionelt fitnesscenter eller et personligt tr\u00e6ningscenter, sikrer vores stativ, at dine h\u00e5ndv\u00e6gte altid er inden for r\u00e6kkevidde, organiseret og opbevaret sikkert. Det slanke design og den lette mobilitet g\u00f8r den til et f\u00f8rstevalg for b\u00e5de fitnessentusiaster og professionelle.<\/p>\n<\/div>\n<\/div>\n\n\n\n<p class=\"has-text-align-center has-medium-2-font-size\">Invester i <strong>Evolve Studio Dumbbells Rack<\/strong> og oplev den perfekte blanding af funktionalitet, holdbarhed og stil. Bestil nu, og l\u00f8ft dit fitnessrum!<\/p>\n<\/section>\n","protected":false},"excerpt":{"rendered":"<p>L\u00f8ft dit fitnessrum med Evolve Aerobic Dumbbell Rack (EV-RS-SD-500), en pladsbesparende og mobil l\u00f8sning til organisering af aerobic- og vinylh\u00e5ndv\u00e6gte. Det lodrette, kompakte design og det pulverlakerede stel g\u00f8r den ideel til fitnesscentre og hjemmegym, mens v\u00e6gten p\u00e5 34 kg sikrer stabilitet. Udstyret med transporthjul og to \u00e5rs garanti er dette stativ en perfekt blanding af funktionalitet og holdbarhed for fitnessentusiaster, der \u00f8nsker et ryddeligt og tilg\u00e6ngeligt tr\u00e6ningsmilj\u00f8.<\/p>\n","protected":false},"featured_media":29907,"template":"","meta":{"_acf_changed":false,"inline_featured_image":false},"product_cat":[353,977,978],"product_tag":[],"class_list":{"0":"post-29904","1":"product","2":"type-product","3":"status-publish","4":"has-post-thumbnail","6":"product_cat-forside","7":"product_cat-frie-vaegte","8":"product_cat-reoler-og-opbevaringslosninger","10":"first","11":"instock","12":"shipping-taxable","13":"purchasable","14":"product-type-simple"},"acf":[],"_links":{"self":[{"href":"https:\/\/store.evolve-fitness.eu\/da\/wp-json\/wp\/v2\/product\/29904","targetHints":{"allow":["GET"]}}],"collection":[{"href":"https:\/\/store.evolve-fitness.eu\/da\/wp-json\/wp\/v2\/product"}],"about":[{"href":"https:\/\/store.evolve-fitness.eu\/da\/wp-json\/wp\/v2\/types\/product"}],"wp:featuredmedia":[{"embeddable":true,"href":"https:\/\/store.evolve-fitness.eu\/da\/wp-json\/wp\/v2\/media\/29907"}],"wp:attachment":[{"href":"https:\/\/store.evolve-fitness.eu\/da\/wp-json\/wp\/v2\/media?parent=29904"}],"wp:term":[{"taxonomy":"product_cat","embeddable":true,"href":"https:\/\/store.evolve-fitness.eu\/da\/wp-json\/wp\/v2\/product_cat?post=29904"},{"taxonomy":"product_tag","embeddable":true,"href":"https:\/\/store.evolve-fitness.eu\/da\/wp-json\/wp\/v2\/product_tag?post=29904"}],"curies":[{"name":"wp","href":"https:\/\/api.w.org\/{rel}","templated":true}]}}