{"id":29737,"date":"2023-10-12T06:28:37","date_gmt":"2023-10-12T06:28:37","guid":{"rendered":"https:\/\/store.evolve-fitness.eu\/product\/evolve-stativ-til-vaegtstaenger-med-fast-vaegt-10-stk\/"},"modified":"2026-03-03T12:01:26","modified_gmt":"2026-03-03T12:01:26","slug":"evolve-stativ-til-vaegtstaenger-med-fast-vaegt-10-stk","status":"publish","type":"product","link":"https:\/\/store.evolve-fitness.eu\/da\/vare\/evolve-stativ-til-vaegtstaenger-med-fast-vaegt-10-stk\/","title":{"rendered":"Evolve stativ til v\u00e6gtst\u00e6nger med fast v\u00e6gt &#8211; 10 stk."},"content":{"rendered":"\n<section class=\"wp-block-group alignfull black-content has-white-color has-darkgray-background-color has-text-color has-background is-layout-constrained wp-block-group-is-layout-constrained\" style=\"padding-top:var(--wp--preset--spacing--section-bottom);padding-bottom:var(--wp--preset--spacing--section-bottom)\">\n<div class=\"wp-block-columns alignwide mobile-reverse is-layout-flex wp-container-core-columns-is-layout-ca64bf2d wp-block-columns-is-layout-flex\" style=\"margin-bottom:var(--wp--preset--spacing--side-padding)\">\n<div class=\"wp-block-column is-vertically-aligned-center is-layout-flow wp-block-column-is-layout-flow\">\n<h3 class=\"wp-block-heading\" style=\"margin-bottom:var(--wp--preset--spacing--h-3-bottom)\"><strong><strong><strong><strong><strong><strong><strong>Holdbar og langtidsholdbar konstruktion<\/strong><\/strong><\/strong><\/strong><\/strong><\/strong><\/strong><\/h3>\n\n\n\n<p>Evolve Fixed Barbell Rack er fremstillet af h\u00f8jstyrke, h\u00f8jfrekvente \u230076 x 2,5 mm cirkul\u00e6re og 50 x 100 x 3 mm rektangul\u00e6re r\u00f8r og er konstrueret til at modst\u00e5 strabadserne i et kommercielt tr\u00e6ningscenter. M\u00f8trikker og bolte i rustfrit st\u00e5l styrker stabiliteten, mens den avancerede pulverlakeringsteknologi sikrer en fed, ridsefast og rustfri finish. Dette stativ er ikke bare bygget til at holde, det er designet til at imponere.<\/p>\n<\/div>\n\n\n\n<div class=\"wp-block-column is-vertically-aligned-center is-layout-flow wp-block-column-is-layout-flow\">\n<figure class=\"wp-block-image alignright size-full is-resized is-style-rounded\"><img decoding=\"async\" src=\"https:\/\/evolve-fitness.eu\/wp-content\/uploads\/2023\/11\/Evolve-fixed-weight-barbell-rack1.png\" alt=\"\" class=\"wp-image-5977\" style=\"object-fit:cover;width:680px;height:600px\"\/><\/figure>\n<\/div>\n<\/div>\n\n\n\n<div class=\"wp-block-columns alignwide is-layout-flex wp-container-core-columns-is-layout-c45ee707 wp-block-columns-is-layout-flex\" style=\"margin-bottom:var(--wp--preset--spacing--side-padding);padding-top:var(--wp--preset--spacing--side-padding)\">\n<div class=\"wp-block-column is-vertically-aligned-center is-layout-flow wp-block-column-is-layout-flow\">\n<figure class=\"wp-block-video\"><video height=\"1673\" style=\"aspect-ratio: 1644 \/ 1673;\" width=\"1644\" autoplay=\"\" controls=\"\" loop=\"\" muted=\"\" src=\"https:\/\/evolve-fitness.eu\/wp-content\/uploads\/2023\/12\/1-8.mp4\"><\/video><\/figure>\n<\/div>\n\n\n\n<div class=\"wp-block-column is-vertically-aligned-center is-layout-constrained wp-block-column-is-layout-constrained\">\n<h3 class=\"wp-block-heading\" style=\"margin-bottom:var(--wp--preset--spacing--h-3-bottom)\"><strong><strong><strong><strong><strong><strong><strong>Funktionelt og brugervenligt design<\/strong><\/strong><\/strong><\/strong><\/strong><\/strong><\/strong><\/h3>\n\n\n\n<p>Reolens f\u00f8dder er d\u00e6kket af gummi for at forhindre skader p\u00e5 gulvet og \u00f8ge stabiliteten, og designet prioriterer b\u00e5de funktionalitet og \u00e6stetik. Mulighed for jordmontering sikrer yderligere stabilitet. Holderne, der er lavet af beskyttende materiale, beskytter dine v\u00e6gtstangsh\u00e5ndtag mod sk\u00e5r, s\u00e5 dit udstyr forbliver i perfekt stand. Det vinklede design g\u00f8r det nemt at placere og fjerne v\u00e6gtstangen, hvilket effektiviserer dine tr\u00e6ningssessioner.<\/p>\n<\/div>\n<\/div>\n\n\n\n<div class=\"wp-block-columns alignwide is-layout-flex wp-container-core-columns-is-layout-c45ee707 wp-block-columns-is-layout-flex\" style=\"margin-bottom:var(--wp--preset--spacing--side-padding);padding-top:var(--wp--preset--spacing--side-padding)\">\n<div class=\"wp-block-column is-vertically-aligned-center is-layout-constrained wp-block-column-is-layout-constrained\">\n<h3 class=\"wp-block-heading\" style=\"margin-bottom:var(--wp--preset--spacing--h-3-bottom)\"><strong><strong><strong><strong><strong><strong><strong><strong>Pladsbesparende og organiseret opbevaring<\/strong><\/strong><\/strong><\/strong><\/strong><\/strong><\/strong><\/strong><\/h3>\n\n\n\n<p>Det kompakte, lodrette design af Evolve Barbell Rack sparer ikke kun v\u00e6rdifuld plads i fitnesscentret, men giver ogs\u00e5 mulighed for en organiseret og tilg\u00e6ngelig ops\u00e6tning. Med plads til 10 v\u00e6gtst\u00e6nger sikrer den, at dit tr\u00e6ningsomr\u00e5de forbliver ryddeligt, og at dine v\u00e6gte altid er inden for r\u00e6kkevidde.<\/p>\n\n\n\n<h3 class=\"wp-block-heading\" style=\"margin-bottom:var(--wp--preset--spacing--h-3-bottom)\"><strong><strong><strong><strong><strong><strong><strong><strong><strong>Kan tilpasses, s\u00e5 det afspejler dit brand<\/strong><\/strong><\/strong><\/strong><\/strong><\/strong><\/strong><\/strong><\/strong><\/h3>\n\n\n\n<p>Suppler dit fitnesscenters \u00e6stetik ved at tilpasse Evolve Rack, s\u00e5 det passer til dit brands farveskema. Denne funktion giver dig mulighed for at skabe et sammenh\u00e6ngende og visuelt tiltalende tr\u00e6ningsmilj\u00f8, der er skr\u00e6ddersyet til din unikke stil.<\/p>\n<\/div>\n\n\n\n<div class=\"wp-block-column is-vertically-aligned-center is-layout-flow wp-block-column-is-layout-flow\">\n<figure class=\"wp-block-image size-large\"><img decoding=\"async\" src=\"https:\/\/evolve-fitness.eu\/wp-content\/uploads\/2023\/11\/A7_08334-683x1024.jpg\" alt=\"\" class=\"wp-image-8772\"\/><\/figure>\n<\/div>\n<\/div>\n\n\n\n<p class=\"has-text-align-center has-medium-2-font-size\" style=\"padding-top:var(--wp--preset--spacing--tb-padding);padding-bottom:var(--wp--preset--spacing--tb-padding)\"><strong>Forbedr dit fitnesscenter med Evolve Fixed Weight Barbell Rack &#8211; en blanding af holdbarhed, funktionalitet og stil. Bestil nu, og oplev den forvandling, det giver dit fitnessrum!<\/strong><\/p>\n<\/section>\n","protected":false},"excerpt":{"rendered":"<p>L\u00f8ft dit fitnessrum med Evolve Fixed Weight Barbell Rack, en robust og stilfuld l\u00f8sning til organisering af dit tr\u00e6ningsudstyr. Dette stativ er designet til at rumme op til 10 v\u00e6gtst\u00e6nger med fast v\u00e6gt og er en ideel tilf\u00f8jelse til ethvert kommercielt fitnesscenter, milit\u00e6ranl\u00e6g, kontorfitnesscenter eller endda et fitnessomr\u00e5de i hjemmet.<\/p>\n","protected":false},"featured_media":95995,"template":"","meta":{"_acf_changed":false,"inline_featured_image":false},"product_cat":[353,977,978],"product_tag":[],"class_list":{"0":"post-29737","1":"product","2":"type-product","3":"status-publish","4":"has-post-thumbnail","6":"product_cat-forside","7":"product_cat-frie-vaegte","8":"product_cat-reoler-og-opbevaringslosninger","10":"first","11":"instock","12":"shipping-taxable","13":"purchasable","14":"product-type-simple"},"acf":[],"_links":{"self":[{"href":"https:\/\/store.evolve-fitness.eu\/da\/wp-json\/wp\/v2\/product\/29737","targetHints":{"allow":["GET"]}}],"collection":[{"href":"https:\/\/store.evolve-fitness.eu\/da\/wp-json\/wp\/v2\/product"}],"about":[{"href":"https:\/\/store.evolve-fitness.eu\/da\/wp-json\/wp\/v2\/types\/product"}],"wp:featuredmedia":[{"embeddable":true,"href":"https:\/\/store.evolve-fitness.eu\/da\/wp-json\/wp\/v2\/media\/95995"}],"wp:attachment":[{"href":"https:\/\/store.evolve-fitness.eu\/da\/wp-json\/wp\/v2\/media?parent=29737"}],"wp:term":[{"taxonomy":"product_cat","embeddable":true,"href":"https:\/\/store.evolve-fitness.eu\/da\/wp-json\/wp\/v2\/product_cat?post=29737"},{"taxonomy":"product_tag","embeddable":true,"href":"https:\/\/store.evolve-fitness.eu\/da\/wp-json\/wp\/v2\/product_tag?post=29737"}],"curies":[{"name":"wp","href":"https:\/\/api.w.org\/{rel}","templated":true}]}}