{"id":29556,"date":"2023-10-11T11:11:55","date_gmt":"2023-10-11T11:11:55","guid":{"rendered":"https:\/\/store.evolve-fitness.eu\/product\/evolve-vandret-haandvaegtstativ-10-par\/"},"modified":"2026-03-27T12:00:24","modified_gmt":"2026-03-27T12:00:24","slug":"evolve-vandret-haandvaegtstativ-10-par","status":"publish","type":"product","link":"https:\/\/store.evolve-fitness.eu\/da\/vare\/evolve-vandret-haandvaegtstativ-10-par\/","title":{"rendered":"Evolve vandret h\u00e5ndv\u00e6gtstativ, 10 par"},"content":{"rendered":"\n<section class=\"wp-block-group alignfull black-content has-white-color has-darkgray-background-color has-text-color has-background is-layout-constrained wp-block-group-is-layout-constrained\" style=\"padding-top:var(--wp--preset--spacing--section-bottom);padding-bottom:var(--wp--preset--spacing--section-bottom)\">\n<div class=\"wp-block-columns alignwide mobile-reverse is-layout-flex wp-container-core-columns-is-layout-ca64bf2d wp-block-columns-is-layout-flex\" style=\"margin-bottom:var(--wp--preset--spacing--side-padding)\">\n<div class=\"wp-block-column is-vertically-aligned-center is-layout-flow wp-block-column-is-layout-flow\">\n<h3 class=\"wp-block-heading\" style=\"margin-bottom:var(--wp--preset--spacing--h-3-bottom)\"><strong><strong><strong><strong>Holdbar og robust konstruktion:<\/strong><\/strong><\/strong><\/strong><\/h3>\n\n\n\n<p>Evolve Horizontal Dumbbell Rack er fremstillet af kraftigt metal og sikrer lang levetid og modstandsdygtighed. Den overlegne pulverlakeringsteknologi tilf\u00f8rer ikke kun en fed \u00e6stetik, men beskytter ogs\u00e5 mod ridser og rust. Stativet er konstrueret til at modst\u00e5 de h\u00e5rde betingelser i et kommercielt fitnesscenter med h\u00f8j belastning, hvilket g\u00f8r det til et p\u00e5lideligt valg til ethvert fitnessmilj\u00f8.<\/p>\n<\/div>\n\n\n\n<div class=\"wp-block-column is-vertically-aligned-center is-layout-flow wp-block-column-is-layout-flow\">\n<figure class=\"wp-block-video\"><video height=\"72\" style=\"aspect-ratio: 49 \/ 72;\" width=\"49\" autoplay=\"\" controls=\"\" loop=\"\" muted=\"\" src=\"https:\/\/evolve-fitness.eu\/wp-content\/uploads\/2023\/11\/EV-RS-DR-100-video.mp4\"><\/video><\/figure>\n<\/div>\n<\/div>\n\n\n\n<div class=\"wp-block-columns alignwide is-layout-flex wp-container-core-columns-is-layout-c45ee707 wp-block-columns-is-layout-flex\" style=\"margin-bottom:var(--wp--preset--spacing--side-padding);padding-top:var(--wp--preset--spacing--side-padding)\">\n<div class=\"wp-block-column is-vertically-aligned-center is-layout-flow wp-block-column-is-layout-flow\">\n<figure class=\"wp-block-video\"><video height=\"1536\" style=\"aspect-ratio: 2048 \/ 1536;\" width=\"2048\" autoplay=\"\" controls=\"\" loop=\"\" muted=\"\" src=\"https:\/\/evolve-fitness.eu\/wp-content\/uploads\/2023\/11\/EV-RS-DR-100-weights.mp4\"><\/video><\/figure>\n<\/div>\n\n\n\n<div class=\"wp-block-column is-vertically-aligned-center is-layout-constrained wp-block-column-is-layout-constrained\">\n<h3 class=\"wp-block-heading\" style=\"margin-bottom:var(--wp--preset--spacing--h-3-bottom)\"><strong><strong><strong>Funktionelt og brugervenligt design:<\/strong><\/strong><\/strong><\/h3>\n\n\n\n<p>Stativet har gummibel\u00e6gninger p\u00e5 f\u00f8dderne for at forhindre skader p\u00e5 gulvet og for at give maksimal stabilitet. For ekstra sikkerhed kan f\u00f8dderne monteres p\u00e5 jorden. Holderne, der er fremstillet af et beskyttende materiale, forhindrer, at h\u00e5ndv\u00e6gtenes h\u00e5ndtag skrider, og reducerer risikoen for ridser. Det vinklede design g\u00f8r det nemt at placere og fjerne h\u00e5ndv\u00e6gtene, hvilket \u00f8ger effektiviteten af dine tr\u00e6ningspas.<\/p>\n<\/div>\n<\/div>\n\n\n\n<div class=\"wp-block-columns alignwide is-layout-flex wp-container-core-columns-is-layout-c45ee707 wp-block-columns-is-layout-flex\" style=\"margin-bottom:var(--wp--preset--spacing--side-padding);padding-top:var(--wp--preset--spacing--side-padding)\">\n<div class=\"wp-block-column is-vertically-aligned-center is-layout-constrained wp-block-column-is-layout-constrained\">\n<h3 class=\"wp-block-heading\" style=\"margin-bottom:var(--wp--preset--spacing--h-3-bottom)\"><strong><strong><strong><strong>Praktisk opbevaringsl\u00f8sning:<\/strong><\/strong><\/strong><\/strong><\/h3>\n\n\n\n<p>Evolve-rackens design i to etager sparer ikke kun v\u00e6rdifuld gulvplads, men hj\u00e6lper ogs\u00e5 med at organisere h\u00e5ndv\u00e6gtene p\u00e6nt. Dette arrangement sikrer, at udstyret er let tilg\u00e6ngeligt og kan organiseres efter v\u00e6gt, hvilket forenkler udv\u00e6lgelsesprocessen for brugerne. Derudover giver reolens monterbare konstruktion ejere af fitnesscentre mulighed for at skabe en skr\u00e6ddersyet modul\u00e6r opbevaringsl\u00f8sning, der er tilpasset deres specifikke pladsbehov.<\/p>\n<\/div>\n\n\n\n<div class=\"wp-block-column is-vertically-aligned-center is-layout-flow wp-block-column-is-layout-flow\">\n<figure class=\"wp-block-video\"><video height=\"600\" style=\"aspect-ratio: 680 \/ 600;\" width=\"680\" autoplay=\"\" controls=\"\" loop=\"\" muted=\"\" src=\"https:\/\/evolve-fitness.eu\/wp-content\/uploads\/2023\/11\/Evolve-Horizontal-Dumbbell-Rack-.mp4\"><\/video><\/figure>\n<\/div>\n<\/div>\n<\/section>\n","protected":false},"excerpt":{"rendered":"<p>Evolve Horizontal Dumbbell Rack er mere end bare en opbevaringsl\u00f8sning; det er en investering i holdbarheden og funktionaliteten af dit fitnesscenter. Den robuste ramme, det brugervenlige design og den praktiske opbevaringskapacitet g\u00f8r den til et ideelt valg for ethvert fitnesscenter, der \u00f8nsker at maksimere pladsen og effektiviteten. Uanset om det er til et tr\u00e6ningscenter i hjemmet eller i kommercielle omgivelser, lover Evolve Rack at v\u00e6re en langtidsholdbar og v\u00e6rdifuld tilf\u00f8jelse til dit fitnessudstyr.<\/p>\n","protected":false},"featured_media":104674,"template":"","meta":{"_acf_changed":false,"inline_featured_image":false},"product_cat":[353,977,978],"product_tag":[],"class_list":{"0":"post-29556","1":"product","2":"type-product","3":"status-publish","4":"has-post-thumbnail","6":"product_cat-forside","7":"product_cat-frie-vaegte","8":"product_cat-reoler-og-opbevaringslosninger","10":"first","11":"instock","12":"shipping-taxable","13":"purchasable","14":"product-type-simple"},"acf":[],"_links":{"self":[{"href":"https:\/\/store.evolve-fitness.eu\/da\/wp-json\/wp\/v2\/product\/29556","targetHints":{"allow":["GET"]}}],"collection":[{"href":"https:\/\/store.evolve-fitness.eu\/da\/wp-json\/wp\/v2\/product"}],"about":[{"href":"https:\/\/store.evolve-fitness.eu\/da\/wp-json\/wp\/v2\/types\/product"}],"wp:featuredmedia":[{"embeddable":true,"href":"https:\/\/store.evolve-fitness.eu\/da\/wp-json\/wp\/v2\/media\/104674"}],"wp:attachment":[{"href":"https:\/\/store.evolve-fitness.eu\/da\/wp-json\/wp\/v2\/media?parent=29556"}],"wp:term":[{"taxonomy":"product_cat","embeddable":true,"href":"https:\/\/store.evolve-fitness.eu\/da\/wp-json\/wp\/v2\/product_cat?post=29556"},{"taxonomy":"product_tag","embeddable":true,"href":"https:\/\/store.evolve-fitness.eu\/da\/wp-json\/wp\/v2\/product_tag?post=29556"}],"curies":[{"name":"wp","href":"https:\/\/api.w.org\/{rel}","templated":true}]}}